{"id":10673,"date":"2020-10-29T12:00:43","date_gmt":"2020-10-29T11:00:43","guid":{"rendered":"https:\/\/staging.diocesitn.it\/area-annuncio\/?page_id=10673"},"modified":"2020-10-31T17:57:24","modified_gmt":"2020-10-31T16:57:24","slug":"avvento-natale-2020-2021-prepariamo-lavvento-e-il-natale","status":"publish","type":"page","link":"https:\/\/staging.diocesitn.it\/area-annuncio\/avvento-natale-2020-2021-prepariamo-lavvento-e-il-natale\/","title":{"rendered":"Avvento-Natale 2020-2021 &#8211; Prepariamo l&#8217;Avvento e il Natale"},"content":{"rendered":"<p>\u201cVengono proposte delle attivit\u00e0 per vivere il tempo di Avvento e quello di Natale.<\/p>\n<p>Sono attivit\u00e0 manuali spiegate passo passo adatte da fare in famiglia con i bambini e attivit\u00e0 o materiali per attivit\u00e0 da proporre alla catechesi in parrocchia.<\/p>\n<p><a id=\"Inizio\"><\/a>Buon lavoro!<\/p>\n<ul style=\"list-style-type: square;\">\n<li><a href=\"#Corona\">Corona-calendario di Avvento<\/a><\/li>\n<li><a href=\"#Percorso\">Percorso di Avvento &#8211; La cometa<\/a><\/li>\n<li><a href=\"#Ghirlanda\">Ghirlanda di benvenuto<\/a><\/li>\n<li><a href=\"https:\/\/staging.diocesitn.it\/area-annuncio\/wp-content\/uploads\/sites\/39\/2020\/10\/Presepe-Evangelico.pdf\" target=\"_blank\" rel=\"noopener noreferrer\">Il presepe evangelico<\/a><\/li>\n<li><a href=\"#Costruire\">Biglietto di auguri<\/a><\/li>\n<li><a href=\"#Decorazioni\">Decorazioni per la casa<\/a><\/li>\n<li><a href=\"#Segnaposto\">Prepariamo la festa! &#8211; Segnaposto ad alberello<\/a><\/li>\n<li><a href=\"#capodanno\">Attivit\u00e0 per fine\/inizio anno<\/a><\/li>\n<\/ul>\n<p>&nbsp;<\/p>\n<p><strong><a id=\"Corona\"><\/a>CORONA-CALENDARIO DI AVVENTO<\/strong><\/p>\n<ul>\n<li><a href=\"https:\/\/staging.diocesitn.it\/area-annuncio\/wp-content\/uploads\/sites\/39\/2020\/10\/Indicazioni-Corona-calendario.pdf\" target=\"_blank\" rel=\"noopener noreferrer\">Indicazioni per la costruzione della corona<\/a><\/li>\n<li><a href=\"https:\/\/staging.diocesitn.it\/area-annuncio\/wp-content\/uploads\/sites\/39\/2020\/10\/PENSIERI-DAVVENTO.pdf\" target=\"_blank\" rel=\"noopener noreferrer\">Pensieri di Avvento<\/a><\/li>\n<\/ul>\n<p style=\"text-align: right;\"><a href=\"#Inizio\">\u00a0<i class=\"fi-arrow-up\"><!-- icon --><\/i>\u00a0<\/a><a href=\"#Inizio\">\u00a0<\/a><\/p>\n<p><strong><a id=\"Percorso\"><\/a>PERCORSO DI AVVENTO &#8211; LA COMETA<\/strong><\/p>\n<ul>\n<li><a href=\"https:\/\/staging.diocesitn.it\/area-annuncio\/wp-content\/uploads\/sites\/39\/2020\/10\/indicazioni-per-luso.pdf\" target=\"_blank\" rel=\"noopener noreferrer\">Indicazioni per l&#8217;uso<\/a><\/li>\n<li><a href=\"https:\/\/staging.diocesitn.it\/area-annuncio\/wp-content\/uploads\/sites\/39\/2020\/10\/cometa-base-A4.pdf\" target=\"_blank\" rel=\"noopener noreferrer\">Cometa base formato A4<\/a>\u00a0 \u00a0 \u00a0 \u00a0 \u00a0 \u00a0 \u00a0 \u00a0 \u00a0 <a href=\"https:\/\/staging.diocesitn.it\/area-annuncio\/wp-content\/uploads\/sites\/39\/2020\/10\/cometa-base-A3.pdf\" target=\"_blank\" rel=\"noopener noreferrer\">Formato A3<\/a>\u00a0 \u00a0 \u00a0 \u00a0<span style=\"color: #b53f2f;\"> <a style=\"color: #b53f2f;\" href=\"https:\/\/staging.diocesitn.it\/area-annuncio\/wp-content\/uploads\/sites\/39\/2020\/10\/cometa-base-70x100-1.pdf\" target=\"_blank\" rel=\"noopener noreferrer\">Formato 70&#215;100 (uso in parrocchia)<\/a><\/span><\/li>\n<li><a href=\"https:\/\/staging.diocesitn.it\/area-annuncio\/wp-content\/uploads\/sites\/39\/2020\/10\/cometa-da-ritagliare-A4.pdf\" target=\"_blank\" rel=\"noopener noreferrer\">Cometa da ritagliare formato A4<\/a>\u00a0 \u00a0 \u00a0<a href=\"https:\/\/staging.diocesitn.it\/area-annuncio\/wp-content\/uploads\/sites\/39\/2020\/10\/cometa-da-ritagliare-A3.pdf\" target=\"_blank\" rel=\"noopener noreferrer\">Formato A3<\/a>\u00a0 \u00a0 \u00a0 \u00a0<span style=\"color: #993300;\"> <a style=\"color: #993300;\" href=\"https:\/\/staging.diocesitn.it\/area-annuncio\/wp-content\/uploads\/sites\/39\/2020\/10\/cometa-da-ritagliare-70x100-1.pdf\" target=\"_blank\" rel=\"noopener noreferrer\">Formato 70&#215;100 (uso in parrocchia)<\/a><\/span><\/li>\n<\/ul>\n<p style=\"text-align: right;\"><a href=\"#Inizio\">\u00a0<i class=\"fi-arrow-up\"><!-- icon --><\/i>\u00a0<\/a><\/p>\n<p><strong><a id=\"Ghirlanda\"><\/a>GHIRLANDA DI BENVENUTO<\/strong><\/p>\n<ul>\n<li><a href=\"https:\/\/staging.diocesitn.it\/area-annuncio\/wp-content\/uploads\/sites\/39\/2020\/10\/Ghirlanda-natalizia.pdf\" target=\"_blank\" rel=\"noopener noreferrer\">Costruzione della ghirlanda natalizia<\/a><\/li>\n<li><a href=\"https:\/\/staging.diocesitn.it\/area-annuncio\/wp-content\/uploads\/sites\/39\/2020\/10\/STELLE.pdf\" target=\"_blank\" rel=\"noopener noreferrer\">Stelle<\/a><\/li>\n<\/ul>\n<p style=\"text-align: right;\"><a href=\"#Inizio\">\u00a0<i class=\"fi-arrow-up\"><!-- icon --><\/i>\u00a0<\/a><\/p>\n<p><strong><a id=\"Costruire\"><\/a>BIGLIETTO DI AUGURI<\/strong><\/p>\n<ul>\n<li><a href=\"https:\/\/staging.diocesitn.it\/area-annuncio\/wp-content\/uploads\/sites\/39\/2020\/10\/Alberello-formato-A4.pdf\" target=\"_blank\" rel=\"noopener noreferrer\">Alberello formato A4 <\/a>\u00a0 \u00a0 \u00a0 <a href=\"https:\/\/staging.diocesitn.it\/area-annuncio\/wp-content\/uploads\/sites\/39\/2020\/10\/Alberello-formato-A5.pdf\" target=\"_blank\" rel=\"noopener noreferrer\">Formato A5\u00a0\u00a0<\/a><\/li>\n<li><a href=\"https:\/\/staging.diocesitn.it\/area-annuncio\/wp-content\/uploads\/sites\/39\/2020\/10\/BIglietto-natalizio.pdf\" target=\"_blank\" rel=\"noopener noreferrer\">Biglietto di auguri<\/a><\/li>\n<\/ul>\n<p style=\"text-align: right;\"><a href=\"#Inizio\">\u00a0<i class=\"fi-arrow-up\"><!-- icon --><\/i>\u00a0<\/a><\/p>\n<p><strong><a id=\"Decorazioni\"><\/a>DECORAZIONI PER LA CASA<\/strong><\/p>\n<ul>\n<li><a href=\"https:\/\/staging.diocesitn.it\/area-annuncio\/wp-content\/uploads\/sites\/39\/2020\/10\/Decorazioni-natalizie.pdf\" target=\"_blank\" rel=\"noopener noreferrer\">Decorazioni natalizie<\/a><\/li>\n<\/ul>\n<p style=\"text-align: right;\"><a href=\"#Inizio\">\u00a0<i class=\"fi-arrow-up\"><!-- icon --><\/i>\u00a0<\/a><\/p>\n<p><strong><a id=\"Segnaposto\"><\/a>PREPARIAMO LA FESTA &#8211; SEGNAPOSTO AD ALBERELLO<\/strong><\/p>\n<ul>\n<li><a href=\"https:\/\/staging.diocesitn.it\/area-annuncio\/wp-content\/uploads\/sites\/39\/2020\/10\/Indicazioni-per-SEGNAPOSTO.pdf\" target=\"_blank\" rel=\"noopener noreferrer\">Indicazioni per segnaposto<\/a><\/li>\n<li><a href=\"https:\/\/staging.diocesitn.it\/area-annuncio\/wp-content\/uploads\/sites\/39\/2020\/10\/traccia-alberi-da-tagliare-1.pdf\" target=\"_blank\" rel=\"noopener noreferrer\">Traccia per tagliare gli alberelli<\/a><\/li>\n<li><a href=\"https:\/\/staging.diocesitn.it\/area-annuncio\/wp-content\/uploads\/sites\/39\/2020\/10\/stelle.pdf\" target=\"_blank\" rel=\"noopener noreferrer\">Stelle<\/a><\/li>\n<li><a href=\"https:\/\/staging.diocesitn.it\/area-annuncio\/wp-content\/uploads\/sites\/39\/2020\/10\/gioco-alberello-puntini.pdf\" target=\"_blank\" rel=\"noopener noreferrer\">Gioco per disegnare un alberello<\/a><\/li>\n<\/ul>\n<p style=\"text-align: right;\"><a href=\"#Inizio\">\u00a0<i class=\"fi-arrow-up\"><!-- icon --><\/i>\u00a0<\/a><\/p>\n<p><strong><a id=\"capodanno\"><\/a>ATTIVITA&#8217; PER FINE\/INIZIO ANNO<\/strong><\/p>\n<ul>\n<li><a href=\"https:\/\/staging.diocesitn.it\/area-annuncio\/wp-content\/uploads\/sites\/39\/2020\/10\/Descrizione-attivita.pdf\" target=\"_blank\" rel=\"noopener noreferrer\">Descrizione attivit\u00e0<\/a><\/li>\n<li><a href=\"https:\/\/staging.diocesitn.it\/area-annuncio\/wp-content\/uploads\/sites\/39\/2020\/10\/Biscotti-SMILE.pdf\" target=\"_blank\" rel=\"noopener noreferrer\">Ricetta biscotti<\/a><\/li>\n<\/ul>\n<p style=\"text-align: right;\"><a href=\"#Inizio\">\u00a0<i class=\"fi-arrow-up\"><!-- icon --><\/i>\u00a0<\/a><a href=\"#Inizio\">\u00a0<\/a><\/p>\n","protected":false},"excerpt":{"rendered":"<p>\u201cVengono proposte delle attivit\u00e0 per vivere il tempo di Avvento e quello di Natale. Sono attivit\u00e0 manuali spiegate passo passo adatte da fare in famiglia con i bambini e attivit\u00e0 o materiali per attivit\u00e0 da<\/p>\n","protected":false},"author":14,"featured_media":0,"parent":0,"menu_order":1,"comment_status":"closed","ping_status":"closed","template":"","meta":{"footnotes":""},"class_list":["post-10673","page","type-page","status-publish","hentry"],"acf":{"seed-localization-paese-cod":"IT","seed-localization-address":"","seed-localization-citta":"Trento","seed-localization-regione-cod-istat":"04","seed-localization-citta-cod-istat":"022205","seed-localization-localita":"","seed-localization-cap":"","seed-localization-marker-visibility":false,"seed-localization-children-visibility":false,"seed-localization-kml":"","seed-localization-custom-marker":""},"yoast_head":"<!-- This site is optimized with the Yoast SEO plugin v22.2 - https:\/\/yoast.com\/wordpress\/plugins\/seo\/ -->\n<title>Avvento-Natale 2020-2021 - Prepariamo l&#039;Avvento e il Natale - Annuncio e Sacramenti<\/title>\n<meta name=\"robots\" content=\"index, follow, max-snippet:-1, max-image-preview:large, max-video-preview:-1\" \/>\n<link rel=\"canonical\" href=\"https:\/\/staging.diocesitn.it\/area-annuncio\/avvento-natale-2020-2021-prepariamo-lavvento-e-il-natale\/\" \/>\n<meta property=\"og:locale\" content=\"it_IT\" \/>\n<meta property=\"og:type\" content=\"article\" \/>\n<meta property=\"og:title\" content=\"Avvento-Natale 2020-2021 - Prepariamo l&#039;Avvento e il Natale - Annuncio e Sacramenti\" \/>\n<meta property=\"og:description\" content=\"\u201cVengono proposte delle attivit\u00e0 per vivere il tempo di Avvento e quello di Natale. Sono attivit\u00e0 manuali spiegate passo passo adatte da fare in famiglia con i bambini e attivit\u00e0 o materiali per attivit\u00e0 da\" \/>\n<meta property=\"og:url\" content=\"https:\/\/staging.diocesitn.it\/area-annuncio\/avvento-natale-2020-2021-prepariamo-lavvento-e-il-natale\/\" \/>\n<meta property=\"og:site_name\" content=\"Annuncio e Sacramenti\" \/>\n<meta property=\"article:publisher\" content=\"https:\/\/www.facebook.com\/pastoralegiovanile.trento\/\" \/>\n<meta property=\"article:modified_time\" content=\"2020-10-31T16:57:24+00:00\" \/>\n<meta property=\"og:image\" content=\"https:\/\/staging.diocesitn.it\/area-annuncio\/wp-content\/uploads\/sites\/39\/2021\/09\/og-logo-annuncio-e-sacramenti.jpg\" \/>\n\t<meta property=\"og:image:width\" content=\"1200\" \/>\n\t<meta property=\"og:image:height\" content=\"630\" \/>\n\t<meta property=\"og:image:type\" content=\"image\/jpeg\" \/>\n<meta name=\"twitter:card\" content=\"summary_large_image\" \/>\n<meta name=\"twitter:label1\" content=\"Tempo di lettura stimato\" \/>\n\t<meta name=\"twitter:data1\" content=\"1 minuto\" \/>\n<script type=\"application\/ld+json\" class=\"yoast-schema-graph\">{\"@context\":\"https:\/\/schema.org\",\"@graph\":[{\"@type\":\"WebPage\",\"@id\":\"https:\/\/staging.diocesitn.it\/area-annuncio\/avvento-natale-2020-2021-prepariamo-lavvento-e-il-natale\/\",\"url\":\"https:\/\/staging.diocesitn.it\/area-annuncio\/avvento-natale-2020-2021-prepariamo-lavvento-e-il-natale\/\",\"name\":\"Avvento-Natale 2020-2021 - Prepariamo l'Avvento e il Natale - Annuncio e Sacramenti\",\"isPartOf\":{\"@id\":\"https:\/\/staging.diocesitn.it\/area-annuncio\/#website\"},\"datePublished\":\"2020-10-29T11:00:43+00:00\",\"dateModified\":\"2020-10-31T16:57:24+00:00\",\"breadcrumb\":{\"@id\":\"https:\/\/staging.diocesitn.it\/area-annuncio\/avvento-natale-2020-2021-prepariamo-lavvento-e-il-natale\/#breadcrumb\"},\"inLanguage\":\"it-IT\",\"potentialAction\":[{\"@type\":\"ReadAction\",\"target\":[\"https:\/\/staging.diocesitn.it\/area-annuncio\/avvento-natale-2020-2021-prepariamo-lavvento-e-il-natale\/\"]}]},{\"@type\":\"BreadcrumbList\",\"@id\":\"https:\/\/staging.diocesitn.it\/area-annuncio\/avvento-natale-2020-2021-prepariamo-lavvento-e-il-natale\/#breadcrumb\",\"itemListElement\":[{\"@type\":\"ListItem\",\"position\":1,\"name\":\"Home\",\"item\":\"https:\/\/staging.diocesitn.it\/area-annuncio\/\"},{\"@type\":\"ListItem\",\"position\":2,\"name\":\"Avvento-Natale 2020-2021 &#8211; Prepariamo l&#8217;Avvento e il Natale\"}]},{\"@type\":\"WebSite\",\"@id\":\"https:\/\/staging.diocesitn.it\/area-annuncio\/#website\",\"url\":\"https:\/\/staging.diocesitn.it\/area-annuncio\/\",\"name\":\"Annuncio e Sacramenti\",\"description\":\"Chiesa di Trento\",\"publisher\":{\"@id\":\"https:\/\/staging.diocesitn.it\/area-annuncio\/#organization\"},\"potentialAction\":[{\"@type\":\"SearchAction\",\"target\":{\"@type\":\"EntryPoint\",\"urlTemplate\":\"https:\/\/staging.diocesitn.it\/area-annuncio\/?s={search_term_string}\"},\"query-input\":\"required name=search_term_string\"}],\"inLanguage\":\"it-IT\"},{\"@type\":\"Organization\",\"@id\":\"https:\/\/staging.diocesitn.it\/area-annuncio\/#organization\",\"name\":\"Area Annuncio e Sacramenti - Chiesa di Trento\",\"url\":\"https:\/\/staging.diocesitn.it\/area-annuncio\/\",\"logo\":{\"@type\":\"ImageObject\",\"inLanguage\":\"it-IT\",\"@id\":\"https:\/\/staging.diocesitn.it\/area-annuncio\/#\/schema\/logo\/image\/\",\"url\":\"https:\/\/staging.diocesitn.it\/area-annuncio\/wp-content\/uploads\/sites\/39\/2021\/09\/og-logo-annuncio-e-sacramenti.jpg\",\"contentUrl\":\"https:\/\/staging.diocesitn.it\/area-annuncio\/wp-content\/uploads\/sites\/39\/2021\/09\/og-logo-annuncio-e-sacramenti.jpg\",\"width\":1200,\"height\":630,\"caption\":\"Area Annuncio e Sacramenti - Chiesa di Trento\"},\"image\":{\"@id\":\"https:\/\/staging.diocesitn.it\/area-annuncio\/#\/schema\/logo\/image\/\"},\"sameAs\":[\"https:\/\/www.facebook.com\/pastoralegiovanile.trento\/\",\"https:\/\/www.instagram.com\/pastoralegiovaniletrento\/\",\"https:\/\/www.youtube.com\/channel\/UCGt7hyJaIQIkrQPos4K6L6w\"]}]}<\/script>\n<!-- \/ Yoast SEO plugin. -->","yoast_head_json":{"title":"Avvento-Natale 2020-2021 - Prepariamo l'Avvento e il Natale - Annuncio e Sacramenti","robots":{"index":"index","follow":"follow","max-snippet":"max-snippet:-1","max-image-preview":"max-image-preview:large","max-video-preview":"max-video-preview:-1"},"canonical":"https:\/\/staging.diocesitn.it\/area-annuncio\/avvento-natale-2020-2021-prepariamo-lavvento-e-il-natale\/","og_locale":"it_IT","og_type":"article","og_title":"Avvento-Natale 2020-2021 - Prepariamo l'Avvento e il Natale - Annuncio e Sacramenti","og_description":"\u201cVengono proposte delle attivit\u00e0 per vivere il tempo di Avvento e quello di Natale. Sono attivit\u00e0 manuali spiegate passo passo adatte da fare in famiglia con i bambini e attivit\u00e0 o materiali per attivit\u00e0 da","og_url":"https:\/\/staging.diocesitn.it\/area-annuncio\/avvento-natale-2020-2021-prepariamo-lavvento-e-il-natale\/","og_site_name":"Annuncio e Sacramenti","article_publisher":"https:\/\/www.facebook.com\/pastoralegiovanile.trento\/","article_modified_time":"2020-10-31T16:57:24+00:00","og_image":[{"width":1200,"height":630,"url":"https:\/\/staging.diocesitn.it\/area-annuncio\/wp-content\/uploads\/sites\/39\/2021\/09\/og-logo-annuncio-e-sacramenti.jpg","type":"image\/jpeg"}],"twitter_card":"summary_large_image","twitter_misc":{"Tempo di lettura stimato":"1 minuto"},"schema":{"@context":"https:\/\/schema.org","@graph":[{"@type":"WebPage","@id":"https:\/\/staging.diocesitn.it\/area-annuncio\/avvento-natale-2020-2021-prepariamo-lavvento-e-il-natale\/","url":"https:\/\/staging.diocesitn.it\/area-annuncio\/avvento-natale-2020-2021-prepariamo-lavvento-e-il-natale\/","name":"Avvento-Natale 2020-2021 - Prepariamo l'Avvento e il Natale - Annuncio e Sacramenti","isPartOf":{"@id":"https:\/\/staging.diocesitn.it\/area-annuncio\/#website"},"datePublished":"2020-10-29T11:00:43+00:00","dateModified":"2020-10-31T16:57:24+00:00","breadcrumb":{"@id":"https:\/\/staging.diocesitn.it\/area-annuncio\/avvento-natale-2020-2021-prepariamo-lavvento-e-il-natale\/#breadcrumb"},"inLanguage":"it-IT","potentialAction":[{"@type":"ReadAction","target":["https:\/\/staging.diocesitn.it\/area-annuncio\/avvento-natale-2020-2021-prepariamo-lavvento-e-il-natale\/"]}]},{"@type":"BreadcrumbList","@id":"https:\/\/staging.diocesitn.it\/area-annuncio\/avvento-natale-2020-2021-prepariamo-lavvento-e-il-natale\/#breadcrumb","itemListElement":[{"@type":"ListItem","position":1,"name":"Home","item":"https:\/\/staging.diocesitn.it\/area-annuncio\/"},{"@type":"ListItem","position":2,"name":"Avvento-Natale 2020-2021 &#8211; Prepariamo l&#8217;Avvento e il Natale"}]},{"@type":"WebSite","@id":"https:\/\/staging.diocesitn.it\/area-annuncio\/#website","url":"https:\/\/staging.diocesitn.it\/area-annuncio\/","name":"Annuncio e Sacramenti","description":"Chiesa di Trento","publisher":{"@id":"https:\/\/staging.diocesitn.it\/area-annuncio\/#organization"},"potentialAction":[{"@type":"SearchAction","target":{"@type":"EntryPoint","urlTemplate":"https:\/\/staging.diocesitn.it\/area-annuncio\/?s={search_term_string}"},"query-input":"required name=search_term_string"}],"inLanguage":"it-IT"},{"@type":"Organization","@id":"https:\/\/staging.diocesitn.it\/area-annuncio\/#organization","name":"Area Annuncio e Sacramenti - Chiesa di Trento","url":"https:\/\/staging.diocesitn.it\/area-annuncio\/","logo":{"@type":"ImageObject","inLanguage":"it-IT","@id":"https:\/\/staging.diocesitn.it\/area-annuncio\/#\/schema\/logo\/image\/","url":"https:\/\/staging.diocesitn.it\/area-annuncio\/wp-content\/uploads\/sites\/39\/2021\/09\/og-logo-annuncio-e-sacramenti.jpg","contentUrl":"https:\/\/staging.diocesitn.it\/area-annuncio\/wp-content\/uploads\/sites\/39\/2021\/09\/og-logo-annuncio-e-sacramenti.jpg","width":1200,"height":630,"caption":"Area Annuncio e Sacramenti - Chiesa di Trento"},"image":{"@id":"https:\/\/staging.diocesitn.it\/area-annuncio\/#\/schema\/logo\/image\/"},"sameAs":["https:\/\/www.facebook.com\/pastoralegiovanile.trento\/","https:\/\/www.instagram.com\/pastoralegiovaniletrento\/","https:\/\/www.youtube.com\/channel\/UCGt7hyJaIQIkrQPos4K6L6w"]}]}},"_links":{"self":[{"href":"https:\/\/staging.diocesitn.it\/area-annuncio\/wp-json\/wp\/v2\/pages\/10673","targetHints":{"allow":["GET"]}}],"collection":[{"href":"https:\/\/staging.diocesitn.it\/area-annuncio\/wp-json\/wp\/v2\/pages"}],"about":[{"href":"https:\/\/staging.diocesitn.it\/area-annuncio\/wp-json\/wp\/v2\/types\/page"}],"author":[{"embeddable":true,"href":"https:\/\/staging.diocesitn.it\/area-annuncio\/wp-json\/wp\/v2\/users\/14"}],"replies":[{"embeddable":true,"href":"https:\/\/staging.diocesitn.it\/area-annuncio\/wp-json\/wp\/v2\/comments?post=10673"}],"version-history":[{"count":3,"href":"https:\/\/staging.diocesitn.it\/area-annuncio\/wp-json\/wp\/v2\/pages\/10673\/revisions"}],"predecessor-version":[{"id":10775,"href":"https:\/\/staging.diocesitn.it\/area-annuncio\/wp-json\/wp\/v2\/pages\/10673\/revisions\/10775"}],"wp:attachment":[{"href":"https:\/\/staging.diocesitn.it\/area-annuncio\/wp-json\/wp\/v2\/media?parent=10673"}],"curies":[{"name":"wp","href":"https:\/\/api.w.org\/{rel}","templated":true}]}}