{"id":8009,"date":"2019-11-15T10:27:55","date_gmt":"2019-11-15T09:27:55","guid":{"rendered":"https:\/\/staging.diocesitn.it\/area-annuncio\/?page_id=8009"},"modified":"2020-12-03T09:08:06","modified_gmt":"2020-12-03T08:08:06","slug":"sussidio-avvento-natale-2020-2021-pagine-interattive","status":"publish","type":"page","link":"https:\/\/staging.diocesitn.it\/area-annuncio\/sussidio-avvento-natale-2020-2021-pagine-interattive\/","title":{"rendered":"SUSSIDIO AVVENTO &#8211; NATALE 2020-2021   pagine interattive"},"content":{"rendered":"<p><small>In questa pagina \u00e8 possibile scaricare il materiale del sussidio che tradizionalmente ci accompagna nei giorni di Avvento e di Natale.<\/small><\/p>\n<p><small>\u00c8 un modo per rendere ancora pi\u00f9\u00a0ricco comodo, simpatico e aggiornato l&#8217;uso di questo strumento per la preghiera in famiglia,\u00a0e d\u00e0 la\u00a0possibilit\u00e0 di fare\u00a0assieme ai\u00a0propri figli e nipoti attivit\u00e0 che accompagnano l&#8217;avvento del Natale\u00a0<\/small><\/p>\n<table style=\"border-collapse: collapse; width: 77.9757%;\">\n<tbody>\n<tr>\n<td style=\"width: 21.6599%;\">\u00a0<img loading=\"lazy\" decoding=\"async\" class=\"wp-image-10764 aligncenter\" src=\"https:\/\/staging.diocesitn.it\/area-annuncio\/wp-content\/uploads\/sites\/39\/2020\/10\/icona-giorni-e-quadri-220x300.jpg\" alt=\"\" width=\"117\" height=\"158\" \/><\/td>\n<td style=\"width: 56.2889%;\"><a href=\"https:\/\/staging.diocesitn.it\/area-annuncio\/avvento-natale-2020-2021-pagine-dei-giorni\/\" target=\"_blank\" rel=\"noopener noreferrer\"><span style=\"color: #0000ff;\"><strong>PAG<\/strong><\/span><strong style=\"font-size: inherit; color: #0000ff;\">INE DEI GIORNI e POSTER DEI QUADRI FESTIVI<\/strong><\/a><\/td>\n<\/tr>\n<tr>\n<td style=\"width: 21.6599%;\">\n<p style=\"font-size: 16px; color: #444444;\"><img loading=\"lazy\" decoding=\"async\" class=\"wp-image-10761 aligncenter\" src=\"https:\/\/staging.diocesitn.it\/area-annuncio\/wp-content\/uploads\/sites\/39\/2020\/10\/clessidra-forbici_colla-colore-280x300.png\" alt=\"\" width=\"122\" height=\"131\" srcset=\"https:\/\/staging.diocesitn.it\/area-annuncio\/wp-content\/uploads\/sites\/39\/2020\/10\/clessidra-forbici_colla-colore-280x300.png 280w, https:\/\/staging.diocesitn.it\/area-annuncio\/wp-content\/uploads\/sites\/39\/2020\/10\/clessidra-forbici_colla-colore-262x280.png 262w, https:\/\/staging.diocesitn.it\/area-annuncio\/wp-content\/uploads\/sites\/39\/2020\/10\/clessidra-forbici_colla-colore.png 688w\" sizes=\"auto, (max-width: 122px) 100vw, 122px\" \/><\/p>\n<p>&nbsp;<\/td>\n<td style=\"width: 56.2889%;\"><a href=\"https:\/\/staging.diocesitn.it\/area-annuncio\/avvento-natale-2020-2021-prepariamo-lavvento-e-il-natale\/\"><span style=\"color: #993366;\"><strong>PREPARIAMO L&#8217;AVVENTO E IL NATALE IN CASA E IN PARROCCHIA<\/strong><\/span><\/a><\/td>\n<\/tr>\n<tr>\n<td style=\"width: 21.6599%;\"><img loading=\"lazy\" decoding=\"async\" class=\"alignnone wp-image-10762\" src=\"https:\/\/staging.diocesitn.it\/area-annuncio\/wp-content\/uploads\/sites\/39\/2020\/10\/icona-film-300x128.jpg\" alt=\"\" width=\"149\" height=\"63\" srcset=\"https:\/\/staging.diocesitn.it\/area-annuncio\/wp-content\/uploads\/sites\/39\/2020\/10\/icona-film-300x128.jpg 300w, https:\/\/staging.diocesitn.it\/area-annuncio\/wp-content\/uploads\/sites\/39\/2020\/10\/icona-film-768x329.jpg 768w, https:\/\/staging.diocesitn.it\/area-annuncio\/wp-content\/uploads\/sites\/39\/2020\/10\/icona-film-360x154.jpg 360w, https:\/\/staging.diocesitn.it\/area-annuncio\/wp-content\/uploads\/sites\/39\/2020\/10\/icona-film-800x342.jpg 800w, https:\/\/staging.diocesitn.it\/area-annuncio\/wp-content\/uploads\/sites\/39\/2020\/10\/icona-film.jpg 827w\" sizes=\"auto, (max-width: 149px) 100vw, 149px\" \/><\/td>\n<td style=\"width: 56.2889%;\"><span style=\"color: #444444; background-color: #ffffff;\">\u00a0 \u00a0<\/span><span style=\"color: #444444; background-color: #ffffff;\">\u00a0<\/span><a href=\"https:\/\/staging.diocesitn.it\/area-annuncio\/avvento-natale-2020-2021-cineforum-in-famiglia\/\" target=\"_blank\" rel=\"noopener noreferrer\"><span style=\"color: #999999;\"><strong>SCHEDE PER IL CINEFORUM IN FAMIGLIA<\/strong><\/span><\/a><\/td>\n<\/tr>\n<tr>\n<td style=\"width: 21.6599%;\"><img loading=\"lazy\" decoding=\"async\" class=\"alignnone size-medium wp-image-10763\" src=\"https:\/\/staging.diocesitn.it\/area-annuncio\/wp-content\/uploads\/sites\/39\/2020\/10\/icona-canto-1-300x300.jpg\" alt=\"\" width=\"300\" height=\"300\" srcset=\"https:\/\/staging.diocesitn.it\/area-annuncio\/wp-content\/uploads\/sites\/39\/2020\/10\/icona-canto-1-300x300.jpg 300w, https:\/\/staging.diocesitn.it\/area-annuncio\/wp-content\/uploads\/sites\/39\/2020\/10\/icona-canto-1-150x150.jpg 150w, https:\/\/staging.diocesitn.it\/area-annuncio\/wp-content\/uploads\/sites\/39\/2020\/10\/icona-canto-1-200x200.jpg 200w, https:\/\/staging.diocesitn.it\/area-annuncio\/wp-content\/uploads\/sites\/39\/2020\/10\/icona-canto-1-280x280.jpg 280w, https:\/\/staging.diocesitn.it\/area-annuncio\/wp-content\/uploads\/sites\/39\/2020\/10\/icona-canto-1.jpg 591w\" sizes=\"auto, (max-width: 300px) 100vw, 300px\" \/><\/td>\n<td style=\"width: 56.2889%;\"><a href=\"https:\/\/staging.diocesitn.it\/area-annuncio\/avvento-natale-2020-2021-la-canzone\/\">\u00a0<strong><span style=\"color: #ff6600;\">TESTI E AUDIO DELLE CANZONI<\/span><\/strong><\/a><\/td>\n<\/tr>\n<\/tbody>\n<\/table>\n<p><span style=\"color: #0000ff;\"><strong>\u00a0 \u00a0 \u00a0 \u00a0 \u00a0 \u00a0 \u00a0<\/strong><\/span><\/p>\n<p><span style=\"color: #0000ff;\"><strong>\u00a0 \u00a0 \u00a0 \u00a0 <\/strong><\/span><span style=\"color: #0000ff;\"><strong>\u00a0<\/strong><\/span><\/p>\n<p><strong style=\"color: #0000ff; font-size: inherit;\">\u00a0\u00a0<\/strong><\/p>\n<p>&nbsp;<\/p>\n<p>&nbsp;<\/p>\n<p>&nbsp;<\/p>\n<p><strong><span style=\"color: #ff0000;\">\u00a0<\/span><\/strong><\/p>\n<div><\/div>\n<div><\/div>\n<div><\/div>\n<div>\u00a0 \u00a0 \u00a0 \u00a0<a href=\"https:\/\/staging.diocesitn.it\/area-annuncio\/sussidio-avvento-natale-2017-2018-pagine-interattive\/avvento-natale-2019-2020-la-canzone\/\" target=\"_blank\" rel=\"noopener noreferrer\">\u00a0<\/a><\/div>\n<div><\/div>\n<div><\/div>\n<div>\u00a0 \u00a0 \u00a0 \u00a0 \u00a0 \u00a0\u00a0<span style=\"color: #fae502;\">\u00a0 \u00a0 \u00a0 \u00a0 \u00a0 \u00a0\u00a0<\/span><\/div>\n<div><\/div>\n<div><\/div>\n<div><\/div>\n<div><span style=\"color: #ff0000;\"><b>\u00a0 \u00a0 \u00a0<\/b><\/span><\/div>\n","protected":false},"excerpt":{"rendered":"<p>In questa pagina \u00e8 possibile scaricare il materiale del sussidio che tradizionalmente ci accompagna nei giorni di Avvento e di Natale. \u00c8 un modo per rendere ancora pi\u00f9\u00a0ricco comodo, simpatico e aggiornato l&#8217;uso di questo<\/p>\n","protected":false},"author":14,"featured_media":0,"parent":0,"menu_order":15,"comment_status":"closed","ping_status":"closed","template":"","meta":{"footnotes":""},"class_list":["post-8009","page","type-page","status-publish","hentry"],"acf":{"seed-localization-paese-cod":"","seed-localization-address":"","seed-localization-citta":"","seed-localization-regione-cod-istat":"","seed-localization-citta-cod-istat":"","seed-localization-localita":"","seed-localization-cap":"","seed-localization-marker-visibility":false,"seed-localization-children-visibility":false,"seed-localization-kml":"","seed-localization-custom-marker":""},"yoast_head":"<!-- This site is optimized with the Yoast SEO plugin v22.2 - https:\/\/yoast.com\/wordpress\/plugins\/seo\/ -->\n<title>SUSSIDIO AVVENTO - NATALE 2020-2021  pagine interattive - Annuncio e Sacramenti<\/title>\n<meta name=\"robots\" content=\"index, follow, max-snippet:-1, max-image-preview:large, max-video-preview:-1\" \/>\n<link rel=\"canonical\" href=\"https:\/\/staging.diocesitn.it\/area-annuncio\/sussidio-avvento-natale-2020-2021-pagine-interattive\/\" \/>\n<meta property=\"og:locale\" content=\"it_IT\" \/>\n<meta property=\"og:type\" content=\"article\" \/>\n<meta property=\"og:title\" content=\"SUSSIDIO AVVENTO - NATALE 2020-2021  pagine interattive - Annuncio e Sacramenti\" \/>\n<meta property=\"og:description\" content=\"In questa pagina \u00e8 possibile scaricare il materiale del sussidio che tradizionalmente ci accompagna nei giorni di Avvento e di Natale. \u00c8 un modo per rendere ancora pi\u00f9\u00a0ricco comodo, simpatico e aggiornato l&#8217;uso di questo\" \/>\n<meta property=\"og:url\" content=\"https:\/\/staging.diocesitn.it\/area-annuncio\/sussidio-avvento-natale-2020-2021-pagine-interattive\/\" \/>\n<meta property=\"og:site_name\" content=\"Annuncio e Sacramenti\" \/>\n<meta property=\"article:publisher\" content=\"https:\/\/www.facebook.com\/pastoralegiovanile.trento\/\" \/>\n<meta property=\"article:modified_time\" content=\"2020-12-03T08:08:06+00:00\" \/>\n<meta property=\"og:image\" content=\"https:\/\/staging.diocesitn.it\/area-annuncio\/wp-content\/uploads\/sites\/39\/2020\/10\/icona-giorni-e-quadri-220x300.jpg\" \/>\n<meta name=\"twitter:card\" content=\"summary_large_image\" \/>\n<script type=\"application\/ld+json\" class=\"yoast-schema-graph\">{\"@context\":\"https:\/\/schema.org\",\"@graph\":[{\"@type\":\"WebPage\",\"@id\":\"https:\/\/staging.diocesitn.it\/area-annuncio\/sussidio-avvento-natale-2020-2021-pagine-interattive\/\",\"url\":\"https:\/\/staging.diocesitn.it\/area-annuncio\/sussidio-avvento-natale-2020-2021-pagine-interattive\/\",\"name\":\"SUSSIDIO AVVENTO - NATALE 2020-2021 pagine interattive - Annuncio e Sacramenti\",\"isPartOf\":{\"@id\":\"https:\/\/staging.diocesitn.it\/area-annuncio\/#website\"},\"primaryImageOfPage\":{\"@id\":\"https:\/\/staging.diocesitn.it\/area-annuncio\/sussidio-avvento-natale-2020-2021-pagine-interattive\/#primaryimage\"},\"image\":{\"@id\":\"https:\/\/staging.diocesitn.it\/area-annuncio\/sussidio-avvento-natale-2020-2021-pagine-interattive\/#primaryimage\"},\"thumbnailUrl\":\"https:\/\/staging.diocesitn.it\/area-annuncio\/wp-content\/uploads\/sites\/39\/2020\/10\/icona-giorni-e-quadri-220x300.jpg\",\"datePublished\":\"2019-11-15T09:27:55+00:00\",\"dateModified\":\"2020-12-03T08:08:06+00:00\",\"breadcrumb\":{\"@id\":\"https:\/\/staging.diocesitn.it\/area-annuncio\/sussidio-avvento-natale-2020-2021-pagine-interattive\/#breadcrumb\"},\"inLanguage\":\"it-IT\",\"potentialAction\":[{\"@type\":\"ReadAction\",\"target\":[\"https:\/\/staging.diocesitn.it\/area-annuncio\/sussidio-avvento-natale-2020-2021-pagine-interattive\/\"]}]},{\"@type\":\"ImageObject\",\"inLanguage\":\"it-IT\",\"@id\":\"https:\/\/staging.diocesitn.it\/area-annuncio\/sussidio-avvento-natale-2020-2021-pagine-interattive\/#primaryimage\",\"url\":\"https:\/\/staging.diocesitn.it\/area-annuncio\/wp-content\/uploads\/sites\/39\/2020\/10\/icona-giorni-e-quadri.jpg\",\"contentUrl\":\"https:\/\/staging.diocesitn.it\/area-annuncio\/wp-content\/uploads\/sites\/39\/2020\/10\/icona-giorni-e-quadri.jpg\",\"width\":484,\"height\":661},{\"@type\":\"BreadcrumbList\",\"@id\":\"https:\/\/staging.diocesitn.it\/area-annuncio\/sussidio-avvento-natale-2020-2021-pagine-interattive\/#breadcrumb\",\"itemListElement\":[{\"@type\":\"ListItem\",\"position\":1,\"name\":\"Home\",\"item\":\"https:\/\/staging.diocesitn.it\/area-annuncio\/\"},{\"@type\":\"ListItem\",\"position\":2,\"name\":\"SUSSIDIO AVVENTO &#8211; NATALE 2020-2021 pagine interattive\"}]},{\"@type\":\"WebSite\",\"@id\":\"https:\/\/staging.diocesitn.it\/area-annuncio\/#website\",\"url\":\"https:\/\/staging.diocesitn.it\/area-annuncio\/\",\"name\":\"Annuncio e Sacramenti\",\"description\":\"Chiesa di Trento\",\"publisher\":{\"@id\":\"https:\/\/staging.diocesitn.it\/area-annuncio\/#organization\"},\"potentialAction\":[{\"@type\":\"SearchAction\",\"target\":{\"@type\":\"EntryPoint\",\"urlTemplate\":\"https:\/\/staging.diocesitn.it\/area-annuncio\/?s={search_term_string}\"},\"query-input\":\"required name=search_term_string\"}],\"inLanguage\":\"it-IT\"},{\"@type\":\"Organization\",\"@id\":\"https:\/\/staging.diocesitn.it\/area-annuncio\/#organization\",\"name\":\"Area Annuncio e Sacramenti - Chiesa di Trento\",\"url\":\"https:\/\/staging.diocesitn.it\/area-annuncio\/\",\"logo\":{\"@type\":\"ImageObject\",\"inLanguage\":\"it-IT\",\"@id\":\"https:\/\/staging.diocesitn.it\/area-annuncio\/#\/schema\/logo\/image\/\",\"url\":\"https:\/\/staging.diocesitn.it\/area-annuncio\/wp-content\/uploads\/sites\/39\/2021\/09\/og-logo-annuncio-e-sacramenti.jpg\",\"contentUrl\":\"https:\/\/staging.diocesitn.it\/area-annuncio\/wp-content\/uploads\/sites\/39\/2021\/09\/og-logo-annuncio-e-sacramenti.jpg\",\"width\":1200,\"height\":630,\"caption\":\"Area Annuncio e Sacramenti - Chiesa di Trento\"},\"image\":{\"@id\":\"https:\/\/staging.diocesitn.it\/area-annuncio\/#\/schema\/logo\/image\/\"},\"sameAs\":[\"https:\/\/www.facebook.com\/pastoralegiovanile.trento\/\",\"https:\/\/www.instagram.com\/pastoralegiovaniletrento\/\",\"https:\/\/www.youtube.com\/channel\/UCGt7hyJaIQIkrQPos4K6L6w\"]}]}<\/script>\n<!-- \/ Yoast SEO plugin. -->","yoast_head_json":{"title":"SUSSIDIO AVVENTO - NATALE 2020-2021  pagine interattive - Annuncio e Sacramenti","robots":{"index":"index","follow":"follow","max-snippet":"max-snippet:-1","max-image-preview":"max-image-preview:large","max-video-preview":"max-video-preview:-1"},"canonical":"https:\/\/staging.diocesitn.it\/area-annuncio\/sussidio-avvento-natale-2020-2021-pagine-interattive\/","og_locale":"it_IT","og_type":"article","og_title":"SUSSIDIO AVVENTO - NATALE 2020-2021  pagine interattive - Annuncio e Sacramenti","og_description":"In questa pagina \u00e8 possibile scaricare il materiale del sussidio che tradizionalmente ci accompagna nei giorni di Avvento e di Natale. \u00c8 un modo per rendere ancora pi\u00f9\u00a0ricco comodo, simpatico e aggiornato l&#8217;uso di questo","og_url":"https:\/\/staging.diocesitn.it\/area-annuncio\/sussidio-avvento-natale-2020-2021-pagine-interattive\/","og_site_name":"Annuncio e Sacramenti","article_publisher":"https:\/\/www.facebook.com\/pastoralegiovanile.trento\/","article_modified_time":"2020-12-03T08:08:06+00:00","og_image":[{"url":"https:\/\/staging.diocesitn.it\/area-annuncio\/wp-content\/uploads\/sites\/39\/2020\/10\/icona-giorni-e-quadri-220x300.jpg"}],"twitter_card":"summary_large_image","schema":{"@context":"https:\/\/schema.org","@graph":[{"@type":"WebPage","@id":"https:\/\/staging.diocesitn.it\/area-annuncio\/sussidio-avvento-natale-2020-2021-pagine-interattive\/","url":"https:\/\/staging.diocesitn.it\/area-annuncio\/sussidio-avvento-natale-2020-2021-pagine-interattive\/","name":"SUSSIDIO AVVENTO - NATALE 2020-2021 pagine interattive - Annuncio e Sacramenti","isPartOf":{"@id":"https:\/\/staging.diocesitn.it\/area-annuncio\/#website"},"primaryImageOfPage":{"@id":"https:\/\/staging.diocesitn.it\/area-annuncio\/sussidio-avvento-natale-2020-2021-pagine-interattive\/#primaryimage"},"image":{"@id":"https:\/\/staging.diocesitn.it\/area-annuncio\/sussidio-avvento-natale-2020-2021-pagine-interattive\/#primaryimage"},"thumbnailUrl":"https:\/\/staging.diocesitn.it\/area-annuncio\/wp-content\/uploads\/sites\/39\/2020\/10\/icona-giorni-e-quadri-220x300.jpg","datePublished":"2019-11-15T09:27:55+00:00","dateModified":"2020-12-03T08:08:06+00:00","breadcrumb":{"@id":"https:\/\/staging.diocesitn.it\/area-annuncio\/sussidio-avvento-natale-2020-2021-pagine-interattive\/#breadcrumb"},"inLanguage":"it-IT","potentialAction":[{"@type":"ReadAction","target":["https:\/\/staging.diocesitn.it\/area-annuncio\/sussidio-avvento-natale-2020-2021-pagine-interattive\/"]}]},{"@type":"ImageObject","inLanguage":"it-IT","@id":"https:\/\/staging.diocesitn.it\/area-annuncio\/sussidio-avvento-natale-2020-2021-pagine-interattive\/#primaryimage","url":"https:\/\/staging.diocesitn.it\/area-annuncio\/wp-content\/uploads\/sites\/39\/2020\/10\/icona-giorni-e-quadri.jpg","contentUrl":"https:\/\/staging.diocesitn.it\/area-annuncio\/wp-content\/uploads\/sites\/39\/2020\/10\/icona-giorni-e-quadri.jpg","width":484,"height":661},{"@type":"BreadcrumbList","@id":"https:\/\/staging.diocesitn.it\/area-annuncio\/sussidio-avvento-natale-2020-2021-pagine-interattive\/#breadcrumb","itemListElement":[{"@type":"ListItem","position":1,"name":"Home","item":"https:\/\/staging.diocesitn.it\/area-annuncio\/"},{"@type":"ListItem","position":2,"name":"SUSSIDIO AVVENTO &#8211; NATALE 2020-2021 pagine interattive"}]},{"@type":"WebSite","@id":"https:\/\/staging.diocesitn.it\/area-annuncio\/#website","url":"https:\/\/staging.diocesitn.it\/area-annuncio\/","name":"Annuncio e Sacramenti","description":"Chiesa di Trento","publisher":{"@id":"https:\/\/staging.diocesitn.it\/area-annuncio\/#organization"},"potentialAction":[{"@type":"SearchAction","target":{"@type":"EntryPoint","urlTemplate":"https:\/\/staging.diocesitn.it\/area-annuncio\/?s={search_term_string}"},"query-input":"required name=search_term_string"}],"inLanguage":"it-IT"},{"@type":"Organization","@id":"https:\/\/staging.diocesitn.it\/area-annuncio\/#organization","name":"Area Annuncio e Sacramenti - Chiesa di Trento","url":"https:\/\/staging.diocesitn.it\/area-annuncio\/","logo":{"@type":"ImageObject","inLanguage":"it-IT","@id":"https:\/\/staging.diocesitn.it\/area-annuncio\/#\/schema\/logo\/image\/","url":"https:\/\/staging.diocesitn.it\/area-annuncio\/wp-content\/uploads\/sites\/39\/2021\/09\/og-logo-annuncio-e-sacramenti.jpg","contentUrl":"https:\/\/staging.diocesitn.it\/area-annuncio\/wp-content\/uploads\/sites\/39\/2021\/09\/og-logo-annuncio-e-sacramenti.jpg","width":1200,"height":630,"caption":"Area Annuncio e Sacramenti - Chiesa di Trento"},"image":{"@id":"https:\/\/staging.diocesitn.it\/area-annuncio\/#\/schema\/logo\/image\/"},"sameAs":["https:\/\/www.facebook.com\/pastoralegiovanile.trento\/","https:\/\/www.instagram.com\/pastoralegiovaniletrento\/","https:\/\/www.youtube.com\/channel\/UCGt7hyJaIQIkrQPos4K6L6w"]}]}},"_links":{"self":[{"href":"https:\/\/staging.diocesitn.it\/area-annuncio\/wp-json\/wp\/v2\/pages\/8009","targetHints":{"allow":["GET"]}}],"collection":[{"href":"https:\/\/staging.diocesitn.it\/area-annuncio\/wp-json\/wp\/v2\/pages"}],"about":[{"href":"https:\/\/staging.diocesitn.it\/area-annuncio\/wp-json\/wp\/v2\/types\/page"}],"author":[{"embeddable":true,"href":"https:\/\/staging.diocesitn.it\/area-annuncio\/wp-json\/wp\/v2\/users\/14"}],"replies":[{"embeddable":true,"href":"https:\/\/staging.diocesitn.it\/area-annuncio\/wp-json\/wp\/v2\/comments?post=8009"}],"version-history":[{"count":3,"href":"https:\/\/staging.diocesitn.it\/area-annuncio\/wp-json\/wp\/v2\/pages\/8009\/revisions"}],"predecessor-version":[{"id":10795,"href":"https:\/\/staging.diocesitn.it\/area-annuncio\/wp-json\/wp\/v2\/pages\/8009\/revisions\/10795"}],"wp:attachment":[{"href":"https:\/\/staging.diocesitn.it\/area-annuncio\/wp-json\/wp\/v2\/media?parent=8009"}],"curies":[{"name":"wp","href":"https:\/\/api.w.org\/{rel}","templated":true}]}}