{"id":273,"date":"2016-12-14T16:35:10","date_gmt":"2016-12-14T15:35:10","guid":{"rendered":"http:\/\/staging.diocesitn.it\/archivio\/fondi\/archivio-del-capitolo-della-cattedrale\/"},"modified":"2016-12-14T16:35:10","modified_gmt":"2016-12-14T15:35:10","slug":"archivio-del-capitolo-della-cattedrale","status":"publish","type":"page","link":"https:\/\/staging.diocesitn.it\/area-cultura\/fondi\/archivio-del-capitolo-della-cattedrale\/","title":{"rendered":"Archivio del Capitolo della Cattedrale"},"content":{"rendered":"<h5>Capitolo della Cattedrale in Trento (1071-2000)<\/h5>\n<p>pergamene 2920; registri 917; volumi 204; buste 173; fascicoli 2462; filze 105<\/p>\n<h5 style=\"text-align: justify\">Storia archivistica<\/h5>\n<p style=\"text-align: justify\">Le informazioni riguardo alla storia dell&#8217;Archivio del Capitolo della cattedrale di Trento, soprattutto nei primi secoli della sua esistenza, non sono molto consistenti. Nel secolo XIII, l&#8217;Archivio sembra aver avuto le caratteristiche tipiche di un archivio thesaurus, finalizzato alla conservazione della documentazione che attestava i diritti del Capitolo.<\/p>\n<p style=\"text-align: justify\">Dagli ultimi anni del Duecento e in maniera pi\u00f9 decisa nei due o tre secoli successivi, si pu\u00f2 invece collocare una fase di sperimentazione e di stabilizzazione delle modalit\u00e0 di produzione e di conservazione dei documenti. Si assiste a una progressiva fidelizzazione dei notai al servizio del Capitolo e, in parallelo, ad un nuovo utilizzo della forma-libro per registrare i documenti, che va nella direzione della registrazione seriale. La testimonianza pi\u00f9 evidente di questa tendenza \u00e8 la formazione della serie degli <em>Instrumenta Capitularia<\/em>.<\/p>\n<p style=\"text-align: justify\">La seconda fase potrebbe essere definita propedeutica a quella che si apr\u00ec con la seconda met\u00e0 del Cinquecento, quando cominciarono a formarsi strutture tipiche di una cancelleria, che divennero effettive e compiutamente funzionanti a partire dei primi decenni del Seicento. In questa terza fase, nell&#8217;Archivio non si trovano pi\u00f9 solo atti notarili, ma anche documenti con forme tipicamente cancelleresche; in molti casi i notai al servizio del Capitolo si sottoscrivono &#8220;cancellieri&#8221; e, soprattutto, cominciano a dare vita a &#8220;nuove&#8221; serie di documentazione prodotta direttamente su registri specializzati per materie, che andarono a formare nuove serie quali <em>Acta capitularia<\/em>, <em>Cause, Dieta.<\/em><\/p>\n<p style=\"text-align: justify\">Nel 1738 il Capitolo affid\u00f2 a Francesco Felice degli Alberti l&#8217;incarico di &#8220;far l&#8217;inventario delle scritture e ragioni di questa reverendissima cattedrale e Capitolo&#8221; (3). Alberti compil\u00f2, quindi, un Repertorio composto di 72 <em>Materiarum tituli<\/em>, alcuni dei quali aggiunti da Sigismondo Manci nella seconda met\u00e0 del Settecento. Ogni rubrica contiene una breve descrizione dei documenti sciolti e dei registri che attestano gli <em>iura<\/em> del Capitolo riferiti a quella materia.<\/p>\n<p style=\"text-align: justify\">A poco pi\u00f9 di cinquant&#8217;anni di distanza dall&#8217;opera dell&#8217;Alberti, gli sconvolgimenti politici dei primi anni dell&#8217;Ottocento ebbero effetti anche sulla storia dell&#8217;Archivio del Capitolo. Questo fu infatti posto sotto sequestro nel 1803 e restituito ai canonici nel 1807. Parte di esso, inoltre, fu trasferita a Innsbruck assieme all&#8217;Archivio del Principato vescovile. Non sono rimasti elenchi dei documenti prelevati dall&#8217;Archivio capitolare e risulta difficile determinare il criterio di selezione e l&#8217;effettiva quantit\u00e0 della documentazione trasferita. Sembra tuttavia che si sia trattato di meno del 20% dell&#8217;Archivio e di un prelievo &#8220;a campione&#8221; in ogni sua ripartizione. La maggior parte dei documenti trasportati in Austria \u00e8 stata restituita al termine del primo conflitto mondiale e si trova ora presso l&#8217;Archivio di Stato di Trento, nel fondo denominato Capitolo del duomo di Trento.<\/p>\n<p style=\"text-align: justify\">Nei primi decenni dell&#8217;Ottocento, l&#8217;Archivio, che si trovava da sempre presso la sacristia della cattedrale, fu trasferito nel sottotetto del castelletto, dopo che alcuni dei locali del palazzo pretorio erano stati affittati al Tribunale dell&#8217;Impero. \u00a0L&#8217;Archivio sembra essere rimasto l\u00ec fino ai primi anni del Novecento, quando fu trasferito presso il seminario minore di Trento e affidato a Vigilio Zanolini. Zanolini realizz\u00f2 molti saggi basati proprio sulla documentazione &#8211; prevalentemente pergamenacea &#8211; proveniente dall&#8217;Archivio del Capitolo, segnalando in alcuni passaggi il disordine in cui essa si trovava. Alcune note di sua mano apposte su repertori e documenti dell&#8217;Archivio farebbero pensare che egli stesso si fosse impegnato nella ricostruzione dell&#8217;ordinamento proposto dall&#8217;Alberti. Alcune capse, quali ad esempio la capsa &#8220;Testamenti&#8221; e la capsa &#8220;Nuova&#8221;, furono probabilmente create ex novo dallo stesso Zanolini. In ogni caso, nel corso della visita pastorale del 1905, il vescovo Celestino Endrici lod\u00f2 il buon ordine con cui erano conservati i documenti del Capitolo.<\/p>\n<p style=\"text-align: justify\">Nel 1996, l&#8217;Archivio del Capitolo della cattedrale di Trento \u00e8 stato unito all&#8217;Archivio Diocesano Tridentino (costituito tre anni prima), portato nei locali di palazzo Ceschi in piazza Fiera e affidato nuovamente alla direzione di don Livio Sparapani.<\/p>\n","protected":false},"excerpt":{"rendered":"<p>Capitolo della Cattedrale in Trento (1071-2000) pergamene 2920; registri 917; volumi 204; buste 173; fascicoli 2462; filze 105 Storia archivistica Le informazioni riguardo alla storia dell&#8217;Archivio del Capitolo della cattedrale di Trento, soprattutto nei primi<\/p>\n","protected":false},"author":9,"featured_media":0,"parent":1390,"menu_order":9,"comment_status":"closed","ping_status":"closed","template":"","meta":{"footnotes":""},"class_list":["post-273","page","type-page","status-publish","hentry"],"acf":{"seed-localization-paese-cod":"","seed-localization-address":"","seed-localization-citta":"","seed-localization-regione-cod-istat":"","seed-localization-citta-cod-istat":"","seed-localization-localita":"","seed-localization-cap":"","seed-localization-marker-visibility":false,"seed-localization-children-visibility":false,"seed-localization-kml":null,"seed-localization-custom-marker":null},"yoast_head":"<!-- This site is optimized with the Yoast SEO plugin v22.2 - https:\/\/yoast.com\/wordpress\/plugins\/seo\/ -->\n<title>Archivio del Capitolo della Cattedrale - Cultura<\/title>\n<meta name=\"robots\" content=\"index, follow, max-snippet:-1, max-image-preview:large, max-video-preview:-1\" \/>\n<link rel=\"canonical\" href=\"https:\/\/staging.diocesitn.it\/area-cultura\/fondi\/archivio-del-capitolo-della-cattedrale\/\" \/>\n<meta property=\"og:locale\" content=\"it_IT\" \/>\n<meta property=\"og:type\" content=\"article\" \/>\n<meta property=\"og:title\" content=\"Archivio del Capitolo della Cattedrale - Cultura\" \/>\n<meta property=\"og:description\" content=\"Capitolo della Cattedrale in Trento (1071-2000) pergamene 2920; registri 917; volumi 204; buste 173; fascicoli 2462; filze 105 Storia archivistica Le informazioni riguardo alla storia dell&#8217;Archivio del Capitolo della cattedrale di Trento, soprattutto nei primi\" \/>\n<meta property=\"og:url\" content=\"https:\/\/staging.diocesitn.it\/area-cultura\/fondi\/archivio-del-capitolo-della-cattedrale\/\" \/>\n<meta property=\"og:site_name\" content=\"Cultura\" \/>\n<meta property=\"og:image\" content=\"https:\/\/staging.diocesitn.it\/area-cultura\/wp-content\/uploads\/sites\/38\/2021\/09\/og-logo-cultura.jpg\" \/>\n\t<meta property=\"og:image:width\" content=\"1200\" \/>\n\t<meta property=\"og:image:height\" content=\"630\" \/>\n\t<meta property=\"og:image:type\" content=\"image\/jpeg\" \/>\n<meta name=\"twitter:card\" content=\"summary_large_image\" \/>\n<meta name=\"twitter:label1\" content=\"Tempo di lettura stimato\" \/>\n\t<meta name=\"twitter:data1\" content=\"3 minuti\" \/>\n<script type=\"application\/ld+json\" class=\"yoast-schema-graph\">{\"@context\":\"https:\/\/schema.org\",\"@graph\":[{\"@type\":\"WebPage\",\"@id\":\"https:\/\/staging.diocesitn.it\/area-cultura\/fondi\/archivio-del-capitolo-della-cattedrale\/\",\"url\":\"https:\/\/staging.diocesitn.it\/area-cultura\/fondi\/archivio-del-capitolo-della-cattedrale\/\",\"name\":\"Archivio del Capitolo della Cattedrale - Cultura\",\"isPartOf\":{\"@id\":\"https:\/\/staging.diocesitn.it\/area-cultura\/#website\"},\"datePublished\":\"2016-12-14T15:35:10+00:00\",\"dateModified\":\"2016-12-14T15:35:10+00:00\",\"breadcrumb\":{\"@id\":\"https:\/\/staging.diocesitn.it\/area-cultura\/fondi\/archivio-del-capitolo-della-cattedrale\/#breadcrumb\"},\"inLanguage\":\"it-IT\",\"potentialAction\":[{\"@type\":\"ReadAction\",\"target\":[\"https:\/\/staging.diocesitn.it\/area-cultura\/fondi\/archivio-del-capitolo-della-cattedrale\/\"]}]},{\"@type\":\"BreadcrumbList\",\"@id\":\"https:\/\/staging.diocesitn.it\/area-cultura\/fondi\/archivio-del-capitolo-della-cattedrale\/#breadcrumb\",\"itemListElement\":[{\"@type\":\"ListItem\",\"position\":1,\"name\":\"Home\",\"item\":\"https:\/\/staging.diocesitn.it\/area-cultura\/\"},{\"@type\":\"ListItem\",\"position\":2,\"name\":\"Patrimonio\",\"item\":\"https:\/\/staging.diocesitn.it\/area-cultura\/fondi\/\"},{\"@type\":\"ListItem\",\"position\":3,\"name\":\"Archivio del Capitolo della Cattedrale\"}]},{\"@type\":\"WebSite\",\"@id\":\"https:\/\/staging.diocesitn.it\/area-cultura\/#website\",\"url\":\"https:\/\/staging.diocesitn.it\/area-cultura\/\",\"name\":\"Cultura\",\"description\":\"Chiesa di Trento\",\"publisher\":{\"@id\":\"https:\/\/staging.diocesitn.it\/area-cultura\/#organization\"},\"potentialAction\":[{\"@type\":\"SearchAction\",\"target\":{\"@type\":\"EntryPoint\",\"urlTemplate\":\"https:\/\/staging.diocesitn.it\/area-cultura\/?s={search_term_string}\"},\"query-input\":\"required name=search_term_string\"}],\"inLanguage\":\"it-IT\"},{\"@type\":\"Organization\",\"@id\":\"https:\/\/staging.diocesitn.it\/area-cultura\/#organization\",\"name\":\"Area Cultura - Chiesa di Trento\",\"url\":\"https:\/\/staging.diocesitn.it\/area-cultura\/\",\"logo\":{\"@type\":\"ImageObject\",\"inLanguage\":\"it-IT\",\"@id\":\"https:\/\/staging.diocesitn.it\/area-cultura\/#\/schema\/logo\/image\/\",\"url\":\"https:\/\/staging.diocesitn.it\/area-cultura\/wp-content\/uploads\/sites\/38\/2021\/09\/og-logo-cultura.jpg\",\"contentUrl\":\"https:\/\/staging.diocesitn.it\/area-cultura\/wp-content\/uploads\/sites\/38\/2021\/09\/og-logo-cultura.jpg\",\"width\":1200,\"height\":630,\"caption\":\"Area Cultura - Chiesa di Trento\"},\"image\":{\"@id\":\"https:\/\/staging.diocesitn.it\/area-cultura\/#\/schema\/logo\/image\/\"},\"sameAs\":[\"https:\/\/www.youtube.com\/channel\/UCfWD2n-N6WTCg2P_UA72H6Q\"]}]}<\/script>\n<!-- \/ Yoast SEO plugin. -->","yoast_head_json":{"title":"Archivio del Capitolo della Cattedrale - Cultura","robots":{"index":"index","follow":"follow","max-snippet":"max-snippet:-1","max-image-preview":"max-image-preview:large","max-video-preview":"max-video-preview:-1"},"canonical":"https:\/\/staging.diocesitn.it\/area-cultura\/fondi\/archivio-del-capitolo-della-cattedrale\/","og_locale":"it_IT","og_type":"article","og_title":"Archivio del Capitolo della Cattedrale - Cultura","og_description":"Capitolo della Cattedrale in Trento (1071-2000) pergamene 2920; registri 917; volumi 204; buste 173; fascicoli 2462; filze 105 Storia archivistica Le informazioni riguardo alla storia dell&#8217;Archivio del Capitolo della cattedrale di Trento, soprattutto nei primi","og_url":"https:\/\/staging.diocesitn.it\/area-cultura\/fondi\/archivio-del-capitolo-della-cattedrale\/","og_site_name":"Cultura","og_image":[{"width":1200,"height":630,"url":"https:\/\/staging.diocesitn.it\/area-cultura\/wp-content\/uploads\/sites\/38\/2021\/09\/og-logo-cultura.jpg","type":"image\/jpeg"}],"twitter_card":"summary_large_image","twitter_misc":{"Tempo di lettura stimato":"3 minuti"},"schema":{"@context":"https:\/\/schema.org","@graph":[{"@type":"WebPage","@id":"https:\/\/staging.diocesitn.it\/area-cultura\/fondi\/archivio-del-capitolo-della-cattedrale\/","url":"https:\/\/staging.diocesitn.it\/area-cultura\/fondi\/archivio-del-capitolo-della-cattedrale\/","name":"Archivio del Capitolo della Cattedrale - Cultura","isPartOf":{"@id":"https:\/\/staging.diocesitn.it\/area-cultura\/#website"},"datePublished":"2016-12-14T15:35:10+00:00","dateModified":"2016-12-14T15:35:10+00:00","breadcrumb":{"@id":"https:\/\/staging.diocesitn.it\/area-cultura\/fondi\/archivio-del-capitolo-della-cattedrale\/#breadcrumb"},"inLanguage":"it-IT","potentialAction":[{"@type":"ReadAction","target":["https:\/\/staging.diocesitn.it\/area-cultura\/fondi\/archivio-del-capitolo-della-cattedrale\/"]}]},{"@type":"BreadcrumbList","@id":"https:\/\/staging.diocesitn.it\/area-cultura\/fondi\/archivio-del-capitolo-della-cattedrale\/#breadcrumb","itemListElement":[{"@type":"ListItem","position":1,"name":"Home","item":"https:\/\/staging.diocesitn.it\/area-cultura\/"},{"@type":"ListItem","position":2,"name":"Patrimonio","item":"https:\/\/staging.diocesitn.it\/area-cultura\/fondi\/"},{"@type":"ListItem","position":3,"name":"Archivio del Capitolo della Cattedrale"}]},{"@type":"WebSite","@id":"https:\/\/staging.diocesitn.it\/area-cultura\/#website","url":"https:\/\/staging.diocesitn.it\/area-cultura\/","name":"Cultura","description":"Chiesa di Trento","publisher":{"@id":"https:\/\/staging.diocesitn.it\/area-cultura\/#organization"},"potentialAction":[{"@type":"SearchAction","target":{"@type":"EntryPoint","urlTemplate":"https:\/\/staging.diocesitn.it\/area-cultura\/?s={search_term_string}"},"query-input":"required name=search_term_string"}],"inLanguage":"it-IT"},{"@type":"Organization","@id":"https:\/\/staging.diocesitn.it\/area-cultura\/#organization","name":"Area Cultura - Chiesa di Trento","url":"https:\/\/staging.diocesitn.it\/area-cultura\/","logo":{"@type":"ImageObject","inLanguage":"it-IT","@id":"https:\/\/staging.diocesitn.it\/area-cultura\/#\/schema\/logo\/image\/","url":"https:\/\/staging.diocesitn.it\/area-cultura\/wp-content\/uploads\/sites\/38\/2021\/09\/og-logo-cultura.jpg","contentUrl":"https:\/\/staging.diocesitn.it\/area-cultura\/wp-content\/uploads\/sites\/38\/2021\/09\/og-logo-cultura.jpg","width":1200,"height":630,"caption":"Area Cultura - Chiesa di Trento"},"image":{"@id":"https:\/\/staging.diocesitn.it\/area-cultura\/#\/schema\/logo\/image\/"},"sameAs":["https:\/\/www.youtube.com\/channel\/UCfWD2n-N6WTCg2P_UA72H6Q"]}]}},"_links":{"self":[{"href":"https:\/\/staging.diocesitn.it\/area-cultura\/wp-json\/wp\/v2\/pages\/273","targetHints":{"allow":["GET"]}}],"collection":[{"href":"https:\/\/staging.diocesitn.it\/area-cultura\/wp-json\/wp\/v2\/pages"}],"about":[{"href":"https:\/\/staging.diocesitn.it\/area-cultura\/wp-json\/wp\/v2\/types\/page"}],"author":[{"embeddable":true,"href":"https:\/\/staging.diocesitn.it\/area-cultura\/wp-json\/wp\/v2\/users\/9"}],"replies":[{"embeddable":true,"href":"https:\/\/staging.diocesitn.it\/area-cultura\/wp-json\/wp\/v2\/comments?post=273"}],"version-history":[{"count":0,"href":"https:\/\/staging.diocesitn.it\/area-cultura\/wp-json\/wp\/v2\/pages\/273\/revisions"}],"up":[{"embeddable":true,"href":"https:\/\/staging.diocesitn.it\/area-cultura\/wp-json\/wp\/v2\/pages\/1390"}],"wp:attachment":[{"href":"https:\/\/staging.diocesitn.it\/area-cultura\/wp-json\/wp\/v2\/media?parent=273"}],"curies":[{"name":"wp","href":"https:\/\/api.w.org\/{rel}","templated":true}]}}