{"id":9,"date":"2012-11-05T13:58:54","date_gmt":"2012-11-05T12:58:00","guid":{"rendered":"http:\/\/staging.diocesitn.it\/archivio\/gli-archivi-parrocchiali\/"},"modified":"2021-08-02T09:31:32","modified_gmt":"2021-08-02T07:31:32","slug":"archivi-parrocchiali","status":"publish","type":"page","link":"https:\/\/staging.diocesitn.it\/area-cultura\/archivi-parrocchiali\/","title":{"rendered":"ARCHIVI PARROCCHIALI"},"content":{"rendered":"<p style=\"text-align: justify\">In base allo Statuto, l&#8217;<strong><a href=\"http:\/\/staging.diocesitn.it\/area-cultura\/archivio-diocesano-tridentino\/contatti\/\">Incaricato diocesano per gli archivi dipendenti dall&#8217;Autorit\u00e0 diocesana<\/a><\/strong> ha il compito di<b> autorizzare l&#8217;accesso agli archivi parrocchiali <\/b>e agli altri archivi dipendenti dall&#8217;Autorit\u00e0 diocesana, nonch\u00e9 la consultazione dei documenti in essi conservati.<\/p>\n<p style=\"text-align: justify\">In base all&#8217; art. 4 delle &#8220;Intese fra la Giunta provinciale di Trento e l&#8217;Ordinariato diocesano in materia di archivi degli enti ecclesiastici dipendenti dall&#8217;autorit\u00e0 diocesana&#8221;, del 10 settembre 1993,\u00a0&#8220;gli studiosi inoltrano motivata richiesta di consultazione al titolare dell&#8217;archivio tramite l&#8217;archivio diocesano. La consultazione pu\u00f2 avvenire anche mediante deposito in detto archivio o secondo altre modalit\u00e0 concordate con lo stesso&#8221;.<\/p>\n<p style=\"text-align: justify\">Per accedere agli archivi parrocchiali \u00e8 necessario compilare <b><a href=\"https:\/\/staging.diocesitn.it\/area-cultura\/wp-content\/uploads\/sites\/13\/2012\/11\/Richiesta-accesso-A-P.pdf\">l&#8217;apposito modulo di richiesta<\/a><\/b>.<\/p>\n<p style=\"text-align: justify\">Una volta ricevuta l&#8217;autorizzazione, \u00e8 necessario concordare col Parroco o con i suoi collaboratori laici l&#8217;orario e le modalit\u00e0 di accesso all&#8217;archivio parrocchiale.<\/p>\n<p style=\"text-align: justify\"><b>Prima di richiedere l&#8217;autorizzazione, si consiglia di consultare attentamente l&#8217;inventario dell&#8217;archivio parrocchiale, in modo che la ricerca sia mirata e non dispersiva.\u00a0<\/b><\/p>\n<p style=\"text-align: justify\">La consultazione dei documenti riguarda esclusivamente la documentazione dichiarata di interesse storico. La consultazione di documenti di carattere riservato, relativi a situazioni puramente private di persone, \u00e8 regolata in termini di legge statale (D. L. 30\/6\/03 n. 196 &#8220;Codice in materia di protezione dei dati personali&#8221;) richiamata dal &#8220;Testo unico provinciale dei Beni Culturali&#8221; (L. P. n. 1\/2003). Ai titolari degli archivi (i Parroci) viene riservato il giudizio sulla consultabilit\u00e0 dei documenti che possono ledere il riserbo dovuto alle persone e comunque solo ad essi, o ad operatori autorizzati, \u00e8 concessa la facolt\u00e0 di accedere alla parte relativa all&#8217;anagrafe.<\/p>\n<p style=\"text-align: justify\">Dal 1985 \u00e8 in corso un capillare lavoro di ordinamento e inventariazione, a cura di cooperative specializzate o di singoli archivisti, dei 421 archivi parrocchiali della Diocesi di Trento che sono stati riconosciuti di interesse storico.<\/p>\n<p style=\"text-align: justify\">Molti inventari sono liberamente\u00a0<a href=\"https:\/\/www.cultura.trentino.it\/archivistorici\/home\">consultabili on-line<\/a>\u00a0Presso la sala studio dell&#8217;Archivio Diocesano \u00e8 consultabile la <a href=\"\/pls\/cci_dioc_new\/v3_s2ew_consultazione.redir_allegati_doc?p_id_pagina=37724&amp;p_id_allegato=53204&amp;p_url_rimando=\/cci_new\/allegati\/37724\/Inventari%20on-line%20e%20in%20ADT.pdf\">versione a stampa <\/a>di numerosi\u00a0inventari.<\/p>\n<p style=\"text-align: justify\">La riproduzione (fotoriproduzione, microfilmatura, ecc.) dei documenti conservati nell&#8217;archivio parrocchiale \u00e8 consentita previa autorizzazione da parte del titolare dell&#8217;archivio stesso, sentito il\u00a0 parere e avuto il consenso dell&#8217;Incaricato diocesano.<\/p>\n<p style=\"text-align: justify\">L&#8217;Ordinariato consente alla Provincia la microfilmatura dei documenti al fine di costituire copie di sicurezza che saranno conservate presso l&#8217;Archivio Provinciale di Trento.<\/p>\n<p style=\"text-align: justify\">Chi desidera effettuare ricerche anagrafiche, \u00e8 invitato a contattare l&#8217;Archivio Diocesano.<\/p>\n","protected":false},"excerpt":{"rendered":"<p>In base allo Statuto, l&#8217;Incaricato diocesano per gli archivi dipendenti dall&#8217;Autorit\u00e0 diocesana ha il compito di autorizzare l&#8217;accesso agli archivi parrocchiali e agli altri archivi dipendenti dall&#8217;Autorit\u00e0 diocesana, nonch\u00e9 la consultazione dei documenti in essi<\/p>\n","protected":false},"author":9,"featured_media":0,"parent":0,"menu_order":23,"comment_status":"closed","ping_status":"closed","template":"","meta":{"footnotes":""},"class_list":["post-9","page","type-page","status-publish","hentry"],"acf":{"seed-localization-paese-cod":"","seed-localization-address":"","seed-localization-citta":"","seed-localization-regione-cod-istat":"","seed-localization-citta-cod-istat":"","seed-localization-localita":"","seed-localization-cap":"","seed-localization-marker-visibility":false,"seed-localization-children-visibility":false,"seed-localization-kml":"","seed-localization-custom-marker":""},"yoast_head":"<!-- This site is optimized with the Yoast SEO plugin v22.2 - https:\/\/yoast.com\/wordpress\/plugins\/seo\/ -->\n<title>ARCHIVI PARROCCHIALI - Cultura<\/title>\n<meta name=\"robots\" content=\"index, follow, max-snippet:-1, max-image-preview:large, max-video-preview:-1\" \/>\n<link rel=\"canonical\" href=\"https:\/\/staging.diocesitn.it\/area-cultura\/archivi-parrocchiali\/\" \/>\n<meta property=\"og:locale\" content=\"it_IT\" \/>\n<meta property=\"og:type\" content=\"article\" \/>\n<meta property=\"og:title\" content=\"ARCHIVI PARROCCHIALI - Cultura\" \/>\n<meta property=\"og:description\" content=\"In base allo Statuto, l&#8217;Incaricato diocesano per gli archivi dipendenti dall&#8217;Autorit\u00e0 diocesana ha il compito di autorizzare l&#8217;accesso agli archivi parrocchiali e agli altri archivi dipendenti dall&#8217;Autorit\u00e0 diocesana, nonch\u00e9 la consultazione dei documenti in essi\" \/>\n<meta property=\"og:url\" content=\"https:\/\/staging.diocesitn.it\/area-cultura\/archivi-parrocchiali\/\" \/>\n<meta property=\"og:site_name\" content=\"Cultura\" \/>\n<meta property=\"article:modified_time\" content=\"2021-08-02T07:31:32+00:00\" \/>\n<meta property=\"og:image\" content=\"https:\/\/staging.diocesitn.it\/area-cultura\/wp-content\/uploads\/sites\/38\/2021\/09\/og-logo-cultura.jpg\" \/>\n\t<meta property=\"og:image:width\" content=\"1200\" \/>\n\t<meta property=\"og:image:height\" content=\"630\" \/>\n\t<meta property=\"og:image:type\" content=\"image\/jpeg\" \/>\n<meta name=\"twitter:card\" content=\"summary_large_image\" \/>\n<meta name=\"twitter:label1\" content=\"Tempo di lettura stimato\" \/>\n\t<meta name=\"twitter:data1\" content=\"2 minuti\" \/>\n<script type=\"application\/ld+json\" class=\"yoast-schema-graph\">{\"@context\":\"https:\/\/schema.org\",\"@graph\":[{\"@type\":\"WebPage\",\"@id\":\"https:\/\/staging.diocesitn.it\/area-cultura\/archivi-parrocchiali\/\",\"url\":\"https:\/\/staging.diocesitn.it\/area-cultura\/archivi-parrocchiali\/\",\"name\":\"ARCHIVI PARROCCHIALI - Cultura\",\"isPartOf\":{\"@id\":\"https:\/\/staging.diocesitn.it\/area-cultura\/#website\"},\"datePublished\":\"2012-11-05T12:58:00+00:00\",\"dateModified\":\"2021-08-02T07:31:32+00:00\",\"breadcrumb\":{\"@id\":\"https:\/\/staging.diocesitn.it\/area-cultura\/archivi-parrocchiali\/#breadcrumb\"},\"inLanguage\":\"it-IT\",\"potentialAction\":[{\"@type\":\"ReadAction\",\"target\":[\"https:\/\/staging.diocesitn.it\/area-cultura\/archivi-parrocchiali\/\"]}]},{\"@type\":\"BreadcrumbList\",\"@id\":\"https:\/\/staging.diocesitn.it\/area-cultura\/archivi-parrocchiali\/#breadcrumb\",\"itemListElement\":[{\"@type\":\"ListItem\",\"position\":1,\"name\":\"Home\",\"item\":\"https:\/\/staging.diocesitn.it\/area-cultura\/\"},{\"@type\":\"ListItem\",\"position\":2,\"name\":\"ARCHIVI PARROCCHIALI\"}]},{\"@type\":\"WebSite\",\"@id\":\"https:\/\/staging.diocesitn.it\/area-cultura\/#website\",\"url\":\"https:\/\/staging.diocesitn.it\/area-cultura\/\",\"name\":\"Cultura\",\"description\":\"Chiesa di Trento\",\"publisher\":{\"@id\":\"https:\/\/staging.diocesitn.it\/area-cultura\/#organization\"},\"potentialAction\":[{\"@type\":\"SearchAction\",\"target\":{\"@type\":\"EntryPoint\",\"urlTemplate\":\"https:\/\/staging.diocesitn.it\/area-cultura\/?s={search_term_string}\"},\"query-input\":\"required name=search_term_string\"}],\"inLanguage\":\"it-IT\"},{\"@type\":\"Organization\",\"@id\":\"https:\/\/staging.diocesitn.it\/area-cultura\/#organization\",\"name\":\"Area Cultura - Chiesa di Trento\",\"url\":\"https:\/\/staging.diocesitn.it\/area-cultura\/\",\"logo\":{\"@type\":\"ImageObject\",\"inLanguage\":\"it-IT\",\"@id\":\"https:\/\/staging.diocesitn.it\/area-cultura\/#\/schema\/logo\/image\/\",\"url\":\"https:\/\/staging.diocesitn.it\/area-cultura\/wp-content\/uploads\/sites\/38\/2021\/09\/og-logo-cultura.jpg\",\"contentUrl\":\"https:\/\/staging.diocesitn.it\/area-cultura\/wp-content\/uploads\/sites\/38\/2021\/09\/og-logo-cultura.jpg\",\"width\":1200,\"height\":630,\"caption\":\"Area Cultura - Chiesa di Trento\"},\"image\":{\"@id\":\"https:\/\/staging.diocesitn.it\/area-cultura\/#\/schema\/logo\/image\/\"},\"sameAs\":[\"https:\/\/www.youtube.com\/channel\/UCfWD2n-N6WTCg2P_UA72H6Q\"]}]}<\/script>\n<!-- \/ Yoast SEO plugin. -->","yoast_head_json":{"title":"ARCHIVI PARROCCHIALI - Cultura","robots":{"index":"index","follow":"follow","max-snippet":"max-snippet:-1","max-image-preview":"max-image-preview:large","max-video-preview":"max-video-preview:-1"},"canonical":"https:\/\/staging.diocesitn.it\/area-cultura\/archivi-parrocchiali\/","og_locale":"it_IT","og_type":"article","og_title":"ARCHIVI PARROCCHIALI - Cultura","og_description":"In base allo Statuto, l&#8217;Incaricato diocesano per gli archivi dipendenti dall&#8217;Autorit\u00e0 diocesana ha il compito di autorizzare l&#8217;accesso agli archivi parrocchiali e agli altri archivi dipendenti dall&#8217;Autorit\u00e0 diocesana, nonch\u00e9 la consultazione dei documenti in essi","og_url":"https:\/\/staging.diocesitn.it\/area-cultura\/archivi-parrocchiali\/","og_site_name":"Cultura","article_modified_time":"2021-08-02T07:31:32+00:00","og_image":[{"width":1200,"height":630,"url":"https:\/\/staging.diocesitn.it\/area-cultura\/wp-content\/uploads\/sites\/38\/2021\/09\/og-logo-cultura.jpg","type":"image\/jpeg"}],"twitter_card":"summary_large_image","twitter_misc":{"Tempo di lettura stimato":"2 minuti"},"schema":{"@context":"https:\/\/schema.org","@graph":[{"@type":"WebPage","@id":"https:\/\/staging.diocesitn.it\/area-cultura\/archivi-parrocchiali\/","url":"https:\/\/staging.diocesitn.it\/area-cultura\/archivi-parrocchiali\/","name":"ARCHIVI PARROCCHIALI - Cultura","isPartOf":{"@id":"https:\/\/staging.diocesitn.it\/area-cultura\/#website"},"datePublished":"2012-11-05T12:58:00+00:00","dateModified":"2021-08-02T07:31:32+00:00","breadcrumb":{"@id":"https:\/\/staging.diocesitn.it\/area-cultura\/archivi-parrocchiali\/#breadcrumb"},"inLanguage":"it-IT","potentialAction":[{"@type":"ReadAction","target":["https:\/\/staging.diocesitn.it\/area-cultura\/archivi-parrocchiali\/"]}]},{"@type":"BreadcrumbList","@id":"https:\/\/staging.diocesitn.it\/area-cultura\/archivi-parrocchiali\/#breadcrumb","itemListElement":[{"@type":"ListItem","position":1,"name":"Home","item":"https:\/\/staging.diocesitn.it\/area-cultura\/"},{"@type":"ListItem","position":2,"name":"ARCHIVI PARROCCHIALI"}]},{"@type":"WebSite","@id":"https:\/\/staging.diocesitn.it\/area-cultura\/#website","url":"https:\/\/staging.diocesitn.it\/area-cultura\/","name":"Cultura","description":"Chiesa di Trento","publisher":{"@id":"https:\/\/staging.diocesitn.it\/area-cultura\/#organization"},"potentialAction":[{"@type":"SearchAction","target":{"@type":"EntryPoint","urlTemplate":"https:\/\/staging.diocesitn.it\/area-cultura\/?s={search_term_string}"},"query-input":"required name=search_term_string"}],"inLanguage":"it-IT"},{"@type":"Organization","@id":"https:\/\/staging.diocesitn.it\/area-cultura\/#organization","name":"Area Cultura - Chiesa di Trento","url":"https:\/\/staging.diocesitn.it\/area-cultura\/","logo":{"@type":"ImageObject","inLanguage":"it-IT","@id":"https:\/\/staging.diocesitn.it\/area-cultura\/#\/schema\/logo\/image\/","url":"https:\/\/staging.diocesitn.it\/area-cultura\/wp-content\/uploads\/sites\/38\/2021\/09\/og-logo-cultura.jpg","contentUrl":"https:\/\/staging.diocesitn.it\/area-cultura\/wp-content\/uploads\/sites\/38\/2021\/09\/og-logo-cultura.jpg","width":1200,"height":630,"caption":"Area Cultura - Chiesa di Trento"},"image":{"@id":"https:\/\/staging.diocesitn.it\/area-cultura\/#\/schema\/logo\/image\/"},"sameAs":["https:\/\/www.youtube.com\/channel\/UCfWD2n-N6WTCg2P_UA72H6Q"]}]}},"_links":{"self":[{"href":"https:\/\/staging.diocesitn.it\/area-cultura\/wp-json\/wp\/v2\/pages\/9","targetHints":{"allow":["GET"]}}],"collection":[{"href":"https:\/\/staging.diocesitn.it\/area-cultura\/wp-json\/wp\/v2\/pages"}],"about":[{"href":"https:\/\/staging.diocesitn.it\/area-cultura\/wp-json\/wp\/v2\/types\/page"}],"author":[{"embeddable":true,"href":"https:\/\/staging.diocesitn.it\/area-cultura\/wp-json\/wp\/v2\/users\/9"}],"replies":[{"embeddable":true,"href":"https:\/\/staging.diocesitn.it\/area-cultura\/wp-json\/wp\/v2\/comments?post=9"}],"version-history":[{"count":4,"href":"https:\/\/staging.diocesitn.it\/area-cultura\/wp-json\/wp\/v2\/pages\/9\/revisions"}],"predecessor-version":[{"id":6490,"href":"https:\/\/staging.diocesitn.it\/area-cultura\/wp-json\/wp\/v2\/pages\/9\/revisions\/6490"}],"wp:attachment":[{"href":"https:\/\/staging.diocesitn.it\/area-cultura\/wp-json\/wp\/v2\/media?parent=9"}],"curies":[{"name":"wp","href":"https:\/\/api.w.org\/{rel}","templated":true}]}}