{"id":1868,"date":"2016-08-25T09:33:58","date_gmt":"2016-08-25T07:33:58","guid":{"rendered":"http:\/\/staging.diocesitn.it\/caritas\/?page_id=4"},"modified":"2016-08-25T09:33:58","modified_gmt":"2016-08-25T07:33:58","slug":"chi-siamo","status":"publish","type":"page","link":"https:\/\/staging.diocesitn.it\/area-testimonianza\/chi-siamo\/","title":{"rendered":"Chi siamo"},"content":{"rendered":"<p>La Caritas Diocesana \u00e8 un &#8220;Organismo pastorale&#8221; voluto dalla Diocesi, attraverso l\u2019Arcivescovo che ne \u00e8 il Presidente.<\/p>\n<p>Il suo fine \u00e8 quello di promuovere la <strong>testimonianza della carit\u00e0<\/strong> della comunit\u00e0 ecclesiale diocesana e di tutte le comunit\u00e0 cristiane, con particolare riferimento alle parrocchie.<\/p>\n<p>Una testimonianza di carit\u00e0,\u00a0 in forme consone ai tempi e ai bisogni, in vista dello sviluppo integrale dell\u2019uomo, della giustizia sociale e della pace, con particolare attenzione agli ultimi e con prevalente <strong>funzione pedagogica<\/strong>.<\/p>\n<p><img loading=\"lazy\" decoding=\"async\" class=\"alignnone size-full wp-image-5\" src=\"https:\/\/staging.diocesitn.it\/area-testimonianza\/wp-content\/uploads\/sites\/37\/2016\/08\/index.jpg\" alt=\"index\" width=\"240\" height=\"180\" \/><\/p>\n<p>Questo per favorire la dimensione spirituale che non si misura con cifre e bilanci, ma con la capacit\u00e0 che essa ha di sensibilizzare le comunit\u00e0 locali e i singoli fedeli al senso e al dovere della carit\u00e0.<\/p>\n<p>La Caritas \u00e8 lo <strong>strumento ufficiale della diocesi<\/strong> per la promozione e il coordinamento delle iniziative caritative e assistenziali, all\u2019interno delle altre specifiche competenze diocesane.<\/p>\n<p>Per realizzare il suo mandato promuove e si avvale di alcuni strumenti (per lo pi\u00f9 tramite il volontariato):<\/p>\n<p>&nbsp;<\/p>\n<ul>\n<li>La <strong>Caritas parrocchiale <\/strong>(e\/o decanale) che ha specifici compiti di animazione e sensibilizzazione della comunit\u00e0.<\/li>\n<li>Il <strong>Punto di ascolto Parrocchiale<\/strong> (<em><strong>PAP<\/strong><\/em>) che ha il mandato di accompagnare i poveri e rispondere ai bisogni della propria comunit\u00e0.<\/li>\n<li>Il <strong>Centro di Ascolto e Solidariet\u00e0<\/strong> (<em><strong>CedAS<\/strong><\/em>) che opera a livello decanale o zonale per la risposta ai bisogni, la presa in carico delle persone in difficolt\u00e0, sia residenti che di passaggio.<\/li>\n<li><strong>Opere segno<\/strong>: si tratta di iniziative specifiche promosse e realizzate per rispondere a nuove esigenze e venire incontro ai bisogni delle persone. Un esempio sono gli sportelli del <em>Credito Solidale<\/em> (per difficolt\u00e0 economiche) e i <em>negozi di abiti usati Altr\u2019Uso<\/em> (per la richiesta di vestiario).<\/li>\n<\/ul>\n<p>&nbsp;<\/p>\n","protected":false},"excerpt":{"rendered":"<p>La Caritas Diocesana \u00e8 un &#8220;Organismo pastorale&#8221; voluto dalla Diocesi, attraverso l\u2019Arcivescovo che ne \u00e8 il Presidente. Il suo fine \u00e8 quello di promuovere la testimonianza della carit\u00e0 della comunit\u00e0 ecclesiale diocesana e di tutte<\/p>\n","protected":false},"author":4,"featured_media":0,"parent":0,"menu_order":1,"comment_status":"closed","ping_status":"closed","template":"","meta":{"footnotes":""},"class_list":["post-1868","page","type-page","status-publish","hentry"],"acf":{"seed-localization-paese-cod":"","seed-localization-address":"","seed-localization-citta":"","seed-localization-regione-cod-istat":"","seed-localization-citta-cod-istat":"","seed-localization-localita":"","seed-localization-cap":"","seed-localization-marker-visibility":false,"seed-localization-children-visibility":false,"seed-localization-kml":null,"seed-localization-custom-marker":null},"yoast_head":"<!-- This site is optimized with the Yoast SEO plugin v22.2 - https:\/\/yoast.com\/wordpress\/plugins\/seo\/ -->\n<title>Chi siamo - Testimonianza e Impegno sociale<\/title>\n<meta name=\"robots\" content=\"index, follow, max-snippet:-1, max-image-preview:large, max-video-preview:-1\" \/>\n<link rel=\"canonical\" href=\"https:\/\/staging.diocesitn.it\/area-testimonianza\/chi-siamo\/\" \/>\n<meta property=\"og:locale\" content=\"it_IT\" \/>\n<meta property=\"og:type\" content=\"article\" \/>\n<meta property=\"og:title\" content=\"Chi siamo - Testimonianza e Impegno sociale\" \/>\n<meta property=\"og:description\" content=\"La Caritas Diocesana \u00e8 un &#8220;Organismo pastorale&#8221; voluto dalla Diocesi, attraverso l\u2019Arcivescovo che ne \u00e8 il Presidente. Il suo fine \u00e8 quello di promuovere la testimonianza della carit\u00e0 della comunit\u00e0 ecclesiale diocesana e di tutte\" \/>\n<meta property=\"og:url\" content=\"https:\/\/staging.diocesitn.it\/area-testimonianza\/chi-siamo\/\" \/>\n<meta property=\"og:site_name\" content=\"Testimonianza e Impegno sociale\" \/>\n<meta property=\"og:image\" content=\"https:\/\/staging.diocesitn.it\/area-testimonianza\/wp-content\/uploads\/sites\/37\/2016\/08\/index.jpg\" \/>\n<meta name=\"twitter:card\" content=\"summary_large_image\" \/>\n<meta name=\"twitter:label1\" content=\"Tempo di lettura stimato\" \/>\n\t<meta name=\"twitter:data1\" content=\"1 minuto\" \/>\n<script type=\"application\/ld+json\" class=\"yoast-schema-graph\">{\"@context\":\"https:\/\/schema.org\",\"@graph\":[{\"@type\":\"WebPage\",\"@id\":\"https:\/\/staging.diocesitn.it\/area-testimonianza\/chi-siamo\/\",\"url\":\"https:\/\/staging.diocesitn.it\/area-testimonianza\/chi-siamo\/\",\"name\":\"Chi siamo - Testimonianza e Impegno sociale\",\"isPartOf\":{\"@id\":\"https:\/\/staging.diocesitn.it\/area-testimonianza\/#website\"},\"primaryImageOfPage\":{\"@id\":\"https:\/\/staging.diocesitn.it\/area-testimonianza\/chi-siamo\/#primaryimage\"},\"image\":{\"@id\":\"https:\/\/staging.diocesitn.it\/area-testimonianza\/chi-siamo\/#primaryimage\"},\"thumbnailUrl\":\"https:\/\/staging.diocesitn.it\/area-testimonianza\/wp-content\/uploads\/sites\/37\/2016\/08\/index.jpg\",\"datePublished\":\"2016-08-25T07:33:58+00:00\",\"dateModified\":\"2016-08-25T07:33:58+00:00\",\"breadcrumb\":{\"@id\":\"https:\/\/staging.diocesitn.it\/area-testimonianza\/chi-siamo\/#breadcrumb\"},\"inLanguage\":\"it-IT\",\"potentialAction\":[{\"@type\":\"ReadAction\",\"target\":[\"https:\/\/staging.diocesitn.it\/area-testimonianza\/chi-siamo\/\"]}]},{\"@type\":\"ImageObject\",\"inLanguage\":\"it-IT\",\"@id\":\"https:\/\/staging.diocesitn.it\/area-testimonianza\/chi-siamo\/#primaryimage\",\"url\":\"https:\/\/staging.diocesitn.it\/area-testimonianza\/wp-content\/uploads\/sites\/37\/2016\/08\/index.jpg\",\"contentUrl\":\"https:\/\/staging.diocesitn.it\/area-testimonianza\/wp-content\/uploads\/sites\/37\/2016\/08\/index.jpg\",\"width\":240,\"height\":180},{\"@type\":\"BreadcrumbList\",\"@id\":\"https:\/\/staging.diocesitn.it\/area-testimonianza\/chi-siamo\/#breadcrumb\",\"itemListElement\":[{\"@type\":\"ListItem\",\"position\":1,\"name\":\"Home\",\"item\":\"https:\/\/staging.diocesitn.it\/area-testimonianza\/\"},{\"@type\":\"ListItem\",\"position\":2,\"name\":\"Chi siamo\"}]},{\"@type\":\"WebSite\",\"@id\":\"https:\/\/staging.diocesitn.it\/area-testimonianza\/#website\",\"url\":\"https:\/\/staging.diocesitn.it\/area-testimonianza\/\",\"name\":\"Testimonianza e Impegno sociale\",\"description\":\"Chiesa di Trento\",\"publisher\":{\"@id\":\"https:\/\/staging.diocesitn.it\/area-testimonianza\/#organization\"},\"potentialAction\":[{\"@type\":\"SearchAction\",\"target\":{\"@type\":\"EntryPoint\",\"urlTemplate\":\"https:\/\/staging.diocesitn.it\/area-testimonianza\/?s={search_term_string}\"},\"query-input\":\"required name=search_term_string\"}],\"inLanguage\":\"it-IT\"},{\"@type\":\"Organization\",\"@id\":\"https:\/\/staging.diocesitn.it\/area-testimonianza\/#organization\",\"name\":\"Area Testimonianza e Impegno Sociale - Chiesa di Trento\",\"url\":\"https:\/\/staging.diocesitn.it\/area-testimonianza\/\",\"logo\":{\"@type\":\"ImageObject\",\"inLanguage\":\"it-IT\",\"@id\":\"https:\/\/staging.diocesitn.it\/area-testimonianza\/#\/schema\/logo\/image\/\",\"url\":\"https:\/\/staging.diocesitn.it\/area-testimonianza\/wp-content\/uploads\/sites\/37\/2021\/09\/og-logo-testimonianza-e-impegno-sociale.jpg\",\"contentUrl\":\"https:\/\/staging.diocesitn.it\/area-testimonianza\/wp-content\/uploads\/sites\/37\/2021\/09\/og-logo-testimonianza-e-impegno-sociale.jpg\",\"width\":1200,\"height\":630,\"caption\":\"Area Testimonianza e Impegno Sociale - Chiesa di Trento\"},\"image\":{\"@id\":\"https:\/\/staging.diocesitn.it\/area-testimonianza\/#\/schema\/logo\/image\/\"}}]}<\/script>\n<!-- \/ Yoast SEO plugin. -->","yoast_head_json":{"title":"Chi siamo - Testimonianza e Impegno sociale","robots":{"index":"index","follow":"follow","max-snippet":"max-snippet:-1","max-image-preview":"max-image-preview:large","max-video-preview":"max-video-preview:-1"},"canonical":"https:\/\/staging.diocesitn.it\/area-testimonianza\/chi-siamo\/","og_locale":"it_IT","og_type":"article","og_title":"Chi siamo - Testimonianza e Impegno sociale","og_description":"La Caritas Diocesana \u00e8 un &#8220;Organismo pastorale&#8221; voluto dalla Diocesi, attraverso l\u2019Arcivescovo che ne \u00e8 il Presidente. Il suo fine \u00e8 quello di promuovere la testimonianza della carit\u00e0 della comunit\u00e0 ecclesiale diocesana e di tutte","og_url":"https:\/\/staging.diocesitn.it\/area-testimonianza\/chi-siamo\/","og_site_name":"Testimonianza e Impegno sociale","og_image":[{"url":"https:\/\/staging.diocesitn.it\/area-testimonianza\/wp-content\/uploads\/sites\/37\/2016\/08\/index.jpg"}],"twitter_card":"summary_large_image","twitter_misc":{"Tempo di lettura stimato":"1 minuto"},"schema":{"@context":"https:\/\/schema.org","@graph":[{"@type":"WebPage","@id":"https:\/\/staging.diocesitn.it\/area-testimonianza\/chi-siamo\/","url":"https:\/\/staging.diocesitn.it\/area-testimonianza\/chi-siamo\/","name":"Chi siamo - Testimonianza e Impegno sociale","isPartOf":{"@id":"https:\/\/staging.diocesitn.it\/area-testimonianza\/#website"},"primaryImageOfPage":{"@id":"https:\/\/staging.diocesitn.it\/area-testimonianza\/chi-siamo\/#primaryimage"},"image":{"@id":"https:\/\/staging.diocesitn.it\/area-testimonianza\/chi-siamo\/#primaryimage"},"thumbnailUrl":"https:\/\/staging.diocesitn.it\/area-testimonianza\/wp-content\/uploads\/sites\/37\/2016\/08\/index.jpg","datePublished":"2016-08-25T07:33:58+00:00","dateModified":"2016-08-25T07:33:58+00:00","breadcrumb":{"@id":"https:\/\/staging.diocesitn.it\/area-testimonianza\/chi-siamo\/#breadcrumb"},"inLanguage":"it-IT","potentialAction":[{"@type":"ReadAction","target":["https:\/\/staging.diocesitn.it\/area-testimonianza\/chi-siamo\/"]}]},{"@type":"ImageObject","inLanguage":"it-IT","@id":"https:\/\/staging.diocesitn.it\/area-testimonianza\/chi-siamo\/#primaryimage","url":"https:\/\/staging.diocesitn.it\/area-testimonianza\/wp-content\/uploads\/sites\/37\/2016\/08\/index.jpg","contentUrl":"https:\/\/staging.diocesitn.it\/area-testimonianza\/wp-content\/uploads\/sites\/37\/2016\/08\/index.jpg","width":240,"height":180},{"@type":"BreadcrumbList","@id":"https:\/\/staging.diocesitn.it\/area-testimonianza\/chi-siamo\/#breadcrumb","itemListElement":[{"@type":"ListItem","position":1,"name":"Home","item":"https:\/\/staging.diocesitn.it\/area-testimonianza\/"},{"@type":"ListItem","position":2,"name":"Chi siamo"}]},{"@type":"WebSite","@id":"https:\/\/staging.diocesitn.it\/area-testimonianza\/#website","url":"https:\/\/staging.diocesitn.it\/area-testimonianza\/","name":"Testimonianza e Impegno sociale","description":"Chiesa di Trento","publisher":{"@id":"https:\/\/staging.diocesitn.it\/area-testimonianza\/#organization"},"potentialAction":[{"@type":"SearchAction","target":{"@type":"EntryPoint","urlTemplate":"https:\/\/staging.diocesitn.it\/area-testimonianza\/?s={search_term_string}"},"query-input":"required name=search_term_string"}],"inLanguage":"it-IT"},{"@type":"Organization","@id":"https:\/\/staging.diocesitn.it\/area-testimonianza\/#organization","name":"Area Testimonianza e Impegno Sociale - Chiesa di Trento","url":"https:\/\/staging.diocesitn.it\/area-testimonianza\/","logo":{"@type":"ImageObject","inLanguage":"it-IT","@id":"https:\/\/staging.diocesitn.it\/area-testimonianza\/#\/schema\/logo\/image\/","url":"https:\/\/staging.diocesitn.it\/area-testimonianza\/wp-content\/uploads\/sites\/37\/2021\/09\/og-logo-testimonianza-e-impegno-sociale.jpg","contentUrl":"https:\/\/staging.diocesitn.it\/area-testimonianza\/wp-content\/uploads\/sites\/37\/2021\/09\/og-logo-testimonianza-e-impegno-sociale.jpg","width":1200,"height":630,"caption":"Area Testimonianza e Impegno Sociale - Chiesa di Trento"},"image":{"@id":"https:\/\/staging.diocesitn.it\/area-testimonianza\/#\/schema\/logo\/image\/"}}]}},"_links":{"self":[{"href":"https:\/\/staging.diocesitn.it\/area-testimonianza\/wp-json\/wp\/v2\/pages\/1868","targetHints":{"allow":["GET"]}}],"collection":[{"href":"https:\/\/staging.diocesitn.it\/area-testimonianza\/wp-json\/wp\/v2\/pages"}],"about":[{"href":"https:\/\/staging.diocesitn.it\/area-testimonianza\/wp-json\/wp\/v2\/types\/page"}],"author":[{"embeddable":true,"href":"https:\/\/staging.diocesitn.it\/area-testimonianza\/wp-json\/wp\/v2\/users\/4"}],"replies":[{"embeddable":true,"href":"https:\/\/staging.diocesitn.it\/area-testimonianza\/wp-json\/wp\/v2\/comments?post=1868"}],"version-history":[{"count":0,"href":"https:\/\/staging.diocesitn.it\/area-testimonianza\/wp-json\/wp\/v2\/pages\/1868\/revisions"}],"wp:attachment":[{"href":"https:\/\/staging.diocesitn.it\/area-testimonianza\/wp-json\/wp\/v2\/media?parent=1868"}],"curies":[{"name":"wp","href":"https:\/\/api.w.org\/{rel}","templated":true}]}}