{"id":1990,"date":"2014-09-03T15:46:00","date_gmt":"2014-09-03T13:46:00","guid":{"rendered":"http:\/\/staging.diocesitn.it\/consultasalute\/consulta-diocesana-per-la-pastorale-della-salute\/"},"modified":"2021-06-30T10:44:44","modified_gmt":"2021-06-30T08:44:44","slug":"chi-siamo-3","status":"publish","type":"page","link":"https:\/\/staging.diocesitn.it\/area-testimonianza\/chi-siamo-3\/","title":{"rendered":"Attivit\u00e0"},"content":{"rendered":"<p><strong>Il Servizio Salute Pellegrinaggi Anziani:<\/strong><\/p>\n<ul>\n<li>Organizza iniziative di <a href=\"https:\/\/staging.diocesitn.it\/area-testimonianza\/strumenti-di-formazione-per-la-terza-eta\/\">formazione e preghiera per anziani<\/a>, ammalati e operatori pastorali nel campo assistenziale e sanitario. Redige e pubblica la <a href=\"https:\/\/staging.diocesitn.it\/area-testimonianza\/2020\/02\/12\/la-rivista-vivere-insieme-nelle-case-assieme-a-vita-trentina\/\" target=\"_blank\" rel=\"noopener noreferrer\">rivista trimestrale &#8220;Vivere Insieme&#8221;<\/a><\/li>\n<li>Istruisce le pratiche per la sottoscrizione delle convenzioni per l&#8217;<a href=\"https:\/\/staging.diocesitn.it\/area-testimonianza\/cappellania-ospedaliera\/\" target=\"_blank\" rel=\"noopener noreferrer\">assistenza religiosa<\/a> nelle strutture sanitarie ed assistenziali e per la nomina dei rispettivi assistenti spirituali<\/li>\n<li>Programma itinerari di fede ai Santuari e di cultura religiosa, soggiorni in montagna e al mare, a servizio di singoli, ammalati, disabili, famiglie, gruppi e comunit\u00e0<\/li>\n<li>Organizza <a href=\"https:\/\/staging.diocesitn.it\/area-testimonianza\/2019\/12\/09\/il-calendario-dei-pellegrinaggi-diocesani-per-lanno-2020\/\" target=\"_blank\" rel=\"noopener noreferrer\">pellegrinaggi diocesani <\/a>e inter-parrocchiali. Ne favorisce la partecipazione anche a malati e diversamente abili grazie alla collaborazione dei volontari di Ospitalit\u00e0 Tridentina. Ne cura la messa in opera sia a livello organizzativo come sul piano della qualit\u00e0. Le m\u00e8te degli itinerari sono i \u201cluoghi santi\u201d della tradizione cristiana, antica e recente, notoriamente riconosciuti e raccomandati dalla Chiesa<\/li>\n<li>promuove tramite l\u2019Associazione Ospitalit\u00e0 Tridentina, l\u2019attenzione pastorale ai Malati, operando in rete con tutte le Associazioni della Consulta Pastorale della Salute, della quale \u00e8 portavoce e strumento operativo<\/li>\n<li>Redige e pubblica la <a href=\"https:\/\/staging.diocesitn.it\/area-testimonianza\/2017\/01\/27\/questi-miei-fratelli\/\" target=\"_blank\" rel=\"noopener noreferrer\">rivista trimestrale<\/a> <a href=\"https:\/\/staging.diocesitn.it\/area-testimonianza\/2017\/01\/27\/questi-miei-fratelli\/\" target=\"_blank\" rel=\"noopener noreferrer\">&#8220;Questi miei fratelli&#8221;<\/a><\/li>\n<\/ul>\n<p>&nbsp;<\/p>\n<p><strong>La Consulta Diocesana per la Pastorale della Salute<\/strong><br \/>\n\u00e8 un organismo Ecclesiale che comprende Associazioni professionali e di volontari, operanti con spirito cristiano al servizio dei malati e dei diversamente abili. Promuove:<\/p>\n<ul>\n<li>l&#8217;attenzione privilegiata al mondo della sofferenza in tutti gli ambiti della Pastorale, nella consapevolezza che unicamente a questa condizione \u00e8 possibile annunciare il vangelo (cfr. Luca 9,1-2)<\/li>\n<li>il coordinamento fra le varie associazioni operanti in diocesi a servizio dei malati, nella prospettiva di un&#8217;autentica comunione ecclesiale<\/li>\n<li>la formazione spirituale di quanti, operatori sanitari o volontari, accostano i malati con spirito cristiano<\/li>\n<li>l&#8217;animazione spirituale e la partecipazione attiva dei malati e dei diversamente abili alla vita della Chiesa<\/li>\n<li>la sensibilizzazione delle Comunit\u00e0 cristiane per le situazioni di sofferenza presenti nel loro territorio<\/li>\n<\/ul>\n<p><strong>Gli obiettivi<\/strong><span style=\"color: #ff0000\"><strong><br \/>\n<\/strong><\/span><\/p>\n<p>Formazione e animazione<b><\/b><i><\/i><u><\/u><\/p>\n<ul>\n<li>delle comunit\u00e0 cristiane<\/li>\n<li>dei gruppi parrocchiali<\/li>\n<li>delle associazioni di volontariato<\/li>\n<li>dei ministri straordinari dell&#8217;Eucarestia<\/li>\n<li>degli operatori sanitari e socio-assistenziali<\/li>\n<li>degli assistenti spirituali<\/li>\n<li>delle &#8216;cappellanie&#8217; ospedaliere e socio-sanitarie<\/li>\n<li>degli operatori pastorali laici e religiosi<\/li>\n<\/ul>\n<div>\n<p><strong>Cosa organizza:<\/strong><\/p>\n<\/div>\n<ul>\n<li>Convegno Diocesano di Pastorale della Salute<\/li>\n<li>Iniziative per la Giornata Mondiale del Malato<\/li>\n<li>Giornate di studio su temi specifici legati alle problematiche del mondo socio-sanitario e alla bioetica<\/li>\n<\/ul>\n<p style=\"padding-left: 90px\"><b>Sede Servizio Salute Pellegrinaggi Anziani<\/b><br \/>\nVia Barbacovi, 4 &#8211;\u00a038122 Trento<\/p>\n<p style=\"padding-left: 90px\"><strong>Gli orari di apertura al pubblico<\/strong><br \/>\nluned\u00ec\u00a0\u00a0\u00a0\u00a0\u00a0\u00a0\u00a0\u00a0\u00a0\u00a0\u00a0\u00a0 CHIUSO<br \/>\nmarted\u00ec \u00a0 \u00a0 \u00a0 \u00a0 \u00a0ore 8.00 &#8211;\u00a012.30;\u00a0\u00a0\u00a0\u00a014.00 &#8211;\u00a016.30<br \/>\nmercoled\u00ec \u00a0 \u00a0 \u00a0ore 8.00 &#8211;\u00a012.30;\u00a0\u00a0\u00a0\u00a014.00 &#8211;\u00a016.30<br \/>\ngioved\u00ec \u00a0 \u00a0 \u00a0 \u00a0 \u00a0 ore 8.00 &#8211;\u00a012.30;\u00a0\u00a0\u00a0\u00a014.00 &#8211;\u00a016.30<br \/>\nvenerd\u00ec\u00a0 \u00a0 \u00a0 \u00a0 \u00a0 CHIUSO<\/p>\n<p style=\"padding-left: 90px\"><b>Delegato<\/b><br \/>\ndon Cristiano Bettega; <a href=\"mailto:CristianoBettega@diocesitn.it\">CristianoBettega@diocesitn.it<\/a><\/p>\n<p>\u00a0\u00a0\u00a0\u00a0\u00a0\u00a0\u00a0\u00a0\u00a0\u00a0\u00a0\u00a0\u00a0\u00a0\u00a0\u00a0\u00a0\u00a0\u00a0<strong>\u00a0\u00a0 Referente<\/strong><br \/>\n<strong>\u00a0\u00a0\u00a0\u00a0\u00a0\u00a0\u00a0\u00a0\u00a0\u00a0\u00a0\u00a0\u00a0\u00a0\u00a0\u00a0\u00a0\u00a0\u00a0\u00a0\u00a0 <\/strong>Claudia Dorigoni tel. 0461\/891.127; <a href=\"mailto:ClaudiaDorigoni@diocesitn.it\">ClaudiaDorigoni@diocesitn.it<\/a><\/p>\n<p><strong>\u00a0\u00a0\u00a0\u00a0\u00a0\u00a0\u00a0\u00a0\u00a0\u00a0\u00a0\u00a0\u00a0\u00a0\u00a0\u00a0\u00a0\u00a0\u00a0\u00a0\u00a0 Collaboratrice\u00a0\u00a0\u00a0\u00a0\u00a0\u00a0<\/strong><br \/>\n<strong>\u00a0\u00a0\u00a0\u00a0\u00a0\u00a0\u00a0\u00a0\u00a0\u00a0\u00a0\u00a0\u00a0\u00a0\u00a0\u00a0\u00a0\u00a0\u00a0\u00a0\u00a0 <\/strong>Daniela Gonzo<\/p>\n<p style=\"padding-left: 90px\"><strong>Recapiti<\/strong><br \/>\nTelefono: 0461\/89.11.55 &#8211; fax: 0461\/89.11.56<br \/>\ne-mail: <a href=\"https:\/\/accounts.google.com\/SignOutOptions?hl=it&amp;continue=https:\/\/mail.google.com\/mail&amp;service=mail\">pellegrinaggi.malatitrento@gmail.com<\/a><br \/>\ne-mail: <a href=\"mailto:pastoralesalutetrento@gmail.com\">pastoralesalutetrento@gmail.com<\/a><\/p>\n","protected":false},"excerpt":{"rendered":"<p>Il Servizio Salute Pellegrinaggi Anziani: Organizza iniziative di formazione e preghiera per anziani, ammalati e operatori pastorali nel campo assistenziale e sanitario. Redige e pubblica la rivista trimestrale &#8220;Vivere Insieme&#8221; Istruisce le pratiche per la<\/p>\n","protected":false},"author":4,"featured_media":0,"parent":0,"menu_order":1,"comment_status":"closed","ping_status":"closed","template":"","meta":{"footnotes":""},"class_list":["post-1990","page","type-page","status-publish","hentry"],"acf":{"seed-localization-paese-cod":"","seed-localization-address":"","seed-localization-citta":"","seed-localization-regione-cod-istat":"","seed-localization-citta-cod-istat":"","seed-localization-localita":"","seed-localization-cap":"","seed-localization-marker-visibility":false,"seed-localization-children-visibility":false,"seed-localization-kml":"","seed-localization-custom-marker":""},"yoast_head":"<!-- This site is optimized with the Yoast SEO plugin v22.2 - https:\/\/yoast.com\/wordpress\/plugins\/seo\/ -->\n<title>Attivit\u00e0 - Testimonianza e Impegno sociale<\/title>\n<meta name=\"robots\" content=\"index, follow, max-snippet:-1, max-image-preview:large, max-video-preview:-1\" \/>\n<link rel=\"canonical\" href=\"https:\/\/staging.diocesitn.it\/area-testimonianza\/chi-siamo-3\/\" \/>\n<meta property=\"og:locale\" content=\"it_IT\" \/>\n<meta property=\"og:type\" content=\"article\" \/>\n<meta property=\"og:title\" content=\"Attivit\u00e0 - Testimonianza e Impegno sociale\" \/>\n<meta property=\"og:description\" content=\"Il Servizio Salute Pellegrinaggi Anziani: Organizza iniziative di formazione e preghiera per anziani, ammalati e operatori pastorali nel campo assistenziale e sanitario. Redige e pubblica la rivista trimestrale &#8220;Vivere Insieme&#8221; Istruisce le pratiche per la\" \/>\n<meta property=\"og:url\" content=\"https:\/\/staging.diocesitn.it\/area-testimonianza\/chi-siamo-3\/\" \/>\n<meta property=\"og:site_name\" content=\"Testimonianza e Impegno sociale\" \/>\n<meta property=\"article:modified_time\" content=\"2021-06-30T08:44:44+00:00\" \/>\n<meta property=\"og:image\" content=\"https:\/\/staging.diocesitn.it\/area-testimonianza\/wp-content\/uploads\/sites\/37\/2021\/09\/og-logo-testimonianza-e-impegno-sociale.jpg\" \/>\n\t<meta property=\"og:image:width\" content=\"1200\" \/>\n\t<meta property=\"og:image:height\" content=\"630\" \/>\n\t<meta property=\"og:image:type\" content=\"image\/jpeg\" \/>\n<meta name=\"twitter:card\" content=\"summary_large_image\" \/>\n<meta name=\"twitter:label1\" content=\"Tempo di lettura stimato\" \/>\n\t<meta name=\"twitter:data1\" content=\"2 minuti\" \/>\n<script type=\"application\/ld+json\" class=\"yoast-schema-graph\">{\"@context\":\"https:\/\/schema.org\",\"@graph\":[{\"@type\":\"WebPage\",\"@id\":\"https:\/\/staging.diocesitn.it\/area-testimonianza\/chi-siamo-3\/\",\"url\":\"https:\/\/staging.diocesitn.it\/area-testimonianza\/chi-siamo-3\/\",\"name\":\"Attivit\u00e0 - Testimonianza e Impegno sociale\",\"isPartOf\":{\"@id\":\"https:\/\/staging.diocesitn.it\/area-testimonianza\/#website\"},\"datePublished\":\"2014-09-03T13:46:00+00:00\",\"dateModified\":\"2021-06-30T08:44:44+00:00\",\"breadcrumb\":{\"@id\":\"https:\/\/staging.diocesitn.it\/area-testimonianza\/chi-siamo-3\/#breadcrumb\"},\"inLanguage\":\"it-IT\",\"potentialAction\":[{\"@type\":\"ReadAction\",\"target\":[\"https:\/\/staging.diocesitn.it\/area-testimonianza\/chi-siamo-3\/\"]}]},{\"@type\":\"BreadcrumbList\",\"@id\":\"https:\/\/staging.diocesitn.it\/area-testimonianza\/chi-siamo-3\/#breadcrumb\",\"itemListElement\":[{\"@type\":\"ListItem\",\"position\":1,\"name\":\"Home\",\"item\":\"https:\/\/staging.diocesitn.it\/area-testimonianza\/\"},{\"@type\":\"ListItem\",\"position\":2,\"name\":\"Attivit\u00e0\"}]},{\"@type\":\"WebSite\",\"@id\":\"https:\/\/staging.diocesitn.it\/area-testimonianza\/#website\",\"url\":\"https:\/\/staging.diocesitn.it\/area-testimonianza\/\",\"name\":\"Testimonianza e Impegno sociale\",\"description\":\"Chiesa di Trento\",\"publisher\":{\"@id\":\"https:\/\/staging.diocesitn.it\/area-testimonianza\/#organization\"},\"potentialAction\":[{\"@type\":\"SearchAction\",\"target\":{\"@type\":\"EntryPoint\",\"urlTemplate\":\"https:\/\/staging.diocesitn.it\/area-testimonianza\/?s={search_term_string}\"},\"query-input\":\"required name=search_term_string\"}],\"inLanguage\":\"it-IT\"},{\"@type\":\"Organization\",\"@id\":\"https:\/\/staging.diocesitn.it\/area-testimonianza\/#organization\",\"name\":\"Area Testimonianza e Impegno Sociale - Chiesa di Trento\",\"url\":\"https:\/\/staging.diocesitn.it\/area-testimonianza\/\",\"logo\":{\"@type\":\"ImageObject\",\"inLanguage\":\"it-IT\",\"@id\":\"https:\/\/staging.diocesitn.it\/area-testimonianza\/#\/schema\/logo\/image\/\",\"url\":\"https:\/\/staging.diocesitn.it\/area-testimonianza\/wp-content\/uploads\/sites\/37\/2021\/09\/og-logo-testimonianza-e-impegno-sociale.jpg\",\"contentUrl\":\"https:\/\/staging.diocesitn.it\/area-testimonianza\/wp-content\/uploads\/sites\/37\/2021\/09\/og-logo-testimonianza-e-impegno-sociale.jpg\",\"width\":1200,\"height\":630,\"caption\":\"Area Testimonianza e Impegno Sociale - Chiesa di Trento\"},\"image\":{\"@id\":\"https:\/\/staging.diocesitn.it\/area-testimonianza\/#\/schema\/logo\/image\/\"}}]}<\/script>\n<!-- \/ Yoast SEO plugin. -->","yoast_head_json":{"title":"Attivit\u00e0 - Testimonianza e Impegno sociale","robots":{"index":"index","follow":"follow","max-snippet":"max-snippet:-1","max-image-preview":"max-image-preview:large","max-video-preview":"max-video-preview:-1"},"canonical":"https:\/\/staging.diocesitn.it\/area-testimonianza\/chi-siamo-3\/","og_locale":"it_IT","og_type":"article","og_title":"Attivit\u00e0 - Testimonianza e Impegno sociale","og_description":"Il Servizio Salute Pellegrinaggi Anziani: Organizza iniziative di formazione e preghiera per anziani, ammalati e operatori pastorali nel campo assistenziale e sanitario. Redige e pubblica la rivista trimestrale &#8220;Vivere Insieme&#8221; Istruisce le pratiche per la","og_url":"https:\/\/staging.diocesitn.it\/area-testimonianza\/chi-siamo-3\/","og_site_name":"Testimonianza e Impegno sociale","article_modified_time":"2021-06-30T08:44:44+00:00","og_image":[{"width":1200,"height":630,"url":"https:\/\/staging.diocesitn.it\/area-testimonianza\/wp-content\/uploads\/sites\/37\/2021\/09\/og-logo-testimonianza-e-impegno-sociale.jpg","type":"image\/jpeg"}],"twitter_card":"summary_large_image","twitter_misc":{"Tempo di lettura stimato":"2 minuti"},"schema":{"@context":"https:\/\/schema.org","@graph":[{"@type":"WebPage","@id":"https:\/\/staging.diocesitn.it\/area-testimonianza\/chi-siamo-3\/","url":"https:\/\/staging.diocesitn.it\/area-testimonianza\/chi-siamo-3\/","name":"Attivit\u00e0 - Testimonianza e Impegno sociale","isPartOf":{"@id":"https:\/\/staging.diocesitn.it\/area-testimonianza\/#website"},"datePublished":"2014-09-03T13:46:00+00:00","dateModified":"2021-06-30T08:44:44+00:00","breadcrumb":{"@id":"https:\/\/staging.diocesitn.it\/area-testimonianza\/chi-siamo-3\/#breadcrumb"},"inLanguage":"it-IT","potentialAction":[{"@type":"ReadAction","target":["https:\/\/staging.diocesitn.it\/area-testimonianza\/chi-siamo-3\/"]}]},{"@type":"BreadcrumbList","@id":"https:\/\/staging.diocesitn.it\/area-testimonianza\/chi-siamo-3\/#breadcrumb","itemListElement":[{"@type":"ListItem","position":1,"name":"Home","item":"https:\/\/staging.diocesitn.it\/area-testimonianza\/"},{"@type":"ListItem","position":2,"name":"Attivit\u00e0"}]},{"@type":"WebSite","@id":"https:\/\/staging.diocesitn.it\/area-testimonianza\/#website","url":"https:\/\/staging.diocesitn.it\/area-testimonianza\/","name":"Testimonianza e Impegno sociale","description":"Chiesa di Trento","publisher":{"@id":"https:\/\/staging.diocesitn.it\/area-testimonianza\/#organization"},"potentialAction":[{"@type":"SearchAction","target":{"@type":"EntryPoint","urlTemplate":"https:\/\/staging.diocesitn.it\/area-testimonianza\/?s={search_term_string}"},"query-input":"required name=search_term_string"}],"inLanguage":"it-IT"},{"@type":"Organization","@id":"https:\/\/staging.diocesitn.it\/area-testimonianza\/#organization","name":"Area Testimonianza e Impegno Sociale - Chiesa di Trento","url":"https:\/\/staging.diocesitn.it\/area-testimonianza\/","logo":{"@type":"ImageObject","inLanguage":"it-IT","@id":"https:\/\/staging.diocesitn.it\/area-testimonianza\/#\/schema\/logo\/image\/","url":"https:\/\/staging.diocesitn.it\/area-testimonianza\/wp-content\/uploads\/sites\/37\/2021\/09\/og-logo-testimonianza-e-impegno-sociale.jpg","contentUrl":"https:\/\/staging.diocesitn.it\/area-testimonianza\/wp-content\/uploads\/sites\/37\/2021\/09\/og-logo-testimonianza-e-impegno-sociale.jpg","width":1200,"height":630,"caption":"Area Testimonianza e Impegno Sociale - Chiesa di Trento"},"image":{"@id":"https:\/\/staging.diocesitn.it\/area-testimonianza\/#\/schema\/logo\/image\/"}}]}},"_links":{"self":[{"href":"https:\/\/staging.diocesitn.it\/area-testimonianza\/wp-json\/wp\/v2\/pages\/1990","targetHints":{"allow":["GET"]}}],"collection":[{"href":"https:\/\/staging.diocesitn.it\/area-testimonianza\/wp-json\/wp\/v2\/pages"}],"about":[{"href":"https:\/\/staging.diocesitn.it\/area-testimonianza\/wp-json\/wp\/v2\/types\/page"}],"author":[{"embeddable":true,"href":"https:\/\/staging.diocesitn.it\/area-testimonianza\/wp-json\/wp\/v2\/users\/4"}],"replies":[{"embeddable":true,"href":"https:\/\/staging.diocesitn.it\/area-testimonianza\/wp-json\/wp\/v2\/comments?post=1990"}],"version-history":[{"count":3,"href":"https:\/\/staging.diocesitn.it\/area-testimonianza\/wp-json\/wp\/v2\/pages\/1990\/revisions"}],"predecessor-version":[{"id":9542,"href":"https:\/\/staging.diocesitn.it\/area-testimonianza\/wp-json\/wp\/v2\/pages\/1990\/revisions\/9542"}],"wp:attachment":[{"href":"https:\/\/staging.diocesitn.it\/area-testimonianza\/wp-json\/wp\/v2\/media?parent=1990"}],"curies":[{"name":"wp","href":"https:\/\/api.w.org\/{rel}","templated":true}]}}