{"id":42,"date":"2012-10-23T17:49:00","date_gmt":"2012-10-23T15:49:00","guid":{"rendered":"http:\/\/staging.diocesitn.it\/ecumenismo\/ecumenismo-e-dialogo-interreligioso\/memorie-e-testimoni\/"},"modified":"2012-10-23T17:49:00","modified_gmt":"2012-10-23T15:49:00","slug":"memorie-e-testimoni","status":"publish","type":"page","link":"https:\/\/staging.diocesitn.it\/area-testimonianza\/memorie-e-testimoni\/","title":{"rendered":"Memorie e testimoni"},"content":{"rendered":"<div><strong>Il mandato<\/strong><\/div>\n<div>\u00a0<\/div>\n<div>\u00a0&#8220;Al tempo del Concilio la citt\u00e0 di Trento era stata scelta per facilitare l&#8217;incontro, per fare da ponte, per offrire l&#8217;abbraccio della riconciliazione e dell&#8217;amicizia. Trento non ebbe questa gioia e questa gloria. Essa dovr\u00e0 averne, come noi, come tutto il mondo cattolico, sempre il desiderio. Essa dovr\u00e0 assurgere a simbolo di questo desiderio, oggi ancora, oggi pi\u00f9 che mai, vivo, implorante, paziente, pregante. Essa dovr\u00e0, con la fermezza della sua fede cattolica, non costituire un confine, ma aprire una porta; non chiudere un dialogo, ma tenerlo aperto; non rinfacciare errori, ma ricercare virt\u00f9; non attendere chi da quattro secoli non \u00e8 venuto, ma andarlo fraternamente a cercare.<\/div>\n<div>\u00c8 ci\u00f2 che il Concilio nuovo, continuando l&#8217;antico, con l&#8217;aiuto di Dio, vuole fare; ed \u00e8 ci\u00f2 che voi, pi\u00f9 di ogni altro, nella Chiesa di Dio, dovete capire e tutt&#8217;ora, come la Provvidenza suggerir\u00e0, assecondare!&#8221;<\/div>\n<div>\u00a0<\/div>\n<div>Paolo VI, 8 marzo 1964<\/div>\n<div>Discorso alla Chiesa di Trento<\/div>\n<div>\u00a0\u00a0<\/div>\n<div> <strong>Le memorie significative<\/strong><\/div>\n<div>\u00a0<\/div>\n<div><em>1964, Roma, 8 marzo<\/em><br \/> Mandato ecumenico di Paolo VI alla Chiesa di Trento<\/div>\n<div>\u00a0<\/div>\n<div><em>1984, Riva del Garda &#8211;\u00a0Trento, 3-7 ottobre<\/em><\/div>\n<div>Terzo Incontro Ecumenico Europeo &#8220;Confessare insieme la nostra fede, fonte di Speranza&#8221;<\/div>\n<div>promosso dalla K.E.K. (Conferenza delle Chiese Europee) e dal C.C.E.E. (Consiglio delle Conferenze Episcopali Europee)<\/div>\n<div>\u00a0<\/div>\n<div><em>1994, Riva del Garda &#8216; Rovereto, 3-9 novembre<\/em><\/div>\n<div>Sesta Assemblea Mondiale &#8220;Risanare il mondo: le religioni per la pace&#8221;<br \/> promossa dalla W.C.R.P. (Conferenza Mondiale delle Religioni per la Pace)\u00a0<\/div>\n<div>\u00a0<\/div>\n<div> <strong>I testimoni<\/strong><\/div>\n<div>\u00a0<\/div>\n<div>Nessuna unit\u00e0 potr\u00e0 nascere se non dall&#8217;unit\u00e0 di ciascun uomo con Dio, nella cui vita sussiste l&#8217;unit\u00e0. Unit\u00e0 nella pluralit\u00e0, come nella sua sussistenza.L&#8217;ecumenismo, e cos\u00ec la teologia e la fede, non sono concepite come una cosa astratta o soltanto spirituale o intimistica, ma come un modo concreto di servire il mondo, con un significato anche &#8220;politico&#8221;.<\/div>\n<div style=\"text-align: right\"><strong>Alessandro Maria, <\/strong><\/div>\n<div style=\"text-align: right\"><strong>arcivescovo di Trento, 1974 <\/strong><\/div>\n<div>\u00a0<\/div>\n<div>Il Vangelo che l&#8217;immagine porta nelle mani \u00e8 aperto alla pagina: Amatevi gli uni gli altri&#8230; e se veramente metteremo in pratica questo comando, allora possiamo sperare che senz&#8217;altro ci sar\u00e0 una celebrazione solennissima, una festa senza fine dell&#8217;amore, della grazia e della generosit\u00e0 di Cristo in mezzo a noi.<\/div>\n<div style=\"text-align: right\"><strong>Nikodim, <\/strong><\/div>\n<div style=\"text-align: right\"><strong>metropolita di Leningrado, 1975 <\/strong><\/div>\n<div>\u00a0<\/div>\n<div>Noi affermeremo pubblicamente la nostra fede comune, ma non come un esercizio spirituale o una dichiarazione di intenti, quanto piuttosto come testimonianza di speranza in un&#8217;Europa disunita. Noi ameremmo che questo luogo divenisse ora un segno di speranza per le nostre Chiese e per l&#8217;Europa.<\/div>\n<div style=\"text-align: right\"><strong>Andr\u00e9 Appel, <\/strong><\/div>\n<div style=\"text-align: right\"><strong>Conferenza delle Chiese Europee, 1984 <\/strong><\/div>\n<div>\u00a0<\/div>\n<div>Noi abbiamo voluto trovarvi ancora una sorgente freschissima di speranza per la nostra vecchia Europa, divenuta cos\u00ec incerta delle sue origini e del suo destino. Raramente un&#8217;assemblea ecumenica \u00e8 stata cos\u00ec fortemente sostenuta dal popolo di Dio. E questo ecumenismo di base, pieno di vitalit\u00e0 spirituale, \u00e8 senza alcun dubbio la migliore garanzia di una marcia verso l&#8217;unit\u00e0 nella quale non si pu\u00f2 perdere alcuna particella della fede degli Apostoli. Ecco, io sono reduce dal secondo Concilio di Trento.<\/div>\n<div style=\"text-align: right\"><strong>Roger Etchegaray, <\/strong><\/div>\n<div style=\"text-align: right\"><strong>Pontificio Consiglio Unit\u00e0 Cristiani, 1984 <\/strong><\/div>\n<div>\u00a0<\/div>\n<div>Occorre alle chiese un grande coraggio per volere l&#8217;unit\u00e0. Occorre sviluppare una spiritualit\u00e0 ecumenica. E&#8217; venuto il tempo di trarre tutte le conseguenze della santit\u00e0 della Chiesa, che implica la povert\u00e0, la generosit\u00e0 e lo spirito di sacrificio, in vista dell&#8217;obbedienza a Cristo&#8230;<\/div>\n<div style=\"text-align: right\"><strong>Max Thurian, <\/strong><\/div>\n<div style=\"text-align: right\"><strong>Comunit\u00e0 ecumenica di Taiz\u00e9, 1984 <\/strong><\/div>\n<div>\u00a0<\/div>\n<div>Un progetto pastorale mancherebbe di una componente essenziale se ignorasse la dimensione ecumenica. A tale programma ha speciale vocazione la Chiesa tridentina&#8217; per il Concilio che qui si tenne quattro secoli fa, e per il contesto ecclesiale e politico in cui esso si svolse. Paolo VI ci affid\u00f2 a tale riguardo una esplicita missione. Da allora il Signore ci ha benedetti con segni di portata storica e di grande speranza, culminati nell&#8217;Incontro di preghiera in Cattedrale al termine del Convegno Ecumenico Europeo dell&#8217;ottobre 1984.<\/div>\n<div style=\"text-align: right\"><strong>Una vocazione ecumenica, <\/strong><\/div>\n<div style=\"text-align: right\"><strong>Costituzioni sinodali diocesane 1987<\/strong><\/div>\n<div>\u00a0<\/div>\n","protected":false},"excerpt":{"rendered":"<p>Il mandato \u00a0 \u00a0&#8220;Al tempo del Concilio la citt\u00e0 di Trento era stata scelta per facilitare l&#8217;incontro, per fare da ponte, per offrire l&#8217;abbraccio della riconciliazione e dell&#8217;amicizia. Trento non ebbe questa gioia e questa<\/p>\n","protected":false},"author":4,"featured_media":0,"parent":0,"menu_order":6,"comment_status":"closed","ping_status":"closed","template":"","meta":{"footnotes":""},"class_list":["post-42","page","type-page","status-publish","hentry"],"acf":{"seed-localization-paese-cod":"IT","seed-localization-address":"","seed-localization-citta":"","seed-localization-regione-cod-istat":"04","seed-localization-citta-cod-istat":"022205","seed-localization-localita":"","seed-localization-cap":"","seed-localization-marker-visibility":false,"seed-localization-children-visibility":false,"seed-localization-kml":null,"seed-localization-custom-marker":null},"yoast_head":"<!-- This site is optimized with the Yoast SEO plugin v22.2 - https:\/\/yoast.com\/wordpress\/plugins\/seo\/ -->\n<title>Memorie e testimoni - Testimonianza e Impegno sociale<\/title>\n<meta name=\"robots\" content=\"index, follow, max-snippet:-1, max-image-preview:large, max-video-preview:-1\" \/>\n<link rel=\"canonical\" href=\"https:\/\/staging.diocesitn.it\/area-testimonianza\/memorie-e-testimoni\/\" \/>\n<meta property=\"og:locale\" content=\"it_IT\" \/>\n<meta property=\"og:type\" content=\"article\" \/>\n<meta property=\"og:title\" content=\"Memorie e testimoni - Testimonianza e Impegno sociale\" \/>\n<meta property=\"og:description\" content=\"Il mandato \u00a0 \u00a0&#8220;Al tempo del Concilio la citt\u00e0 di Trento era stata scelta per facilitare l&#8217;incontro, per fare da ponte, per offrire l&#8217;abbraccio della riconciliazione e dell&#8217;amicizia. Trento non ebbe questa gioia e questa\" \/>\n<meta property=\"og:url\" content=\"https:\/\/staging.diocesitn.it\/area-testimonianza\/memorie-e-testimoni\/\" \/>\n<meta property=\"og:site_name\" content=\"Testimonianza e Impegno sociale\" \/>\n<meta property=\"og:image\" content=\"https:\/\/staging.diocesitn.it\/area-testimonianza\/wp-content\/uploads\/sites\/37\/2021\/09\/og-logo-testimonianza-e-impegno-sociale.jpg\" \/>\n\t<meta property=\"og:image:width\" content=\"1200\" \/>\n\t<meta property=\"og:image:height\" content=\"630\" \/>\n\t<meta property=\"og:image:type\" content=\"image\/jpeg\" \/>\n<meta name=\"twitter:card\" content=\"summary_large_image\" \/>\n<meta name=\"twitter:label1\" content=\"Tempo di lettura stimato\" \/>\n\t<meta name=\"twitter:data1\" content=\"3 minuti\" \/>\n<script type=\"application\/ld+json\" class=\"yoast-schema-graph\">{\"@context\":\"https:\/\/schema.org\",\"@graph\":[{\"@type\":\"WebPage\",\"@id\":\"https:\/\/staging.diocesitn.it\/area-testimonianza\/memorie-e-testimoni\/\",\"url\":\"https:\/\/staging.diocesitn.it\/area-testimonianza\/memorie-e-testimoni\/\",\"name\":\"Memorie e testimoni - Testimonianza e Impegno sociale\",\"isPartOf\":{\"@id\":\"https:\/\/staging.diocesitn.it\/area-testimonianza\/#website\"},\"datePublished\":\"2012-10-23T15:49:00+00:00\",\"dateModified\":\"2012-10-23T15:49:00+00:00\",\"breadcrumb\":{\"@id\":\"https:\/\/staging.diocesitn.it\/area-testimonianza\/memorie-e-testimoni\/#breadcrumb\"},\"inLanguage\":\"it-IT\",\"potentialAction\":[{\"@type\":\"ReadAction\",\"target\":[\"https:\/\/staging.diocesitn.it\/area-testimonianza\/memorie-e-testimoni\/\"]}]},{\"@type\":\"BreadcrumbList\",\"@id\":\"https:\/\/staging.diocesitn.it\/area-testimonianza\/memorie-e-testimoni\/#breadcrumb\",\"itemListElement\":[{\"@type\":\"ListItem\",\"position\":1,\"name\":\"Home\",\"item\":\"https:\/\/staging.diocesitn.it\/area-testimonianza\/\"},{\"@type\":\"ListItem\",\"position\":2,\"name\":\"Memorie e testimoni\"}]},{\"@type\":\"WebSite\",\"@id\":\"https:\/\/staging.diocesitn.it\/area-testimonianza\/#website\",\"url\":\"https:\/\/staging.diocesitn.it\/area-testimonianza\/\",\"name\":\"Testimonianza e Impegno sociale\",\"description\":\"Chiesa di Trento\",\"publisher\":{\"@id\":\"https:\/\/staging.diocesitn.it\/area-testimonianza\/#organization\"},\"potentialAction\":[{\"@type\":\"SearchAction\",\"target\":{\"@type\":\"EntryPoint\",\"urlTemplate\":\"https:\/\/staging.diocesitn.it\/area-testimonianza\/?s={search_term_string}\"},\"query-input\":\"required name=search_term_string\"}],\"inLanguage\":\"it-IT\"},{\"@type\":\"Organization\",\"@id\":\"https:\/\/staging.diocesitn.it\/area-testimonianza\/#organization\",\"name\":\"Area Testimonianza e Impegno Sociale - Chiesa di Trento\",\"url\":\"https:\/\/staging.diocesitn.it\/area-testimonianza\/\",\"logo\":{\"@type\":\"ImageObject\",\"inLanguage\":\"it-IT\",\"@id\":\"https:\/\/staging.diocesitn.it\/area-testimonianza\/#\/schema\/logo\/image\/\",\"url\":\"https:\/\/staging.diocesitn.it\/area-testimonianza\/wp-content\/uploads\/sites\/37\/2021\/09\/og-logo-testimonianza-e-impegno-sociale.jpg\",\"contentUrl\":\"https:\/\/staging.diocesitn.it\/area-testimonianza\/wp-content\/uploads\/sites\/37\/2021\/09\/og-logo-testimonianza-e-impegno-sociale.jpg\",\"width\":1200,\"height\":630,\"caption\":\"Area Testimonianza e Impegno Sociale - Chiesa di Trento\"},\"image\":{\"@id\":\"https:\/\/staging.diocesitn.it\/area-testimonianza\/#\/schema\/logo\/image\/\"}}]}<\/script>\n<!-- \/ Yoast SEO plugin. -->","yoast_head_json":{"title":"Memorie e testimoni - Testimonianza e Impegno sociale","robots":{"index":"index","follow":"follow","max-snippet":"max-snippet:-1","max-image-preview":"max-image-preview:large","max-video-preview":"max-video-preview:-1"},"canonical":"https:\/\/staging.diocesitn.it\/area-testimonianza\/memorie-e-testimoni\/","og_locale":"it_IT","og_type":"article","og_title":"Memorie e testimoni - Testimonianza e Impegno sociale","og_description":"Il mandato \u00a0 \u00a0&#8220;Al tempo del Concilio la citt\u00e0 di Trento era stata scelta per facilitare l&#8217;incontro, per fare da ponte, per offrire l&#8217;abbraccio della riconciliazione e dell&#8217;amicizia. Trento non ebbe questa gioia e questa","og_url":"https:\/\/staging.diocesitn.it\/area-testimonianza\/memorie-e-testimoni\/","og_site_name":"Testimonianza e Impegno sociale","og_image":[{"width":1200,"height":630,"url":"https:\/\/staging.diocesitn.it\/area-testimonianza\/wp-content\/uploads\/sites\/37\/2021\/09\/og-logo-testimonianza-e-impegno-sociale.jpg","type":"image\/jpeg"}],"twitter_card":"summary_large_image","twitter_misc":{"Tempo di lettura stimato":"3 minuti"},"schema":{"@context":"https:\/\/schema.org","@graph":[{"@type":"WebPage","@id":"https:\/\/staging.diocesitn.it\/area-testimonianza\/memorie-e-testimoni\/","url":"https:\/\/staging.diocesitn.it\/area-testimonianza\/memorie-e-testimoni\/","name":"Memorie e testimoni - Testimonianza e Impegno sociale","isPartOf":{"@id":"https:\/\/staging.diocesitn.it\/area-testimonianza\/#website"},"datePublished":"2012-10-23T15:49:00+00:00","dateModified":"2012-10-23T15:49:00+00:00","breadcrumb":{"@id":"https:\/\/staging.diocesitn.it\/area-testimonianza\/memorie-e-testimoni\/#breadcrumb"},"inLanguage":"it-IT","potentialAction":[{"@type":"ReadAction","target":["https:\/\/staging.diocesitn.it\/area-testimonianza\/memorie-e-testimoni\/"]}]},{"@type":"BreadcrumbList","@id":"https:\/\/staging.diocesitn.it\/area-testimonianza\/memorie-e-testimoni\/#breadcrumb","itemListElement":[{"@type":"ListItem","position":1,"name":"Home","item":"https:\/\/staging.diocesitn.it\/area-testimonianza\/"},{"@type":"ListItem","position":2,"name":"Memorie e testimoni"}]},{"@type":"WebSite","@id":"https:\/\/staging.diocesitn.it\/area-testimonianza\/#website","url":"https:\/\/staging.diocesitn.it\/area-testimonianza\/","name":"Testimonianza e Impegno sociale","description":"Chiesa di Trento","publisher":{"@id":"https:\/\/staging.diocesitn.it\/area-testimonianza\/#organization"},"potentialAction":[{"@type":"SearchAction","target":{"@type":"EntryPoint","urlTemplate":"https:\/\/staging.diocesitn.it\/area-testimonianza\/?s={search_term_string}"},"query-input":"required name=search_term_string"}],"inLanguage":"it-IT"},{"@type":"Organization","@id":"https:\/\/staging.diocesitn.it\/area-testimonianza\/#organization","name":"Area Testimonianza e Impegno Sociale - Chiesa di Trento","url":"https:\/\/staging.diocesitn.it\/area-testimonianza\/","logo":{"@type":"ImageObject","inLanguage":"it-IT","@id":"https:\/\/staging.diocesitn.it\/area-testimonianza\/#\/schema\/logo\/image\/","url":"https:\/\/staging.diocesitn.it\/area-testimonianza\/wp-content\/uploads\/sites\/37\/2021\/09\/og-logo-testimonianza-e-impegno-sociale.jpg","contentUrl":"https:\/\/staging.diocesitn.it\/area-testimonianza\/wp-content\/uploads\/sites\/37\/2021\/09\/og-logo-testimonianza-e-impegno-sociale.jpg","width":1200,"height":630,"caption":"Area Testimonianza e Impegno Sociale - Chiesa di Trento"},"image":{"@id":"https:\/\/staging.diocesitn.it\/area-testimonianza\/#\/schema\/logo\/image\/"}}]}},"_links":{"self":[{"href":"https:\/\/staging.diocesitn.it\/area-testimonianza\/wp-json\/wp\/v2\/pages\/42","targetHints":{"allow":["GET"]}}],"collection":[{"href":"https:\/\/staging.diocesitn.it\/area-testimonianza\/wp-json\/wp\/v2\/pages"}],"about":[{"href":"https:\/\/staging.diocesitn.it\/area-testimonianza\/wp-json\/wp\/v2\/types\/page"}],"author":[{"embeddable":true,"href":"https:\/\/staging.diocesitn.it\/area-testimonianza\/wp-json\/wp\/v2\/users\/4"}],"replies":[{"embeddable":true,"href":"https:\/\/staging.diocesitn.it\/area-testimonianza\/wp-json\/wp\/v2\/comments?post=42"}],"version-history":[{"count":0,"href":"https:\/\/staging.diocesitn.it\/area-testimonianza\/wp-json\/wp\/v2\/pages\/42\/revisions"}],"wp:attachment":[{"href":"https:\/\/staging.diocesitn.it\/area-testimonianza\/wp-json\/wp\/v2\/media?parent=42"}],"curies":[{"name":"wp","href":"https:\/\/api.w.org\/{rel}","templated":true}]}}