{"id":595,"date":"2017-02-01T14:15:29","date_gmt":"2017-02-01T13:15:29","guid":{"rendered":"http:\/\/staging.diocesitn.it\/caritas\/?page_id=595"},"modified":"2017-02-01T14:15:29","modified_gmt":"2017-02-01T13:15:29","slug":"centro-di-ascolto-di-trento","status":"publish","type":"page","link":"https:\/\/staging.diocesitn.it\/area-testimonianza\/centri-di-ascolto-e-servizi\/centro-di-ascolto-di-trento\/","title":{"rendered":"Centro di Ascolto di Trento"},"content":{"rendered":"<blockquote>\n<h6><em>&#8220;Oggi le persone hanno pi\u00f9 bisogno di ascolto che di parole.<\/em><br \/>\n<em>Abbiamo imparato tutti a parlare, magari anche pi\u00f9 lingue, e non siamo pi\u00f9 capaci di ascoltarci. Soltanto quando diamo ascolto all\u2019altro con attenzione e non distratti, con pazienza e non di fretta, con meraviglia e non annoiati, acquistiamo il diritto e l\u2019autorevolezza di parlargli al cuore. Efficientisti come siamo diventati, a volte crediamo che il tempo dedicato all\u2019ascolto sia perso; in realt\u00e0 se pensiamo cos\u00ec, forse \u00e8 perch\u00e9 non abbiamo tempo a disposizione per altri, ma soltanto per noi stessi e per i nostri interessi.<\/em><br \/>\n<em>Non di rado il parlare esprime voglia di potere sull\u2019altro, nasconde i nostri sentimenti di sfiducia e rifiuto, \u00e8 un susseguirsi di razionalizzazioni e scuse per giustificarsi, \u00e8 pieno di ambiguit\u00e0 e contraddizioni. Mentre un ascolto attento diventa un grande servizio e un effettivo aiuto che si offre al fratello.<\/em> <em>La gente ha bisogno di raccontare i propri problemi a qualcuno che li capisca, per sdrammatizzarli, per non sentirsi sola di fronte a situazioni angoscianti, per confrontarsi sui modi di uscirne.\u00a0 I problemi personali, quando non si trova a chi manifestarli, possono diventare giganteschi, paurosi, affievoliscono il senso della vita, soffocano la speranza.&#8221; <\/em><\/h6>\n<\/blockquote>\n<h6>Carlo Maria Martini, lettera alla Diocesi in occasione del Natale 1989<\/h6>\n<p style=\"text-align: left\" align=\"center\"><img loading=\"lazy\" decoding=\"async\" class=\"alignnone size-medium wp-image-845\" src=\"https:\/\/staging.diocesitn.it\/area-testimonianza\/wp-content\/uploads\/sites\/37\/2017\/02\/IMG_20170227_164228-300x168.jpg\" alt=\"\" width=\"300\" height=\"168\" srcset=\"https:\/\/staging.diocesitn.it\/area-testimonianza\/wp-content\/uploads\/sites\/37\/2017\/02\/IMG_20170227_164228-300x168.jpg 300w, https:\/\/staging.diocesitn.it\/area-testimonianza\/wp-content\/uploads\/sites\/37\/2017\/02\/IMG_20170227_164228-768x431.jpg 768w, https:\/\/staging.diocesitn.it\/area-testimonianza\/wp-content\/uploads\/sites\/37\/2017\/02\/IMG_20170227_164228-1024x575.jpg 1024w, https:\/\/staging.diocesitn.it\/area-testimonianza\/wp-content\/uploads\/sites\/37\/2017\/02\/IMG_20170227_164228-360x202.jpg 360w, https:\/\/staging.diocesitn.it\/area-testimonianza\/wp-content\/uploads\/sites\/37\/2017\/02\/IMG_20170227_164228-600x337.jpg 600w, https:\/\/staging.diocesitn.it\/area-testimonianza\/wp-content\/uploads\/sites\/37\/2017\/02\/IMG_20170227_164228-800x449.jpg 800w, https:\/\/staging.diocesitn.it\/area-testimonianza\/wp-content\/uploads\/sites\/37\/2017\/02\/IMG_20170227_164228-1200x674.jpg 1200w\" sizes=\"auto, (max-width: 300px) 100vw, 300px\" \/><img loading=\"lazy\" decoding=\"async\" class=\"size-medium wp-image-846 alignright\" src=\"https:\/\/staging.diocesitn.it\/area-testimonianza\/wp-content\/uploads\/sites\/37\/2017\/02\/IMG_20170227_164348-168x300.jpg\" alt=\"\" width=\"168\" height=\"300\" srcset=\"https:\/\/staging.diocesitn.it\/area-testimonianza\/wp-content\/uploads\/sites\/37\/2017\/02\/IMG_20170227_164348-168x300.jpg 168w, https:\/\/staging.diocesitn.it\/area-testimonianza\/wp-content\/uploads\/sites\/37\/2017\/02\/IMG_20170227_164348-768x1368.jpg 768w, https:\/\/staging.diocesitn.it\/area-testimonianza\/wp-content\/uploads\/sites\/37\/2017\/02\/IMG_20170227_164348-575x1024.jpg 575w, https:\/\/staging.diocesitn.it\/area-testimonianza\/wp-content\/uploads\/sites\/37\/2017\/02\/IMG_20170227_164348-157x280.jpg 157w, https:\/\/staging.diocesitn.it\/area-testimonianza\/wp-content\/uploads\/sites\/37\/2017\/02\/IMG_20170227_164348-431x768.jpg 431w, https:\/\/staging.diocesitn.it\/area-testimonianza\/wp-content\/uploads\/sites\/37\/2017\/02\/IMG_20170227_164348-600x1068.jpg 600w, https:\/\/staging.diocesitn.it\/area-testimonianza\/wp-content\/uploads\/sites\/37\/2017\/02\/IMG_20170227_164348-800x1425.jpg 800w, https:\/\/staging.diocesitn.it\/area-testimonianza\/wp-content\/uploads\/sites\/37\/2017\/02\/IMG_20170227_164348-1200x2137.jpg 1200w\" sizes=\"auto, (max-width: 168px) 100vw, 168px\" \/><\/p>\n<p>Il <strong>Centro di Ascolto e di Solidariet\u00e0<\/strong> <strong>di Trento<\/strong> \u00e8 il luogo in cui volontari e non offrono uno spazio di ascolto e accompagnamento per tutti coloro che si presentano portando un bisogno, una domanda, o semplicemente la necessit\u00e0 di essere ascoltati. Il servizio lavora in collaborazione con i servizi sociali territoriali e le altre realt\u00e0 del privato sociale.<\/p>\n<p>Il desiderio \u00e8 quello di guidare le persone in un percorso di accompagnamento e sostegno relazionale coinvolgendo, se possibile e ove necessario, le comunit\u00e0 di appartenenza.<\/p>\n<p>&nbsp;<\/p>\n<p><img loading=\"lazy\" decoding=\"async\" class=\"size-full wp-image-844 alignleft\" src=\"https:\/\/staging.diocesitn.it\/area-testimonianza\/wp-content\/uploads\/sites\/37\/2017\/02\/formazione-2012-010-per-sito.jpg\" alt=\"\" width=\"240\" height=\"180\" \/><\/p>\n<p>&nbsp;<\/p>\n","protected":false},"excerpt":{"rendered":"<p>&#8220;Oggi le persone hanno pi\u00f9 bisogno di ascolto che di parole. Abbiamo imparato tutti a parlare, magari anche pi\u00f9 lingue, e non siamo pi\u00f9 capaci di ascoltarci. Soltanto quando diamo ascolto all\u2019altro con attenzione e<\/p>\n","protected":false},"author":4,"featured_media":0,"parent":241,"menu_order":0,"comment_status":"closed","ping_status":"closed","template":"","meta":{"footnotes":""},"class_list":["post-595","page","type-page","status-publish","hentry"],"acf":{"seed-localization-paese-cod":"IT","seed-localization-address":"Via Giuseppe Giusti, Trento, TN, Italia","seed-localization-citta":"Trento","seed-localization-regione-cod-istat":"04","seed-localization-citta-cod-istat":"022205","seed-localization-localita":"","seed-localization-cap":"38122","seed-localization-marker-visibility":false,"seed-localization-children-visibility":false,"seed-localization-kml":null,"seed-localization-custom-marker":null},"yoast_head":"<!-- This site is optimized with the Yoast SEO plugin v22.2 - https:\/\/yoast.com\/wordpress\/plugins\/seo\/ -->\n<title>Centro di Ascolto di Trento - Testimonianza e Impegno sociale<\/title>\n<meta name=\"robots\" content=\"index, follow, max-snippet:-1, max-image-preview:large, max-video-preview:-1\" \/>\n<link rel=\"canonical\" href=\"https:\/\/staging.diocesitn.it\/area-testimonianza\/centri-di-ascolto-e-servizi\/centro-di-ascolto-di-trento\/\" \/>\n<meta property=\"og:locale\" content=\"it_IT\" \/>\n<meta property=\"og:type\" content=\"article\" \/>\n<meta property=\"og:title\" content=\"Centro di Ascolto di Trento - Testimonianza e Impegno sociale\" \/>\n<meta property=\"og:description\" content=\"&#8220;Oggi le persone hanno pi\u00f9 bisogno di ascolto che di parole. Abbiamo imparato tutti a parlare, magari anche pi\u00f9 lingue, e non siamo pi\u00f9 capaci di ascoltarci. Soltanto quando diamo ascolto all\u2019altro con attenzione e\" \/>\n<meta property=\"og:url\" content=\"https:\/\/staging.diocesitn.it\/area-testimonianza\/centri-di-ascolto-e-servizi\/centro-di-ascolto-di-trento\/\" \/>\n<meta property=\"og:site_name\" content=\"Testimonianza e Impegno sociale\" \/>\n<meta property=\"og:image\" content=\"https:\/\/staging.diocesitn.it\/area-testimonianza\/wp-content\/uploads\/sites\/37\/2017\/02\/IMG_20170227_164228-300x168.jpg\" \/>\n<meta name=\"twitter:card\" content=\"summary_large_image\" \/>\n<meta name=\"twitter:label1\" content=\"Tempo di lettura stimato\" \/>\n\t<meta name=\"twitter:data1\" content=\"1 minuto\" \/>\n<script type=\"application\/ld+json\" class=\"yoast-schema-graph\">{\"@context\":\"https:\/\/schema.org\",\"@graph\":[{\"@type\":\"WebPage\",\"@id\":\"https:\/\/staging.diocesitn.it\/area-testimonianza\/centri-di-ascolto-e-servizi\/centro-di-ascolto-di-trento\/\",\"url\":\"https:\/\/staging.diocesitn.it\/area-testimonianza\/centri-di-ascolto-e-servizi\/centro-di-ascolto-di-trento\/\",\"name\":\"Centro di Ascolto di Trento - Testimonianza e Impegno sociale\",\"isPartOf\":{\"@id\":\"https:\/\/staging.diocesitn.it\/area-testimonianza\/#website\"},\"primaryImageOfPage\":{\"@id\":\"https:\/\/staging.diocesitn.it\/area-testimonianza\/centri-di-ascolto-e-servizi\/centro-di-ascolto-di-trento\/#primaryimage\"},\"image\":{\"@id\":\"https:\/\/staging.diocesitn.it\/area-testimonianza\/centri-di-ascolto-e-servizi\/centro-di-ascolto-di-trento\/#primaryimage\"},\"thumbnailUrl\":\"https:\/\/staging.diocesitn.it\/area-testimonianza\/wp-content\/uploads\/sites\/37\/2017\/02\/IMG_20170227_164228-300x168.jpg\",\"datePublished\":\"2017-02-01T13:15:29+00:00\",\"dateModified\":\"2017-02-01T13:15:29+00:00\",\"breadcrumb\":{\"@id\":\"https:\/\/staging.diocesitn.it\/area-testimonianza\/centri-di-ascolto-e-servizi\/centro-di-ascolto-di-trento\/#breadcrumb\"},\"inLanguage\":\"it-IT\",\"potentialAction\":[{\"@type\":\"ReadAction\",\"target\":[\"https:\/\/staging.diocesitn.it\/area-testimonianza\/centri-di-ascolto-e-servizi\/centro-di-ascolto-di-trento\/\"]}]},{\"@type\":\"ImageObject\",\"inLanguage\":\"it-IT\",\"@id\":\"https:\/\/staging.diocesitn.it\/area-testimonianza\/centri-di-ascolto-e-servizi\/centro-di-ascolto-di-trento\/#primaryimage\",\"url\":\"https:\/\/staging.diocesitn.it\/area-testimonianza\/wp-content\/uploads\/sites\/37\/2017\/02\/IMG_20170227_164228.jpg\",\"contentUrl\":\"https:\/\/staging.diocesitn.it\/area-testimonianza\/wp-content\/uploads\/sites\/37\/2017\/02\/IMG_20170227_164228.jpg\",\"width\":4160,\"height\":2336},{\"@type\":\"BreadcrumbList\",\"@id\":\"https:\/\/staging.diocesitn.it\/area-testimonianza\/centri-di-ascolto-e-servizi\/centro-di-ascolto-di-trento\/#breadcrumb\",\"itemListElement\":[{\"@type\":\"ListItem\",\"position\":1,\"name\":\"Home\",\"item\":\"https:\/\/staging.diocesitn.it\/area-testimonianza\/\"},{\"@type\":\"ListItem\",\"position\":2,\"name\":\"CENTRI DI ASCOLTO E SERVIZI\",\"item\":\"https:\/\/staging.diocesitn.it\/area-testimonianza\/centri-di-ascolto-e-servizi\/\"},{\"@type\":\"ListItem\",\"position\":3,\"name\":\"Centro di Ascolto di Trento\"}]},{\"@type\":\"WebSite\",\"@id\":\"https:\/\/staging.diocesitn.it\/area-testimonianza\/#website\",\"url\":\"https:\/\/staging.diocesitn.it\/area-testimonianza\/\",\"name\":\"Testimonianza e Impegno sociale\",\"description\":\"Chiesa di Trento\",\"publisher\":{\"@id\":\"https:\/\/staging.diocesitn.it\/area-testimonianza\/#organization\"},\"potentialAction\":[{\"@type\":\"SearchAction\",\"target\":{\"@type\":\"EntryPoint\",\"urlTemplate\":\"https:\/\/staging.diocesitn.it\/area-testimonianza\/?s={search_term_string}\"},\"query-input\":\"required name=search_term_string\"}],\"inLanguage\":\"it-IT\"},{\"@type\":\"Organization\",\"@id\":\"https:\/\/staging.diocesitn.it\/area-testimonianza\/#organization\",\"name\":\"Area Testimonianza e Impegno Sociale - Chiesa di Trento\",\"url\":\"https:\/\/staging.diocesitn.it\/area-testimonianza\/\",\"logo\":{\"@type\":\"ImageObject\",\"inLanguage\":\"it-IT\",\"@id\":\"https:\/\/staging.diocesitn.it\/area-testimonianza\/#\/schema\/logo\/image\/\",\"url\":\"https:\/\/staging.diocesitn.it\/area-testimonianza\/wp-content\/uploads\/sites\/37\/2021\/09\/og-logo-testimonianza-e-impegno-sociale.jpg\",\"contentUrl\":\"https:\/\/staging.diocesitn.it\/area-testimonianza\/wp-content\/uploads\/sites\/37\/2021\/09\/og-logo-testimonianza-e-impegno-sociale.jpg\",\"width\":1200,\"height\":630,\"caption\":\"Area Testimonianza e Impegno Sociale - Chiesa di Trento\"},\"image\":{\"@id\":\"https:\/\/staging.diocesitn.it\/area-testimonianza\/#\/schema\/logo\/image\/\"}}]}<\/script>\n<!-- \/ Yoast SEO plugin. -->","yoast_head_json":{"title":"Centro di Ascolto di Trento - Testimonianza e Impegno sociale","robots":{"index":"index","follow":"follow","max-snippet":"max-snippet:-1","max-image-preview":"max-image-preview:large","max-video-preview":"max-video-preview:-1"},"canonical":"https:\/\/staging.diocesitn.it\/area-testimonianza\/centri-di-ascolto-e-servizi\/centro-di-ascolto-di-trento\/","og_locale":"it_IT","og_type":"article","og_title":"Centro di Ascolto di Trento - Testimonianza e Impegno sociale","og_description":"&#8220;Oggi le persone hanno pi\u00f9 bisogno di ascolto che di parole. Abbiamo imparato tutti a parlare, magari anche pi\u00f9 lingue, e non siamo pi\u00f9 capaci di ascoltarci. Soltanto quando diamo ascolto all\u2019altro con attenzione e","og_url":"https:\/\/staging.diocesitn.it\/area-testimonianza\/centri-di-ascolto-e-servizi\/centro-di-ascolto-di-trento\/","og_site_name":"Testimonianza e Impegno sociale","og_image":[{"url":"https:\/\/staging.diocesitn.it\/area-testimonianza\/wp-content\/uploads\/sites\/37\/2017\/02\/IMG_20170227_164228-300x168.jpg"}],"twitter_card":"summary_large_image","twitter_misc":{"Tempo di lettura stimato":"1 minuto"},"schema":{"@context":"https:\/\/schema.org","@graph":[{"@type":"WebPage","@id":"https:\/\/staging.diocesitn.it\/area-testimonianza\/centri-di-ascolto-e-servizi\/centro-di-ascolto-di-trento\/","url":"https:\/\/staging.diocesitn.it\/area-testimonianza\/centri-di-ascolto-e-servizi\/centro-di-ascolto-di-trento\/","name":"Centro di Ascolto di Trento - Testimonianza e Impegno sociale","isPartOf":{"@id":"https:\/\/staging.diocesitn.it\/area-testimonianza\/#website"},"primaryImageOfPage":{"@id":"https:\/\/staging.diocesitn.it\/area-testimonianza\/centri-di-ascolto-e-servizi\/centro-di-ascolto-di-trento\/#primaryimage"},"image":{"@id":"https:\/\/staging.diocesitn.it\/area-testimonianza\/centri-di-ascolto-e-servizi\/centro-di-ascolto-di-trento\/#primaryimage"},"thumbnailUrl":"https:\/\/staging.diocesitn.it\/area-testimonianza\/wp-content\/uploads\/sites\/37\/2017\/02\/IMG_20170227_164228-300x168.jpg","datePublished":"2017-02-01T13:15:29+00:00","dateModified":"2017-02-01T13:15:29+00:00","breadcrumb":{"@id":"https:\/\/staging.diocesitn.it\/area-testimonianza\/centri-di-ascolto-e-servizi\/centro-di-ascolto-di-trento\/#breadcrumb"},"inLanguage":"it-IT","potentialAction":[{"@type":"ReadAction","target":["https:\/\/staging.diocesitn.it\/area-testimonianza\/centri-di-ascolto-e-servizi\/centro-di-ascolto-di-trento\/"]}]},{"@type":"ImageObject","inLanguage":"it-IT","@id":"https:\/\/staging.diocesitn.it\/area-testimonianza\/centri-di-ascolto-e-servizi\/centro-di-ascolto-di-trento\/#primaryimage","url":"https:\/\/staging.diocesitn.it\/area-testimonianza\/wp-content\/uploads\/sites\/37\/2017\/02\/IMG_20170227_164228.jpg","contentUrl":"https:\/\/staging.diocesitn.it\/area-testimonianza\/wp-content\/uploads\/sites\/37\/2017\/02\/IMG_20170227_164228.jpg","width":4160,"height":2336},{"@type":"BreadcrumbList","@id":"https:\/\/staging.diocesitn.it\/area-testimonianza\/centri-di-ascolto-e-servizi\/centro-di-ascolto-di-trento\/#breadcrumb","itemListElement":[{"@type":"ListItem","position":1,"name":"Home","item":"https:\/\/staging.diocesitn.it\/area-testimonianza\/"},{"@type":"ListItem","position":2,"name":"CENTRI DI ASCOLTO E SERVIZI","item":"https:\/\/staging.diocesitn.it\/area-testimonianza\/centri-di-ascolto-e-servizi\/"},{"@type":"ListItem","position":3,"name":"Centro di Ascolto di Trento"}]},{"@type":"WebSite","@id":"https:\/\/staging.diocesitn.it\/area-testimonianza\/#website","url":"https:\/\/staging.diocesitn.it\/area-testimonianza\/","name":"Testimonianza e Impegno sociale","description":"Chiesa di Trento","publisher":{"@id":"https:\/\/staging.diocesitn.it\/area-testimonianza\/#organization"},"potentialAction":[{"@type":"SearchAction","target":{"@type":"EntryPoint","urlTemplate":"https:\/\/staging.diocesitn.it\/area-testimonianza\/?s={search_term_string}"},"query-input":"required name=search_term_string"}],"inLanguage":"it-IT"},{"@type":"Organization","@id":"https:\/\/staging.diocesitn.it\/area-testimonianza\/#organization","name":"Area Testimonianza e Impegno Sociale - Chiesa di Trento","url":"https:\/\/staging.diocesitn.it\/area-testimonianza\/","logo":{"@type":"ImageObject","inLanguage":"it-IT","@id":"https:\/\/staging.diocesitn.it\/area-testimonianza\/#\/schema\/logo\/image\/","url":"https:\/\/staging.diocesitn.it\/area-testimonianza\/wp-content\/uploads\/sites\/37\/2021\/09\/og-logo-testimonianza-e-impegno-sociale.jpg","contentUrl":"https:\/\/staging.diocesitn.it\/area-testimonianza\/wp-content\/uploads\/sites\/37\/2021\/09\/og-logo-testimonianza-e-impegno-sociale.jpg","width":1200,"height":630,"caption":"Area Testimonianza e Impegno Sociale - Chiesa di Trento"},"image":{"@id":"https:\/\/staging.diocesitn.it\/area-testimonianza\/#\/schema\/logo\/image\/"}}]}},"_links":{"self":[{"href":"https:\/\/staging.diocesitn.it\/area-testimonianza\/wp-json\/wp\/v2\/pages\/595","targetHints":{"allow":["GET"]}}],"collection":[{"href":"https:\/\/staging.diocesitn.it\/area-testimonianza\/wp-json\/wp\/v2\/pages"}],"about":[{"href":"https:\/\/staging.diocesitn.it\/area-testimonianza\/wp-json\/wp\/v2\/types\/page"}],"author":[{"embeddable":true,"href":"https:\/\/staging.diocesitn.it\/area-testimonianza\/wp-json\/wp\/v2\/users\/4"}],"replies":[{"embeddable":true,"href":"https:\/\/staging.diocesitn.it\/area-testimonianza\/wp-json\/wp\/v2\/comments?post=595"}],"version-history":[{"count":0,"href":"https:\/\/staging.diocesitn.it\/area-testimonianza\/wp-json\/wp\/v2\/pages\/595\/revisions"}],"up":[{"embeddable":true,"href":"https:\/\/staging.diocesitn.it\/area-testimonianza\/wp-json\/wp\/v2\/pages\/241"}],"wp:attachment":[{"href":"https:\/\/staging.diocesitn.it\/area-testimonianza\/wp-json\/wp\/v2\/media?parent=595"}],"curies":[{"name":"wp","href":"https:\/\/api.w.org\/{rel}","templated":true}]}}