{"id":6036,"date":"2019-05-30T12:21:35","date_gmt":"2019-05-30T10:21:35","guid":{"rendered":"https:\/\/staging.diocesitn.it\/area-testimonianza\/?page_id=6036"},"modified":"2021-01-13T16:05:48","modified_gmt":"2021-01-13T15:05:48","slug":"centro-missionario-diocesano","status":"publish","type":"page","link":"https:\/\/staging.diocesitn.it\/area-testimonianza\/centro-missionario-diocesano\/","title":{"rendered":"Centro Missionario Diocesano"},"content":{"rendered":"<p><a id=\"indice\"><\/a><strong>INDICE<\/strong><\/p>\n<ul>\n<li><a href=\"#Chi_siamo\">chi siamo<\/a><\/li>\n<li><a href=\"#missionari\">missionari<\/a><\/li>\n<li><a href=\"#formazione\">formazione e animazione pastorale<\/a><\/li>\n<li><a href=\"#appuntamenti\">appuntamenti missionari<\/a><\/li>\n<li><a href=\"#solidarieta\">solidariet\u00e0<\/a><\/li>\n<li><a href=\"#media\">media e pubblicazioni<\/a><\/li>\n<\/ul>\n<p>&nbsp;<\/p>\n<h1><a id=\"Chi_siamo\"><\/a>CHI SIAMO<\/h1>\n<p>Il Centro Missionario Diocesano di Trento, costituito in Ente giuridico sotto il nome di Opera Diocesana per la Pastorale Missionaria, \u00e8 lo strumento della Chiesa di Trento per:<\/p>\n<ul>\n<li>tener viva la dimensione missionaria di tutta la Chiesa diocesana;<\/li>\n<li>educare alla universalit\u00e0 della missione;<\/li>\n<li>favorire lo scambio e la cooperazione tra la Chiesa di Trento e le giovani Chiese nel mondo;<\/li>\n<li>sostenere e accompagnare il cammino dei gruppi missionari parrocchiali e decanali.<\/li>\n<\/ul>\n<p>Fondato nel 1918 ha una<span style=\"color: #333333\"> <strong>storia<\/strong><span style=\"font-size: 10pt\">\u00a0<\/span>de<\/span>cennale alle spalle.<\/p>\n<h4><strong>Sede<\/strong><\/h4>\n<p><a href=\"https:\/\/www.google.it\/maps\/place\/Via+Francesco+Barbacovi,+4,+38122+Trento+TN\/@46.0654031,11.1237615,17z\/data=!3m1!4b1!4m5!3m4!1s0x478276b4863bc987:0xe84a8db7797dd8da!8m2!3d46.0654031!4d11.1259502\" target=\"_blank\" rel=\"noopener noreferrer\">via Barbacovi, 4 \u2013 38122 Trento<\/a><br \/>\nTel. 0461 891.270 \u2013 Fax 0461 891.277<br \/>\ne.mail: <a href=\"mailto:centro.missionario@diocesitn.it\">centro.missionario@diocesitn.it<\/a><br \/>\nOrari di apertura: dal luned\u00ec al venerd\u00ec 8.00-12.30 e 13.30-17.00<\/p>\n<h4><strong>Persone<\/strong><\/h4>\n<p>Delegato: don Cristiano Bettega.<br \/>\nReferente: Roberto Calz\u00e0.<br \/>\nDipendenti: Tatiana Brusco, Sarah Maule, Manuela Rossi.<br \/>\nVolontari: molti volontari contribuiscono al funzionamento del nostro servizio.<\/p>\n<p style=\"text-align: right\"><a href=\"#indice\">torna su<\/a><\/p>\n<h1><a id=\"missionari\"><\/a>MISSIONARI<\/h1>\n<p>I missionari trentini nel mondo sono 292 distribuiti sui 5 continenti, vedono la loro presenza in 68 stati e rappresentano un totale di 60 fra congregazioni religiose e raggruppamenti laicali. Dagli inizi del &#8216;900 i martiri trentini sono 13. [dati aggiornati a maggio 2019]<\/p>\n<p>I rapporti con i missionari vengono tenuti attraverso lettere regolarmente pubblicate su <a href=\"https:\/\/staging.diocesitn.it\/area-testimonianza\/comunione-e-missione\/\" target=\"_blank\" rel=\"noopener noreferrer\">Comunione e Missione<\/a> e incontri annuali con i missionari in vacanza.<\/p>\n<p style=\"text-align: right\"><a href=\"#indice\">torna su<\/a><\/p>\n<h1><a id=\"formazione\"><\/a>FORMAZIONE E ANIMAZIONE PASTORALE<\/h1>\n<p>Il Centro Missionario\u00a0propone vari\u00a0percorsi di formazione e\u00a0animazione.<\/p>\n<ul>\n<li>I percorsi didattici per la <strong>scuola<\/strong> sono realizzati da\n<ul>\n<li>l&#8217;<a href=\"https:\/\/staging.diocesitn.it\/area-cultura\/\" target=\"_blank\" rel=\"noopener noreferrer\">area cultura<\/a> della diocesi<\/li>\n<li><a href=\"https:\/\/www.accri.it\/\" target=\"_blank\" rel=\"noopener noreferrer\">ACCRI<\/a>: <a href=\"https:\/\/www.accri.it\/educazione-allo-sviluppo-eas\/proposte-didattiche\/\" target=\"_blank\" rel=\"noopener noreferrer\">itinerari di educazione alla mondialit\u00e0 e all\u2019interculturalit\u00e0<\/a><\/li>\n<\/ul>\n<\/li>\n<li>La proposta dell&#8217;<a href=\"https:\/\/staging.diocesitn.it\/area-testimonianza\/centro-missionario-diocesano\/esperienza-estiva-in-missione\/\" target=\"_blank\" rel=\"noopener noreferrer\">Esperienza Estiva in Missione<\/a> per maggiorenni \u00e8 gestita direttamente dal Centro Missionario attraverso un gruppo di giovani volontari.<\/li>\n<li>Sul territorio sono presenti i <strong>gruppi missionari<\/strong> dedicati all&#8217;animazione missionaria delle parrocchie. (<a href=\"https:\/\/staging.diocesitn.it\/area-testimonianza\/2021\/01\/13\/corso-on-line-per-animatori-missionari\/\">corso di formazione on line 2021 per animatori missionari<\/a>)<\/li>\n<li>L&#8217;animazione missionaria si realizza anche attraverso la produzione e distribuzione di <span style=\"color: #ff0000\"><span style=\"color: #000000\"><span style=\"color: #333333\"><strong>sussidi<\/strong> <\/span><\/span><\/span>specifici.<\/li>\n<\/ul>\n<p>Per maggiori informazioni o altre esigenze <a href=\"#Chi_siamo\">contattateci<\/a>.<\/p>\n<p style=\"text-align: right\"><a href=\"#indice\">torna su<\/a><\/p>\n<h1><a id=\"appuntamenti\"><\/a>APPUNTAMENTI MISSIONARI<\/h1>\n<p>Giornate e periodi dell&#8217;anno dedicati alla sensibilit\u00e0 missionaria:<\/p>\n<ul>\n<li>6 gennaio <strong>Giornata mondiale dell&#8217;infanzia missionaria<\/strong>;<\/li>\n<li>Ultima domenica di gennaio <strong>Giornata della Lebbra<\/strong>;<\/li>\n<li><strong>Quaresima di fraternit\u00e0<\/strong>;<\/li>\n<li>24 marzo <strong>Giornata dei Missionari Martiri<\/strong>;<\/li>\n<li><strong>Ottobre missionario<\/strong>;<\/li>\n<li>27 dicembre <strong>Cantori della stella<\/strong>.<\/li>\n<\/ul>\n<p><strong>Approfondimenti e materiali<\/strong> nella <a href=\"https:\/\/staging.diocesitn.it\/area-testimonianza\/centro-missionario-diocesano\/appuntamenti-missionari\/\">pagina dedicata<\/a>.<\/p>\n<p style=\"text-align: right\"><a href=\"#indice\">torna su<\/a><\/p>\n<h1><a id=\"solidarieta\"><\/a>SOLIDARIET\u00c0<\/h1>\n<p>\u00c8 possibile sostenere le opere del Centro Missionario Diocesano attraverso <a href=\"https:\/\/staging.diocesitn.it\/area-testimonianza\/come-sostenere-le-attivita-della-pastorale-missionaria\/\" target=\"_blank\" rel=\"noopener noreferrer\">offerte dirette (contanti, assegni, bonifici bancari e versamenti postali)<\/a> o devolvendo il <a href=\"https:\/\/staging.diocesitn.it\/area-testimonianza\/centro-missionario-diocesano\/5x1000-centro-missionario\/\" target=\"_blank\" rel=\"noopener noreferrer\">5&#215;1000<\/a>.<\/p>\n<p><strong>Trasparenza<\/strong>: si rendono noti i contributi pubblici ricevuti (<a href=\"https:\/\/staging.diocesitn.it\/area-testimonianza\/wp-content\/uploads\/sites\/37\/2021\/01\/CMD-trasparenza-2021.pdf\">2021<\/a>).<\/p>\n<p>Il Centro Missionario Diocesano sostiene le attivit\u00e0 dei missionari trentini attraverso:<\/p>\n<ul>\n<li>l\u2019invio di offerte destinate;<\/li>\n<li>la realizzazione di <a href=\"https:\/\/staging.diocesitn.it\/area-testimonianza\/centro-missionario-diocesano\/progetti-sostenuti-dal-centro-missionario\/\" target=\"_blank\" rel=\"noopener noreferrer\">progetti specifici<\/a>;<\/li>\n<li>il sostegno di <a href=\"https:\/\/staging.diocesitn.it\/area-testimonianza\/centro-missionario-diocesano\/adozioni-a-distanza\/\" target=\"_blank\" rel=\"noopener noreferrer\">adozioni a distanza bambini<\/a>.<\/li>\n<\/ul>\n<p>E\u2019 inoltre attivo il servizio di <a href=\"https:\/\/staging.diocesitn.it\/area-testimonianza\/centro-missionario-diocesano\/adozioni-a-distanza\/\" target=\"_blank\" rel=\"noopener noreferrer\">adozione dei seminaristi<\/a> gestito dalla Pontificia Opera di San Pietro Apostolo.<\/p>\n<p style=\"text-align: right\"><a href=\"#indice\">torna su<\/a><\/p>\n<h1><a id=\"media\"><\/a>MEDIA E PUBBLICAZIONI<\/h1>\n<h4><strong>Comunione e Missione<\/strong><\/h4>\n<p>Il <a href=\"https:\/\/staging.diocesitn.it\/area-testimonianza\/centro-missionario-diocesano\/comunione-e-missione\/\" target=\"_blank\" rel=\"noopener noreferrer\">periodico<\/a> di spiritualit\u00e0 missionaria a cura del Centro Missionario Diocesano\u00a0<span style=\"font-size: inherit\">di Trento dal 1970.<\/span><\/p>\n<h4><strong>Riviste missionarie<\/strong><\/h4>\n<p>In sede \u00e8 presente <a href=\"https:\/\/staging.diocesitn.it\/area-testimonianza\/centro-missionario-diocesano\/emeroteca\/\">un&#8217;emeroteca<\/a> che raccoglie varie riviste missionarie in visione, per alcune testate \u00e8 possibile attivare l&#8217;abbonamento presso i nostri uffici.<\/p>\n<h4><strong>Film e documentari<\/strong><\/h4>\n<p>Presso i nostri uffici \u00e8 disponibile al <strong>noleggio<\/strong> una raccolta di film e documentari in DVD sia ad uso privato che per finalit\u00e0 educative o di animazione. I temi trattati sono: mondo missionario, interculturalit\u00e0, sviluppo sostenibile, diritti umani, mondialit\u00e0 e migrazioni.<\/p>\n<p>I video prodotti dal Centro Missionario sono <strong>acquistabili<\/strong>.<\/p>\n<h4><strong>Pubblicazioni <\/strong><\/h4>\n<p>In occasione di particolari ricorrenze o di eventi significativi il Centro Missionario Diocesano ha pubblicato libri o altro materiale disponibile in sede per consultazione o acquisto.<\/p>\n<p style=\"text-align: right\"><a href=\"#indice\">torna su<\/a><\/p>\n","protected":false},"excerpt":{"rendered":"<p>INDICE chi siamo missionari formazione e animazione pastorale appuntamenti missionari solidariet\u00e0 media e pubblicazioni &nbsp; CHI SIAMO Il Centro Missionario Diocesano di Trento, costituito in Ente giuridico sotto il nome di Opera Diocesana per la<\/p>\n","protected":false},"author":161,"featured_media":6153,"parent":0,"menu_order":0,"comment_status":"closed","ping_status":"closed","template":"","meta":{"footnotes":""},"class_list":["post-6036","page","type-page","status-publish","has-post-thumbnail","hentry"],"acf":{"seed-localization-paese-cod":"IT","seed-localization-address":"","seed-localization-citta":"Trento","seed-localization-regione-cod-istat":"04","seed-localization-citta-cod-istat":"022205","seed-localization-localita":"","seed-localization-cap":"","seed-localization-marker-visibility":false,"seed-localization-children-visibility":false,"seed-localization-kml":"","seed-localization-custom-marker":""},"yoast_head":"<!-- This site is optimized with the Yoast SEO plugin v22.2 - https:\/\/yoast.com\/wordpress\/plugins\/seo\/ -->\n<title>Centro Missionario Diocesano - Testimonianza e Impegno sociale<\/title>\n<meta name=\"robots\" content=\"index, follow, max-snippet:-1, max-image-preview:large, max-video-preview:-1\" \/>\n<link rel=\"canonical\" href=\"https:\/\/staging.diocesitn.it\/area-testimonianza\/centro-missionario-diocesano\/\" \/>\n<meta property=\"og:locale\" content=\"it_IT\" \/>\n<meta property=\"og:type\" content=\"article\" \/>\n<meta property=\"og:title\" content=\"Centro Missionario Diocesano - Testimonianza e Impegno sociale\" \/>\n<meta property=\"og:description\" content=\"INDICE chi siamo missionari formazione e animazione pastorale appuntamenti missionari solidariet\u00e0 media e pubblicazioni &nbsp; CHI SIAMO Il Centro Missionario Diocesano di Trento, costituito in Ente giuridico sotto il nome di Opera Diocesana per la\" \/>\n<meta property=\"og:url\" content=\"https:\/\/staging.diocesitn.it\/area-testimonianza\/centro-missionario-diocesano\/\" \/>\n<meta property=\"og:site_name\" content=\"Testimonianza e Impegno sociale\" \/>\n<meta property=\"article:modified_time\" content=\"2021-01-13T15:05:48+00:00\" \/>\n<meta property=\"og:image\" content=\"https:\/\/staging.diocesitn.it\/area-testimonianza\/wp-content\/uploads\/sites\/37\/2019\/05\/logo-CMD-mandato.jpg\" \/>\n\t<meta property=\"og:image:width\" content=\"3356\" \/>\n\t<meta property=\"og:image:height\" content=\"1868\" \/>\n\t<meta property=\"og:image:type\" content=\"image\/jpeg\" \/>\n<meta name=\"twitter:card\" content=\"summary_large_image\" \/>\n<meta name=\"twitter:label1\" content=\"Tempo di lettura stimato\" \/>\n\t<meta name=\"twitter:data1\" content=\"3 minuti\" \/>\n<script type=\"application\/ld+json\" class=\"yoast-schema-graph\">{\"@context\":\"https:\/\/schema.org\",\"@graph\":[{\"@type\":\"WebPage\",\"@id\":\"https:\/\/staging.diocesitn.it\/area-testimonianza\/centro-missionario-diocesano\/\",\"url\":\"https:\/\/staging.diocesitn.it\/area-testimonianza\/centro-missionario-diocesano\/\",\"name\":\"Centro Missionario Diocesano - Testimonianza e Impegno sociale\",\"isPartOf\":{\"@id\":\"https:\/\/staging.diocesitn.it\/area-testimonianza\/#website\"},\"primaryImageOfPage\":{\"@id\":\"https:\/\/staging.diocesitn.it\/area-testimonianza\/centro-missionario-diocesano\/#primaryimage\"},\"image\":{\"@id\":\"https:\/\/staging.diocesitn.it\/area-testimonianza\/centro-missionario-diocesano\/#primaryimage\"},\"thumbnailUrl\":\"https:\/\/staging.diocesitn.it\/area-testimonianza\/wp-content\/uploads\/sites\/37\/2019\/05\/logo-CMD-mandato.jpg\",\"datePublished\":\"2019-05-30T10:21:35+00:00\",\"dateModified\":\"2021-01-13T15:05:48+00:00\",\"breadcrumb\":{\"@id\":\"https:\/\/staging.diocesitn.it\/area-testimonianza\/centro-missionario-diocesano\/#breadcrumb\"},\"inLanguage\":\"it-IT\",\"potentialAction\":[{\"@type\":\"ReadAction\",\"target\":[\"https:\/\/staging.diocesitn.it\/area-testimonianza\/centro-missionario-diocesano\/\"]}]},{\"@type\":\"ImageObject\",\"inLanguage\":\"it-IT\",\"@id\":\"https:\/\/staging.diocesitn.it\/area-testimonianza\/centro-missionario-diocesano\/#primaryimage\",\"url\":\"https:\/\/staging.diocesitn.it\/area-testimonianza\/wp-content\/uploads\/sites\/37\/2019\/05\/logo-CMD-mandato.jpg\",\"contentUrl\":\"https:\/\/staging.diocesitn.it\/area-testimonianza\/wp-content\/uploads\/sites\/37\/2019\/05\/logo-CMD-mandato.jpg\",\"width\":3356,\"height\":1868},{\"@type\":\"BreadcrumbList\",\"@id\":\"https:\/\/staging.diocesitn.it\/area-testimonianza\/centro-missionario-diocesano\/#breadcrumb\",\"itemListElement\":[{\"@type\":\"ListItem\",\"position\":1,\"name\":\"Home\",\"item\":\"https:\/\/staging.diocesitn.it\/area-testimonianza\/\"},{\"@type\":\"ListItem\",\"position\":2,\"name\":\"Centro Missionario Diocesano\"}]},{\"@type\":\"WebSite\",\"@id\":\"https:\/\/staging.diocesitn.it\/area-testimonianza\/#website\",\"url\":\"https:\/\/staging.diocesitn.it\/area-testimonianza\/\",\"name\":\"Testimonianza e Impegno sociale\",\"description\":\"Chiesa di Trento\",\"publisher\":{\"@id\":\"https:\/\/staging.diocesitn.it\/area-testimonianza\/#organization\"},\"potentialAction\":[{\"@type\":\"SearchAction\",\"target\":{\"@type\":\"EntryPoint\",\"urlTemplate\":\"https:\/\/staging.diocesitn.it\/area-testimonianza\/?s={search_term_string}\"},\"query-input\":\"required name=search_term_string\"}],\"inLanguage\":\"it-IT\"},{\"@type\":\"Organization\",\"@id\":\"https:\/\/staging.diocesitn.it\/area-testimonianza\/#organization\",\"name\":\"Area Testimonianza e Impegno Sociale - Chiesa di Trento\",\"url\":\"https:\/\/staging.diocesitn.it\/area-testimonianza\/\",\"logo\":{\"@type\":\"ImageObject\",\"inLanguage\":\"it-IT\",\"@id\":\"https:\/\/staging.diocesitn.it\/area-testimonianza\/#\/schema\/logo\/image\/\",\"url\":\"https:\/\/staging.diocesitn.it\/area-testimonianza\/wp-content\/uploads\/sites\/37\/2021\/09\/og-logo-testimonianza-e-impegno-sociale.jpg\",\"contentUrl\":\"https:\/\/staging.diocesitn.it\/area-testimonianza\/wp-content\/uploads\/sites\/37\/2021\/09\/og-logo-testimonianza-e-impegno-sociale.jpg\",\"width\":1200,\"height\":630,\"caption\":\"Area Testimonianza e Impegno Sociale - Chiesa di Trento\"},\"image\":{\"@id\":\"https:\/\/staging.diocesitn.it\/area-testimonianza\/#\/schema\/logo\/image\/\"}}]}<\/script>\n<!-- \/ Yoast SEO plugin. -->","yoast_head_json":{"title":"Centro Missionario Diocesano - Testimonianza e Impegno sociale","robots":{"index":"index","follow":"follow","max-snippet":"max-snippet:-1","max-image-preview":"max-image-preview:large","max-video-preview":"max-video-preview:-1"},"canonical":"https:\/\/staging.diocesitn.it\/area-testimonianza\/centro-missionario-diocesano\/","og_locale":"it_IT","og_type":"article","og_title":"Centro Missionario Diocesano - Testimonianza e Impegno sociale","og_description":"INDICE chi siamo missionari formazione e animazione pastorale appuntamenti missionari solidariet\u00e0 media e pubblicazioni &nbsp; CHI SIAMO Il Centro Missionario Diocesano di Trento, costituito in Ente giuridico sotto il nome di Opera Diocesana per la","og_url":"https:\/\/staging.diocesitn.it\/area-testimonianza\/centro-missionario-diocesano\/","og_site_name":"Testimonianza e Impegno sociale","article_modified_time":"2021-01-13T15:05:48+00:00","og_image":[{"width":3356,"height":1868,"url":"https:\/\/staging.diocesitn.it\/area-testimonianza\/wp-content\/uploads\/sites\/37\/2019\/05\/logo-CMD-mandato.jpg","type":"image\/jpeg"}],"twitter_card":"summary_large_image","twitter_misc":{"Tempo di lettura stimato":"3 minuti"},"schema":{"@context":"https:\/\/schema.org","@graph":[{"@type":"WebPage","@id":"https:\/\/staging.diocesitn.it\/area-testimonianza\/centro-missionario-diocesano\/","url":"https:\/\/staging.diocesitn.it\/area-testimonianza\/centro-missionario-diocesano\/","name":"Centro Missionario Diocesano - Testimonianza e Impegno sociale","isPartOf":{"@id":"https:\/\/staging.diocesitn.it\/area-testimonianza\/#website"},"primaryImageOfPage":{"@id":"https:\/\/staging.diocesitn.it\/area-testimonianza\/centro-missionario-diocesano\/#primaryimage"},"image":{"@id":"https:\/\/staging.diocesitn.it\/area-testimonianza\/centro-missionario-diocesano\/#primaryimage"},"thumbnailUrl":"https:\/\/staging.diocesitn.it\/area-testimonianza\/wp-content\/uploads\/sites\/37\/2019\/05\/logo-CMD-mandato.jpg","datePublished":"2019-05-30T10:21:35+00:00","dateModified":"2021-01-13T15:05:48+00:00","breadcrumb":{"@id":"https:\/\/staging.diocesitn.it\/area-testimonianza\/centro-missionario-diocesano\/#breadcrumb"},"inLanguage":"it-IT","potentialAction":[{"@type":"ReadAction","target":["https:\/\/staging.diocesitn.it\/area-testimonianza\/centro-missionario-diocesano\/"]}]},{"@type":"ImageObject","inLanguage":"it-IT","@id":"https:\/\/staging.diocesitn.it\/area-testimonianza\/centro-missionario-diocesano\/#primaryimage","url":"https:\/\/staging.diocesitn.it\/area-testimonianza\/wp-content\/uploads\/sites\/37\/2019\/05\/logo-CMD-mandato.jpg","contentUrl":"https:\/\/staging.diocesitn.it\/area-testimonianza\/wp-content\/uploads\/sites\/37\/2019\/05\/logo-CMD-mandato.jpg","width":3356,"height":1868},{"@type":"BreadcrumbList","@id":"https:\/\/staging.diocesitn.it\/area-testimonianza\/centro-missionario-diocesano\/#breadcrumb","itemListElement":[{"@type":"ListItem","position":1,"name":"Home","item":"https:\/\/staging.diocesitn.it\/area-testimonianza\/"},{"@type":"ListItem","position":2,"name":"Centro Missionario Diocesano"}]},{"@type":"WebSite","@id":"https:\/\/staging.diocesitn.it\/area-testimonianza\/#website","url":"https:\/\/staging.diocesitn.it\/area-testimonianza\/","name":"Testimonianza e Impegno sociale","description":"Chiesa di Trento","publisher":{"@id":"https:\/\/staging.diocesitn.it\/area-testimonianza\/#organization"},"potentialAction":[{"@type":"SearchAction","target":{"@type":"EntryPoint","urlTemplate":"https:\/\/staging.diocesitn.it\/area-testimonianza\/?s={search_term_string}"},"query-input":"required name=search_term_string"}],"inLanguage":"it-IT"},{"@type":"Organization","@id":"https:\/\/staging.diocesitn.it\/area-testimonianza\/#organization","name":"Area Testimonianza e Impegno Sociale - Chiesa di Trento","url":"https:\/\/staging.diocesitn.it\/area-testimonianza\/","logo":{"@type":"ImageObject","inLanguage":"it-IT","@id":"https:\/\/staging.diocesitn.it\/area-testimonianza\/#\/schema\/logo\/image\/","url":"https:\/\/staging.diocesitn.it\/area-testimonianza\/wp-content\/uploads\/sites\/37\/2021\/09\/og-logo-testimonianza-e-impegno-sociale.jpg","contentUrl":"https:\/\/staging.diocesitn.it\/area-testimonianza\/wp-content\/uploads\/sites\/37\/2021\/09\/og-logo-testimonianza-e-impegno-sociale.jpg","width":1200,"height":630,"caption":"Area Testimonianza e Impegno Sociale - Chiesa di Trento"},"image":{"@id":"https:\/\/staging.diocesitn.it\/area-testimonianza\/#\/schema\/logo\/image\/"}}]}},"_links":{"self":[{"href":"https:\/\/staging.diocesitn.it\/area-testimonianza\/wp-json\/wp\/v2\/pages\/6036","targetHints":{"allow":["GET"]}}],"collection":[{"href":"https:\/\/staging.diocesitn.it\/area-testimonianza\/wp-json\/wp\/v2\/pages"}],"about":[{"href":"https:\/\/staging.diocesitn.it\/area-testimonianza\/wp-json\/wp\/v2\/types\/page"}],"author":[{"embeddable":true,"href":"https:\/\/staging.diocesitn.it\/area-testimonianza\/wp-json\/wp\/v2\/users\/161"}],"replies":[{"embeddable":true,"href":"https:\/\/staging.diocesitn.it\/area-testimonianza\/wp-json\/wp\/v2\/comments?post=6036"}],"version-history":[{"count":3,"href":"https:\/\/staging.diocesitn.it\/area-testimonianza\/wp-json\/wp\/v2\/pages\/6036\/revisions"}],"predecessor-version":[{"id":8731,"href":"https:\/\/staging.diocesitn.it\/area-testimonianza\/wp-json\/wp\/v2\/pages\/6036\/revisions\/8731"}],"wp:featuredmedia":[{"embeddable":true,"href":"https:\/\/staging.diocesitn.it\/area-testimonianza\/wp-json\/wp\/v2\/media\/6153"}],"wp:attachment":[{"href":"https:\/\/staging.diocesitn.it\/area-testimonianza\/wp-json\/wp\/v2\/media?parent=6036"}],"curies":[{"name":"wp","href":"https:\/\/api.w.org\/{rel}","templated":true}]}}