{"id":6230,"date":"2019-05-31T12:14:23","date_gmt":"2019-05-31T10:14:23","guid":{"rendered":"https:\/\/staging.diocesitn.it\/area-testimonianza\/?page_id=6230"},"modified":"2021-08-23T10:01:02","modified_gmt":"2021-08-23T08:01:02","slug":"adozioni-a-distanza","status":"publish","type":"page","link":"https:\/\/staging.diocesitn.it\/area-testimonianza\/centro-missionario-diocesano\/adozioni-a-distanza\/","title":{"rendered":"Adozioni a distanza"},"content":{"rendered":"<h4><a id=\"indice\"><\/a><a href=\"#bambini\">Adozione bambini<\/a><\/h4>\n<p>I progetti a sostengono dei missionari trentini che operano con i bambini.<\/p>\n<h4><a href=\"#seminaristi\">Adozione seminaristi<\/a><\/h4>\n<p>L\u2019adozione missionaria dei seminaristi proposta dalle Pontificie Opere Missionarie.<\/p>\n<p>&nbsp;<\/p>\n<div><span style=\"color: inherit;font-size: 3rem\"><a id=\"bambini\"><\/a>Adozione bambini<\/span><\/div>\n<div>\n<div class=\"entry-content-post\">\n<p>L&#8217;espressione <em>adozione a distanza<\/em>\u00a0ha in s\u00e9 alcune intuizioni importanti:<\/p>\n<ul>\n<li>gli aiuti vanno ai <strong>bambini<\/strong>: essi sono presso tutti i popoli la parte pi\u00f9 debole, fragile e indifesa; lo sono ancora di pi\u00f9 la dove la guerra, la fame e altre difficolt\u00e0 mettono a disagio un intero popolo;<\/li>\n<li>la parola <strong>adozione<\/strong>\u00a0contiene l&#8217;idea di continuit\u00e0: non basta dare un aiuto <em>una tantum<\/em> ma, trattandosi di bambini, bisogna essere loro vicino per un tempo relativamente lungo, come un padre si cura dei suoi figli e li aiuta fino a quando sono grandi e autonomi;<\/li>\n<li><strong>a distanza<\/strong>: i piccoli vengono aiutati l\u00ec dove sono nati, senza sradicarli dal loro mondo, dalla loro cultura, dalla loro terra.<\/li>\n<\/ul>\n<\/div>\n<p>Il primo impulso \u00e8 aiutare le famiglie bisognose perch\u00e9 provvedano al bene dei propri bambini; questo suppone per\u00f2 ci\u00f2 che spesso non esiste: una casa, una famiglia, dei genitori responsabili.\u00a0Attraverso la mediazione dei missionari da anni impegnati sul posto \u00e8 possibile affiancare, in modi diversi, le famiglie e assicurare ai piccoli ci\u00f2 che per loro \u00e8 pi\u00f9 importante:<\/p>\n<ul>\n<li>cibo: non si pu\u00f2 crescere con la pancia vuota; riempire lo stomaco \u00e8 la prima necessit\u00e0 materiale per tutti;<\/li>\n<li>scuola: non c&#8217;\u00e8 cambiamento che non passi per la testa; crescere intellettualmente \u00e8 essenziale per aprirsi ad una vita nuova.<\/li>\n<\/ul>\n<p>Pancia e testa sono il binomio di ogni rinnovamento, ancor pi\u00f9 dove regna la povert\u00e0 e il sottosviluppo.<\/p>\n<\/div>\n<p>Fra i molti <strong>missionari<\/strong> che la nostra diocesi di Trento segue nel mondo si \u00e8 scelto di aiutare attraverso un progetto di adozione a distanza coloro che lavorano in particolare in questo campo, convinti di arrivare cos\u00ec al cuore di tanti minori carenti per aiutarli con tanto amore.<\/p>\n<p>Con quanti fanno parte della famiglia dei <strong>sostenitori<\/strong> delle adozioni si mantiene un contatto periodico mediante un fascicolo di collegamento fatto con le lettere dei missionari responsabili dei progetti. Questo tipo di adozione, infatti, non prevede un contatto diretto tra il bambino adottato e l&#8217;adottante per svariati motivi: difficolt\u00e0 di lingua e grado di scolarizzazione, sovraccarico di lavoro per i missionari, ma soprattutto per evitare discriminazioni tra bambini adottati e non presenti nello stesso progetto.<\/p>\n<p>&nbsp;<\/p>\n<p style=\"font-size: 16px\">Si pu\u00f2 sostenere un progetto di adozione a distanza con una\u00a0<strong>quota mensile di 15,00 \u20ac<\/strong>\u00a0o con una\u00a0<strong>quota annuale di 180,00 \u20ac\u00a0<\/strong>da\u00a0<a href=\"https:\/\/staging.diocesitn.it\/area-testimonianza\/centro-missionario-diocesano\/come-sostenere-le-attivita-della-pastorale-missionaria\/\" target=\"_blank\" rel=\"noopener noreferrer\">versare secondo i canali qui indicati<\/a>.<\/p>\n<p style=\"font-size: 16px\">Specificare sempre la\u00a0<strong>causale<\/strong>:\u00a0<em>Elargizione liberale per adozione a distanza<\/em>.<\/p>\n<p>&nbsp;<\/p>\n<div>\n<div class=\"entry-content-post\">\n<p>A seguire gli ultimi numeri del<strong> fascicolo di collegamento delle adozioni a distanza.<\/strong><\/p>\n<p><a href=\"https:\/\/staging.diocesitn.it\/area-testimonianza\/wp-content\/uploads\/sites\/37\/2021\/08\/adozioni-68-estate-2021.pdf\">n. 68 estate 2021<\/a><\/p>\n<p><a href=\"https:\/\/staging.diocesitn.it\/area-testimonianza\/wp-content\/uploads\/sites\/37\/2020\/12\/Adozioni-67.pdf\">n. 67 Natale 2020<\/a><\/p>\n<p><a href=\"https:\/\/staging.diocesitn.it\/area-testimonianza\/wp-content\/uploads\/sites\/37\/2020\/08\/adozioni-66-estate-2020.pdf\" target=\"_blank\" rel=\"noopener noreferrer\">n. 66 estate 2020<\/a><\/p>\n<p><a href=\"https:\/\/staging.diocesitn.it\/area-testimonianza\/wp-content\/uploads\/sites\/37\/2019\/12\/2019_adoz_bimbi_65_natale-per-internet.pdf\" target=\"_blank\" rel=\"noopener noreferrer\">n. 65 Natale 2019<\/a><\/p>\n<p><span style=\"font-size: inherit\">I numeri pi\u00f9 vecchi sono a disposizione presso gli <\/span><a style=\"font-size: inherit;background-color: #ffffff\" href=\"https:\/\/staging.diocesitn.it\/area-testimonianza\/centro-missionario-diocesano\/#Chi_siamo\" target=\"_blank\" rel=\"noopener noreferrer\">uffici del Centro missionario<\/a><span style=\"font-size: inherit\">.\u00a0<\/span><\/p>\n<\/div>\n<\/div>\n<p style=\"text-align: right\"><a href=\"#indice\">torna su<\/a><\/p>\n<h1 class=\"entry-title-post\"><a id=\"seminaristi\"><\/a>Adozioni seminaristi<\/h1>\n<div><span style=\"color: #000000\">L\u2019<\/span><a style=\"font-size: inherit;background-color: #ffffff\" href=\"http:\/\/www.ppoomm.va\/index.php?mnu=opere&amp;opera=POSPA&amp;lang=IT\" target=\"_blank\" rel=\"noopener noreferrer\">Opera di S. Pietro Apostolo<\/a>:<\/div>\n<ul>\n<li><span style=\"color: #000000\">promuove, nelle comunit\u00e0 cristiane, la coscienza del bisogno di sviluppare il clero locale e la vita consacrata nelle chiese missionarie di recente fondazione.\u00a0<\/span><\/li>\n<li><span style=\"color: #000000\">Anima e coordina la collaborazione missionaria in tutte le chiese locali, attraverso l\u2019offerta della preghiera, di sacrifici e di denaro, per sostenere la formazione dei futuri sacerdoti e religiosi\/e delle giovani chiese, e la necessaria preparazione dei loro formatori. <\/span><\/li>\n<li><span style=\"color: #000000\">Raccoglie e distribuisce aiuti finanziari per sostenere i seminari e le case di formazione dei giovani religiosi e religiose, in collaborazione con le comunit\u00e0 cristiane locali e sotto la guida dei loro pastori.\u00a0<\/span><\/li>\n<\/ul>\n<p><span style=\"color: #000000\">La collaborazione economica dell\u2019Opera di S. Pietro Apostolo si realizza attraverso:<\/span><\/p>\n<ul>\n<li><span style=\"color: #000000\"> i Sussidi Ordinari per i mantenimento dei seminaristi, novizi e novizie; <\/span><\/li>\n<li><span style=\"color: #000000\">i Sussidi Straordinari per la costruzione di nuovi seminari e per i progetti di auto-finanziamento di quelli gi\u00e0 esistenti; <\/span><\/li>\n<li><span style=\"color: #000000\">le Borse di Studio e le intenzioni di S. Messe per sostenere i formatori e i loro programmi di studio.<\/span><\/li>\n<\/ul>\n<div><\/div>\n<div><\/div>\n<div>Attraverso il Centro Missionario di Trento \u00e8 possibile sostenere l&#8217;<strong>adozione dei seminaristi.<\/strong><\/div>\n<ul>\n<li>Si richiede la disponibilit\u00e0 ad accompagnare con la preghiera e l\u2019aiuto economico gli studi di un seminarista.<\/li>\n<li>Dura 5 anni e si conclude normalmente con l\u2019ordinazione del seminarista adottato. Se l\u2019adottato viene ordinato sacerdote prima che siano compiuti i cinque anni o lascia il seminario, l\u2019adozione rimane valida ed i suoi benefici sono estesi ad un altro giovane, fino alla sua ordinazione o al compimento del quinto anno di adozione.<\/li>\n<li>Al titolare dell\u2019adozione missionaria (persone singole, famiglie, gruppi, comunit\u00e0 religiose o parrocchiali, scuole&#8230;) l\u2019Opera invia foto e dati personali di uno dei seminaristi da essa assistiti con il solo scopo di rendere pi\u00f9 visibile la comunione universale che anima l\u2019intero popolo di Dio, senza costituire quindi motivo di un rapporto privilegiato o esclusivo con l\u2019adottato. Per vari motivi non \u00e8 previsto lo scambio di corrispondenza tra seminaristi e adottanti.<\/li>\n<li>L\u2019adozione missionaria pu\u00f2 essere dedicata al ricordo di una persona cara, al suffragio di un defunto, alla memoria di una particolare circostanza.<\/li>\n<li>In sintonia con lo spirito missionario universale che le Pontificie Opere Missionarie hanno il compito di promuovere in seno al popolo di Dio, anche ci\u00f2 che viene donato nell&#8217;ambito di un\u2019adozione missionaria confluisce nel fondo mondiale dell\u2019Opera a vantaggio di tutti i seminaristi assistiti.<\/li>\n<\/ul>\n<div><\/div>\n<div>\n<p style=\"font-size: 16px\">Si pu\u00f2 sostenere un progetto di adozione a distanza nei seguenti modi:<\/p>\n<ul>\n<li style=\"font-size: 16px\"><strong>Adozione normale<\/strong>: e 2.600,00 in cinque anni (e 520,00 l\u2019anno)<\/li>\n<li style=\"font-size: 16px\"><strong>Adozione perpetua<\/strong>: almeno e 7.750,00 in un\u2019unica soluzione<\/li>\n<li style=\"font-size: 16px\">Le somme indicate comprendono il contributo d\u2019<strong>iscrizione all\u2019Opera<\/strong>.<\/li>\n<li style=\"font-size: 16px\">\u00c8 possibile anche contribuire attraverso un\u2019<strong>offerta libera<\/strong>.<\/li>\n<\/ul>\n<p>Il contributo si pu\u00f2 <a href=\"https:\/\/staging.diocesitn.it\/area-testimonianza\/centro-missionario-diocesano\/come-sostenere-le-attivita-della-pastorale-missionaria\/\" target=\"_blank\" rel=\"noopener noreferrer\">versare secondo i canali qui indicati<\/a>.<\/p>\n<p style=\"font-size: 16px\">Specificare sempre la\u00a0<strong>causale<\/strong>:\u00a0<em>Adozione seminarista<\/em>.<\/p>\n<\/div>\n<div style=\"text-align: right\"><a href=\"#indice\">torna su<\/a><\/div>\n","protected":false},"excerpt":{"rendered":"<p>Adozione bambini I progetti a sostengono dei missionari trentini che operano con i bambini. Adozione seminaristi L\u2019adozione missionaria dei seminaristi proposta dalle Pontificie Opere Missionarie. &nbsp; Adozione bambini L&#8217;espressione adozione a distanza\u00a0ha in s\u00e9 alcune<\/p>\n","protected":false},"author":161,"featured_media":6330,"parent":6036,"menu_order":0,"comment_status":"closed","ping_status":"closed","template":"","meta":{"footnotes":""},"class_list":["post-6230","page","type-page","status-publish","has-post-thumbnail","hentry"],"acf":{"seed-localization-paese-cod":"IT","seed-localization-address":"","seed-localization-citta":"Trento","seed-localization-regione-cod-istat":"04","seed-localization-citta-cod-istat":"022205","seed-localization-localita":"","seed-localization-cap":"","seed-localization-marker-visibility":false,"seed-localization-children-visibility":false,"seed-localization-kml":"","seed-localization-custom-marker":""},"yoast_head":"<!-- This site is optimized with the Yoast SEO plugin v22.2 - https:\/\/yoast.com\/wordpress\/plugins\/seo\/ -->\n<title>Adozioni a distanza - Testimonianza e Impegno sociale<\/title>\n<meta name=\"robots\" content=\"index, follow, max-snippet:-1, max-image-preview:large, max-video-preview:-1\" \/>\n<link rel=\"canonical\" href=\"https:\/\/staging.diocesitn.it\/area-testimonianza\/centro-missionario-diocesano\/adozioni-a-distanza\/\" \/>\n<meta property=\"og:locale\" content=\"it_IT\" \/>\n<meta property=\"og:type\" content=\"article\" \/>\n<meta property=\"og:title\" content=\"Adozioni a distanza - Testimonianza e Impegno sociale\" \/>\n<meta property=\"og:description\" content=\"Adozione bambini I progetti a sostengono dei missionari trentini che operano con i bambini. Adozione seminaristi L\u2019adozione missionaria dei seminaristi proposta dalle Pontificie Opere Missionarie. &nbsp; Adozione bambini L&#8217;espressione adozione a distanza\u00a0ha in s\u00e9 alcune\" \/>\n<meta property=\"og:url\" content=\"https:\/\/staging.diocesitn.it\/area-testimonianza\/centro-missionario-diocesano\/adozioni-a-distanza\/\" \/>\n<meta property=\"og:site_name\" content=\"Testimonianza e Impegno sociale\" \/>\n<meta property=\"article:modified_time\" content=\"2021-08-23T08:01:02+00:00\" \/>\n<meta property=\"og:image\" content=\"https:\/\/staging.diocesitn.it\/area-testimonianza\/wp-content\/uploads\/sites\/37\/2019\/06\/adozioni-x-sito.jpg\" \/>\n\t<meta property=\"og:image:width\" content=\"560\" \/>\n\t<meta property=\"og:image:height\" content=\"315\" \/>\n\t<meta property=\"og:image:type\" content=\"image\/jpeg\" \/>\n<meta name=\"twitter:card\" content=\"summary_large_image\" \/>\n<meta name=\"twitter:label1\" content=\"Tempo di lettura stimato\" \/>\n\t<meta name=\"twitter:data1\" content=\"5 minuti\" \/>\n<script type=\"application\/ld+json\" class=\"yoast-schema-graph\">{\"@context\":\"https:\/\/schema.org\",\"@graph\":[{\"@type\":\"WebPage\",\"@id\":\"https:\/\/staging.diocesitn.it\/area-testimonianza\/centro-missionario-diocesano\/adozioni-a-distanza\/\",\"url\":\"https:\/\/staging.diocesitn.it\/area-testimonianza\/centro-missionario-diocesano\/adozioni-a-distanza\/\",\"name\":\"Adozioni a distanza - Testimonianza e Impegno sociale\",\"isPartOf\":{\"@id\":\"https:\/\/staging.diocesitn.it\/area-testimonianza\/#website\"},\"primaryImageOfPage\":{\"@id\":\"https:\/\/staging.diocesitn.it\/area-testimonianza\/centro-missionario-diocesano\/adozioni-a-distanza\/#primaryimage\"},\"image\":{\"@id\":\"https:\/\/staging.diocesitn.it\/area-testimonianza\/centro-missionario-diocesano\/adozioni-a-distanza\/#primaryimage\"},\"thumbnailUrl\":\"https:\/\/staging.diocesitn.it\/area-testimonianza\/wp-content\/uploads\/sites\/37\/2019\/06\/adozioni-x-sito.jpg\",\"datePublished\":\"2019-05-31T10:14:23+00:00\",\"dateModified\":\"2021-08-23T08:01:02+00:00\",\"breadcrumb\":{\"@id\":\"https:\/\/staging.diocesitn.it\/area-testimonianza\/centro-missionario-diocesano\/adozioni-a-distanza\/#breadcrumb\"},\"inLanguage\":\"it-IT\",\"potentialAction\":[{\"@type\":\"ReadAction\",\"target\":[\"https:\/\/staging.diocesitn.it\/area-testimonianza\/centro-missionario-diocesano\/adozioni-a-distanza\/\"]}]},{\"@type\":\"ImageObject\",\"inLanguage\":\"it-IT\",\"@id\":\"https:\/\/staging.diocesitn.it\/area-testimonianza\/centro-missionario-diocesano\/adozioni-a-distanza\/#primaryimage\",\"url\":\"https:\/\/staging.diocesitn.it\/area-testimonianza\/wp-content\/uploads\/sites\/37\/2019\/06\/adozioni-x-sito.jpg\",\"contentUrl\":\"https:\/\/staging.diocesitn.it\/area-testimonianza\/wp-content\/uploads\/sites\/37\/2019\/06\/adozioni-x-sito.jpg\",\"width\":560,\"height\":315},{\"@type\":\"BreadcrumbList\",\"@id\":\"https:\/\/staging.diocesitn.it\/area-testimonianza\/centro-missionario-diocesano\/adozioni-a-distanza\/#breadcrumb\",\"itemListElement\":[{\"@type\":\"ListItem\",\"position\":1,\"name\":\"Home\",\"item\":\"https:\/\/staging.diocesitn.it\/area-testimonianza\/\"},{\"@type\":\"ListItem\",\"position\":2,\"name\":\"Centro Missionario Diocesano\",\"item\":\"https:\/\/staging.diocesitn.it\/area-testimonianza\/centro-missionario-diocesano\/\"},{\"@type\":\"ListItem\",\"position\":3,\"name\":\"Adozioni a distanza\"}]},{\"@type\":\"WebSite\",\"@id\":\"https:\/\/staging.diocesitn.it\/area-testimonianza\/#website\",\"url\":\"https:\/\/staging.diocesitn.it\/area-testimonianza\/\",\"name\":\"Testimonianza e Impegno sociale\",\"description\":\"Chiesa di Trento\",\"publisher\":{\"@id\":\"https:\/\/staging.diocesitn.it\/area-testimonianza\/#organization\"},\"potentialAction\":[{\"@type\":\"SearchAction\",\"target\":{\"@type\":\"EntryPoint\",\"urlTemplate\":\"https:\/\/staging.diocesitn.it\/area-testimonianza\/?s={search_term_string}\"},\"query-input\":\"required name=search_term_string\"}],\"inLanguage\":\"it-IT\"},{\"@type\":\"Organization\",\"@id\":\"https:\/\/staging.diocesitn.it\/area-testimonianza\/#organization\",\"name\":\"Area Testimonianza e Impegno Sociale - Chiesa di Trento\",\"url\":\"https:\/\/staging.diocesitn.it\/area-testimonianza\/\",\"logo\":{\"@type\":\"ImageObject\",\"inLanguage\":\"it-IT\",\"@id\":\"https:\/\/staging.diocesitn.it\/area-testimonianza\/#\/schema\/logo\/image\/\",\"url\":\"https:\/\/staging.diocesitn.it\/area-testimonianza\/wp-content\/uploads\/sites\/37\/2021\/09\/og-logo-testimonianza-e-impegno-sociale.jpg\",\"contentUrl\":\"https:\/\/staging.diocesitn.it\/area-testimonianza\/wp-content\/uploads\/sites\/37\/2021\/09\/og-logo-testimonianza-e-impegno-sociale.jpg\",\"width\":1200,\"height\":630,\"caption\":\"Area Testimonianza e Impegno Sociale - Chiesa di Trento\"},\"image\":{\"@id\":\"https:\/\/staging.diocesitn.it\/area-testimonianza\/#\/schema\/logo\/image\/\"}}]}<\/script>\n<!-- \/ Yoast SEO plugin. -->","yoast_head_json":{"title":"Adozioni a distanza - Testimonianza e Impegno sociale","robots":{"index":"index","follow":"follow","max-snippet":"max-snippet:-1","max-image-preview":"max-image-preview:large","max-video-preview":"max-video-preview:-1"},"canonical":"https:\/\/staging.diocesitn.it\/area-testimonianza\/centro-missionario-diocesano\/adozioni-a-distanza\/","og_locale":"it_IT","og_type":"article","og_title":"Adozioni a distanza - Testimonianza e Impegno sociale","og_description":"Adozione bambini I progetti a sostengono dei missionari trentini che operano con i bambini. Adozione seminaristi L\u2019adozione missionaria dei seminaristi proposta dalle Pontificie Opere Missionarie. &nbsp; Adozione bambini L&#8217;espressione adozione a distanza\u00a0ha in s\u00e9 alcune","og_url":"https:\/\/staging.diocesitn.it\/area-testimonianza\/centro-missionario-diocesano\/adozioni-a-distanza\/","og_site_name":"Testimonianza e Impegno sociale","article_modified_time":"2021-08-23T08:01:02+00:00","og_image":[{"width":560,"height":315,"url":"https:\/\/staging.diocesitn.it\/area-testimonianza\/wp-content\/uploads\/sites\/37\/2019\/06\/adozioni-x-sito.jpg","type":"image\/jpeg"}],"twitter_card":"summary_large_image","twitter_misc":{"Tempo di lettura stimato":"5 minuti"},"schema":{"@context":"https:\/\/schema.org","@graph":[{"@type":"WebPage","@id":"https:\/\/staging.diocesitn.it\/area-testimonianza\/centro-missionario-diocesano\/adozioni-a-distanza\/","url":"https:\/\/staging.diocesitn.it\/area-testimonianza\/centro-missionario-diocesano\/adozioni-a-distanza\/","name":"Adozioni a distanza - Testimonianza e Impegno sociale","isPartOf":{"@id":"https:\/\/staging.diocesitn.it\/area-testimonianza\/#website"},"primaryImageOfPage":{"@id":"https:\/\/staging.diocesitn.it\/area-testimonianza\/centro-missionario-diocesano\/adozioni-a-distanza\/#primaryimage"},"image":{"@id":"https:\/\/staging.diocesitn.it\/area-testimonianza\/centro-missionario-diocesano\/adozioni-a-distanza\/#primaryimage"},"thumbnailUrl":"https:\/\/staging.diocesitn.it\/area-testimonianza\/wp-content\/uploads\/sites\/37\/2019\/06\/adozioni-x-sito.jpg","datePublished":"2019-05-31T10:14:23+00:00","dateModified":"2021-08-23T08:01:02+00:00","breadcrumb":{"@id":"https:\/\/staging.diocesitn.it\/area-testimonianza\/centro-missionario-diocesano\/adozioni-a-distanza\/#breadcrumb"},"inLanguage":"it-IT","potentialAction":[{"@type":"ReadAction","target":["https:\/\/staging.diocesitn.it\/area-testimonianza\/centro-missionario-diocesano\/adozioni-a-distanza\/"]}]},{"@type":"ImageObject","inLanguage":"it-IT","@id":"https:\/\/staging.diocesitn.it\/area-testimonianza\/centro-missionario-diocesano\/adozioni-a-distanza\/#primaryimage","url":"https:\/\/staging.diocesitn.it\/area-testimonianza\/wp-content\/uploads\/sites\/37\/2019\/06\/adozioni-x-sito.jpg","contentUrl":"https:\/\/staging.diocesitn.it\/area-testimonianza\/wp-content\/uploads\/sites\/37\/2019\/06\/adozioni-x-sito.jpg","width":560,"height":315},{"@type":"BreadcrumbList","@id":"https:\/\/staging.diocesitn.it\/area-testimonianza\/centro-missionario-diocesano\/adozioni-a-distanza\/#breadcrumb","itemListElement":[{"@type":"ListItem","position":1,"name":"Home","item":"https:\/\/staging.diocesitn.it\/area-testimonianza\/"},{"@type":"ListItem","position":2,"name":"Centro Missionario Diocesano","item":"https:\/\/staging.diocesitn.it\/area-testimonianza\/centro-missionario-diocesano\/"},{"@type":"ListItem","position":3,"name":"Adozioni a distanza"}]},{"@type":"WebSite","@id":"https:\/\/staging.diocesitn.it\/area-testimonianza\/#website","url":"https:\/\/staging.diocesitn.it\/area-testimonianza\/","name":"Testimonianza e Impegno sociale","description":"Chiesa di Trento","publisher":{"@id":"https:\/\/staging.diocesitn.it\/area-testimonianza\/#organization"},"potentialAction":[{"@type":"SearchAction","target":{"@type":"EntryPoint","urlTemplate":"https:\/\/staging.diocesitn.it\/area-testimonianza\/?s={search_term_string}"},"query-input":"required name=search_term_string"}],"inLanguage":"it-IT"},{"@type":"Organization","@id":"https:\/\/staging.diocesitn.it\/area-testimonianza\/#organization","name":"Area Testimonianza e Impegno Sociale - Chiesa di Trento","url":"https:\/\/staging.diocesitn.it\/area-testimonianza\/","logo":{"@type":"ImageObject","inLanguage":"it-IT","@id":"https:\/\/staging.diocesitn.it\/area-testimonianza\/#\/schema\/logo\/image\/","url":"https:\/\/staging.diocesitn.it\/area-testimonianza\/wp-content\/uploads\/sites\/37\/2021\/09\/og-logo-testimonianza-e-impegno-sociale.jpg","contentUrl":"https:\/\/staging.diocesitn.it\/area-testimonianza\/wp-content\/uploads\/sites\/37\/2021\/09\/og-logo-testimonianza-e-impegno-sociale.jpg","width":1200,"height":630,"caption":"Area Testimonianza e Impegno Sociale - Chiesa di Trento"},"image":{"@id":"https:\/\/staging.diocesitn.it\/area-testimonianza\/#\/schema\/logo\/image\/"}}]}},"_links":{"self":[{"href":"https:\/\/staging.diocesitn.it\/area-testimonianza\/wp-json\/wp\/v2\/pages\/6230","targetHints":{"allow":["GET"]}}],"collection":[{"href":"https:\/\/staging.diocesitn.it\/area-testimonianza\/wp-json\/wp\/v2\/pages"}],"about":[{"href":"https:\/\/staging.diocesitn.it\/area-testimonianza\/wp-json\/wp\/v2\/types\/page"}],"author":[{"embeddable":true,"href":"https:\/\/staging.diocesitn.it\/area-testimonianza\/wp-json\/wp\/v2\/users\/161"}],"replies":[{"embeddable":true,"href":"https:\/\/staging.diocesitn.it\/area-testimonianza\/wp-json\/wp\/v2\/comments?post=6230"}],"version-history":[{"count":4,"href":"https:\/\/staging.diocesitn.it\/area-testimonianza\/wp-json\/wp\/v2\/pages\/6230\/revisions"}],"predecessor-version":[{"id":9737,"href":"https:\/\/staging.diocesitn.it\/area-testimonianza\/wp-json\/wp\/v2\/pages\/6230\/revisions\/9737"}],"up":[{"embeddable":true,"href":"https:\/\/staging.diocesitn.it\/area-testimonianza\/wp-json\/wp\/v2\/pages\/6036"}],"wp:featuredmedia":[{"embeddable":true,"href":"https:\/\/staging.diocesitn.it\/area-testimonianza\/wp-json\/wp\/v2\/media\/6330"}],"wp:attachment":[{"href":"https:\/\/staging.diocesitn.it\/area-testimonianza\/wp-json\/wp\/v2\/media?parent=6230"}],"curies":[{"name":"wp","href":"https:\/\/api.w.org\/{rel}","templated":true}]}}