{"id":6232,"date":"2019-05-31T12:15:03","date_gmt":"2019-05-31T10:15:03","guid":{"rendered":"https:\/\/staging.diocesitn.it\/area-testimonianza\/?page_id=6232"},"modified":"2021-04-29T12:21:55","modified_gmt":"2021-04-29T10:21:55","slug":"esperienza-estiva-in-missione","status":"publish","type":"page","link":"https:\/\/staging.diocesitn.it\/area-testimonianza\/centro-missionario-diocesano\/esperienza-estiva-in-missione\/","title":{"rendered":"Esperienza estiva in missione"},"content":{"rendered":"<h1>L&#8217;anno 2020<\/h1>\n<p>Per le informazione relative all&#8217;esperienza estiva in missione per l&#8217;anno 2020 vedere <a href=\"https:\/\/staging.diocesitn.it\/area-testimonianza\/wp-content\/uploads\/sites\/37\/2019\/11\/EE-2020-Volantino.pdf\" target=\"_blank\" rel=\"noopener noreferrer\">volantino<\/a> e <a href=\"https:\/\/staging.diocesitn.it\/area-testimonianza\/wp-content\/uploads\/sites\/37\/2019\/11\/EE-2020-Poster.png\" target=\"_blank\" rel=\"noopener noreferrer\">locandina<\/a>.<\/p>\n<p>&nbsp;<\/p>\n<h1>Cos&#8217;\u00e8<\/h1>\n<p>L&#8217; Esperienza Estiva in Missione \u00e8<strong> un\u2019esperienza di conoscenza e di condivisione<\/strong> in una realt\u00e0 del Sud del Mondo, che si vive in <strong>gruppo<\/strong> e con l&#8217;aiuto di un <strong>missionario<\/strong>, per cercare di relazionarsi con le persone del luogo, di comprenderne lo stile di vita, i problemi ed i motivi di gioia.<\/p>\n<p>&#8220;<strong><a href=\"https:\/\/www.youtube.com\/watch?v=fW6kfu0Tu-k\">Chiedimi se sono felice<\/a><\/strong>&#8220;: il <strong>video<\/strong> di testimonianze sull&#8217;esperienza estiva in missione<\/p>\n<p>L\u2019Esperienza Estiva \u00e8 organizzata in tre parti, tutte ugualmente importanti:<\/p>\n<ul>\n<li>Un percorso di<strong> incontri di preparazione <\/strong>a cadenza mensile, nei quali i partecipanti sono attivamente coinvolti. Attraverso attivit\u00e0, momenti di confronto e riflessione, si toccheranno i temi: apertura alla diversit\u00e0, incontro tra culture, rapporti Nord-Sud del Mondo, povert\u00e0, missione.<\/li>\n<li>L\u2019esperienza di<strong> un mese<\/strong> (luglio o agosto) con un piccolo gruppo in un Paese del Sud del Mondo, <strong>ospiti di un missionario<\/strong> trentino che aiuter\u00e0 il gruppo a conoscere ed interpretare la realt\u00e0 locale.<\/li>\n<li>Alcuni<strong> incontri al ritorno<\/strong> per rileggere l\u2019esperienza personale e di gruppo, capire un po&#8217; pi\u00f9 di s\u00e9 stessi e del mondo.<\/li>\n<\/ul>\n<p>&nbsp;<\/p>\n<h1>Le iscrizioni<\/h1>\n<p>\u00c8 molto importante che al momento della iscrizione ci sia un primo confronto con i partecipanti, per spiegare bene quello che l&#8217;Esperienza propone e per cercare di capire le motivazioni che portano le persone ad iscriversi. Questo permette di selezionare a monte coloro che volevano partecipare avendo frainteso la proposta e di farsi una idea sulla composizione di quello che sar\u00e0 il gruppo con cui si dovr\u00e0 lavorare.<\/p>\n<p>&nbsp;<\/p>\n<h1>Il corso<\/h1>\n<p>Il corso \u00e8 impostato in modo da prevedere il massimo coinvolgimento possibile da parte dei partecipanti, per favorire la conoscenza fra loro e per farli sentire da subito protagonisti di quello che stanno vivendo. Per questo motivo sono state ridotte al minimo le testimonianze e gli interventi &#8220;parlati&#8221;, mentre si \u00e8 dato molto spazio a dinamiche e lavori di gruppo.<\/p>\n<p>Tre sono le tematiche principali.<\/p>\n<ol>\n<li><u>L&#8217;incontro con una cultura diversa.<\/u> La difficolt\u00e0 forse pi\u00f9 grande che ci si trova a vivere nel momento in cui si affronta una esperienza di questo tipo, \u00e8 quella di trovarsi davanti ad una realt\u00e0 completamente diversa dalla propria senza avere i mezzi per comprenderla. Ci\u00f2 nonostante la prima cosa che viene istintivo fare \u00e8 dare dei giudizi di valore e imporre il proprio punto di vista su una situazione che ci appare &#8220;sbagliata&#8221; o comunque migliorabile.<br \/>\n<em>L&#8217;obiettivo del corso \u00e8 cercare di fare comprendere che tutti i nostri giudizi partono da una serie di schemi mentali che sono figli del nostro tempo e della nostra cultura e che non possiamo quindi giudicare una realt\u00e0 diversa, mancandoci appunto gli schemi mentali che ci permettono di comprenderla e capirne i meccanismi.<\/em><\/li>\n<li><u>La vita di gruppo.<\/u> Dall&#8217;esperienza passata si \u00e8 visto che l&#8217;affiatamento del gruppo influisce sulla esperienza molto pi\u00f9 che non il lavoro stesso del missionario o la ricchezza di stimoli della realt\u00e0 che accoglie il gruppo. Per molti dei partecipanti, questa \u00e8 la prima occasione che hanno di vivere per un mese in contatto continuo con altre 6\u20117 persone e non sempre \u00e8 facile abituarcisi.<br \/>\n<em>L&#8217;obiettivo del corso \u00e8 favorire la conoscenza fra i membri del gruppo e spingerli a confrontarsi il pi\u00f9 possibile prima, durante e dopo il mese in missione.<\/em><\/li>\n<li><u>La realt\u00e0 del sud del mondo.<\/u> La brevit\u00e0 del corso non permette di fornire dati e conoscenze approfondite sulle realt\u00e0 dei paesi in via di sviluppo.<br \/>\n<em>L&#8217;obiettivo del corso \u00e8 fornire ai partecipanti un quadro generale dei rapporti nord\u2011sud e qualche nozione sulle realt\u00e0 che si troveranno ad affrontare. Questo viene fatto tramite interventi di volontari e missionari che portano in questo modo, oltre alle conoscenze teoriche, anche le esperienze personali.<\/em><\/li>\n<\/ol>\n<p>&nbsp;<\/p>\n<h1>I biglietti aerei<\/h1>\n<p>La commissione si occupa di tutta la parte tecnica del viaggio, acquisto dei biglietti compreso. Per sottolineare il fatto che si tratta di una esperienza di gruppo, il costo dei biglietti per tutte le destinazioni viene sommato e il totale viene diviso per il numero dei partenti, che pagano cos\u00ec tutti la stessa cifra. Questo anche perch\u00e9 la destinazione non viene scelta dai partenti.<\/p>\n<p>&nbsp;<\/p>\n<h1>Il mese in missione<\/h1>\n<p>Le attivit\u00e0 svolte durante il mese dipendono dal missionario e vanno dalla visita alle famiglie, all&#8217;animazione nelle scuole, alla partecipazione alle cerimonie religiose, alla conoscenza con tutte quelle realt\u00e0 presenti sul territorio che permettono di comprendere la realt\u00e0 del luogo, alla condivisione del lavoro e della festa.<\/p>\n<p>&nbsp;<\/p>\n<h1>Il rientro<\/h1>\n<p>A fronte delle sollecitazioni dei corsisti degli anni passati vengono proposti degli incontri per rielaborare l&#8217;esperienza vissuta, aiutare a il rientro nella nostra realt\u00e0 e rispondere al &#8220;bisogno di fare&#8221;.<\/p>\n<p>Il percorso post-esperienza si propone di<\/p>\n<ul>\n<li>aiutare a prendere coscienza di ci\u00f2 che \u00e8 stato vissuto e di un eventuale impulso al cambiamento<\/li>\n<li>la presa di coscienza che la &#8220;missione&#8221; non \u00e8 prerogativa di terre lontane ma deve cominciare e radicarsi nella quotidianit\u00e0<\/li>\n<\/ul>\n<p>L&#8217;esperienza estiva va comunque considerata come un arricchimento ed una crescita personale indipendentemente dal fatto che si concretizzi in azioni immediatamente tangibili e visibili.<\/p>\n<p>&nbsp;<\/p>\n<h1>Cosa \u00e8 richiesto ai partecipanti<\/h1>\n<ul>\n<li>la maggior et\u00e0 al momento dell&#8217;iscrizione<\/li>\n<li>la disponibilit\u00e0 a relazionarsi con gli altri partecipanti<\/li>\n<li>la disponibilit\u00e0 ad accettare la destinazione e i compagni di gruppo che vengono scelti dalla commissione<\/li>\n<li>l&#8217;apertura nei confronti della religiosit\u00e0: non viene richiesto di credere o di provenire da ambienti parrocchiali ma di partecipare con rispetto ai momenti di preghiera e celebrazione sia durante il corso che in missione<\/li>\n<li>il rispetto nei confronti dei missionari e delle comunit\u00e0 locali che accolgono<\/li>\n<li>la partecipazione costante agli appuntamenti<\/li>\n<li>le spese del corso e di viaggio<\/li>\n<\/ul>\n","protected":false},"excerpt":{"rendered":"<p>L&#8217;anno 2020 Per le informazione relative all&#8217;esperienza estiva in missione per l&#8217;anno 2020 vedere volantino e locandina. &nbsp; Cos&#8217;\u00e8 L&#8217; Esperienza Estiva in Missione \u00e8 un\u2019esperienza di conoscenza e di condivisione in una realt\u00e0 del<\/p>\n","protected":false},"author":161,"featured_media":6645,"parent":6036,"menu_order":0,"comment_status":"closed","ping_status":"closed","template":"","meta":{"footnotes":""},"class_list":["post-6232","page","type-page","status-publish","has-post-thumbnail","hentry"],"acf":{"seed-localization-paese-cod":"IT","seed-localization-address":"","seed-localization-citta":"Trento","seed-localization-regione-cod-istat":"04","seed-localization-citta-cod-istat":"022205","seed-localization-localita":"","seed-localization-cap":"","seed-localization-marker-visibility":false,"seed-localization-children-visibility":false,"seed-localization-kml":"","seed-localization-custom-marker":""},"yoast_head":"<!-- This site is optimized with the Yoast SEO plugin v22.2 - https:\/\/yoast.com\/wordpress\/plugins\/seo\/ -->\n<title>Esperienza estiva in missione - Testimonianza e Impegno sociale<\/title>\n<meta name=\"robots\" content=\"index, follow, max-snippet:-1, max-image-preview:large, max-video-preview:-1\" \/>\n<link rel=\"canonical\" href=\"https:\/\/staging.diocesitn.it\/area-testimonianza\/centro-missionario-diocesano\/esperienza-estiva-in-missione\/\" \/>\n<meta property=\"og:locale\" content=\"it_IT\" \/>\n<meta property=\"og:type\" content=\"article\" \/>\n<meta property=\"og:title\" content=\"Esperienza estiva in missione - Testimonianza e Impegno sociale\" \/>\n<meta property=\"og:description\" content=\"L&#8217;anno 2020 Per le informazione relative all&#8217;esperienza estiva in missione per l&#8217;anno 2020 vedere volantino e locandina. &nbsp; Cos&#8217;\u00e8 L&#8217; Esperienza Estiva in Missione \u00e8 un\u2019esperienza di conoscenza e di condivisione in una realt\u00e0 del\" \/>\n<meta property=\"og:url\" content=\"https:\/\/staging.diocesitn.it\/area-testimonianza\/centro-missionario-diocesano\/esperienza-estiva-in-missione\/\" \/>\n<meta property=\"og:site_name\" content=\"Testimonianza e Impegno sociale\" \/>\n<meta property=\"article:modified_time\" content=\"2021-04-29T10:21:55+00:00\" \/>\n<meta property=\"og:image\" content=\"https:\/\/staging.diocesitn.it\/area-testimonianza\/wp-content\/uploads\/sites\/37\/2019\/09\/EE.jpg\" \/>\n\t<meta property=\"og:image:width\" content=\"1666\" \/>\n\t<meta property=\"og:image:height\" content=\"747\" \/>\n\t<meta property=\"og:image:type\" content=\"image\/jpeg\" \/>\n<meta name=\"twitter:card\" content=\"summary_large_image\" \/>\n<meta name=\"twitter:label1\" content=\"Tempo di lettura stimato\" \/>\n\t<meta name=\"twitter:data1\" content=\"5 minuti\" \/>\n<script type=\"application\/ld+json\" class=\"yoast-schema-graph\">{\"@context\":\"https:\/\/schema.org\",\"@graph\":[{\"@type\":\"WebPage\",\"@id\":\"https:\/\/staging.diocesitn.it\/area-testimonianza\/centro-missionario-diocesano\/esperienza-estiva-in-missione\/\",\"url\":\"https:\/\/staging.diocesitn.it\/area-testimonianza\/centro-missionario-diocesano\/esperienza-estiva-in-missione\/\",\"name\":\"Esperienza estiva in missione - Testimonianza e Impegno sociale\",\"isPartOf\":{\"@id\":\"https:\/\/staging.diocesitn.it\/area-testimonianza\/#website\"},\"primaryImageOfPage\":{\"@id\":\"https:\/\/staging.diocesitn.it\/area-testimonianza\/centro-missionario-diocesano\/esperienza-estiva-in-missione\/#primaryimage\"},\"image\":{\"@id\":\"https:\/\/staging.diocesitn.it\/area-testimonianza\/centro-missionario-diocesano\/esperienza-estiva-in-missione\/#primaryimage\"},\"thumbnailUrl\":\"https:\/\/staging.diocesitn.it\/area-testimonianza\/wp-content\/uploads\/sites\/37\/2019\/09\/EE.jpg\",\"datePublished\":\"2019-05-31T10:15:03+00:00\",\"dateModified\":\"2021-04-29T10:21:55+00:00\",\"breadcrumb\":{\"@id\":\"https:\/\/staging.diocesitn.it\/area-testimonianza\/centro-missionario-diocesano\/esperienza-estiva-in-missione\/#breadcrumb\"},\"inLanguage\":\"it-IT\",\"potentialAction\":[{\"@type\":\"ReadAction\",\"target\":[\"https:\/\/staging.diocesitn.it\/area-testimonianza\/centro-missionario-diocesano\/esperienza-estiva-in-missione\/\"]}]},{\"@type\":\"ImageObject\",\"inLanguage\":\"it-IT\",\"@id\":\"https:\/\/staging.diocesitn.it\/area-testimonianza\/centro-missionario-diocesano\/esperienza-estiva-in-missione\/#primaryimage\",\"url\":\"https:\/\/staging.diocesitn.it\/area-testimonianza\/wp-content\/uploads\/sites\/37\/2019\/09\/EE.jpg\",\"contentUrl\":\"https:\/\/staging.diocesitn.it\/area-testimonianza\/wp-content\/uploads\/sites\/37\/2019\/09\/EE.jpg\",\"width\":1666,\"height\":747,\"caption\":\"Durante il corso di preparazione all'esperienza estiva in missione organizzato dal Centro Missionario Diocesano\"},{\"@type\":\"BreadcrumbList\",\"@id\":\"https:\/\/staging.diocesitn.it\/area-testimonianza\/centro-missionario-diocesano\/esperienza-estiva-in-missione\/#breadcrumb\",\"itemListElement\":[{\"@type\":\"ListItem\",\"position\":1,\"name\":\"Home\",\"item\":\"https:\/\/staging.diocesitn.it\/area-testimonianza\/\"},{\"@type\":\"ListItem\",\"position\":2,\"name\":\"Centro Missionario Diocesano\",\"item\":\"https:\/\/staging.diocesitn.it\/area-testimonianza\/centro-missionario-diocesano\/\"},{\"@type\":\"ListItem\",\"position\":3,\"name\":\"Esperienza estiva in missione\"}]},{\"@type\":\"WebSite\",\"@id\":\"https:\/\/staging.diocesitn.it\/area-testimonianza\/#website\",\"url\":\"https:\/\/staging.diocesitn.it\/area-testimonianza\/\",\"name\":\"Testimonianza e Impegno sociale\",\"description\":\"Chiesa di Trento\",\"publisher\":{\"@id\":\"https:\/\/staging.diocesitn.it\/area-testimonianza\/#organization\"},\"potentialAction\":[{\"@type\":\"SearchAction\",\"target\":{\"@type\":\"EntryPoint\",\"urlTemplate\":\"https:\/\/staging.diocesitn.it\/area-testimonianza\/?s={search_term_string}\"},\"query-input\":\"required name=search_term_string\"}],\"inLanguage\":\"it-IT\"},{\"@type\":\"Organization\",\"@id\":\"https:\/\/staging.diocesitn.it\/area-testimonianza\/#organization\",\"name\":\"Area Testimonianza e Impegno Sociale - Chiesa di Trento\",\"url\":\"https:\/\/staging.diocesitn.it\/area-testimonianza\/\",\"logo\":{\"@type\":\"ImageObject\",\"inLanguage\":\"it-IT\",\"@id\":\"https:\/\/staging.diocesitn.it\/area-testimonianza\/#\/schema\/logo\/image\/\",\"url\":\"https:\/\/staging.diocesitn.it\/area-testimonianza\/wp-content\/uploads\/sites\/37\/2021\/09\/og-logo-testimonianza-e-impegno-sociale.jpg\",\"contentUrl\":\"https:\/\/staging.diocesitn.it\/area-testimonianza\/wp-content\/uploads\/sites\/37\/2021\/09\/og-logo-testimonianza-e-impegno-sociale.jpg\",\"width\":1200,\"height\":630,\"caption\":\"Area Testimonianza e Impegno Sociale - Chiesa di Trento\"},\"image\":{\"@id\":\"https:\/\/staging.diocesitn.it\/area-testimonianza\/#\/schema\/logo\/image\/\"}}]}<\/script>\n<!-- \/ Yoast SEO plugin. -->","yoast_head_json":{"title":"Esperienza estiva in missione - Testimonianza e Impegno sociale","robots":{"index":"index","follow":"follow","max-snippet":"max-snippet:-1","max-image-preview":"max-image-preview:large","max-video-preview":"max-video-preview:-1"},"canonical":"https:\/\/staging.diocesitn.it\/area-testimonianza\/centro-missionario-diocesano\/esperienza-estiva-in-missione\/","og_locale":"it_IT","og_type":"article","og_title":"Esperienza estiva in missione - Testimonianza e Impegno sociale","og_description":"L&#8217;anno 2020 Per le informazione relative all&#8217;esperienza estiva in missione per l&#8217;anno 2020 vedere volantino e locandina. &nbsp; Cos&#8217;\u00e8 L&#8217; Esperienza Estiva in Missione \u00e8 un\u2019esperienza di conoscenza e di condivisione in una realt\u00e0 del","og_url":"https:\/\/staging.diocesitn.it\/area-testimonianza\/centro-missionario-diocesano\/esperienza-estiva-in-missione\/","og_site_name":"Testimonianza e Impegno sociale","article_modified_time":"2021-04-29T10:21:55+00:00","og_image":[{"width":1666,"height":747,"url":"https:\/\/staging.diocesitn.it\/area-testimonianza\/wp-content\/uploads\/sites\/37\/2019\/09\/EE.jpg","type":"image\/jpeg"}],"twitter_card":"summary_large_image","twitter_misc":{"Tempo di lettura stimato":"5 minuti"},"schema":{"@context":"https:\/\/schema.org","@graph":[{"@type":"WebPage","@id":"https:\/\/staging.diocesitn.it\/area-testimonianza\/centro-missionario-diocesano\/esperienza-estiva-in-missione\/","url":"https:\/\/staging.diocesitn.it\/area-testimonianza\/centro-missionario-diocesano\/esperienza-estiva-in-missione\/","name":"Esperienza estiva in missione - Testimonianza e Impegno sociale","isPartOf":{"@id":"https:\/\/staging.diocesitn.it\/area-testimonianza\/#website"},"primaryImageOfPage":{"@id":"https:\/\/staging.diocesitn.it\/area-testimonianza\/centro-missionario-diocesano\/esperienza-estiva-in-missione\/#primaryimage"},"image":{"@id":"https:\/\/staging.diocesitn.it\/area-testimonianza\/centro-missionario-diocesano\/esperienza-estiva-in-missione\/#primaryimage"},"thumbnailUrl":"https:\/\/staging.diocesitn.it\/area-testimonianza\/wp-content\/uploads\/sites\/37\/2019\/09\/EE.jpg","datePublished":"2019-05-31T10:15:03+00:00","dateModified":"2021-04-29T10:21:55+00:00","breadcrumb":{"@id":"https:\/\/staging.diocesitn.it\/area-testimonianza\/centro-missionario-diocesano\/esperienza-estiva-in-missione\/#breadcrumb"},"inLanguage":"it-IT","potentialAction":[{"@type":"ReadAction","target":["https:\/\/staging.diocesitn.it\/area-testimonianza\/centro-missionario-diocesano\/esperienza-estiva-in-missione\/"]}]},{"@type":"ImageObject","inLanguage":"it-IT","@id":"https:\/\/staging.diocesitn.it\/area-testimonianza\/centro-missionario-diocesano\/esperienza-estiva-in-missione\/#primaryimage","url":"https:\/\/staging.diocesitn.it\/area-testimonianza\/wp-content\/uploads\/sites\/37\/2019\/09\/EE.jpg","contentUrl":"https:\/\/staging.diocesitn.it\/area-testimonianza\/wp-content\/uploads\/sites\/37\/2019\/09\/EE.jpg","width":1666,"height":747,"caption":"Durante il corso di preparazione all'esperienza estiva in missione organizzato dal Centro Missionario Diocesano"},{"@type":"BreadcrumbList","@id":"https:\/\/staging.diocesitn.it\/area-testimonianza\/centro-missionario-diocesano\/esperienza-estiva-in-missione\/#breadcrumb","itemListElement":[{"@type":"ListItem","position":1,"name":"Home","item":"https:\/\/staging.diocesitn.it\/area-testimonianza\/"},{"@type":"ListItem","position":2,"name":"Centro Missionario Diocesano","item":"https:\/\/staging.diocesitn.it\/area-testimonianza\/centro-missionario-diocesano\/"},{"@type":"ListItem","position":3,"name":"Esperienza estiva in missione"}]},{"@type":"WebSite","@id":"https:\/\/staging.diocesitn.it\/area-testimonianza\/#website","url":"https:\/\/staging.diocesitn.it\/area-testimonianza\/","name":"Testimonianza e Impegno sociale","description":"Chiesa di Trento","publisher":{"@id":"https:\/\/staging.diocesitn.it\/area-testimonianza\/#organization"},"potentialAction":[{"@type":"SearchAction","target":{"@type":"EntryPoint","urlTemplate":"https:\/\/staging.diocesitn.it\/area-testimonianza\/?s={search_term_string}"},"query-input":"required name=search_term_string"}],"inLanguage":"it-IT"},{"@type":"Organization","@id":"https:\/\/staging.diocesitn.it\/area-testimonianza\/#organization","name":"Area Testimonianza e Impegno Sociale - Chiesa di Trento","url":"https:\/\/staging.diocesitn.it\/area-testimonianza\/","logo":{"@type":"ImageObject","inLanguage":"it-IT","@id":"https:\/\/staging.diocesitn.it\/area-testimonianza\/#\/schema\/logo\/image\/","url":"https:\/\/staging.diocesitn.it\/area-testimonianza\/wp-content\/uploads\/sites\/37\/2021\/09\/og-logo-testimonianza-e-impegno-sociale.jpg","contentUrl":"https:\/\/staging.diocesitn.it\/area-testimonianza\/wp-content\/uploads\/sites\/37\/2021\/09\/og-logo-testimonianza-e-impegno-sociale.jpg","width":1200,"height":630,"caption":"Area Testimonianza e Impegno Sociale - Chiesa di Trento"},"image":{"@id":"https:\/\/staging.diocesitn.it\/area-testimonianza\/#\/schema\/logo\/image\/"}}]}},"_links":{"self":[{"href":"https:\/\/staging.diocesitn.it\/area-testimonianza\/wp-json\/wp\/v2\/pages\/6232","targetHints":{"allow":["GET"]}}],"collection":[{"href":"https:\/\/staging.diocesitn.it\/area-testimonianza\/wp-json\/wp\/v2\/pages"}],"about":[{"href":"https:\/\/staging.diocesitn.it\/area-testimonianza\/wp-json\/wp\/v2\/types\/page"}],"author":[{"embeddable":true,"href":"https:\/\/staging.diocesitn.it\/area-testimonianza\/wp-json\/wp\/v2\/users\/161"}],"replies":[{"embeddable":true,"href":"https:\/\/staging.diocesitn.it\/area-testimonianza\/wp-json\/wp\/v2\/comments?post=6232"}],"version-history":[{"count":3,"href":"https:\/\/staging.diocesitn.it\/area-testimonianza\/wp-json\/wp\/v2\/pages\/6232\/revisions"}],"predecessor-version":[{"id":9213,"href":"https:\/\/staging.diocesitn.it\/area-testimonianza\/wp-json\/wp\/v2\/pages\/6232\/revisions\/9213"}],"up":[{"embeddable":true,"href":"https:\/\/staging.diocesitn.it\/area-testimonianza\/wp-json\/wp\/v2\/pages\/6036"}],"wp:featuredmedia":[{"embeddable":true,"href":"https:\/\/staging.diocesitn.it\/area-testimonianza\/wp-json\/wp\/v2\/media\/6645"}],"wp:attachment":[{"href":"https:\/\/staging.diocesitn.it\/area-testimonianza\/wp-json\/wp\/v2\/media?parent=6232"}],"curies":[{"name":"wp","href":"https:\/\/api.w.org\/{rel}","templated":true}]}}