{"id":6238,"date":"2019-05-31T12:16:30","date_gmt":"2019-05-31T10:16:30","guid":{"rendered":"https:\/\/staging.diocesitn.it\/area-testimonianza\/?page_id=6238"},"modified":"2020-01-02T11:49:40","modified_gmt":"2020-01-02T10:49:40","slug":"progetti-sostenuti-dal-centro-missionario","status":"publish","type":"page","link":"https:\/\/staging.diocesitn.it\/area-testimonianza\/centro-missionario-diocesano\/progetti-sostenuti-dal-centro-missionario\/","title":{"rendered":"Progetti sostenuti dal Centro Missionario"},"content":{"rendered":"<ul>\n<li><a id=\"su\"><\/a><a href=\"#punta\"><strong>Progetti di punta<\/strong><\/a>\n<ul>\n<li><a href=\"#thai\">Thailandia. Un futuro per ragazze e bambini<\/a><\/li>\n<li><a href=\"#israele\">Israele. Kuchinate<\/a><\/li>\n<li><a href=\"#togo\">Togo. Poliambulatorio<\/a><\/li>\n<li><a href=\"#albania\">Albania. Scuola Professionale<\/a><\/li>\n<\/ul>\n<\/li>\n<li><a href=\"#annuali\"><strong>Progetti annuali<\/strong><\/a>\n<ul>\n<li><a href=\"#pak\">Pakistan. Schiavi tra i mattoni<\/a><\/li>\n<li><a href=\"#eti\">Etiopia. Con i bambini nei campi profughi<\/a><\/li>\n<\/ul>\n<\/li>\n<li><a href=\"#contribuire\"><strong>Come contribuire<\/strong><\/a><\/li>\n<\/ul>\n<p>&nbsp;<\/p>\n<h1><strong><a id=\"punta\"><\/a>Progetti di punta<\/strong><\/h1>\n<p>Nel 2020 il Centro Missionario ha scelto di porre la propria attenzione su un insieme di progetti di lungo raggio che ci terranno\u00a0impegnati per alcuni anni, cos\u00ec da poter garantire una certa continuit\u00e0 sia in termini di sostegno che in termini di conoscenza delle realt\u00e0 specifiche in cui sono inseriti. Sono stati selezionati anche perch\u00e9 hanno la caratteristica di\u00a0 permetterci di coinvolgere diverse realt\u00e0 del territorio trentino, sia di stampo ecclesiale che di matrice pi\u00f9 sociale o di volontariato. L\u2019obiettivo \u00e8 quello di fare rete, perch\u00e9 si possa crescere nella sensibilizzazione, nella conoscenza della realt\u00e0 e nella diffusione di notizie buone, oltre che eventualmente nella raccolta di fondi.<\/p>\n<p>Con <a href=\"https:\/\/staging.diocesitn.it\/area-testimonianza\/wp-content\/uploads\/sites\/37\/2019\/12\/Progetti-di-punta.pdf\" target=\"_blank\" rel=\"noopener noreferrer\">questo fascicoletto<\/a> vengono presentati i primi quattro progetti attivi, successivamente se ne aggiungeranno altri che ora sono in fase di valutazione.<\/p>\n<p>Verr\u00e0 realizzato un fascicolo a cadenza annuale con maggiori dettagli per ciascun progetto e i relativi aggiornamenti.<\/p>\n<p style=\"text-align: right\"><a href=\"#su\">indice<\/a><\/p>\n<h3><a id=\"thai\"><\/a>Thailandia. Un futuro per ragazze e bambini<\/h3>\n<p><strong>Il progetto<\/strong><\/p>\n<p>Due sono le realt\u00e0 coinvolte in questo progetto.<\/p>\n<ul>\n<li>L\u2019opera gestita da fr. Gianni Dalla Rizza che accoglie i bambini pi\u00f9 poveri e deboli nel Camilllian Social Center di Chiang Rai. Questo progetto pone particolare attenzione al sostegno dei bambini disabili che altrimenti non avrebbero un\u2019educazione adeguata e un futuro dignitoso.<\/li>\n<li><span style=\"font-size: inherit\">Le attivit\u00e0 delle suore della Provvidenza che a Chiang Sean sono gi\u00e0 impegnate con la Casa di Accoglienza e un piccolo centro di formazione per bambine e ragazze rifugiate, provenienti dal Myanmar. Il progetto risponde ad un\u2019esigenza manifestata dalle ragazze stesse e prevede la realizzazione della Locanda della felicit\u00e0 dove troveranno formazione e lavoro in un ristorante e in un negozio <\/span>di artigianato.<\/li>\n<\/ul>\n<p><strong>I partner in Thailandia<\/strong><\/p>\n<ul>\n<li>padri Camilliani (fr. Gianni Dalla Rizza)<\/li>\n<li>suore della Provvidenza<\/li>\n<\/ul>\n<p><span style=\"text-decoration: underline\">Causale per i versamenti<\/span>: progetto di punta Thailandia.<\/p>\n<p style=\"text-align: right\"><a href=\"#su\">indice<\/a><\/p>\n<h3><a id=\"israele\"><\/a>Israele. Kuchinate<\/h3>\n<p><strong>Il progetto<\/strong><\/p>\n<p>Il progetto \u00e8 rivolto alle donne africane richiedenti asilo\u00a0 che vivono a Tel Aviv. Offre supporto psicologico sociale e lavoro retribuito. Valorizzando l\u2019arte radicata nella cultura africana del lavoro all\u2019uncinetto (Kuchinate in tigrino) si realizzano cesti, tappeti, articoli per la casa, sculture, accessori di moda, complementi d\u2019arredo e molto altro; si propongono eventi fra cui le tradizionali cerimonie del caff\u00e8 e i workshop di food crochet (la riproduzione di cibi attraverso il lavoro ad uncinetto).<br \/>\nDa quando \u00e8 stato istituito nel 2011, il progetto ha cambiato la vita di dozzine di donne e madri, molte delle quali avevano subito violenze nel loro percorso di migrazione.<\/p>\n<p><strong>I partner in Israele<\/strong><\/p>\n<ul>\n<li>suore Comboniane (sr. Agnese Elli e sr.\u00a0 Azezet Habtezghi Kidane)<\/li>\n<\/ul>\n<p><span style=\"text-decoration: underline\">Causale per i versamenti<\/span>: progetto di punta Israele.<\/p>\n<p style=\"text-align: right\"><a href=\"#su\">indice<\/a><\/p>\n<h3><a id=\"togo\"><\/a>Togo. Poliambulatorio<\/h3>\n<p><strong>Il progetto<\/strong><\/p>\n<p>Su richiesta del governo locale, le suore Camilliane gestiscono a Sanguera, una delle periferie pi\u00f9 povere di Lom\u00e8 in Togo, un piccolo centro medico sociale di cui una parte \u00e8 riservata alla maternit\u00e0. Il progetto prevede l\u2019ampliamento di questo piccolo centro per poterlo trasformare in un poliambulatorio che dar\u00e0 spazio fra le altre cose a:<\/p>\n<ul>\n<li>un reparto maternit\u00e0 con neonatologia per far fronte ai decessi sia materni che infantili legati al parto;<\/li>\n<li>un reparto per la cura delle patologie infiammatorie e degenerative degli anziani.<\/li>\n<\/ul>\n<p><strong>I partner in Togo<\/strong><\/p>\n<ul>\n<li>suore Camilliane<\/li>\n<\/ul>\n<p><span style=\"text-decoration: underline\">Causale per i versamenti<\/span>: progetto di punta Togo.<\/p>\n<p style=\"text-align: right\"><a href=\"#su\">indice<\/a><\/p>\n<h3><a id=\"albania\"><\/a>Albania. Scuola professionale<\/h3>\n<p><strong>Il progetto<\/strong><\/p>\n<p>La Scuola Professionale Sh\u00ebn Jozefi Pun\u00ebtor si trova in Rr\u00ebshen, citt\u00e0 della regione della Mirdita nel nord \u2013 est dell&#8217;Albania. Sorge in un contesto sociale difficile, con scarse opportunit\u00e0 lavorative, povert\u00e0 diffusa, totale assenza di formazione umana e professionale. Fornisce ai giovani gli strumenti teorici e pratici per un primo avviamento al lavoro e un luogo di formazione umana, attraverso corsi di: elettrotecnico, meccanico, operatore di tecnologie informatiche e termoidraulico. Nel 2019 \u00e8 stato aggiunto un corso di formazione socio-sanitaria dove si sono iscritti 15 studenti di cui 13 ragazze. Il progetto vuole sostenere la scuola per alcuni anni, dato che in Albania per le scuole private non sono previsti finanziamenti da parte dello stato.<\/p>\n<p><strong>I partner in Albania<\/strong><\/p>\n<ul>\n<li>padri Somaschi, p. Michele Leovino<\/li>\n<\/ul>\n<p><span style=\"text-decoration: underline\">Causale per i versamenti<\/span>: progetto di punta Albania.<\/p>\n<p style=\"text-align: right\"><a href=\"#su\">indice<\/a><\/p>\n<p><strong style=\"color: inherit;font-size: 3rem\"><a id=\"annuali\"><\/a>I progetti missionari annuali<\/strong><\/p>\n<header class=\"entry-header\">Fino al 2019 il Centro Missionario sceglieva ogni anno un progetto su cui concentrare la propria attenzione per far conoscere varie realt\u00e0 difficili presenti nel mondo. Segnaliamo qui i progetti ancora attivi.<\/header>\n<header class=\"entry-header\">\n<h3><a id=\"pak\"><\/a>Schiavi tra i mattoni in Pakistan<\/h3>\n<p>Il progetto \u00e8 focalizzato sulla liberazione degli schiavi-operai dei mattoni in Pakistan. Tutti i dettagli nel volantino del <a style=\"background-color: #ffffff\" href=\"https:\/\/staging.diocesitn.it\/area-testimonianza\/wp-content\/uploads\/sites\/37\/2019\/12\/Pakistan-Progetto-2017-18.pdf\" target=\"_blank\" rel=\"noopener noreferrer\">progetto 2017-18<\/a> e nell&#8217;<a href=\"https:\/\/staging.diocesitn.it\/area-testimonianza\/wp-content\/uploads\/sites\/37\/2019\/12\/Pakistan-aggiornamento-progetto-2018-19.pdf\" target=\"_blank\" rel=\"noopener noreferrer\">aggiornamento 2018-19<\/a>.<\/p>\n<p><span style=\"text-decoration: underline\">Causale per i versamenti<\/span>: schiavi tra i mattoni in Pakistan.<\/p>\n<p style=\"text-align: right\"><a href=\"#su\">indice<\/a><\/p>\n<\/header>\n<header><\/header>\n<h3><a id=\"eti\"><\/a>Con i bambini nei campi profughi in Etiopia<\/h3>\n<p>Il progetto sostiene un pasto al giorno per i bambini eritrei dai 3 ai 6 anni del campo profughi di Mai Ayni in Etiopia. Ad oggi (2019) i bambini sono 1250. Tutti i dettagli nel <a href=\"https:\/\/staging.diocesitn.it\/area-testimonianza\/wp-content\/uploads\/sites\/37\/2019\/12\/Etiopia-progetto-2013-14.pdf\" target=\"_blank\" rel=\"noopener noreferrer\">volantino del progetto 2013-14<\/a> e nell&#8217;<a href=\"https:\/\/staging.diocesitn.it\/area-testimonianza\/wp-content\/uploads\/sites\/37\/2019\/12\/Etiopia-aggioirnamento-progetto-2014-15.pdf\" target=\"_blank\" rel=\"noopener noreferrer\">aggiornamento 2014-15<\/a>.<\/p>\n<p>Il film <a href=\"http:\/\/auroravision.it\/portfolio\/alganesh\/\" target=\"_blank\" rel=\"noopener noreferrer\">Alganesh<\/a> di <a href=\"http:\/\/auroravision.it\/\" target=\"_blank\" rel=\"noopener noreferrer\">Aurora Vision<\/a> racconta anche di queste situazioni.<\/p>\n<p><span style=\"text-decoration: underline\">Causale per i versamenti<\/span>: bambini campi profughi.<\/p>\n<p style=\"text-align: right\"><a href=\"#su\">indice<\/a><\/p>\n<header><\/header>\n<header><\/header>\n<header><\/header>\n<header><\/header>\n<header><\/header>\n<header><\/header>\n<h1><strong><a id=\"contribuire\"><\/a>Come contribuire<\/strong><\/h1>\n<p>Per <strong>sostenere economicamente<\/strong> i progetti seguire le indicazioni di <a href=\"https:\/\/staging.diocesitn.it\/area-testimonianza\/centro-missionario-diocesano\/come-sostenere-le-attivita-della-pastorale-missionaria\/\" target=\"_blank\" rel=\"noopener noreferrer\">questa pagina<\/a>. Segnalare sempre in causale il progetto che si intende sostenere.<\/p>\n<p>Per la <strong>diffusione di informazioni<\/strong> riguardo le realt\u00e0 legate ai progetti il <a href=\"https:\/\/staging.diocesitn.it\/area-testimonianza\/centro-missionario-diocesano\/#Chi_siamo\" target=\"_blank\" rel=\"noopener noreferrer\">Centro Missionario<\/a> \u00e8 a disposizione per fornire materiali e suggerimenti.<\/p>\n<p style=\"text-align: right\"><a href=\"#su\">indice<\/a><\/p>\n<header><\/header>\n<header><\/header>\n<header><\/header>\n<header><\/header>\n<header><\/header>\n<header><\/header>\n<header><\/header>\n<header><\/header>\n","protected":false},"excerpt":{"rendered":"<p>Progetti di punta Thailandia. Un futuro per ragazze e bambini Israele. Kuchinate Togo. Poliambulatorio Albania. Scuola Professionale Progetti annuali Pakistan. Schiavi tra i mattoni Etiopia. Con i bambini nei campi profughi Come contribuire &nbsp; Progetti<\/p>\n","protected":false},"author":161,"featured_media":0,"parent":6036,"menu_order":0,"comment_status":"closed","ping_status":"closed","template":"","meta":{"footnotes":""},"class_list":["post-6238","page","type-page","status-publish","hentry"],"acf":{"seed-localization-paese-cod":"IT","seed-localization-address":"","seed-localization-citta":"Trento","seed-localization-regione-cod-istat":"04","seed-localization-citta-cod-istat":"022205","seed-localization-localita":"","seed-localization-cap":"","seed-localization-marker-visibility":false,"seed-localization-children-visibility":false,"seed-localization-kml":"","seed-localization-custom-marker":""},"yoast_head":"<!-- This site is optimized with the Yoast SEO plugin v22.2 - https:\/\/yoast.com\/wordpress\/plugins\/seo\/ -->\n<title>Progetti sostenuti dal Centro Missionario - Testimonianza e Impegno sociale<\/title>\n<meta name=\"robots\" content=\"index, follow, max-snippet:-1, max-image-preview:large, max-video-preview:-1\" \/>\n<link rel=\"canonical\" href=\"https:\/\/staging.diocesitn.it\/area-testimonianza\/centro-missionario-diocesano\/progetti-sostenuti-dal-centro-missionario\/\" \/>\n<meta property=\"og:locale\" content=\"it_IT\" \/>\n<meta property=\"og:type\" content=\"article\" \/>\n<meta property=\"og:title\" content=\"Progetti sostenuti dal Centro Missionario - Testimonianza e Impegno sociale\" \/>\n<meta property=\"og:description\" content=\"Progetti di punta Thailandia. Un futuro per ragazze e bambini Israele. Kuchinate Togo. Poliambulatorio Albania. Scuola Professionale Progetti annuali Pakistan. Schiavi tra i mattoni Etiopia. Con i bambini nei campi profughi Come contribuire &nbsp; Progetti\" \/>\n<meta property=\"og:url\" content=\"https:\/\/staging.diocesitn.it\/area-testimonianza\/centro-missionario-diocesano\/progetti-sostenuti-dal-centro-missionario\/\" \/>\n<meta property=\"og:site_name\" content=\"Testimonianza e Impegno sociale\" \/>\n<meta property=\"article:modified_time\" content=\"2020-01-02T10:49:40+00:00\" \/>\n<meta property=\"og:image\" content=\"https:\/\/staging.diocesitn.it\/area-testimonianza\/wp-content\/uploads\/sites\/37\/2021\/09\/og-logo-testimonianza-e-impegno-sociale.jpg\" \/>\n\t<meta property=\"og:image:width\" content=\"1200\" \/>\n\t<meta property=\"og:image:height\" content=\"630\" \/>\n\t<meta property=\"og:image:type\" content=\"image\/jpeg\" \/>\n<meta name=\"twitter:card\" content=\"summary_large_image\" \/>\n<meta name=\"twitter:label1\" content=\"Tempo di lettura stimato\" \/>\n\t<meta name=\"twitter:data1\" content=\"4 minuti\" \/>\n<script type=\"application\/ld+json\" class=\"yoast-schema-graph\">{\"@context\":\"https:\/\/schema.org\",\"@graph\":[{\"@type\":\"WebPage\",\"@id\":\"https:\/\/staging.diocesitn.it\/area-testimonianza\/centro-missionario-diocesano\/progetti-sostenuti-dal-centro-missionario\/\",\"url\":\"https:\/\/staging.diocesitn.it\/area-testimonianza\/centro-missionario-diocesano\/progetti-sostenuti-dal-centro-missionario\/\",\"name\":\"Progetti sostenuti dal Centro Missionario - Testimonianza e Impegno sociale\",\"isPartOf\":{\"@id\":\"https:\/\/staging.diocesitn.it\/area-testimonianza\/#website\"},\"datePublished\":\"2019-05-31T10:16:30+00:00\",\"dateModified\":\"2020-01-02T10:49:40+00:00\",\"breadcrumb\":{\"@id\":\"https:\/\/staging.diocesitn.it\/area-testimonianza\/centro-missionario-diocesano\/progetti-sostenuti-dal-centro-missionario\/#breadcrumb\"},\"inLanguage\":\"it-IT\",\"potentialAction\":[{\"@type\":\"ReadAction\",\"target\":[\"https:\/\/staging.diocesitn.it\/area-testimonianza\/centro-missionario-diocesano\/progetti-sostenuti-dal-centro-missionario\/\"]}]},{\"@type\":\"BreadcrumbList\",\"@id\":\"https:\/\/staging.diocesitn.it\/area-testimonianza\/centro-missionario-diocesano\/progetti-sostenuti-dal-centro-missionario\/#breadcrumb\",\"itemListElement\":[{\"@type\":\"ListItem\",\"position\":1,\"name\":\"Home\",\"item\":\"https:\/\/staging.diocesitn.it\/area-testimonianza\/\"},{\"@type\":\"ListItem\",\"position\":2,\"name\":\"Centro Missionario Diocesano\",\"item\":\"https:\/\/staging.diocesitn.it\/area-testimonianza\/centro-missionario-diocesano\/\"},{\"@type\":\"ListItem\",\"position\":3,\"name\":\"Progetti sostenuti dal Centro Missionario\"}]},{\"@type\":\"WebSite\",\"@id\":\"https:\/\/staging.diocesitn.it\/area-testimonianza\/#website\",\"url\":\"https:\/\/staging.diocesitn.it\/area-testimonianza\/\",\"name\":\"Testimonianza e Impegno sociale\",\"description\":\"Chiesa di Trento\",\"publisher\":{\"@id\":\"https:\/\/staging.diocesitn.it\/area-testimonianza\/#organization\"},\"potentialAction\":[{\"@type\":\"SearchAction\",\"target\":{\"@type\":\"EntryPoint\",\"urlTemplate\":\"https:\/\/staging.diocesitn.it\/area-testimonianza\/?s={search_term_string}\"},\"query-input\":\"required name=search_term_string\"}],\"inLanguage\":\"it-IT\"},{\"@type\":\"Organization\",\"@id\":\"https:\/\/staging.diocesitn.it\/area-testimonianza\/#organization\",\"name\":\"Area Testimonianza e Impegno Sociale - Chiesa di Trento\",\"url\":\"https:\/\/staging.diocesitn.it\/area-testimonianza\/\",\"logo\":{\"@type\":\"ImageObject\",\"inLanguage\":\"it-IT\",\"@id\":\"https:\/\/staging.diocesitn.it\/area-testimonianza\/#\/schema\/logo\/image\/\",\"url\":\"https:\/\/staging.diocesitn.it\/area-testimonianza\/wp-content\/uploads\/sites\/37\/2021\/09\/og-logo-testimonianza-e-impegno-sociale.jpg\",\"contentUrl\":\"https:\/\/staging.diocesitn.it\/area-testimonianza\/wp-content\/uploads\/sites\/37\/2021\/09\/og-logo-testimonianza-e-impegno-sociale.jpg\",\"width\":1200,\"height\":630,\"caption\":\"Area Testimonianza e Impegno Sociale - Chiesa di Trento\"},\"image\":{\"@id\":\"https:\/\/staging.diocesitn.it\/area-testimonianza\/#\/schema\/logo\/image\/\"}}]}<\/script>\n<!-- \/ Yoast SEO plugin. -->","yoast_head_json":{"title":"Progetti sostenuti dal Centro Missionario - Testimonianza e Impegno sociale","robots":{"index":"index","follow":"follow","max-snippet":"max-snippet:-1","max-image-preview":"max-image-preview:large","max-video-preview":"max-video-preview:-1"},"canonical":"https:\/\/staging.diocesitn.it\/area-testimonianza\/centro-missionario-diocesano\/progetti-sostenuti-dal-centro-missionario\/","og_locale":"it_IT","og_type":"article","og_title":"Progetti sostenuti dal Centro Missionario - Testimonianza e Impegno sociale","og_description":"Progetti di punta Thailandia. Un futuro per ragazze e bambini Israele. Kuchinate Togo. Poliambulatorio Albania. Scuola Professionale Progetti annuali Pakistan. Schiavi tra i mattoni Etiopia. Con i bambini nei campi profughi Come contribuire &nbsp; Progetti","og_url":"https:\/\/staging.diocesitn.it\/area-testimonianza\/centro-missionario-diocesano\/progetti-sostenuti-dal-centro-missionario\/","og_site_name":"Testimonianza e Impegno sociale","article_modified_time":"2020-01-02T10:49:40+00:00","og_image":[{"width":1200,"height":630,"url":"https:\/\/staging.diocesitn.it\/area-testimonianza\/wp-content\/uploads\/sites\/37\/2021\/09\/og-logo-testimonianza-e-impegno-sociale.jpg","type":"image\/jpeg"}],"twitter_card":"summary_large_image","twitter_misc":{"Tempo di lettura stimato":"4 minuti"},"schema":{"@context":"https:\/\/schema.org","@graph":[{"@type":"WebPage","@id":"https:\/\/staging.diocesitn.it\/area-testimonianza\/centro-missionario-diocesano\/progetti-sostenuti-dal-centro-missionario\/","url":"https:\/\/staging.diocesitn.it\/area-testimonianza\/centro-missionario-diocesano\/progetti-sostenuti-dal-centro-missionario\/","name":"Progetti sostenuti dal Centro Missionario - Testimonianza e Impegno sociale","isPartOf":{"@id":"https:\/\/staging.diocesitn.it\/area-testimonianza\/#website"},"datePublished":"2019-05-31T10:16:30+00:00","dateModified":"2020-01-02T10:49:40+00:00","breadcrumb":{"@id":"https:\/\/staging.diocesitn.it\/area-testimonianza\/centro-missionario-diocesano\/progetti-sostenuti-dal-centro-missionario\/#breadcrumb"},"inLanguage":"it-IT","potentialAction":[{"@type":"ReadAction","target":["https:\/\/staging.diocesitn.it\/area-testimonianza\/centro-missionario-diocesano\/progetti-sostenuti-dal-centro-missionario\/"]}]},{"@type":"BreadcrumbList","@id":"https:\/\/staging.diocesitn.it\/area-testimonianza\/centro-missionario-diocesano\/progetti-sostenuti-dal-centro-missionario\/#breadcrumb","itemListElement":[{"@type":"ListItem","position":1,"name":"Home","item":"https:\/\/staging.diocesitn.it\/area-testimonianza\/"},{"@type":"ListItem","position":2,"name":"Centro Missionario Diocesano","item":"https:\/\/staging.diocesitn.it\/area-testimonianza\/centro-missionario-diocesano\/"},{"@type":"ListItem","position":3,"name":"Progetti sostenuti dal Centro Missionario"}]},{"@type":"WebSite","@id":"https:\/\/staging.diocesitn.it\/area-testimonianza\/#website","url":"https:\/\/staging.diocesitn.it\/area-testimonianza\/","name":"Testimonianza e Impegno sociale","description":"Chiesa di Trento","publisher":{"@id":"https:\/\/staging.diocesitn.it\/area-testimonianza\/#organization"},"potentialAction":[{"@type":"SearchAction","target":{"@type":"EntryPoint","urlTemplate":"https:\/\/staging.diocesitn.it\/area-testimonianza\/?s={search_term_string}"},"query-input":"required name=search_term_string"}],"inLanguage":"it-IT"},{"@type":"Organization","@id":"https:\/\/staging.diocesitn.it\/area-testimonianza\/#organization","name":"Area Testimonianza e Impegno Sociale - Chiesa di Trento","url":"https:\/\/staging.diocesitn.it\/area-testimonianza\/","logo":{"@type":"ImageObject","inLanguage":"it-IT","@id":"https:\/\/staging.diocesitn.it\/area-testimonianza\/#\/schema\/logo\/image\/","url":"https:\/\/staging.diocesitn.it\/area-testimonianza\/wp-content\/uploads\/sites\/37\/2021\/09\/og-logo-testimonianza-e-impegno-sociale.jpg","contentUrl":"https:\/\/staging.diocesitn.it\/area-testimonianza\/wp-content\/uploads\/sites\/37\/2021\/09\/og-logo-testimonianza-e-impegno-sociale.jpg","width":1200,"height":630,"caption":"Area Testimonianza e Impegno Sociale - Chiesa di Trento"},"image":{"@id":"https:\/\/staging.diocesitn.it\/area-testimonianza\/#\/schema\/logo\/image\/"}}]}},"_links":{"self":[{"href":"https:\/\/staging.diocesitn.it\/area-testimonianza\/wp-json\/wp\/v2\/pages\/6238","targetHints":{"allow":["GET"]}}],"collection":[{"href":"https:\/\/staging.diocesitn.it\/area-testimonianza\/wp-json\/wp\/v2\/pages"}],"about":[{"href":"https:\/\/staging.diocesitn.it\/area-testimonianza\/wp-json\/wp\/v2\/types\/page"}],"author":[{"embeddable":true,"href":"https:\/\/staging.diocesitn.it\/area-testimonianza\/wp-json\/wp\/v2\/users\/161"}],"replies":[{"embeddable":true,"href":"https:\/\/staging.diocesitn.it\/area-testimonianza\/wp-json\/wp\/v2\/comments?post=6238"}],"version-history":[{"count":3,"href":"https:\/\/staging.diocesitn.it\/area-testimonianza\/wp-json\/wp\/v2\/pages\/6238\/revisions"}],"predecessor-version":[{"id":7222,"href":"https:\/\/staging.diocesitn.it\/area-testimonianza\/wp-json\/wp\/v2\/pages\/6238\/revisions\/7222"}],"up":[{"embeddable":true,"href":"https:\/\/staging.diocesitn.it\/area-testimonianza\/wp-json\/wp\/v2\/pages\/6036"}],"wp:attachment":[{"href":"https:\/\/staging.diocesitn.it\/area-testimonianza\/wp-json\/wp\/v2\/media?parent=6238"}],"curies":[{"name":"wp","href":"https:\/\/api.w.org\/{rel}","templated":true}]}}