{"id":6245,"date":"2019-05-31T12:18:35","date_gmt":"2019-05-31T10:18:35","guid":{"rendered":"https:\/\/staging.diocesitn.it\/area-testimonianza\/?page_id=6245"},"modified":"2021-02-10T10:40:29","modified_gmt":"2021-02-10T09:40:29","slug":"appuntamenti-missionari","status":"publish","type":"page","link":"https:\/\/staging.diocesitn.it\/area-testimonianza\/centro-missionario-diocesano\/appuntamenti-missionari\/","title":{"rendered":"Appuntamenti missionari"},"content":{"rendered":"<ul>\n<li><a id=\"su\"><\/a>Infanzia missionaria\n<ul>\n<li><a href=\"#g.raga\">Giornata mondiale dei ragazzi missionari,\u00a0 6 gennaio<\/a><\/li>\n<li><a href=\"#cantori\">Cantori della stella, 27 dicembre<\/a><\/li>\n<\/ul>\n<\/li>\n<li><a href=\"#lebbra\">Giornata mondiale dei malati di Lebbra (ultima domenica di gennaio)<\/a><\/li>\n<li><a href=\"#quar\">Quaresima di Fraternit\u00e0<\/a><\/li>\n<li><a href=\"#martiri\">Giornata dei Missionari Martiri, 24 marzo<\/a><\/li>\n<li><a href=\"#rt\">Religion Today<\/a><\/li>\n<li><a href=\"#ott\">Ottobre missionario<\/a><\/li>\n<\/ul>\n<p>&nbsp;<\/p>\n<h2><a id=\"g.raga\"><\/a>Giornata mondiale dei ragazzi missionari<\/h2>\n<p>Il <strong>6 gennaio<\/strong><span style=\"font-size: inherit\">\u00a0ricorre la <\/span>Giornata mondiale dei ragazzi missionari <span style=\"font-size: inherit\">(o giornata dell&#8217;infanzia missionaria). In questa occasione tutti i ragazzi missionari del mondo vivono il giorno dell\u2019Epifania da veri protagonisti attraverso la preghiera, l\u2019animazione e la condivisione.<\/span><\/p>\n<p><strong>La giornata del 2021<\/strong> ha il tema &#8220;<em>Orchestriamo la fraternit\u00e0<\/em>&#8220;. Maggiori informazioni e materiale nella <a href=\"https:\/\/staging.diocesitn.it\/area-testimonianza\/2021\/01\/03\/giornata-infanzia-missionaria-2021-traccia-di-celebrazione\/\">pagina dedicata<\/a>.<\/p>\n<p><strong><span style=\"font-size: inherit\">La giornata del 2020<\/span><\/strong><span style=\"font-size: inherit\"> ha il<\/span><span style=\"font-size: inherit\">\u00a0<\/span>tema \u00e8 <em>&#8220;inviati a rinnovare il mondo<\/em>&#8220;<span style=\"font-size: inherit\">. Maggiori informazioni e materiale nella <a href=\"https:\/\/staging.diocesitn.it\/area-testimonianza\/wd-appuntamenti\/giornata-mondiale-dellinfanzia-missionaria\/\">pagina dedicata<\/a>.<\/span><\/p>\n<p style=\"text-align: right\"><a href=\"#su\">indice<\/a><\/p>\n<h2><a id=\"lebbra\"><\/a>Giornata mondiale dei malati di Lebbra<\/h2>\n<p>La giornata mondiale dei malati di lebbra \u00e8 stata istituita nel 1954 da\u00a0<a href=\"http:\/\/www.aifo.it\/scopri-aifo\/raoul-follereau\" target=\"_blank\" rel=\"noopener noreferrer\">Raoul Follereau<\/a>, scrittore e giornalista francese, in Italia viene promossa dall\u2019<a href=\"http:\/\/www.aifo.it\/\" target=\"_blank\" rel=\"noopener noreferrer\">Associazione Italiana Amici di Raoul Follereau \u2013 AIFO<\/a>\u00a0sotto l\u2019Alto Patronato della Presidenza della Repubblica.<\/p>\n<p>La lebbra (o morbo di Hansen) \u00e8 una malattia curabile, tuttavia, se non viene diagnosticata precocemente e trattata in maniera adeguata, pu\u00f2 determinare disabilit\u00e0 permanenti e spesso gravi.\u00a0Le cause principali della sua diffusione sono rappresentate dalla mancanza di servizi sanitari e igienici appropriati, rese ancora pi\u00f9 gravi dai pregiudizi culturali e dallo stigma, per i segni che la malattia lascia sul corpo.<\/p>\n<p>In questa giornata si ricordano anche le altre patologie curabili che hanno nella povert\u00e0 e nella vulnerabilit\u00e0 sociale le loro cause primarie.<\/p>\n<p><strong>La giornata 2021<\/strong>\u00a0si celebra il <strong>31 gennaio<\/strong>, maggiori informazioni nella <a href=\"https:\/\/staging.diocesitn.it\/area-testimonianza\/2021\/01\/13\/giornata-mondiale-dei-malati-di-lebbra-31-gennaio-2021\/\">pagina dedicata<\/a>.<\/p>\n<p><strong>La giornata 2020<\/strong>\u00a0si celebra il <strong>26 gennaio<\/strong>, maggiori informazioni e materiale nella <a href=\"https:\/\/staging.diocesitn.it\/area-testimonianza\/wd-appuntamenti\/giornata-mondiale-dei-malati-di-lebbra\/\">pagina dedicata<\/a>.<\/p>\n<p style=\"text-align: right\"><a href=\"#su\">indice<\/a><\/p>\n<h2><a id=\"quar\"><\/a>Quaresima di Fraternit\u00e0<\/h2>\n<p>L\u2019iniziativa \u201c<strong>Un pane per amor di Dio<\/strong>\u201d, proposta ormai da tempo nella nostra diocesi, intende stimolare i cristiani a scelte di vita sobrie e solidali, ponendo l\u2019attenzione alle sofferenze di milioni di persone che in ogni angolo del mondo sono prive del necessario ad una vita dignitosa. Si tratta anche di riconoscere che molte forme di povert\u00e0 sono frutto di gravi ingiustizie strutturali e pertanto capire che la solidariet\u00e0 \u00e8 anche una scelta di giustizia.<\/p>\n<p>Le offerte per la Quaresima di Fraternit\u00e0, sono distribuite dal Centro Missionario in parti uguali fra tutti i missionari trentini.<\/p>\n<p><strong>Quaresima 2021<\/strong>: maggiori informazioni e materiale nella <a href=\"https:\/\/staging.diocesitn.it\/area-testimonianza\/2021\/01\/29\/materiale-per-lanimazione-della-quaresima-2021-disponibile-per-il-ritiro-dal-5-febbraio\/\">pagina dedicata<\/a>.<\/p>\n<p><strong>Quaresima 2020<\/strong>: maggiori informazioni e materiale nella <a href=\"https:\/\/staging.diocesitn.it\/area-testimonianza\/2020\/02\/05\/materiale-per-lanimazione-della-quaresima-2020-disponibile-per-il-ritiro\/\">pagina dedicata<\/a>.<\/p>\n<p style=\"text-align: right\"><a href=\"#su\">indice<\/a><\/p>\n<h2><a id=\"martiri\"><\/a>Giornata dei missionari martiri<\/h2>\n<p>Il\u00a0<strong>24 marzo<\/strong>\u00a0di ogni anno si celebra la\u00a0<a href=\"https:\/\/www.missioitalia.it\/giornata-missionaria-mondiale-2\/\" target=\"_blank\" rel=\"noopener noreferrer\"><strong>giornata di digiuno e preghiera per i missionari martiri<\/strong><\/a>.\u00a0Fu promossa nel 1993 per iniziativa del\u00a0<a href=\"https:\/\/www.missioitalia.it\/la-storia\/\" target=\"_blank\" rel=\"noopener noreferrer\">Movimento Giovanile Missionario<\/a>\u00a0delle\u00a0<a href=\"https:\/\/www.missioitalia.it\/pontificie-opere-missionarie\/\" target=\"_blank\" rel=\"noopener noreferrer\">Pontificie Opere Missionarie<\/a>. Si tratta di un\u2019occasione speciale per fare memoria dei numerosi martiri che rappresentano modelli controcorrente, scomodi ma credibili, perch\u00e9 capaci di perdere la propria vita per il Vangelo e per il bene di ogni persona.<\/p>\n<p>Il 24 marzo 1980 veniva assassinato mons. Oscar Romero, Arcivescovo di San Salvador (El Salvador). Aveva gi\u00e0 ricevuto minacce a causa delle sue posizioni in difesa dei diritti del popolo savadoregno e dei poveri. Nonostante fosse consapevole dei pericoli non cess\u00f2 di essere uomo di speranza e di fiducia. La sua morte, avvenuta nel culmine della celebrazione eucaristica, suscit\u00f2 una forte impressione. Quel giorno \u00e8 rimasto nel cuore di tutti coloro che credono che un mondo i pace e giustizia sia possibile. La data del 24 marzo \u00e8 diventala la pi\u00f9 significativa per estendere a livello universale la memoria di tutti i missionari uccisi.<\/p>\n<p><strong>La giornata<\/strong> <strong>2020<\/strong> prende il titolo <em>\u201c<strong>Innamorati e vivi<\/strong>\u201c<\/em>.\u00a0 Maggiori informazioni e materiale nella <a href=\"https:\/\/staging.diocesitn.it\/area-testimonianza\/2020\/03\/06\/giornata-dei-missionari-martiri\/\" target=\"_blank\" rel=\"noopener noreferrer\">pagina dedicata<\/a>.<\/p>\n<p style=\"text-align: right\"><a href=\"#su\">indice<\/a><\/p>\n<h2><a id=\"rt\"><\/a>Religion Today Filmfestival<\/h2>\n<p>Dal 2018 l&#8217;Arcidiocesi collabora (soprattutto attraverso il Centro Missionario) alla realizzazione della rassegna cinematografica <a href=\"http:\/\/www.religionfilm.com\/it\" target=\"_blank\" rel=\"noopener noreferrer\">Religion Today Filmfestival<\/a>. \u00a0Nato nel 1997 come primo festival internazionale e itinerante di cinema delle religioni per una cultura della pace e del dialogo tra persone, popoli, fedi e culture.<\/p>\n<p>L&#8217;evento ha luogo in autunno, la maggior parte degli eventi si tengono a Trento.<\/p>\n<p><a href=\"https:\/\/staging.diocesitn.it\/site\/religion-today-film-festival-edizione-dedicata-allambiente-con-85-pellicole-a-concorso-e-grande-copertura-mediatica\/\"><strong>2020<\/strong>, 23-30 settembre. Tema &#8220;<em>Earth I care. Custodi della terra&#8221;<\/em><\/a>.<\/p>\n<p><a href=\"https:\/\/staging.diocesitn.it\/site\/tema-missione-al-centro-del-22-religion-today-film-festival-al-via-il-4-ottobre\/\"><strong>2019<\/strong>, 2-10 ottobre. Tema &#8220;<em>Missione<\/em>&#8220;<\/a>.<\/p>\n<p><a href=\"https:\/\/staging.diocesitn.it\/area-testimonianza\/2018\/09\/07\/religion-today-film-festival\/\"><strong>2018<\/strong>, 4-11 ottobre. Tema &#8220;<em>Nuove generazioni<\/em>&#8220;<\/a>.<\/p>\n<p style=\"text-align: right\"><a href=\"#su\">indice<\/a><\/p>\n<h2><a id=\"ott\"><\/a>Ottobre missionario<\/h2>\n<p>Ottobre \u00e8 il mese tradizionalmente dedicato all&#8217;attenzione missionaria.<\/p>\n<p>La penultima domenica del mese si celebra la giornata missionaria mondiale. Le offerte raccolte durante le celebrazioni vengono inviate alle <a href=\"https:\/\/www.ppoomm.va\/it.html\" target=\"_blank\" rel=\"noopener noreferrer\">Pontificie Opere Missionarie<\/a>, l&#8217;organismo principale della Chiesa cattolica per aiutare i missionari e le giovani Chiese nell&#8217;annuncio del Vangelo e nella testimonianza di carit\u00e0.<\/p>\n<p><strong>2020<\/strong>: il tema di quest&#8217;anno \u00e8 &#8220;<em>Tessitori di fraternit\u00e0<\/em>&#8220;. <span style=\"font-size: inherit\">Maggiori informazioni alla <a href=\"https:\/\/staging.diocesitn.it\/area-testimonianza\/2020\/09\/09\/ottobre-missionario-2020\/\">pagina dedicata<\/a>.<\/span><\/p>\n<p><strong>2019<\/strong>: <strong>ottobre missionario straordinario<\/strong> <span style=\"font-size: inherit\"> con il tema <\/span><span style=\"font-size: inherit\">\u201c<em>Battezzati e inviati: la Chiesa di Cristo in missione nel mondo<\/em>\u201d. Maggiori informazioni alla <a href=\"https:\/\/staging.diocesitn.it\/area-testimonianza\/centro-missionario-diocesano\/ottobre-missionario-straordinario-e-sinodo-per-lamazzonia\/\">pagina dedicata<\/a>.<\/span><\/p>\n<p style=\"text-align: right\"><a href=\"#su\">indice<\/a><\/p>\n<h2><a id=\"cantori\"><\/a>Cantori della stella<\/h2>\n<p>Quella dei Cantori della Stella \u00e8 una tradizione natalizia diffusa in vari paesi. A Natale ciascuno \u00e8 invitato a compiere il cammino di Maria, Giuseppe, dei pastori e dei magi: andare a vedere, nutrire occhi e orecchie con la Parola, ad avere il coraggio di credere e muoversi con il cuore. Siamo tutti invitati a contemplare il \u201cDio con noi\u201d per essere missionari che annunciano la Parola fatta carne ed essere cos\u00ec al servizio della speranza.<\/p>\n<p>La consuetudine \u00e8 oggi collegata alle iniziative del settore d&#8217;animazione dell&#8217;<a href=\"https:\/\/www.missioitalia.it\/category\/conoscere\/ragazzi\/\" target=\"_blank\" rel=\"noopener noreferrer\">infanzia missionaria della fondazione Missio<\/a>.<\/p>\n<p>Il <strong>27 dicembre<\/strong> solitamente si celebra il mandato.<\/p>\n<p><strong><a href=\"https:\/\/staging.diocesitn.it\/site\/cantori-della-stella-4\/\">2020<\/a><\/strong>: la proposta adattata al tempo di pandemia.<\/p>\n<p><strong><a href=\"https:\/\/staging.diocesitn.it\/area-testimonianza\/2019\/11\/12\/cantori-della-stella-3\/\">2019<\/a><\/strong>: preparazione e informazioni.<\/p>\n<p style=\"text-align: right\"><a href=\"#su\">indice<\/a><\/p>\n","protected":false},"excerpt":{"rendered":"<p>Infanzia missionaria Giornata mondiale dei ragazzi missionari,\u00a0 6 gennaio Cantori della stella, 27 dicembre Giornata mondiale dei malati di Lebbra (ultima domenica di gennaio) Quaresima di Fraternit\u00e0 Giornata dei Missionari Martiri, 24 marzo Religion Today<\/p>\n","protected":false},"author":161,"featured_media":8700,"parent":6036,"menu_order":0,"comment_status":"closed","ping_status":"closed","template":"","meta":{"footnotes":""},"class_list":["post-6245","page","type-page","status-publish","has-post-thumbnail","hentry"],"acf":{"seed-localization-paese-cod":"IT","seed-localization-address":"","seed-localization-citta":"Trento","seed-localization-regione-cod-istat":"04","seed-localization-citta-cod-istat":"022205","seed-localization-localita":"","seed-localization-cap":"","seed-localization-marker-visibility":false,"seed-localization-children-visibility":false,"seed-localization-kml":"","seed-localization-custom-marker":""},"yoast_head":"<!-- This site is optimized with the Yoast SEO plugin v22.2 - https:\/\/yoast.com\/wordpress\/plugins\/seo\/ -->\n<title>Appuntamenti missionari - Testimonianza e Impegno sociale<\/title>\n<meta name=\"robots\" content=\"index, follow, max-snippet:-1, max-image-preview:large, max-video-preview:-1\" \/>\n<link rel=\"canonical\" href=\"https:\/\/staging.diocesitn.it\/area-testimonianza\/centro-missionario-diocesano\/appuntamenti-missionari\/\" \/>\n<meta property=\"og:locale\" content=\"it_IT\" \/>\n<meta property=\"og:type\" content=\"article\" \/>\n<meta property=\"og:title\" content=\"Appuntamenti missionari - Testimonianza e Impegno sociale\" \/>\n<meta property=\"og:description\" content=\"Infanzia missionaria Giornata mondiale dei ragazzi missionari,\u00a0 6 gennaio Cantori della stella, 27 dicembre Giornata mondiale dei malati di Lebbra (ultima domenica di gennaio) Quaresima di Fraternit\u00e0 Giornata dei Missionari Martiri, 24 marzo Religion Today\" \/>\n<meta property=\"og:url\" content=\"https:\/\/staging.diocesitn.it\/area-testimonianza\/centro-missionario-diocesano\/appuntamenti-missionari\/\" \/>\n<meta property=\"og:site_name\" content=\"Testimonianza e Impegno sociale\" \/>\n<meta property=\"article:modified_time\" content=\"2021-02-10T09:40:29+00:00\" \/>\n<meta property=\"og:image\" content=\"https:\/\/staging.diocesitn.it\/area-testimonianza\/wp-content\/uploads\/sites\/37\/2021\/01\/appuntamento.jpg\" \/>\n\t<meta property=\"og:image:width\" content=\"1920\" \/>\n\t<meta property=\"og:image:height\" content=\"1280\" \/>\n\t<meta property=\"og:image:type\" content=\"image\/jpeg\" \/>\n<meta name=\"twitter:card\" content=\"summary_large_image\" \/>\n<meta name=\"twitter:label1\" content=\"Tempo di lettura stimato\" \/>\n\t<meta name=\"twitter:data1\" content=\"4 minuti\" \/>\n<script type=\"application\/ld+json\" class=\"yoast-schema-graph\">{\"@context\":\"https:\/\/schema.org\",\"@graph\":[{\"@type\":\"WebPage\",\"@id\":\"https:\/\/staging.diocesitn.it\/area-testimonianza\/centro-missionario-diocesano\/appuntamenti-missionari\/\",\"url\":\"https:\/\/staging.diocesitn.it\/area-testimonianza\/centro-missionario-diocesano\/appuntamenti-missionari\/\",\"name\":\"Appuntamenti missionari - Testimonianza e Impegno sociale\",\"isPartOf\":{\"@id\":\"https:\/\/staging.diocesitn.it\/area-testimonianza\/#website\"},\"primaryImageOfPage\":{\"@id\":\"https:\/\/staging.diocesitn.it\/area-testimonianza\/centro-missionario-diocesano\/appuntamenti-missionari\/#primaryimage\"},\"image\":{\"@id\":\"https:\/\/staging.diocesitn.it\/area-testimonianza\/centro-missionario-diocesano\/appuntamenti-missionari\/#primaryimage\"},\"thumbnailUrl\":\"https:\/\/staging.diocesitn.it\/area-testimonianza\/wp-content\/uploads\/sites\/37\/2021\/01\/appuntamento.jpg\",\"datePublished\":\"2019-05-31T10:18:35+00:00\",\"dateModified\":\"2021-02-10T09:40:29+00:00\",\"breadcrumb\":{\"@id\":\"https:\/\/staging.diocesitn.it\/area-testimonianza\/centro-missionario-diocesano\/appuntamenti-missionari\/#breadcrumb\"},\"inLanguage\":\"it-IT\",\"potentialAction\":[{\"@type\":\"ReadAction\",\"target\":[\"https:\/\/staging.diocesitn.it\/area-testimonianza\/centro-missionario-diocesano\/appuntamenti-missionari\/\"]}]},{\"@type\":\"ImageObject\",\"inLanguage\":\"it-IT\",\"@id\":\"https:\/\/staging.diocesitn.it\/area-testimonianza\/centro-missionario-diocesano\/appuntamenti-missionari\/#primaryimage\",\"url\":\"https:\/\/staging.diocesitn.it\/area-testimonianza\/wp-content\/uploads\/sites\/37\/2021\/01\/appuntamento.jpg\",\"contentUrl\":\"https:\/\/staging.diocesitn.it\/area-testimonianza\/wp-content\/uploads\/sites\/37\/2021\/01\/appuntamento.jpg\",\"width\":1920,\"height\":1280},{\"@type\":\"BreadcrumbList\",\"@id\":\"https:\/\/staging.diocesitn.it\/area-testimonianza\/centro-missionario-diocesano\/appuntamenti-missionari\/#breadcrumb\",\"itemListElement\":[{\"@type\":\"ListItem\",\"position\":1,\"name\":\"Home\",\"item\":\"https:\/\/staging.diocesitn.it\/area-testimonianza\/\"},{\"@type\":\"ListItem\",\"position\":2,\"name\":\"Centro Missionario Diocesano\",\"item\":\"https:\/\/staging.diocesitn.it\/area-testimonianza\/centro-missionario-diocesano\/\"},{\"@type\":\"ListItem\",\"position\":3,\"name\":\"Appuntamenti missionari\"}]},{\"@type\":\"WebSite\",\"@id\":\"https:\/\/staging.diocesitn.it\/area-testimonianza\/#website\",\"url\":\"https:\/\/staging.diocesitn.it\/area-testimonianza\/\",\"name\":\"Testimonianza e Impegno sociale\",\"description\":\"Chiesa di Trento\",\"publisher\":{\"@id\":\"https:\/\/staging.diocesitn.it\/area-testimonianza\/#organization\"},\"potentialAction\":[{\"@type\":\"SearchAction\",\"target\":{\"@type\":\"EntryPoint\",\"urlTemplate\":\"https:\/\/staging.diocesitn.it\/area-testimonianza\/?s={search_term_string}\"},\"query-input\":\"required name=search_term_string\"}],\"inLanguage\":\"it-IT\"},{\"@type\":\"Organization\",\"@id\":\"https:\/\/staging.diocesitn.it\/area-testimonianza\/#organization\",\"name\":\"Area Testimonianza e Impegno Sociale - Chiesa di Trento\",\"url\":\"https:\/\/staging.diocesitn.it\/area-testimonianza\/\",\"logo\":{\"@type\":\"ImageObject\",\"inLanguage\":\"it-IT\",\"@id\":\"https:\/\/staging.diocesitn.it\/area-testimonianza\/#\/schema\/logo\/image\/\",\"url\":\"https:\/\/staging.diocesitn.it\/area-testimonianza\/wp-content\/uploads\/sites\/37\/2021\/09\/og-logo-testimonianza-e-impegno-sociale.jpg\",\"contentUrl\":\"https:\/\/staging.diocesitn.it\/area-testimonianza\/wp-content\/uploads\/sites\/37\/2021\/09\/og-logo-testimonianza-e-impegno-sociale.jpg\",\"width\":1200,\"height\":630,\"caption\":\"Area Testimonianza e Impegno Sociale - Chiesa di Trento\"},\"image\":{\"@id\":\"https:\/\/staging.diocesitn.it\/area-testimonianza\/#\/schema\/logo\/image\/\"}}]}<\/script>\n<!-- \/ Yoast SEO plugin. -->","yoast_head_json":{"title":"Appuntamenti missionari - Testimonianza e Impegno sociale","robots":{"index":"index","follow":"follow","max-snippet":"max-snippet:-1","max-image-preview":"max-image-preview:large","max-video-preview":"max-video-preview:-1"},"canonical":"https:\/\/staging.diocesitn.it\/area-testimonianza\/centro-missionario-diocesano\/appuntamenti-missionari\/","og_locale":"it_IT","og_type":"article","og_title":"Appuntamenti missionari - Testimonianza e Impegno sociale","og_description":"Infanzia missionaria Giornata mondiale dei ragazzi missionari,\u00a0 6 gennaio Cantori della stella, 27 dicembre Giornata mondiale dei malati di Lebbra (ultima domenica di gennaio) Quaresima di Fraternit\u00e0 Giornata dei Missionari Martiri, 24 marzo Religion Today","og_url":"https:\/\/staging.diocesitn.it\/area-testimonianza\/centro-missionario-diocesano\/appuntamenti-missionari\/","og_site_name":"Testimonianza e Impegno sociale","article_modified_time":"2021-02-10T09:40:29+00:00","og_image":[{"width":1920,"height":1280,"url":"https:\/\/staging.diocesitn.it\/area-testimonianza\/wp-content\/uploads\/sites\/37\/2021\/01\/appuntamento.jpg","type":"image\/jpeg"}],"twitter_card":"summary_large_image","twitter_misc":{"Tempo di lettura stimato":"4 minuti"},"schema":{"@context":"https:\/\/schema.org","@graph":[{"@type":"WebPage","@id":"https:\/\/staging.diocesitn.it\/area-testimonianza\/centro-missionario-diocesano\/appuntamenti-missionari\/","url":"https:\/\/staging.diocesitn.it\/area-testimonianza\/centro-missionario-diocesano\/appuntamenti-missionari\/","name":"Appuntamenti missionari - Testimonianza e Impegno sociale","isPartOf":{"@id":"https:\/\/staging.diocesitn.it\/area-testimonianza\/#website"},"primaryImageOfPage":{"@id":"https:\/\/staging.diocesitn.it\/area-testimonianza\/centro-missionario-diocesano\/appuntamenti-missionari\/#primaryimage"},"image":{"@id":"https:\/\/staging.diocesitn.it\/area-testimonianza\/centro-missionario-diocesano\/appuntamenti-missionari\/#primaryimage"},"thumbnailUrl":"https:\/\/staging.diocesitn.it\/area-testimonianza\/wp-content\/uploads\/sites\/37\/2021\/01\/appuntamento.jpg","datePublished":"2019-05-31T10:18:35+00:00","dateModified":"2021-02-10T09:40:29+00:00","breadcrumb":{"@id":"https:\/\/staging.diocesitn.it\/area-testimonianza\/centro-missionario-diocesano\/appuntamenti-missionari\/#breadcrumb"},"inLanguage":"it-IT","potentialAction":[{"@type":"ReadAction","target":["https:\/\/staging.diocesitn.it\/area-testimonianza\/centro-missionario-diocesano\/appuntamenti-missionari\/"]}]},{"@type":"ImageObject","inLanguage":"it-IT","@id":"https:\/\/staging.diocesitn.it\/area-testimonianza\/centro-missionario-diocesano\/appuntamenti-missionari\/#primaryimage","url":"https:\/\/staging.diocesitn.it\/area-testimonianza\/wp-content\/uploads\/sites\/37\/2021\/01\/appuntamento.jpg","contentUrl":"https:\/\/staging.diocesitn.it\/area-testimonianza\/wp-content\/uploads\/sites\/37\/2021\/01\/appuntamento.jpg","width":1920,"height":1280},{"@type":"BreadcrumbList","@id":"https:\/\/staging.diocesitn.it\/area-testimonianza\/centro-missionario-diocesano\/appuntamenti-missionari\/#breadcrumb","itemListElement":[{"@type":"ListItem","position":1,"name":"Home","item":"https:\/\/staging.diocesitn.it\/area-testimonianza\/"},{"@type":"ListItem","position":2,"name":"Centro Missionario Diocesano","item":"https:\/\/staging.diocesitn.it\/area-testimonianza\/centro-missionario-diocesano\/"},{"@type":"ListItem","position":3,"name":"Appuntamenti missionari"}]},{"@type":"WebSite","@id":"https:\/\/staging.diocesitn.it\/area-testimonianza\/#website","url":"https:\/\/staging.diocesitn.it\/area-testimonianza\/","name":"Testimonianza e Impegno sociale","description":"Chiesa di Trento","publisher":{"@id":"https:\/\/staging.diocesitn.it\/area-testimonianza\/#organization"},"potentialAction":[{"@type":"SearchAction","target":{"@type":"EntryPoint","urlTemplate":"https:\/\/staging.diocesitn.it\/area-testimonianza\/?s={search_term_string}"},"query-input":"required name=search_term_string"}],"inLanguage":"it-IT"},{"@type":"Organization","@id":"https:\/\/staging.diocesitn.it\/area-testimonianza\/#organization","name":"Area Testimonianza e Impegno Sociale - Chiesa di Trento","url":"https:\/\/staging.diocesitn.it\/area-testimonianza\/","logo":{"@type":"ImageObject","inLanguage":"it-IT","@id":"https:\/\/staging.diocesitn.it\/area-testimonianza\/#\/schema\/logo\/image\/","url":"https:\/\/staging.diocesitn.it\/area-testimonianza\/wp-content\/uploads\/sites\/37\/2021\/09\/og-logo-testimonianza-e-impegno-sociale.jpg","contentUrl":"https:\/\/staging.diocesitn.it\/area-testimonianza\/wp-content\/uploads\/sites\/37\/2021\/09\/og-logo-testimonianza-e-impegno-sociale.jpg","width":1200,"height":630,"caption":"Area Testimonianza e Impegno Sociale - Chiesa di Trento"},"image":{"@id":"https:\/\/staging.diocesitn.it\/area-testimonianza\/#\/schema\/logo\/image\/"}}]}},"_links":{"self":[{"href":"https:\/\/staging.diocesitn.it\/area-testimonianza\/wp-json\/wp\/v2\/pages\/6245","targetHints":{"allow":["GET"]}}],"collection":[{"href":"https:\/\/staging.diocesitn.it\/area-testimonianza\/wp-json\/wp\/v2\/pages"}],"about":[{"href":"https:\/\/staging.diocesitn.it\/area-testimonianza\/wp-json\/wp\/v2\/types\/page"}],"author":[{"embeddable":true,"href":"https:\/\/staging.diocesitn.it\/area-testimonianza\/wp-json\/wp\/v2\/users\/161"}],"replies":[{"embeddable":true,"href":"https:\/\/staging.diocesitn.it\/area-testimonianza\/wp-json\/wp\/v2\/comments?post=6245"}],"version-history":[{"count":3,"href":"https:\/\/staging.diocesitn.it\/area-testimonianza\/wp-json\/wp\/v2\/pages\/6245\/revisions"}],"predecessor-version":[{"id":8981,"href":"https:\/\/staging.diocesitn.it\/area-testimonianza\/wp-json\/wp\/v2\/pages\/6245\/revisions\/8981"}],"up":[{"embeddable":true,"href":"https:\/\/staging.diocesitn.it\/area-testimonianza\/wp-json\/wp\/v2\/pages\/6036"}],"wp:featuredmedia":[{"embeddable":true,"href":"https:\/\/staging.diocesitn.it\/area-testimonianza\/wp-json\/wp\/v2\/media\/8700"}],"wp:attachment":[{"href":"https:\/\/staging.diocesitn.it\/area-testimonianza\/wp-json\/wp\/v2\/media?parent=6245"}],"curies":[{"name":"wp","href":"https:\/\/api.w.org\/{rel}","templated":true}]}}