{"id":6361,"date":"2019-06-07T12:01:22","date_gmt":"2019-06-07T10:01:22","guid":{"rendered":"https:\/\/staging.diocesitn.it\/area-testimonianza\/?page_id=6361"},"modified":"2021-06-11T11:10:13","modified_gmt":"2021-06-11T09:10:13","slug":"raccolta-abiti-usati","status":"publish","type":"page","link":"https:\/\/staging.diocesitn.it\/area-testimonianza\/raccolta-abiti-usati\/","title":{"rendered":"Raccolta abiti usati"},"content":{"rendered":"<p><strong>Raccolta del vestiario Caritas\u00a0<\/strong><\/p>\n<p>&nbsp;<\/p>\n<p><a href=\"http:\/\/staging.diocesitn.it\/area-testimonianza\/2016\/08\/25\/raccolta-indumenti\/dsc00833\/\" rel=\"attachment wp-att-1263\"><img loading=\"lazy\" decoding=\"async\" class=\"wp-image-1263 alignleft\" src=\"https:\/\/staging.diocesitn.it\/area-testimonianza\/wp-content\/uploads\/sites\/5\/2016\/08\/DSC00833-1024x768.jpg\" alt=\"\" width=\"435\" height=\"326\" srcset=\"https:\/\/staging.diocesitn.it\/area-testimonianza\/wp-content\/uploads\/sites\/37\/2016\/08\/DSC00833-1024x768.jpg 1024w, https:\/\/staging.diocesitn.it\/area-testimonianza\/wp-content\/uploads\/sites\/37\/2016\/08\/DSC00833-300x225.jpg 300w, https:\/\/staging.diocesitn.it\/area-testimonianza\/wp-content\/uploads\/sites\/37\/2016\/08\/DSC00833-768x576.jpg 768w, https:\/\/staging.diocesitn.it\/area-testimonianza\/wp-content\/uploads\/sites\/37\/2016\/08\/DSC00833-360x270.jpg 360w, https:\/\/staging.diocesitn.it\/area-testimonianza\/wp-content\/uploads\/sites\/37\/2016\/08\/DSC00833-600x450.jpg 600w, https:\/\/staging.diocesitn.it\/area-testimonianza\/wp-content\/uploads\/sites\/37\/2016\/08\/DSC00833-800x600.jpg 800w, https:\/\/staging.diocesitn.it\/area-testimonianza\/wp-content\/uploads\/sites\/37\/2016\/08\/DSC00833-1200x900.jpg 1200w\" sizes=\"auto, (max-width: 435px) 100vw, 435px\" \/><\/a><\/p>\n<p>Fin dagli anni \u201980 la Caritas di Trento raccoglie dai cittadini abiti usati al fine di riutilizzarli a favore di chi \u00e8 in difficolt\u00e0. Questo servizio, che esprime un&#8217;attenzione alla persona, all\u2019ambiente e al riciclo, si propone di educare all&#8217;acquisto responsabile, al riutilizzo consapevole e alla dignit\u00e0 delle persone che si vogliono aiutare.<\/p>\n<p>Quanto donato viene riutilizzato e rimesso in circolo tramite tre principali canali:<\/p>\n<p><strong><a href=\"http:\/\/www.altruso.it\/\">Negozi Altr\u2019Uso<\/a> :<\/strong> dove vengono rivenduti a prezzi adeguati, con una particolare attenzione\u00a0a chi fa pi\u00f9 fatica<\/p>\n<p><strong>Emergenze:<\/strong> situazioni particolari come persone senza dimora che necessitano di\u00a0un cambio, persone in difficolt\u00e0 appena ricoverate o dimesse dall\u2019ospedale.<\/p>\n<p><strong>Carcere:<\/strong> \u00a0per detenuti che non hanno disponibilit\u00e0 economiche o una rete all&#8217;esterno che li sostiene. In particolare per questo ambito servono T-SHIRT da UOMO e JEANS da UOMO.<\/p>\n<p><em>&#8220;Il servizio che abbiamo rinnovato e riorganizzato rientra pienamente in quel piano di promozione umana e di attenzione al senso di condivisione, proprio di ogni persona, che come Caritas abbiamo sempre voluto sostenere.<\/em><\/p>\n<p><em>Consegnare vestiti riusabili costituisce infatti un preciso atto di responsabilit\u00e0 sia per chi lo compie, attraverso la preparazione di materiali in buono stato e realmente riutilizzabili, sia per chi lo riceve, ovvero sostenendo nel concreto la dignit\u00e0 di ogni persona.<\/em><\/p>\n<p><em>Sono questi i motivi principali per cui abbiamo ritenuto importante aiutare i donatori non tanto a sbarazzarsi dell\u2019inulte quanto a vivere un\u2019azione educativa; ed \u00e8 il motivo per cui ognuno sar\u00e0 accolto da volontari che aiuteranno a visionare gli abiti per verificarne l\u2019effettiva possibilit\u00e0 di riuso.&#8221; <\/em>Alessandro Martinelli.<\/p>\n<p>COME DONARE?<\/p>\n<p><strong>VESTITI, ACCESSORI E BIANCHERIA PER LA CASA,\u00a0<\/strong><\/p>\n<p><strong>DEVONO ESSERE CONSEGNATI IN BUONO STATO, LAVATI E PIEGATI E IN MODICA QUANTIT\u00c0 (un paio di borse).<\/strong><\/p>\n<p>&nbsp;<\/p>\n<p><strong>Aggiornamento 28\/01\/2021:<\/strong><\/p>\n<p><strong>TRENTO:<\/strong><\/p>\n<p><strong>Il magazzino raccolta vestiario di via Giusti 11<\/strong>\u00a0aprir\u00e0 al pubblico\u00a0<em><strong>solamente su appuntamento telefonico\u00a0<\/strong><\/em>nelle giornate di:<\/p>\n<p><strong>Marted\u00ec<\/strong>\u00a0dalle 09.00 alle 12.00 e dalle 14.30 alle 17.30<\/p>\n<p><strong>Gioved\u00ec<\/strong>\u00a0dalle 14.30 alle 17.30<\/p>\n<p>Le prenotazioni possono essere effettuate al numero 0461\/935092 dal marted\u00ec al venerd\u00ec con orario 09.00-12.00, saranno consentiti 5 appuntamenti all\u2019ora.<\/p>\n<p>\u00c8 consentito l\u2019accesso di 1 persona alla volta; l\u2019eventuale attesa prima dell\u2019accesso dovr\u00e0 avvenire all\u2019interno del proprio mezzo, o nell\u2019area antistante il magazzino.<\/p>\n<p>Gli utenti debbono essere sempre dotati di mascherina e guanti (di loro propriet\u00e0) e debbono muoversi nel rispetto delle distanze di sicurezza sia nell\u2019area del magazzino che all\u2019esterno.<\/p>\n<p>Si richiede di arrivare al magazzino con il\u00a0<em>materiale gi\u00e0 lavato e stirato<\/em>, si ricorda che \u00e8 ammesso consegnare al\u00a0<em>massimo 2 borse di vestiti<\/em>\u00a0per persona. Gli operatori o i volontari presenti si riservano comunque di non accogliere eventuali abiti danneggiati o usurati.<\/p>\n<p><strong>AVVISO IMPORTANTE:<\/strong>\u00a0Causa motivi sanitari (Covid 19) si informa che gli indumenti abbandonati all\u2019esterno del magazzino indumenti Caritas verranno automaticamente eliminati come rifiuti.<\/p>\n<p>&nbsp;<\/p>\n<p><strong>ROVERETO:<\/strong><\/p>\n<p><strong>Il magazzino raccolta vestiario di Piazza Damiano Chiesa<\/strong>\u00a08 aprir\u00e0 al pubblico\u00a0<em><strong>solamente su appuntamento telefonico<\/strong><\/em>\u00a0nelle giornate di:<\/p>\n<p>Marted\u00ec dalle 15.00 alle 18.00<\/p>\n<p>Gioved\u00ec dalle \u00a015.00 alle 18.00<\/p>\n<p>Le prenotazioni possono essere effettuate al numero 0464\/480713 dal luned\u00ec al venerd\u00ec dalle 15.00 alle 18.00, il marted\u00ec e il gioved\u00ec dalle 10.00 alle 12.00<\/p>\n<p>saranno consentiti 5 appuntamenti all\u2019ora.<\/p>\n<p>\u00c8 consentito l\u2019accesso di 1 persona alla volta; l\u2019eventuale attesa prima dell\u2019accesso dovr\u00e0 avvenire nell\u2019area antistante il magazzino.<\/p>\n<p>Gli utenti debbono essere sempre dotati di mascherina e guanti (di loro propriet\u00e0) e debbono muoversi nel rispetto delle distanze di sicurezza sia nell\u2019area del magazzino che all\u2019esterno.<\/p>\n<p>Si richiede di arrivare al magazzino con il materiale gi\u00e0\u00a0<em>lavato e stirat<\/em><em>o<\/em>, si ricorda che \u00e8 ammesso consegnare al\u00a0<em>massimo 2 borse di vestiti<\/em>\u00a0per persona. Gli operatori o i volontari presenti si riservano comunque di non accogliere eventuali abiti danneggiati o usurati.<\/p>\n<p><strong>AVVISO IMPORTANTE:<\/strong>\u00a0Causa motivi sanitari (Covid 19) si informa che gli indumenti abbandonati all\u2019esterno del magazzino indumenti Caritas verranno automaticamente eliminati come rifiuti.<\/p>\n<p>&nbsp;<\/p>\n<p>&nbsp;<\/p>\n<p>Ricordiamo che la Raccolta mobili si effettua solo a Rovereto per il territorio della Vallagarina:\u00a0<a href=\"http:\/\/www.cedasrovereto.it\/cedas\/xmobili.php\">http:\/\/www.cedasrovereto.it\/cedas\/xmobili.php<\/a><\/p>\n","protected":false},"excerpt":{"rendered":"<p>Raccolta del vestiario Caritas\u00a0 &nbsp; Fin dagli anni \u201980 la Caritas di Trento raccoglie dai cittadini abiti usati al fine di riutilizzarli a favore di chi \u00e8 in difficolt\u00e0. Questo servizio, che esprime un&#8217;attenzione alla<\/p>\n","protected":false},"author":160,"featured_media":0,"parent":0,"menu_order":0,"comment_status":"closed","ping_status":"closed","template":"","meta":{"footnotes":""},"class_list":["post-6361","page","type-page","status-publish","hentry"],"acf":{"seed-localization-paese-cod":"IT","seed-localization-address":"","seed-localization-citta":"Trento","seed-localization-regione-cod-istat":"04","seed-localization-citta-cod-istat":"022205","seed-localization-localita":"","seed-localization-cap":"","seed-localization-marker-visibility":false,"seed-localization-children-visibility":false,"seed-localization-kml":"","seed-localization-custom-marker":""},"yoast_head":"<!-- This site is optimized with the Yoast SEO plugin v22.2 - https:\/\/yoast.com\/wordpress\/plugins\/seo\/ -->\n<title>Raccolta abiti usati - Testimonianza e Impegno sociale<\/title>\n<meta name=\"robots\" content=\"index, follow, max-snippet:-1, max-image-preview:large, max-video-preview:-1\" \/>\n<link rel=\"canonical\" href=\"https:\/\/staging.diocesitn.it\/area-testimonianza\/raccolta-abiti-usati\/\" \/>\n<meta property=\"og:locale\" content=\"it_IT\" \/>\n<meta property=\"og:type\" content=\"article\" \/>\n<meta property=\"og:title\" content=\"Raccolta abiti usati - Testimonianza e Impegno sociale\" \/>\n<meta property=\"og:description\" content=\"Raccolta del vestiario Caritas\u00a0 &nbsp; Fin dagli anni \u201980 la Caritas di Trento raccoglie dai cittadini abiti usati al fine di riutilizzarli a favore di chi \u00e8 in difficolt\u00e0. Questo servizio, che esprime un&#8217;attenzione alla\" \/>\n<meta property=\"og:url\" content=\"https:\/\/staging.diocesitn.it\/area-testimonianza\/raccolta-abiti-usati\/\" \/>\n<meta property=\"og:site_name\" content=\"Testimonianza e Impegno sociale\" \/>\n<meta property=\"article:modified_time\" content=\"2021-06-11T09:10:13+00:00\" \/>\n<meta property=\"og:image\" content=\"https:\/\/staging.diocesitn.it\/area-testimonianza\/wp-content\/uploads\/sites\/5\/2016\/08\/DSC00833-1024x768.jpg\" \/>\n<meta name=\"twitter:card\" content=\"summary_large_image\" \/>\n<meta name=\"twitter:label1\" content=\"Tempo di lettura stimato\" \/>\n\t<meta name=\"twitter:data1\" content=\"3 minuti\" \/>\n<script type=\"application\/ld+json\" class=\"yoast-schema-graph\">{\"@context\":\"https:\/\/schema.org\",\"@graph\":[{\"@type\":\"WebPage\",\"@id\":\"https:\/\/staging.diocesitn.it\/area-testimonianza\/raccolta-abiti-usati\/\",\"url\":\"https:\/\/staging.diocesitn.it\/area-testimonianza\/raccolta-abiti-usati\/\",\"name\":\"Raccolta abiti usati - Testimonianza e Impegno sociale\",\"isPartOf\":{\"@id\":\"https:\/\/staging.diocesitn.it\/area-testimonianza\/#website\"},\"primaryImageOfPage\":{\"@id\":\"https:\/\/staging.diocesitn.it\/area-testimonianza\/raccolta-abiti-usati\/#primaryimage\"},\"image\":{\"@id\":\"https:\/\/staging.diocesitn.it\/area-testimonianza\/raccolta-abiti-usati\/#primaryimage\"},\"thumbnailUrl\":\"https:\/\/staging.diocesitn.it\/area-testimonianza\/wp-content\/uploads\/sites\/5\/2016\/08\/DSC00833-1024x768.jpg\",\"datePublished\":\"2019-06-07T10:01:22+00:00\",\"dateModified\":\"2021-06-11T09:10:13+00:00\",\"breadcrumb\":{\"@id\":\"https:\/\/staging.diocesitn.it\/area-testimonianza\/raccolta-abiti-usati\/#breadcrumb\"},\"inLanguage\":\"it-IT\",\"potentialAction\":[{\"@type\":\"ReadAction\",\"target\":[\"https:\/\/staging.diocesitn.it\/area-testimonianza\/raccolta-abiti-usati\/\"]}]},{\"@type\":\"ImageObject\",\"inLanguage\":\"it-IT\",\"@id\":\"https:\/\/staging.diocesitn.it\/area-testimonianza\/raccolta-abiti-usati\/#primaryimage\",\"url\":\"https:\/\/staging.diocesitn.it\/area-testimonianza\/wp-content\/uploads\/sites\/5\/2016\/08\/DSC00833-1024x768.jpg\",\"contentUrl\":\"https:\/\/staging.diocesitn.it\/area-testimonianza\/wp-content\/uploads\/sites\/5\/2016\/08\/DSC00833-1024x768.jpg\"},{\"@type\":\"BreadcrumbList\",\"@id\":\"https:\/\/staging.diocesitn.it\/area-testimonianza\/raccolta-abiti-usati\/#breadcrumb\",\"itemListElement\":[{\"@type\":\"ListItem\",\"position\":1,\"name\":\"Home\",\"item\":\"https:\/\/staging.diocesitn.it\/area-testimonianza\/\"},{\"@type\":\"ListItem\",\"position\":2,\"name\":\"Raccolta abiti usati\"}]},{\"@type\":\"WebSite\",\"@id\":\"https:\/\/staging.diocesitn.it\/area-testimonianza\/#website\",\"url\":\"https:\/\/staging.diocesitn.it\/area-testimonianza\/\",\"name\":\"Testimonianza e Impegno sociale\",\"description\":\"Chiesa di Trento\",\"publisher\":{\"@id\":\"https:\/\/staging.diocesitn.it\/area-testimonianza\/#organization\"},\"potentialAction\":[{\"@type\":\"SearchAction\",\"target\":{\"@type\":\"EntryPoint\",\"urlTemplate\":\"https:\/\/staging.diocesitn.it\/area-testimonianza\/?s={search_term_string}\"},\"query-input\":\"required name=search_term_string\"}],\"inLanguage\":\"it-IT\"},{\"@type\":\"Organization\",\"@id\":\"https:\/\/staging.diocesitn.it\/area-testimonianza\/#organization\",\"name\":\"Area Testimonianza e Impegno Sociale - Chiesa di Trento\",\"url\":\"https:\/\/staging.diocesitn.it\/area-testimonianza\/\",\"logo\":{\"@type\":\"ImageObject\",\"inLanguage\":\"it-IT\",\"@id\":\"https:\/\/staging.diocesitn.it\/area-testimonianza\/#\/schema\/logo\/image\/\",\"url\":\"https:\/\/staging.diocesitn.it\/area-testimonianza\/wp-content\/uploads\/sites\/37\/2021\/09\/og-logo-testimonianza-e-impegno-sociale.jpg\",\"contentUrl\":\"https:\/\/staging.diocesitn.it\/area-testimonianza\/wp-content\/uploads\/sites\/37\/2021\/09\/og-logo-testimonianza-e-impegno-sociale.jpg\",\"width\":1200,\"height\":630,\"caption\":\"Area Testimonianza e Impegno Sociale - Chiesa di Trento\"},\"image\":{\"@id\":\"https:\/\/staging.diocesitn.it\/area-testimonianza\/#\/schema\/logo\/image\/\"}}]}<\/script>\n<!-- \/ Yoast SEO plugin. -->","yoast_head_json":{"title":"Raccolta abiti usati - Testimonianza e Impegno sociale","robots":{"index":"index","follow":"follow","max-snippet":"max-snippet:-1","max-image-preview":"max-image-preview:large","max-video-preview":"max-video-preview:-1"},"canonical":"https:\/\/staging.diocesitn.it\/area-testimonianza\/raccolta-abiti-usati\/","og_locale":"it_IT","og_type":"article","og_title":"Raccolta abiti usati - Testimonianza e Impegno sociale","og_description":"Raccolta del vestiario Caritas\u00a0 &nbsp; Fin dagli anni \u201980 la Caritas di Trento raccoglie dai cittadini abiti usati al fine di riutilizzarli a favore di chi \u00e8 in difficolt\u00e0. Questo servizio, che esprime un&#8217;attenzione alla","og_url":"https:\/\/staging.diocesitn.it\/area-testimonianza\/raccolta-abiti-usati\/","og_site_name":"Testimonianza e Impegno sociale","article_modified_time":"2021-06-11T09:10:13+00:00","og_image":[{"url":"https:\/\/staging.diocesitn.it\/area-testimonianza\/wp-content\/uploads\/sites\/5\/2016\/08\/DSC00833-1024x768.jpg"}],"twitter_card":"summary_large_image","twitter_misc":{"Tempo di lettura stimato":"3 minuti"},"schema":{"@context":"https:\/\/schema.org","@graph":[{"@type":"WebPage","@id":"https:\/\/staging.diocesitn.it\/area-testimonianza\/raccolta-abiti-usati\/","url":"https:\/\/staging.diocesitn.it\/area-testimonianza\/raccolta-abiti-usati\/","name":"Raccolta abiti usati - Testimonianza e Impegno sociale","isPartOf":{"@id":"https:\/\/staging.diocesitn.it\/area-testimonianza\/#website"},"primaryImageOfPage":{"@id":"https:\/\/staging.diocesitn.it\/area-testimonianza\/raccolta-abiti-usati\/#primaryimage"},"image":{"@id":"https:\/\/staging.diocesitn.it\/area-testimonianza\/raccolta-abiti-usati\/#primaryimage"},"thumbnailUrl":"https:\/\/staging.diocesitn.it\/area-testimonianza\/wp-content\/uploads\/sites\/5\/2016\/08\/DSC00833-1024x768.jpg","datePublished":"2019-06-07T10:01:22+00:00","dateModified":"2021-06-11T09:10:13+00:00","breadcrumb":{"@id":"https:\/\/staging.diocesitn.it\/area-testimonianza\/raccolta-abiti-usati\/#breadcrumb"},"inLanguage":"it-IT","potentialAction":[{"@type":"ReadAction","target":["https:\/\/staging.diocesitn.it\/area-testimonianza\/raccolta-abiti-usati\/"]}]},{"@type":"ImageObject","inLanguage":"it-IT","@id":"https:\/\/staging.diocesitn.it\/area-testimonianza\/raccolta-abiti-usati\/#primaryimage","url":"https:\/\/staging.diocesitn.it\/area-testimonianza\/wp-content\/uploads\/sites\/5\/2016\/08\/DSC00833-1024x768.jpg","contentUrl":"https:\/\/staging.diocesitn.it\/area-testimonianza\/wp-content\/uploads\/sites\/5\/2016\/08\/DSC00833-1024x768.jpg"},{"@type":"BreadcrumbList","@id":"https:\/\/staging.diocesitn.it\/area-testimonianza\/raccolta-abiti-usati\/#breadcrumb","itemListElement":[{"@type":"ListItem","position":1,"name":"Home","item":"https:\/\/staging.diocesitn.it\/area-testimonianza\/"},{"@type":"ListItem","position":2,"name":"Raccolta abiti usati"}]},{"@type":"WebSite","@id":"https:\/\/staging.diocesitn.it\/area-testimonianza\/#website","url":"https:\/\/staging.diocesitn.it\/area-testimonianza\/","name":"Testimonianza e Impegno sociale","description":"Chiesa di Trento","publisher":{"@id":"https:\/\/staging.diocesitn.it\/area-testimonianza\/#organization"},"potentialAction":[{"@type":"SearchAction","target":{"@type":"EntryPoint","urlTemplate":"https:\/\/staging.diocesitn.it\/area-testimonianza\/?s={search_term_string}"},"query-input":"required name=search_term_string"}],"inLanguage":"it-IT"},{"@type":"Organization","@id":"https:\/\/staging.diocesitn.it\/area-testimonianza\/#organization","name":"Area Testimonianza e Impegno Sociale - Chiesa di Trento","url":"https:\/\/staging.diocesitn.it\/area-testimonianza\/","logo":{"@type":"ImageObject","inLanguage":"it-IT","@id":"https:\/\/staging.diocesitn.it\/area-testimonianza\/#\/schema\/logo\/image\/","url":"https:\/\/staging.diocesitn.it\/area-testimonianza\/wp-content\/uploads\/sites\/37\/2021\/09\/og-logo-testimonianza-e-impegno-sociale.jpg","contentUrl":"https:\/\/staging.diocesitn.it\/area-testimonianza\/wp-content\/uploads\/sites\/37\/2021\/09\/og-logo-testimonianza-e-impegno-sociale.jpg","width":1200,"height":630,"caption":"Area Testimonianza e Impegno Sociale - Chiesa di Trento"},"image":{"@id":"https:\/\/staging.diocesitn.it\/area-testimonianza\/#\/schema\/logo\/image\/"}}]}},"_links":{"self":[{"href":"https:\/\/staging.diocesitn.it\/area-testimonianza\/wp-json\/wp\/v2\/pages\/6361","targetHints":{"allow":["GET"]}}],"collection":[{"href":"https:\/\/staging.diocesitn.it\/area-testimonianza\/wp-json\/wp\/v2\/pages"}],"about":[{"href":"https:\/\/staging.diocesitn.it\/area-testimonianza\/wp-json\/wp\/v2\/types\/page"}],"author":[{"embeddable":true,"href":"https:\/\/staging.diocesitn.it\/area-testimonianza\/wp-json\/wp\/v2\/users\/160"}],"replies":[{"embeddable":true,"href":"https:\/\/staging.diocesitn.it\/area-testimonianza\/wp-json\/wp\/v2\/comments?post=6361"}],"version-history":[{"count":4,"href":"https:\/\/staging.diocesitn.it\/area-testimonianza\/wp-json\/wp\/v2\/pages\/6361\/revisions"}],"predecessor-version":[{"id":9496,"href":"https:\/\/staging.diocesitn.it\/area-testimonianza\/wp-json\/wp\/v2\/pages\/6361\/revisions\/9496"}],"wp:attachment":[{"href":"https:\/\/staging.diocesitn.it\/area-testimonianza\/wp-json\/wp\/v2\/media?parent=6361"}],"curies":[{"name":"wp","href":"https:\/\/api.w.org\/{rel}","templated":true}]}}