{"id":9266,"date":"2021-05-11T11:21:49","date_gmt":"2021-05-11T09:21:49","guid":{"rendered":"https:\/\/staging.diocesitn.it\/area-testimonianza\/?page_id=9266"},"modified":"2021-05-24T11:43:51","modified_gmt":"2021-05-24T09:43:51","slug":"domande-frequenti","status":"publish","type":"page","link":"https:\/\/staging.diocesitn.it\/area-testimonianza\/domande-frequenti\/","title":{"rendered":"Domande frequenti"},"content":{"rendered":"<h4><a id=\"tornasu\"><\/a>scegliere l&#8217;ambito della domanda:<\/h4>\n<ul>\n<li><a href=\"#missione\"><span style=\"color: #008000\"><strong>MISSIONE<\/strong><\/span><\/a><\/li>\n<li><a href=\"#carita\"><span style=\"color: #008000\"><strong>CARITA&#8217;<\/strong><\/span><\/a><\/li>\n<li><a href=\"#pellegrinaggi\"><span style=\"color: #008000\"><strong>PELLEGRINAGGI<\/strong><\/span><\/a><\/li>\n<\/ul>\n<p>&nbsp;<\/p>\n<h4><span style=\"color: #008000\"><strong>MISSIONE<a id=\"missione\"><\/a><\/strong><\/span><\/h4>\n<p><span style=\"color: #ff0000\"><em><strong>Come faccio a partire per la missione?<\/strong><\/em><\/span><\/p>\n<ul>\n<li>Il centro missionario Diocesano propone l\u2019 <strong>esperienza estiva in Missione<\/strong>:\u00a0un\u2019esperienza di conoscenza e di condivisione\u00a0in una realt\u00e0 del Sud del Mondo, che si vive in\u00a0gruppo\u00a0e con l\u2019aiuto di un\u00a0missionario, per cercare di relazionarsi con le persone del luogo, di comprenderne lo stile di vita, i problemi ed i motivi di gioia. <a href=\"https:\/\/staging.diocesitn.it\/area-testimonianza\/centro-missionario-diocesano\/esperienza-estiva-in-missione\/\">Maggiori dettagli qui<\/a>.<\/li>\n<li>Per chi \u00e8 interessato a partire come <strong>volontario internazionale<\/strong> si rimanda al sito del nostro partner <a href=\"https:\/\/www.accri.it\/\" target=\"_blank\" rel=\"noopener noreferrer\">ACCRI: Associazione Cristiana di Cooperazione Internazionale<\/a>.<\/li>\n<\/ul>\n<p>&nbsp;<\/p>\n<p><strong><span style=\"color: #ff0000\"><em>Si possono detrarre le offerte devolute al Centro Missionario Diocesano?<\/em><\/span><\/strong><\/p>\n<p>Sono detraibili solo le offerte versate sul conto ONLUS dell&#8217;Opera Diocesana per la Pastorale Missionaria.<\/p>\n<p><a href=\"#tornasu\">torna su \u2191<\/a><\/p>\n<p>&nbsp;<\/p>\n<h4><span style=\"color: #008000\"><b>CARITA&#8217;<a id=\"carita\"><\/a><\/b><\/span><\/h4>\n<p><span style=\"color: #ff0000\"><strong><em>La Caritas raccoglie indumenti usati?<\/em><\/strong><\/span><\/p>\n<p>Si, in via Giusti 11a Trento si raccolgono indumenti usati in buono stato, lavati e stirati, cos\u00ec come lenzuola, asciugamani, scarpe. La consegna avviene solo previo appuntamento (tel. 0461 935092). La raccolta avviene anche a Rovereto in piazza Damiano Chiesa 8 sempre previo appuntamento (tel. 0464 480713).<br \/>\nNon avendo infinite capacit\u00e0 di immagazzinamento e per rispetto del lavoro dei volontari e dei destinatari, si chiede comprensione sulle indicazioni di quantit\u00e0 e qualit\u00e0.<\/p>\n<p>&nbsp;<\/p>\n<p><strong><span style=\"color: #ff0000\"><em>La Caritas raccoglie mobili e suppellettili?<\/em><\/span><\/strong><\/p>\n<p>No, la Caritas non svolge questo servizio. Ci si pu\u00f2 rivolgere al progetto <a href=\"https:\/\/www.dicasaincosa.it\/\" target=\"_blank\" rel=\"noopener noreferrer\">\u201cDi casa in cosa\u201d<\/a> a Trento in via Zara 22 (tel. 327 1908618), oppure a Rovereto al <a href=\"http:\/\/www.cedasrovereto.it\/img\/mobili_2018_vol.pdf\" target=\"_blank\" rel=\"noopener noreferrer\">\u201cServizio mobili\u201d<\/a> del Cedas (tel. 320 0146588).<\/p>\n<p>&nbsp;<\/p>\n<p><strong><span style=\"color: #ff0000\"><em>Vorrei fare una donazione alla Caritas: devo passare di persona?<\/em><\/span><\/strong><\/p>\n<p>Si pu\u00f2 passare dagli uffici Caritas in via Barbacovi 4, a Trento, oppure si pu\u00f2 usare l\u2019Iban IT 41 G035 9901 8000 0000 0081 237 &#8211; Cassa Centrale Banca Credito Cooperativo, intestando il versamento a Caritas diocesana &#8211; Arcidiocesi di Trento.<\/p>\n<p>&nbsp;<\/p>\n<p><strong><span style=\"color: #ff0000\"><em>Si possono detrarre le offerte devolute alla Caritas?<\/em><\/span><\/strong><\/p>\n<p>No, n\u00e9 la Caritas diocesana di Trento, n\u00e9 i punti Caritas locali, non essendo in possesso della forma giuridica, danno la possibilit\u00e0 di detrarre le offerte. Sono detraibili solo le donazioni devolute a Caritas Italiana che, a differenza delle Caritas diocesane, \u00e8 iscritta all\u2019anagrafe ONLUS.<\/p>\n<p>&nbsp;<\/p>\n<p><strong><em><span style=\"color: #ff0000\">Vorrei fare volontariato: a chi mi posso rivolgere?<\/span><\/em><\/strong><\/p>\n<p>In Caritas alcuni servizi sono possibili proprio grazie ai volontari. Per informazioni ci si pu\u00f2 rivolgere al coordinatore del volontariato Cristian Gatti (tel. 0461 891407) oppure ai Centri di Ascolto di Trento in via Giusti 11 (tel. 0461 261166) o di Rovereto in via Setaioli 3 (tel. 0464 423263).<\/p>\n<p>&nbsp;<\/p>\n<p><strong><span style=\"color: #ff0000\"><em>Ho incontrato una persona per strada che chiede aiuto: dove posso indirizzarla?<\/em><\/span><\/strong><\/p>\n<p>Le persone che necessitano di ascolto e di solidariet\u00e0 si possono indirizzare al Centro di Ascolto di Trento in via Giusti 11 (tel. 0461 261166) oppure al Centro di Ascolto di Rovereto in via Setaioli 3 (tel. 0464 423263).<\/p>\n<p>&nbsp;<\/p>\n<p><strong><span style=\"color: #ff0000\"><em>C\u2019\u00e8 una persona che la notte dorme sotto un balcone: cosa posso fare?<\/em><\/span><\/strong><\/p>\n<p>Le persone possono essere indirizzate al servizio di Unit\u00e0 di Strada, a Trento in via Giusti 11 (tel. 339 2410633).<\/p>\n<p>&nbsp;<\/p>\n<p><span style=\"color: #ff0000\"><strong><em>Una persona mi chiede soldi per mangiare: dove posso indirizzarla?<\/em><\/strong><\/span><\/p>\n<p>I servizi mensa a Trento offrono gratuitamente un pasto caldo a mezzogiorno presso il <a href=\"https:\/\/www.puntodincontro.trento.it\/\" target=\"_blank\" rel=\"noopener noreferrer\">Punto di Incontro<\/a>, in via Travai 1 (tel. 0461 984237) e alla sera, dalle 17.15 alle 18.30, presso la <a href=\"https:\/\/www.fraticappuccinitrento.it\/proposte-new\/mensa-della-provvidenza\/\" target=\"_blank\" rel=\"noopener noreferrer\">Mensa della Provvidenza<\/a> in piazza Cappuccini 1 (tel. 0461 985237). A Rovereto ci si pu\u00f2 rivolgere al Centro diurno del Portico, in borgo Santa Caterina 61 (tel. 0464 423144).<\/p>\n<p><a href=\"#tornasu\">torna su \u2191<\/a><\/p>\n<p>&nbsp;<\/p>\n<h4><span style=\"color: #008000\"><strong>PELLEGRINAGGI<a id=\"pellegrinaggi\"><\/a><\/strong><\/span><\/h4>\n<p><em><strong><span style=\"color: #ff0000\">Dove posso andare in pellegrinaggio con la Diocesi di Trento quest&#8217;anno, 2021?<\/span><\/strong><\/em><\/p>\n<p>Causa lo stato di emergenza Covid-19 mondiale, i pellegrinaggi diocesani per tutto il 2021 sono sospesi.<\/p>\n<p><a href=\"#tornasu\">torna su \u2191<\/a><\/p>\n","protected":false},"excerpt":{"rendered":"<p>scegliere l&#8217;ambito della domanda: MISSIONE CARITA&#8217; PELLEGRINAGGI &nbsp; MISSIONE Come faccio a partire per la missione? Il centro missionario Diocesano propone l\u2019 esperienza estiva in Missione:\u00a0un\u2019esperienza di conoscenza e di condivisione\u00a0in una realt\u00e0 del Sud<\/p>\n","protected":false},"author":4,"featured_media":0,"parent":0,"menu_order":0,"comment_status":"closed","ping_status":"closed","template":"","meta":{"footnotes":""},"class_list":["post-9266","page","type-page","status-publish","hentry"],"acf":{"seed-localization-paese-cod":"IT","seed-localization-address":"","seed-localization-citta":"Trento","seed-localization-regione-cod-istat":"04","seed-localization-citta-cod-istat":"022205","seed-localization-localita":"","seed-localization-cap":"","seed-localization-marker-visibility":false,"seed-localization-children-visibility":false,"seed-localization-kml":"","seed-localization-custom-marker":""},"yoast_head":"<!-- This site is optimized with the Yoast SEO plugin v22.2 - https:\/\/yoast.com\/wordpress\/plugins\/seo\/ -->\n<title>Domande frequenti - Testimonianza e Impegno sociale<\/title>\n<meta name=\"robots\" content=\"index, follow, max-snippet:-1, max-image-preview:large, max-video-preview:-1\" \/>\n<link rel=\"canonical\" href=\"https:\/\/staging.diocesitn.it\/area-testimonianza\/domande-frequenti\/\" \/>\n<meta property=\"og:locale\" content=\"it_IT\" \/>\n<meta property=\"og:type\" content=\"article\" \/>\n<meta property=\"og:title\" content=\"Domande frequenti - Testimonianza e Impegno sociale\" \/>\n<meta property=\"og:description\" content=\"scegliere l&#8217;ambito della domanda: MISSIONE CARITA&#8217; PELLEGRINAGGI &nbsp; MISSIONE Come faccio a partire per la missione? Il centro missionario Diocesano propone l\u2019 esperienza estiva in Missione:\u00a0un\u2019esperienza di conoscenza e di condivisione\u00a0in una realt\u00e0 del Sud\" \/>\n<meta property=\"og:url\" content=\"https:\/\/staging.diocesitn.it\/area-testimonianza\/domande-frequenti\/\" \/>\n<meta property=\"og:site_name\" content=\"Testimonianza e Impegno sociale\" \/>\n<meta property=\"article:modified_time\" content=\"2021-05-24T09:43:51+00:00\" \/>\n<meta property=\"og:image\" content=\"https:\/\/staging.diocesitn.it\/area-testimonianza\/wp-content\/uploads\/sites\/37\/2021\/09\/og-logo-testimonianza-e-impegno-sociale.jpg\" \/>\n\t<meta property=\"og:image:width\" content=\"1200\" \/>\n\t<meta property=\"og:image:height\" content=\"630\" \/>\n\t<meta property=\"og:image:type\" content=\"image\/jpeg\" \/>\n<meta name=\"twitter:card\" content=\"summary_large_image\" \/>\n<meta name=\"twitter:label1\" content=\"Tempo di lettura stimato\" \/>\n\t<meta name=\"twitter:data1\" content=\"3 minuti\" \/>\n<script type=\"application\/ld+json\" class=\"yoast-schema-graph\">{\"@context\":\"https:\/\/schema.org\",\"@graph\":[{\"@type\":\"WebPage\",\"@id\":\"https:\/\/staging.diocesitn.it\/area-testimonianza\/domande-frequenti\/\",\"url\":\"https:\/\/staging.diocesitn.it\/area-testimonianza\/domande-frequenti\/\",\"name\":\"Domande frequenti - Testimonianza e Impegno sociale\",\"isPartOf\":{\"@id\":\"https:\/\/staging.diocesitn.it\/area-testimonianza\/#website\"},\"datePublished\":\"2021-05-11T09:21:49+00:00\",\"dateModified\":\"2021-05-24T09:43:51+00:00\",\"breadcrumb\":{\"@id\":\"https:\/\/staging.diocesitn.it\/area-testimonianza\/domande-frequenti\/#breadcrumb\"},\"inLanguage\":\"it-IT\",\"potentialAction\":[{\"@type\":\"ReadAction\",\"target\":[\"https:\/\/staging.diocesitn.it\/area-testimonianza\/domande-frequenti\/\"]}]},{\"@type\":\"BreadcrumbList\",\"@id\":\"https:\/\/staging.diocesitn.it\/area-testimonianza\/domande-frequenti\/#breadcrumb\",\"itemListElement\":[{\"@type\":\"ListItem\",\"position\":1,\"name\":\"Home\",\"item\":\"https:\/\/staging.diocesitn.it\/area-testimonianza\/\"},{\"@type\":\"ListItem\",\"position\":2,\"name\":\"Domande frequenti\"}]},{\"@type\":\"WebSite\",\"@id\":\"https:\/\/staging.diocesitn.it\/area-testimonianza\/#website\",\"url\":\"https:\/\/staging.diocesitn.it\/area-testimonianza\/\",\"name\":\"Testimonianza e Impegno sociale\",\"description\":\"Chiesa di Trento\",\"publisher\":{\"@id\":\"https:\/\/staging.diocesitn.it\/area-testimonianza\/#organization\"},\"potentialAction\":[{\"@type\":\"SearchAction\",\"target\":{\"@type\":\"EntryPoint\",\"urlTemplate\":\"https:\/\/staging.diocesitn.it\/area-testimonianza\/?s={search_term_string}\"},\"query-input\":\"required name=search_term_string\"}],\"inLanguage\":\"it-IT\"},{\"@type\":\"Organization\",\"@id\":\"https:\/\/staging.diocesitn.it\/area-testimonianza\/#organization\",\"name\":\"Area Testimonianza e Impegno Sociale - Chiesa di Trento\",\"url\":\"https:\/\/staging.diocesitn.it\/area-testimonianza\/\",\"logo\":{\"@type\":\"ImageObject\",\"inLanguage\":\"it-IT\",\"@id\":\"https:\/\/staging.diocesitn.it\/area-testimonianza\/#\/schema\/logo\/image\/\",\"url\":\"https:\/\/staging.diocesitn.it\/area-testimonianza\/wp-content\/uploads\/sites\/37\/2021\/09\/og-logo-testimonianza-e-impegno-sociale.jpg\",\"contentUrl\":\"https:\/\/staging.diocesitn.it\/area-testimonianza\/wp-content\/uploads\/sites\/37\/2021\/09\/og-logo-testimonianza-e-impegno-sociale.jpg\",\"width\":1200,\"height\":630,\"caption\":\"Area Testimonianza e Impegno Sociale - Chiesa di Trento\"},\"image\":{\"@id\":\"https:\/\/staging.diocesitn.it\/area-testimonianza\/#\/schema\/logo\/image\/\"}}]}<\/script>\n<!-- \/ Yoast SEO plugin. -->","yoast_head_json":{"title":"Domande frequenti - Testimonianza e Impegno sociale","robots":{"index":"index","follow":"follow","max-snippet":"max-snippet:-1","max-image-preview":"max-image-preview:large","max-video-preview":"max-video-preview:-1"},"canonical":"https:\/\/staging.diocesitn.it\/area-testimonianza\/domande-frequenti\/","og_locale":"it_IT","og_type":"article","og_title":"Domande frequenti - Testimonianza e Impegno sociale","og_description":"scegliere l&#8217;ambito della domanda: MISSIONE CARITA&#8217; PELLEGRINAGGI &nbsp; MISSIONE Come faccio a partire per la missione? Il centro missionario Diocesano propone l\u2019 esperienza estiva in Missione:\u00a0un\u2019esperienza di conoscenza e di condivisione\u00a0in una realt\u00e0 del Sud","og_url":"https:\/\/staging.diocesitn.it\/area-testimonianza\/domande-frequenti\/","og_site_name":"Testimonianza e Impegno sociale","article_modified_time":"2021-05-24T09:43:51+00:00","og_image":[{"width":1200,"height":630,"url":"https:\/\/staging.diocesitn.it\/area-testimonianza\/wp-content\/uploads\/sites\/37\/2021\/09\/og-logo-testimonianza-e-impegno-sociale.jpg","type":"image\/jpeg"}],"twitter_card":"summary_large_image","twitter_misc":{"Tempo di lettura stimato":"3 minuti"},"schema":{"@context":"https:\/\/schema.org","@graph":[{"@type":"WebPage","@id":"https:\/\/staging.diocesitn.it\/area-testimonianza\/domande-frequenti\/","url":"https:\/\/staging.diocesitn.it\/area-testimonianza\/domande-frequenti\/","name":"Domande frequenti - Testimonianza e Impegno sociale","isPartOf":{"@id":"https:\/\/staging.diocesitn.it\/area-testimonianza\/#website"},"datePublished":"2021-05-11T09:21:49+00:00","dateModified":"2021-05-24T09:43:51+00:00","breadcrumb":{"@id":"https:\/\/staging.diocesitn.it\/area-testimonianza\/domande-frequenti\/#breadcrumb"},"inLanguage":"it-IT","potentialAction":[{"@type":"ReadAction","target":["https:\/\/staging.diocesitn.it\/area-testimonianza\/domande-frequenti\/"]}]},{"@type":"BreadcrumbList","@id":"https:\/\/staging.diocesitn.it\/area-testimonianza\/domande-frequenti\/#breadcrumb","itemListElement":[{"@type":"ListItem","position":1,"name":"Home","item":"https:\/\/staging.diocesitn.it\/area-testimonianza\/"},{"@type":"ListItem","position":2,"name":"Domande frequenti"}]},{"@type":"WebSite","@id":"https:\/\/staging.diocesitn.it\/area-testimonianza\/#website","url":"https:\/\/staging.diocesitn.it\/area-testimonianza\/","name":"Testimonianza e Impegno sociale","description":"Chiesa di Trento","publisher":{"@id":"https:\/\/staging.diocesitn.it\/area-testimonianza\/#organization"},"potentialAction":[{"@type":"SearchAction","target":{"@type":"EntryPoint","urlTemplate":"https:\/\/staging.diocesitn.it\/area-testimonianza\/?s={search_term_string}"},"query-input":"required name=search_term_string"}],"inLanguage":"it-IT"},{"@type":"Organization","@id":"https:\/\/staging.diocesitn.it\/area-testimonianza\/#organization","name":"Area Testimonianza e Impegno Sociale - Chiesa di Trento","url":"https:\/\/staging.diocesitn.it\/area-testimonianza\/","logo":{"@type":"ImageObject","inLanguage":"it-IT","@id":"https:\/\/staging.diocesitn.it\/area-testimonianza\/#\/schema\/logo\/image\/","url":"https:\/\/staging.diocesitn.it\/area-testimonianza\/wp-content\/uploads\/sites\/37\/2021\/09\/og-logo-testimonianza-e-impegno-sociale.jpg","contentUrl":"https:\/\/staging.diocesitn.it\/area-testimonianza\/wp-content\/uploads\/sites\/37\/2021\/09\/og-logo-testimonianza-e-impegno-sociale.jpg","width":1200,"height":630,"caption":"Area Testimonianza e Impegno Sociale - Chiesa di Trento"},"image":{"@id":"https:\/\/staging.diocesitn.it\/area-testimonianza\/#\/schema\/logo\/image\/"}}]}},"_links":{"self":[{"href":"https:\/\/staging.diocesitn.it\/area-testimonianza\/wp-json\/wp\/v2\/pages\/9266","targetHints":{"allow":["GET"]}}],"collection":[{"href":"https:\/\/staging.diocesitn.it\/area-testimonianza\/wp-json\/wp\/v2\/pages"}],"about":[{"href":"https:\/\/staging.diocesitn.it\/area-testimonianza\/wp-json\/wp\/v2\/types\/page"}],"author":[{"embeddable":true,"href":"https:\/\/staging.diocesitn.it\/area-testimonianza\/wp-json\/wp\/v2\/users\/4"}],"replies":[{"embeddable":true,"href":"https:\/\/staging.diocesitn.it\/area-testimonianza\/wp-json\/wp\/v2\/comments?post=9266"}],"version-history":[{"count":4,"href":"https:\/\/staging.diocesitn.it\/area-testimonianza\/wp-json\/wp\/v2\/pages\/9266\/revisions"}],"predecessor-version":[{"id":9465,"href":"https:\/\/staging.diocesitn.it\/area-testimonianza\/wp-json\/wp\/v2\/pages\/9266\/revisions\/9465"}],"wp:attachment":[{"href":"https:\/\/staging.diocesitn.it\/area-testimonianza\/wp-json\/wp\/v2\/media?parent=9266"}],"curies":[{"name":"wp","href":"https:\/\/api.w.org\/{rel}","templated":true}]}}