{"id":9390,"date":"2021-05-21T15:43:25","date_gmt":"2021-05-21T13:43:25","guid":{"rendered":"https:\/\/staging.diocesitn.it\/area-testimonianza\/?page_id=9390"},"modified":"2021-07-13T14:54:23","modified_gmt":"2021-07-13T12:54:23","slug":"strumenti-di-formazione-per-la-terza-eta","status":"publish","type":"page","link":"https:\/\/staging.diocesitn.it\/area-testimonianza\/strumenti-di-formazione-per-la-terza-eta\/","title":{"rendered":"Materiale formativo per il mondo della Terza et\u00e0"},"content":{"rendered":"<h6><strong>2021 Anno di S. Giuseppe<\/strong> &#8220;<strong><a href=\"https:\/\/www.santuariodipine.it\/in-agenda-13.html\" target=\"_blank\" rel=\"noopener noreferrer\">Un rosario particolare<\/a><\/strong>&#8220;<\/h6>\n<p>Suddiviso in 5 parti o Decine: ognuna di esse \u00e8 introdotta da due brevi brani della Lettera di Papa Francesco (se ne pu\u00f2 leggere l\u2019uno o l\u2019altro,\u00a0 oppure ambedue). Ogni decina \u00e8 fatta di sobrie invocazioni, tratte dal Vangelo, alle quali\u00a0 si risponde: \u201c<em>prega per noi<\/em>\u201d.<\/p>\n<hr \/>\n<h6>La rivista trimestrale &#8220;<strong><a href=\"https:\/\/staging.diocesitn.it\/area-testimonianza\/vivere-insieme-il-trimestrale-diocesano-per-le-persone-diversamente-giovani\/\">Vivere Insieme<\/a><\/strong>&#8221; e <a href=\"https:\/\/staging.diocesitn.it\/area-testimonianza\/2021\/05\/21\/come-abbonarsi-alla-rivista-vivere-insieme-dedicata-al-mondo-della-terza-eta\/\">come abbonarsi<\/a><\/h6>\n<p>&nbsp;<\/p>\n<hr \/>\n<p><strong>Cinque schede di formazione <em>&#8220;Alla sera della vita saremo giudicati sulla Carit\u00e0&#8221;<\/em><\/strong><\/p>\n<p><em>Per un cammino di spiritualit\u00e0 a piccoli Gruppi. Carit\u00e0 non \u00e8 l&#8217;elemosina che si d\u00e0 al mendicante; non \u00e8 il favore o il servizio che si fa ad una persona bisognosa. E&#8217; molto molto di pi\u00f9: \u00e8 l&#8217;energia d&#8217;amore propria di Dio. Questa energia Dio l&#8217;ha data anche a noi e l&#8217;abbiamo ricevuta nel Battesimo, nella Cresima e si rinnova ogni volta che partecipiamo all&#8217;Eucaristia o preghiamo con Fede viva. E&#8217; questa la carica che ci sostiene nel fare il bene o nell&#8217;aiutare chi \u00e8 in necessit\u00e0.<br \/>\n<\/em> (dalla scheda di presentazione di d. Piero Rattin)<\/p>\n<ul>\n<li><a href=\"https:\/\/staging.diocesitn.it\/area-testimonianza\/wp-content\/uploads\/sites\/37\/2021\/05\/0.-Presentazione-proposta.pdf\"><strong>Scheda di presentazione<\/strong><\/a><\/li>\n<\/ul>\n<ol>\n<li><a href=\"https:\/\/staging.diocesitn.it\/area-testimonianza\/wp-content\/uploads\/sites\/37\/2021\/05\/1.-Per-un-Primo-incontro.pdf\"><strong>Per un 1\u00b0 incontro<\/strong><\/a><\/li>\n<li><a href=\"https:\/\/staging.diocesitn.it\/area-testimonianza\/wp-content\/uploads\/sites\/37\/2021\/05\/2.-Per-un-Secondo-incontro.pdf\"><strong>Per un 2\u00b0 incontro<\/strong><\/a><\/li>\n<li><a href=\"https:\/\/staging.diocesitn.it\/area-testimonianza\/wp-content\/uploads\/sites\/37\/2021\/05\/3.-Per-un-Terzo-incontro.pdf\"><strong>Per un 3\u00b0 incontro<\/strong><\/a><\/li>\n<li><a href=\"https:\/\/staging.diocesitn.it\/area-testimonianza\/wp-content\/uploads\/sites\/37\/2021\/05\/4.-Per-un-Quarto-incontro.pdf\"><strong>Per un 4\u00b0 incontro<\/strong><\/a><\/li>\n<li><a href=\"https:\/\/staging.diocesitn.it\/area-testimonianza\/wp-content\/uploads\/sites\/37\/2021\/05\/5.-Per-un-Quinto-incontro.pdf\"><strong>Per un 5\u00b0 incontro<\/strong><\/a><\/li>\n<\/ol>\n<hr \/>\n<h6><strong>pubblicazioni di don Piero Rattin:<\/strong><\/h6>\n<p><img loading=\"lazy\" decoding=\"async\" class=\"wp-image-9429 size-medium alignleft\" src=\"https:\/\/staging.diocesitn.it\/area-testimonianza\/wp-content\/uploads\/sites\/37\/2021\/05\/Copertina-Beata-Solitudine-2020_web-174x300.jpg\" alt=\"\" width=\"174\" height=\"300\" srcset=\"https:\/\/staging.diocesitn.it\/area-testimonianza\/wp-content\/uploads\/sites\/37\/2021\/05\/Copertina-Beata-Solitudine-2020_web-174x300.jpg 174w, https:\/\/staging.diocesitn.it\/area-testimonianza\/wp-content\/uploads\/sites\/37\/2021\/05\/Copertina-Beata-Solitudine-2020_web-594x1024.jpg 594w, https:\/\/staging.diocesitn.it\/area-testimonianza\/wp-content\/uploads\/sites\/37\/2021\/05\/Copertina-Beata-Solitudine-2020_web-768x1323.jpg 768w, https:\/\/staging.diocesitn.it\/area-testimonianza\/wp-content\/uploads\/sites\/37\/2021\/05\/Copertina-Beata-Solitudine-2020_web-163x280.jpg 163w, https:\/\/staging.diocesitn.it\/area-testimonianza\/wp-content\/uploads\/sites\/37\/2021\/05\/Copertina-Beata-Solitudine-2020_web-446x768.jpg 446w, https:\/\/staging.diocesitn.it\/area-testimonianza\/wp-content\/uploads\/sites\/37\/2021\/05\/Copertina-Beata-Solitudine-2020_web-891x1536.jpg 891w, https:\/\/staging.diocesitn.it\/area-testimonianza\/wp-content\/uploads\/sites\/37\/2021\/05\/Copertina-Beata-Solitudine-2020_web-1189x2048.jpg 1189w, https:\/\/staging.diocesitn.it\/area-testimonianza\/wp-content\/uploads\/sites\/37\/2021\/05\/Copertina-Beata-Solitudine-2020_web-800x1378.jpg 800w, https:\/\/staging.diocesitn.it\/area-testimonianza\/wp-content\/uploads\/sites\/37\/2021\/05\/Copertina-Beata-Solitudine-2020_web-1200x2068.jpg 1200w, https:\/\/staging.diocesitn.it\/area-testimonianza\/wp-content\/uploads\/sites\/37\/2021\/05\/Copertina-Beata-Solitudine-2020_web.jpg 1242w\" sizes=\"auto, (max-width: 174px) 100vw, 174px\" \/><\/p>\n<p>&nbsp;<\/p>\n<p><strong>\u201cBeata solitudine, ospite insopportabile\u201d<\/strong>, di <strong>don Piero Rattin<\/strong> edito da Vita Trentina Editrice. <em>\u201cUn libro di poche pagine, ma di tanti pensieri scritti con chiarezza. Analisi molto rigorosa sul fenomeno della solitudine, con anche indicazioni su atteggiamenti, risposte, comportamenti da mettere in atto rispetto a questo ospite insopportabile, che entra nella vita delle persone senza chiedere permesso. Diviso in cinque capitoli ben scanditi ed efficaci nella sintesi, il libro potrebbero offrire anche la risposta a tante domande: perch\u00e9 la solitudine \u00e8 \u201cbeata\u201d? Perch\u00e9 si \u00e8 diffusa in modo cos\u00ec grave da creare un\u2019emergenza pubblica? Con quali atteggiamenti pu\u00f2 essere affrontata? Quali interventi amministrativi e politici possiamo invocare per prevenire prima di curare? Il tutto con un valore aggiunto: quello dello sguardo della fede\u201d.<\/em><\/p>\n<p>Info: <a href=\"https:\/\/www.vitatrentina.it\/\" target=\"_blank\" rel=\"noopener noreferrer\">Vita Trentina<\/a> (tel. 0461 272666)<\/p>\n<p>&nbsp;<\/p>\n<p>&nbsp;<\/p>\n<p>&nbsp;<\/p>\n<p><img loading=\"lazy\" decoding=\"async\" class=\"wp-image-9432 size-medium alignleft\" src=\"https:\/\/staging.diocesitn.it\/area-testimonianza\/wp-content\/uploads\/sites\/37\/2021\/05\/Copertina-Invecchiare-bene-e-unarte-2018-174x300.jpg\" alt=\"\" width=\"174\" height=\"300\" srcset=\"https:\/\/staging.diocesitn.it\/area-testimonianza\/wp-content\/uploads\/sites\/37\/2021\/05\/Copertina-Invecchiare-bene-e-unarte-2018-174x300.jpg 174w, https:\/\/staging.diocesitn.it\/area-testimonianza\/wp-content\/uploads\/sites\/37\/2021\/05\/Copertina-Invecchiare-bene-e-unarte-2018-162x280.jpg 162w, https:\/\/staging.diocesitn.it\/area-testimonianza\/wp-content\/uploads\/sites\/37\/2021\/05\/Copertina-Invecchiare-bene-e-unarte-2018.jpg 374w\" sizes=\"auto, (max-width: 174px) 100vw, 174px\" \/><\/p>\n<p>&nbsp;<\/p>\n<p>&#8220;Come si \u00e8 vissuto, cos\u00ec si invecchia\u201d, \u00e8 il monito di <strong>don Piero Rattin<\/strong>, autore dell\u2019illuminante memorandum di cinquanta pagine\u00a0Invecchiare bene \u00e8 un\u2019arte, edito da Vita Trentina a braccetto con la Pastorale diocesana per i pensionati e gli anziani.<\/p>\n<p>L\u2019apprezzato biblista trentino rivendica<strong>\u00a0il valore della vecchiaia<\/strong> sostenendo, a ragione, l\u2019insostituibile ruolo che la persona sulla china degli anni ricopre nei pi\u00f9 svariati ambiti della societ\u00e0. Altro che nonno sinonimo di incapacit\u00e0, peso e debilitazione. Eppure la senilit\u00e0, oltre a essere una fase evolutiva chiamata a valorizzare una virtuosa circolarit\u00e0 intergenerazionale, reca in s\u00e9 un significato che \u201c\u00e8 opportuno riconoscere\u201d, se la si vuol affrontare nel migliore dei modi.<\/p>\n<p>Una lettura forse\u00a0<strong>controcorrente<\/strong>, ma stimolante e propositiva, perch\u00e9 gli anziani possano dare un contributo di saggezza anche alla Chiesa e alla societ\u00e0 intera.<\/p>\n<p>Info: <a href=\"https:\/\/www.vitatrentina.it\/\" target=\"_blank\" rel=\"noopener noreferrer\">Vita Trentina<\/a> (tel. 0461 272666)<\/p>\n<hr \/>\n<p>&nbsp;<\/p>\n","protected":false},"excerpt":{"rendered":"<p>2021 Anno di S. Giuseppe &#8220;Un rosario particolare&#8220; Suddiviso in 5 parti o Decine: ognuna di esse \u00e8 introdotta da due brevi brani della Lettera di Papa Francesco (se ne pu\u00f2 leggere l\u2019uno o l\u2019altro,\u00a0<\/p>\n","protected":false},"author":4,"featured_media":0,"parent":0,"menu_order":0,"comment_status":"closed","ping_status":"closed","template":"","meta":{"footnotes":""},"class_list":["post-9390","page","type-page","status-publish","hentry"],"acf":{"seed-localization-paese-cod":"IT","seed-localization-address":"","seed-localization-citta":"Trento","seed-localization-regione-cod-istat":"04","seed-localization-citta-cod-istat":"022205","seed-localization-localita":"","seed-localization-cap":"","seed-localization-marker-visibility":false,"seed-localization-children-visibility":false,"seed-localization-kml":"","seed-localization-custom-marker":""},"yoast_head":"<!-- This site is optimized with the Yoast SEO plugin v22.2 - https:\/\/yoast.com\/wordpress\/plugins\/seo\/ -->\n<title>Materiale formativo per il mondo della Terza et\u00e0 - Testimonianza e Impegno sociale<\/title>\n<meta name=\"robots\" content=\"index, follow, max-snippet:-1, max-image-preview:large, max-video-preview:-1\" \/>\n<link rel=\"canonical\" href=\"https:\/\/staging.diocesitn.it\/area-testimonianza\/strumenti-di-formazione-per-la-terza-eta\/\" \/>\n<meta property=\"og:locale\" content=\"it_IT\" \/>\n<meta property=\"og:type\" content=\"article\" \/>\n<meta property=\"og:title\" content=\"Materiale formativo per il mondo della Terza et\u00e0 - Testimonianza e Impegno sociale\" \/>\n<meta property=\"og:description\" content=\"2021 Anno di S. Giuseppe &#8220;Un rosario particolare&#8220; Suddiviso in 5 parti o Decine: ognuna di esse \u00e8 introdotta da due brevi brani della Lettera di Papa Francesco (se ne pu\u00f2 leggere l\u2019uno o l\u2019altro,\u00a0\" \/>\n<meta property=\"og:url\" content=\"https:\/\/staging.diocesitn.it\/area-testimonianza\/strumenti-di-formazione-per-la-terza-eta\/\" \/>\n<meta property=\"og:site_name\" content=\"Testimonianza e Impegno sociale\" \/>\n<meta property=\"article:modified_time\" content=\"2021-07-13T12:54:23+00:00\" \/>\n<meta property=\"og:image\" content=\"https:\/\/staging.diocesitn.it\/area-testimonianza\/wp-content\/uploads\/sites\/37\/2021\/05\/Copertina-Beata-Solitudine-2020_web-174x300.jpg\" \/>\n<meta name=\"twitter:card\" content=\"summary_large_image\" \/>\n<meta name=\"twitter:label1\" content=\"Tempo di lettura stimato\" \/>\n\t<meta name=\"twitter:data1\" content=\"2 minuti\" \/>\n<script type=\"application\/ld+json\" class=\"yoast-schema-graph\">{\"@context\":\"https:\/\/schema.org\",\"@graph\":[{\"@type\":\"WebPage\",\"@id\":\"https:\/\/staging.diocesitn.it\/area-testimonianza\/strumenti-di-formazione-per-la-terza-eta\/\",\"url\":\"https:\/\/staging.diocesitn.it\/area-testimonianza\/strumenti-di-formazione-per-la-terza-eta\/\",\"name\":\"Materiale formativo per il mondo della Terza et\u00e0 - Testimonianza e Impegno sociale\",\"isPartOf\":{\"@id\":\"https:\/\/staging.diocesitn.it\/area-testimonianza\/#website\"},\"primaryImageOfPage\":{\"@id\":\"https:\/\/staging.diocesitn.it\/area-testimonianza\/strumenti-di-formazione-per-la-terza-eta\/#primaryimage\"},\"image\":{\"@id\":\"https:\/\/staging.diocesitn.it\/area-testimonianza\/strumenti-di-formazione-per-la-terza-eta\/#primaryimage\"},\"thumbnailUrl\":\"https:\/\/staging.diocesitn.it\/area-testimonianza\/wp-content\/uploads\/sites\/37\/2021\/05\/Copertina-Beata-Solitudine-2020_web-174x300.jpg\",\"datePublished\":\"2021-05-21T13:43:25+00:00\",\"dateModified\":\"2021-07-13T12:54:23+00:00\",\"breadcrumb\":{\"@id\":\"https:\/\/staging.diocesitn.it\/area-testimonianza\/strumenti-di-formazione-per-la-terza-eta\/#breadcrumb\"},\"inLanguage\":\"it-IT\",\"potentialAction\":[{\"@type\":\"ReadAction\",\"target\":[\"https:\/\/staging.diocesitn.it\/area-testimonianza\/strumenti-di-formazione-per-la-terza-eta\/\"]}]},{\"@type\":\"ImageObject\",\"inLanguage\":\"it-IT\",\"@id\":\"https:\/\/staging.diocesitn.it\/area-testimonianza\/strumenti-di-formazione-per-la-terza-eta\/#primaryimage\",\"url\":\"https:\/\/staging.diocesitn.it\/area-testimonianza\/wp-content\/uploads\/sites\/37\/2021\/05\/Copertina-Beata-Solitudine-2020_web.jpg\",\"contentUrl\":\"https:\/\/staging.diocesitn.it\/area-testimonianza\/wp-content\/uploads\/sites\/37\/2021\/05\/Copertina-Beata-Solitudine-2020_web.jpg\",\"width\":1242,\"height\":2140},{\"@type\":\"BreadcrumbList\",\"@id\":\"https:\/\/staging.diocesitn.it\/area-testimonianza\/strumenti-di-formazione-per-la-terza-eta\/#breadcrumb\",\"itemListElement\":[{\"@type\":\"ListItem\",\"position\":1,\"name\":\"Home\",\"item\":\"https:\/\/staging.diocesitn.it\/area-testimonianza\/\"},{\"@type\":\"ListItem\",\"position\":2,\"name\":\"Materiale formativo per il mondo della Terza et\u00e0\"}]},{\"@type\":\"WebSite\",\"@id\":\"https:\/\/staging.diocesitn.it\/area-testimonianza\/#website\",\"url\":\"https:\/\/staging.diocesitn.it\/area-testimonianza\/\",\"name\":\"Testimonianza e Impegno sociale\",\"description\":\"Chiesa di Trento\",\"publisher\":{\"@id\":\"https:\/\/staging.diocesitn.it\/area-testimonianza\/#organization\"},\"potentialAction\":[{\"@type\":\"SearchAction\",\"target\":{\"@type\":\"EntryPoint\",\"urlTemplate\":\"https:\/\/staging.diocesitn.it\/area-testimonianza\/?s={search_term_string}\"},\"query-input\":\"required name=search_term_string\"}],\"inLanguage\":\"it-IT\"},{\"@type\":\"Organization\",\"@id\":\"https:\/\/staging.diocesitn.it\/area-testimonianza\/#organization\",\"name\":\"Area Testimonianza e Impegno Sociale - Chiesa di Trento\",\"url\":\"https:\/\/staging.diocesitn.it\/area-testimonianza\/\",\"logo\":{\"@type\":\"ImageObject\",\"inLanguage\":\"it-IT\",\"@id\":\"https:\/\/staging.diocesitn.it\/area-testimonianza\/#\/schema\/logo\/image\/\",\"url\":\"https:\/\/staging.diocesitn.it\/area-testimonianza\/wp-content\/uploads\/sites\/37\/2021\/09\/og-logo-testimonianza-e-impegno-sociale.jpg\",\"contentUrl\":\"https:\/\/staging.diocesitn.it\/area-testimonianza\/wp-content\/uploads\/sites\/37\/2021\/09\/og-logo-testimonianza-e-impegno-sociale.jpg\",\"width\":1200,\"height\":630,\"caption\":\"Area Testimonianza e Impegno Sociale - Chiesa di Trento\"},\"image\":{\"@id\":\"https:\/\/staging.diocesitn.it\/area-testimonianza\/#\/schema\/logo\/image\/\"}}]}<\/script>\n<!-- \/ Yoast SEO plugin. -->","yoast_head_json":{"title":"Materiale formativo per il mondo della Terza et\u00e0 - Testimonianza e Impegno sociale","robots":{"index":"index","follow":"follow","max-snippet":"max-snippet:-1","max-image-preview":"max-image-preview:large","max-video-preview":"max-video-preview:-1"},"canonical":"https:\/\/staging.diocesitn.it\/area-testimonianza\/strumenti-di-formazione-per-la-terza-eta\/","og_locale":"it_IT","og_type":"article","og_title":"Materiale formativo per il mondo della Terza et\u00e0 - Testimonianza e Impegno sociale","og_description":"2021 Anno di S. Giuseppe &#8220;Un rosario particolare&#8220; Suddiviso in 5 parti o Decine: ognuna di esse \u00e8 introdotta da due brevi brani della Lettera di Papa Francesco (se ne pu\u00f2 leggere l\u2019uno o l\u2019altro,\u00a0","og_url":"https:\/\/staging.diocesitn.it\/area-testimonianza\/strumenti-di-formazione-per-la-terza-eta\/","og_site_name":"Testimonianza e Impegno sociale","article_modified_time":"2021-07-13T12:54:23+00:00","og_image":[{"url":"https:\/\/staging.diocesitn.it\/area-testimonianza\/wp-content\/uploads\/sites\/37\/2021\/05\/Copertina-Beata-Solitudine-2020_web-174x300.jpg"}],"twitter_card":"summary_large_image","twitter_misc":{"Tempo di lettura stimato":"2 minuti"},"schema":{"@context":"https:\/\/schema.org","@graph":[{"@type":"WebPage","@id":"https:\/\/staging.diocesitn.it\/area-testimonianza\/strumenti-di-formazione-per-la-terza-eta\/","url":"https:\/\/staging.diocesitn.it\/area-testimonianza\/strumenti-di-formazione-per-la-terza-eta\/","name":"Materiale formativo per il mondo della Terza et\u00e0 - Testimonianza e Impegno sociale","isPartOf":{"@id":"https:\/\/staging.diocesitn.it\/area-testimonianza\/#website"},"primaryImageOfPage":{"@id":"https:\/\/staging.diocesitn.it\/area-testimonianza\/strumenti-di-formazione-per-la-terza-eta\/#primaryimage"},"image":{"@id":"https:\/\/staging.diocesitn.it\/area-testimonianza\/strumenti-di-formazione-per-la-terza-eta\/#primaryimage"},"thumbnailUrl":"https:\/\/staging.diocesitn.it\/area-testimonianza\/wp-content\/uploads\/sites\/37\/2021\/05\/Copertina-Beata-Solitudine-2020_web-174x300.jpg","datePublished":"2021-05-21T13:43:25+00:00","dateModified":"2021-07-13T12:54:23+00:00","breadcrumb":{"@id":"https:\/\/staging.diocesitn.it\/area-testimonianza\/strumenti-di-formazione-per-la-terza-eta\/#breadcrumb"},"inLanguage":"it-IT","potentialAction":[{"@type":"ReadAction","target":["https:\/\/staging.diocesitn.it\/area-testimonianza\/strumenti-di-formazione-per-la-terza-eta\/"]}]},{"@type":"ImageObject","inLanguage":"it-IT","@id":"https:\/\/staging.diocesitn.it\/area-testimonianza\/strumenti-di-formazione-per-la-terza-eta\/#primaryimage","url":"https:\/\/staging.diocesitn.it\/area-testimonianza\/wp-content\/uploads\/sites\/37\/2021\/05\/Copertina-Beata-Solitudine-2020_web.jpg","contentUrl":"https:\/\/staging.diocesitn.it\/area-testimonianza\/wp-content\/uploads\/sites\/37\/2021\/05\/Copertina-Beata-Solitudine-2020_web.jpg","width":1242,"height":2140},{"@type":"BreadcrumbList","@id":"https:\/\/staging.diocesitn.it\/area-testimonianza\/strumenti-di-formazione-per-la-terza-eta\/#breadcrumb","itemListElement":[{"@type":"ListItem","position":1,"name":"Home","item":"https:\/\/staging.diocesitn.it\/area-testimonianza\/"},{"@type":"ListItem","position":2,"name":"Materiale formativo per il mondo della Terza et\u00e0"}]},{"@type":"WebSite","@id":"https:\/\/staging.diocesitn.it\/area-testimonianza\/#website","url":"https:\/\/staging.diocesitn.it\/area-testimonianza\/","name":"Testimonianza e Impegno sociale","description":"Chiesa di Trento","publisher":{"@id":"https:\/\/staging.diocesitn.it\/area-testimonianza\/#organization"},"potentialAction":[{"@type":"SearchAction","target":{"@type":"EntryPoint","urlTemplate":"https:\/\/staging.diocesitn.it\/area-testimonianza\/?s={search_term_string}"},"query-input":"required name=search_term_string"}],"inLanguage":"it-IT"},{"@type":"Organization","@id":"https:\/\/staging.diocesitn.it\/area-testimonianza\/#organization","name":"Area Testimonianza e Impegno Sociale - Chiesa di Trento","url":"https:\/\/staging.diocesitn.it\/area-testimonianza\/","logo":{"@type":"ImageObject","inLanguage":"it-IT","@id":"https:\/\/staging.diocesitn.it\/area-testimonianza\/#\/schema\/logo\/image\/","url":"https:\/\/staging.diocesitn.it\/area-testimonianza\/wp-content\/uploads\/sites\/37\/2021\/09\/og-logo-testimonianza-e-impegno-sociale.jpg","contentUrl":"https:\/\/staging.diocesitn.it\/area-testimonianza\/wp-content\/uploads\/sites\/37\/2021\/09\/og-logo-testimonianza-e-impegno-sociale.jpg","width":1200,"height":630,"caption":"Area Testimonianza e Impegno Sociale - Chiesa di Trento"},"image":{"@id":"https:\/\/staging.diocesitn.it\/area-testimonianza\/#\/schema\/logo\/image\/"}}]}},"_links":{"self":[{"href":"https:\/\/staging.diocesitn.it\/area-testimonianza\/wp-json\/wp\/v2\/pages\/9390","targetHints":{"allow":["GET"]}}],"collection":[{"href":"https:\/\/staging.diocesitn.it\/area-testimonianza\/wp-json\/wp\/v2\/pages"}],"about":[{"href":"https:\/\/staging.diocesitn.it\/area-testimonianza\/wp-json\/wp\/v2\/types\/page"}],"author":[{"embeddable":true,"href":"https:\/\/staging.diocesitn.it\/area-testimonianza\/wp-json\/wp\/v2\/users\/4"}],"replies":[{"embeddable":true,"href":"https:\/\/staging.diocesitn.it\/area-testimonianza\/wp-json\/wp\/v2\/comments?post=9390"}],"version-history":[{"count":4,"href":"https:\/\/staging.diocesitn.it\/area-testimonianza\/wp-json\/wp\/v2\/pages\/9390\/revisions"}],"predecessor-version":[{"id":9604,"href":"https:\/\/staging.diocesitn.it\/area-testimonianza\/wp-json\/wp\/v2\/pages\/9390\/revisions\/9604"}],"wp:attachment":[{"href":"https:\/\/staging.diocesitn.it\/area-testimonianza\/wp-json\/wp\/v2\/media?parent=9390"}],"curies":[{"name":"wp","href":"https:\/\/api.w.org\/{rel}","templated":true}]}}