{"id":9466,"date":"2021-05-24T12:05:56","date_gmt":"2021-05-24T10:05:56","guid":{"rendered":"https:\/\/staging.diocesitn.it\/area-testimonianza\/?page_id=9466"},"modified":"2021-05-24T12:05:56","modified_gmt":"2021-05-24T10:05:56","slug":"materiale-formativo-per-il-mondo-missionario","status":"publish","type":"page","link":"https:\/\/staging.diocesitn.it\/area-testimonianza\/materiali\/materiale-formativo-per-il-mondo-missionario\/","title":{"rendered":"Materiale formativo per il mondo missionario"},"content":{"rendered":"<h6 style=\"color: #444444\"><strong>Animazione pastorale<\/strong><\/h6>\n<p>Il materiale per l&#8217;animazione pastorale dei tempi forti del mondo missionario \u00e8 disponibile alle <a href=\"https:\/\/staging.diocesitn.it\/area-testimonianza\/centro-missionario-diocesano\/appuntamenti-missionari\/\">pagine dedicate<\/a>.<\/p>\n<hr \/>\n<h6><strong>Comunione e Missione<\/strong><\/h6>\n<p>Il\u00a0<a href=\"https:\/\/staging.diocesitn.it\/area-testimonianza\/centro-missionario-diocesano\/comunione-e-missione\/\" target=\"_blank\" rel=\"noopener noreferrer\">periodico di spiritualit\u00e0 missionaria<\/a> a a cura del Centro Missionario Diocesano\u00a0di Trento dal 1970.<\/p>\n<hr \/>\n<h6><strong>Adozione a distanza<\/strong><\/h6>\n<p>Il <a href=\"https:\/\/staging.diocesitn.it\/area-testimonianza\/centro-missionario-diocesano\/adozioni-a-distanza\/\">periodico di collegamento delle adozioni a distanza<\/a> contiene approfondimenti su tematiche significative per l&#8217;infanzia nel mondo.<\/p>\n<hr \/>\n<h6><strong>Riviste missionarie<\/strong><\/h6>\n<p>In sede \u00e8 presente\u00a0<a href=\"https:\/\/staging.diocesitn.it\/area-testimonianza\/centro-missionario-diocesano\/emeroteca\/\">un\u2019emeroteca<\/a>\u00a0che raccoglie varie riviste missionarie in visione, per alcune testate \u00e8 possibile attivare l\u2019abbonamento presso i nostri uffici.<\/p>\n<hr \/>\n<h6><strong>Film e documentari<\/strong><\/h6>\n<p>Presso i nostri uffici \u00e8 disponibile al\u00a0<strong>noleggio<\/strong>\u00a0una raccolta di film e documentari in DVD sia ad uso privato che per finalit\u00e0 educative o di animazione. I temi trattati sono: mondo missionario, interculturalit\u00e0, sviluppo sostenibile, diritti umani, mondialit\u00e0 e migrazioni.<\/p>\n<p>I video prodotti dal Centro Missionario sono\u00a0<strong>acquistabili<\/strong>.<\/p>\n<hr \/>\n<h6><strong>Pubblicazioni<\/strong><\/h6>\n<p>In occasione di particolari ricorrenze o di eventi significativi il Centro Missionario Diocesano ha pubblicato libri o altro materiale disponibile in sede per consultazione o acquisto.<\/p>\n<hr \/>\n<p>&nbsp;<\/p>\n","protected":false},"excerpt":{"rendered":"<p>Animazione pastorale Il materiale per l&#8217;animazione pastorale dei tempi forti del mondo missionario \u00e8 disponibile alle pagine dedicate. Comunione e Missione Il\u00a0periodico di spiritualit\u00e0 missionaria a a cura del Centro Missionario Diocesano\u00a0di Trento dal 1970.<\/p>\n","protected":false},"author":161,"featured_media":0,"parent":9275,"menu_order":0,"comment_status":"closed","ping_status":"closed","template":"","meta":{"footnotes":""},"class_list":["post-9466","page","type-page","status-publish","hentry"],"acf":{"seed-localization-paese-cod":"IT","seed-localization-address":"","seed-localization-citta":"Trento","seed-localization-regione-cod-istat":"04","seed-localization-citta-cod-istat":"022205","seed-localization-localita":"","seed-localization-cap":"","seed-localization-marker-visibility":false,"seed-localization-children-visibility":false,"seed-localization-kml":"","seed-localization-custom-marker":""},"yoast_head":"<!-- This site is optimized with the Yoast SEO plugin v22.2 - https:\/\/yoast.com\/wordpress\/plugins\/seo\/ -->\n<title>Materiale formativo per il mondo missionario - Testimonianza e Impegno sociale<\/title>\n<meta name=\"robots\" content=\"index, follow, max-snippet:-1, max-image-preview:large, max-video-preview:-1\" \/>\n<link rel=\"canonical\" href=\"https:\/\/staging.diocesitn.it\/area-testimonianza\/materiali\/materiale-formativo-per-il-mondo-missionario\/\" \/>\n<meta property=\"og:locale\" content=\"it_IT\" \/>\n<meta property=\"og:type\" content=\"article\" \/>\n<meta property=\"og:title\" content=\"Materiale formativo per il mondo missionario - Testimonianza e Impegno sociale\" \/>\n<meta property=\"og:description\" content=\"Animazione pastorale Il materiale per l&#8217;animazione pastorale dei tempi forti del mondo missionario \u00e8 disponibile alle pagine dedicate. Comunione e Missione Il\u00a0periodico di spiritualit\u00e0 missionaria a a cura del Centro Missionario Diocesano\u00a0di Trento dal 1970.\" \/>\n<meta property=\"og:url\" content=\"https:\/\/staging.diocesitn.it\/area-testimonianza\/materiali\/materiale-formativo-per-il-mondo-missionario\/\" \/>\n<meta property=\"og:site_name\" content=\"Testimonianza e Impegno sociale\" \/>\n<meta property=\"og:image\" content=\"https:\/\/staging.diocesitn.it\/area-testimonianza\/wp-content\/uploads\/sites\/37\/2021\/09\/og-logo-testimonianza-e-impegno-sociale.jpg\" \/>\n\t<meta property=\"og:image:width\" content=\"1200\" \/>\n\t<meta property=\"og:image:height\" content=\"630\" \/>\n\t<meta property=\"og:image:type\" content=\"image\/jpeg\" \/>\n<meta name=\"twitter:card\" content=\"summary_large_image\" \/>\n<meta name=\"twitter:label1\" content=\"Tempo di lettura stimato\" \/>\n\t<meta name=\"twitter:data1\" content=\"1 minuto\" \/>\n<script type=\"application\/ld+json\" class=\"yoast-schema-graph\">{\"@context\":\"https:\/\/schema.org\",\"@graph\":[{\"@type\":\"WebPage\",\"@id\":\"https:\/\/staging.diocesitn.it\/area-testimonianza\/materiali\/materiale-formativo-per-il-mondo-missionario\/\",\"url\":\"https:\/\/staging.diocesitn.it\/area-testimonianza\/materiali\/materiale-formativo-per-il-mondo-missionario\/\",\"name\":\"Materiale formativo per il mondo missionario - Testimonianza e Impegno sociale\",\"isPartOf\":{\"@id\":\"https:\/\/staging.diocesitn.it\/area-testimonianza\/#website\"},\"datePublished\":\"2021-05-24T10:05:56+00:00\",\"dateModified\":\"2021-05-24T10:05:56+00:00\",\"breadcrumb\":{\"@id\":\"https:\/\/staging.diocesitn.it\/area-testimonianza\/materiali\/materiale-formativo-per-il-mondo-missionario\/#breadcrumb\"},\"inLanguage\":\"it-IT\",\"potentialAction\":[{\"@type\":\"ReadAction\",\"target\":[\"https:\/\/staging.diocesitn.it\/area-testimonianza\/materiali\/materiale-formativo-per-il-mondo-missionario\/\"]}]},{\"@type\":\"BreadcrumbList\",\"@id\":\"https:\/\/staging.diocesitn.it\/area-testimonianza\/materiali\/materiale-formativo-per-il-mondo-missionario\/#breadcrumb\",\"itemListElement\":[{\"@type\":\"ListItem\",\"position\":1,\"name\":\"Home\",\"item\":\"https:\/\/staging.diocesitn.it\/area-testimonianza\/\"},{\"@type\":\"ListItem\",\"position\":2,\"name\":\"MATERIALI\",\"item\":\"https:\/\/staging.diocesitn.it\/area-testimonianza\/materiali\/\"},{\"@type\":\"ListItem\",\"position\":3,\"name\":\"Materiale formativo per il mondo missionario\"}]},{\"@type\":\"WebSite\",\"@id\":\"https:\/\/staging.diocesitn.it\/area-testimonianza\/#website\",\"url\":\"https:\/\/staging.diocesitn.it\/area-testimonianza\/\",\"name\":\"Testimonianza e Impegno sociale\",\"description\":\"Chiesa di Trento\",\"publisher\":{\"@id\":\"https:\/\/staging.diocesitn.it\/area-testimonianza\/#organization\"},\"potentialAction\":[{\"@type\":\"SearchAction\",\"target\":{\"@type\":\"EntryPoint\",\"urlTemplate\":\"https:\/\/staging.diocesitn.it\/area-testimonianza\/?s={search_term_string}\"},\"query-input\":\"required name=search_term_string\"}],\"inLanguage\":\"it-IT\"},{\"@type\":\"Organization\",\"@id\":\"https:\/\/staging.diocesitn.it\/area-testimonianza\/#organization\",\"name\":\"Area Testimonianza e Impegno Sociale - Chiesa di Trento\",\"url\":\"https:\/\/staging.diocesitn.it\/area-testimonianza\/\",\"logo\":{\"@type\":\"ImageObject\",\"inLanguage\":\"it-IT\",\"@id\":\"https:\/\/staging.diocesitn.it\/area-testimonianza\/#\/schema\/logo\/image\/\",\"url\":\"https:\/\/staging.diocesitn.it\/area-testimonianza\/wp-content\/uploads\/sites\/37\/2021\/09\/og-logo-testimonianza-e-impegno-sociale.jpg\",\"contentUrl\":\"https:\/\/staging.diocesitn.it\/area-testimonianza\/wp-content\/uploads\/sites\/37\/2021\/09\/og-logo-testimonianza-e-impegno-sociale.jpg\",\"width\":1200,\"height\":630,\"caption\":\"Area Testimonianza e Impegno Sociale - Chiesa di Trento\"},\"image\":{\"@id\":\"https:\/\/staging.diocesitn.it\/area-testimonianza\/#\/schema\/logo\/image\/\"}}]}<\/script>\n<!-- \/ Yoast SEO plugin. -->","yoast_head_json":{"title":"Materiale formativo per il mondo missionario - Testimonianza e Impegno sociale","robots":{"index":"index","follow":"follow","max-snippet":"max-snippet:-1","max-image-preview":"max-image-preview:large","max-video-preview":"max-video-preview:-1"},"canonical":"https:\/\/staging.diocesitn.it\/area-testimonianza\/materiali\/materiale-formativo-per-il-mondo-missionario\/","og_locale":"it_IT","og_type":"article","og_title":"Materiale formativo per il mondo missionario - Testimonianza e Impegno sociale","og_description":"Animazione pastorale Il materiale per l&#8217;animazione pastorale dei tempi forti del mondo missionario \u00e8 disponibile alle pagine dedicate. Comunione e Missione Il\u00a0periodico di spiritualit\u00e0 missionaria a a cura del Centro Missionario Diocesano\u00a0di Trento dal 1970.","og_url":"https:\/\/staging.diocesitn.it\/area-testimonianza\/materiali\/materiale-formativo-per-il-mondo-missionario\/","og_site_name":"Testimonianza e Impegno sociale","og_image":[{"width":1200,"height":630,"url":"https:\/\/staging.diocesitn.it\/area-testimonianza\/wp-content\/uploads\/sites\/37\/2021\/09\/og-logo-testimonianza-e-impegno-sociale.jpg","type":"image\/jpeg"}],"twitter_card":"summary_large_image","twitter_misc":{"Tempo di lettura stimato":"1 minuto"},"schema":{"@context":"https:\/\/schema.org","@graph":[{"@type":"WebPage","@id":"https:\/\/staging.diocesitn.it\/area-testimonianza\/materiali\/materiale-formativo-per-il-mondo-missionario\/","url":"https:\/\/staging.diocesitn.it\/area-testimonianza\/materiali\/materiale-formativo-per-il-mondo-missionario\/","name":"Materiale formativo per il mondo missionario - Testimonianza e Impegno sociale","isPartOf":{"@id":"https:\/\/staging.diocesitn.it\/area-testimonianza\/#website"},"datePublished":"2021-05-24T10:05:56+00:00","dateModified":"2021-05-24T10:05:56+00:00","breadcrumb":{"@id":"https:\/\/staging.diocesitn.it\/area-testimonianza\/materiali\/materiale-formativo-per-il-mondo-missionario\/#breadcrumb"},"inLanguage":"it-IT","potentialAction":[{"@type":"ReadAction","target":["https:\/\/staging.diocesitn.it\/area-testimonianza\/materiali\/materiale-formativo-per-il-mondo-missionario\/"]}]},{"@type":"BreadcrumbList","@id":"https:\/\/staging.diocesitn.it\/area-testimonianza\/materiali\/materiale-formativo-per-il-mondo-missionario\/#breadcrumb","itemListElement":[{"@type":"ListItem","position":1,"name":"Home","item":"https:\/\/staging.diocesitn.it\/area-testimonianza\/"},{"@type":"ListItem","position":2,"name":"MATERIALI","item":"https:\/\/staging.diocesitn.it\/area-testimonianza\/materiali\/"},{"@type":"ListItem","position":3,"name":"Materiale formativo per il mondo missionario"}]},{"@type":"WebSite","@id":"https:\/\/staging.diocesitn.it\/area-testimonianza\/#website","url":"https:\/\/staging.diocesitn.it\/area-testimonianza\/","name":"Testimonianza e Impegno sociale","description":"Chiesa di Trento","publisher":{"@id":"https:\/\/staging.diocesitn.it\/area-testimonianza\/#organization"},"potentialAction":[{"@type":"SearchAction","target":{"@type":"EntryPoint","urlTemplate":"https:\/\/staging.diocesitn.it\/area-testimonianza\/?s={search_term_string}"},"query-input":"required name=search_term_string"}],"inLanguage":"it-IT"},{"@type":"Organization","@id":"https:\/\/staging.diocesitn.it\/area-testimonianza\/#organization","name":"Area Testimonianza e Impegno Sociale - Chiesa di Trento","url":"https:\/\/staging.diocesitn.it\/area-testimonianza\/","logo":{"@type":"ImageObject","inLanguage":"it-IT","@id":"https:\/\/staging.diocesitn.it\/area-testimonianza\/#\/schema\/logo\/image\/","url":"https:\/\/staging.diocesitn.it\/area-testimonianza\/wp-content\/uploads\/sites\/37\/2021\/09\/og-logo-testimonianza-e-impegno-sociale.jpg","contentUrl":"https:\/\/staging.diocesitn.it\/area-testimonianza\/wp-content\/uploads\/sites\/37\/2021\/09\/og-logo-testimonianza-e-impegno-sociale.jpg","width":1200,"height":630,"caption":"Area Testimonianza e Impegno Sociale - Chiesa di Trento"},"image":{"@id":"https:\/\/staging.diocesitn.it\/area-testimonianza\/#\/schema\/logo\/image\/"}}]}},"_links":{"self":[{"href":"https:\/\/staging.diocesitn.it\/area-testimonianza\/wp-json\/wp\/v2\/pages\/9466","targetHints":{"allow":["GET"]}}],"collection":[{"href":"https:\/\/staging.diocesitn.it\/area-testimonianza\/wp-json\/wp\/v2\/pages"}],"about":[{"href":"https:\/\/staging.diocesitn.it\/area-testimonianza\/wp-json\/wp\/v2\/types\/page"}],"author":[{"embeddable":true,"href":"https:\/\/staging.diocesitn.it\/area-testimonianza\/wp-json\/wp\/v2\/users\/161"}],"replies":[{"embeddable":true,"href":"https:\/\/staging.diocesitn.it\/area-testimonianza\/wp-json\/wp\/v2\/comments?post=9466"}],"version-history":[{"count":3,"href":"https:\/\/staging.diocesitn.it\/area-testimonianza\/wp-json\/wp\/v2\/pages\/9466\/revisions"}],"predecessor-version":[{"id":9469,"href":"https:\/\/staging.diocesitn.it\/area-testimonianza\/wp-json\/wp\/v2\/pages\/9466\/revisions\/9469"}],"up":[{"embeddable":true,"href":"https:\/\/staging.diocesitn.it\/area-testimonianza\/wp-json\/wp\/v2\/pages\/9275"}],"wp:attachment":[{"href":"https:\/\/staging.diocesitn.it\/area-testimonianza\/wp-json\/wp\/v2\/media?parent=9466"}],"curies":[{"name":"wp","href":"https:\/\/api.w.org\/{rel}","templated":true}]}}