{"id":1087,"date":"2019-01-16T11:14:08","date_gmt":"2019-01-16T10:14:08","guid":{"rendered":"https:\/\/staging.diocesitn.it\/clero\/?page_id=1087"},"modified":"2019-12-27T19:37:35","modified_gmt":"2019-12-27T18:37:35","slug":"2019-2","status":"publish","type":"page","link":"https:\/\/staging.diocesitn.it\/clero\/lutto-nel-clero\/2019-2\/","title":{"rendered":"2019"},"content":{"rendered":"<p><strong>Ricordiamo nella preghiera, assieme alle loro famiglie e comunit\u00e0, i presbiteri diocesani deceduti nel 2019.<\/strong><\/p>\n<p>&nbsp;<\/p>\n<p><strong>Bortolini mons. Marcello<\/strong>, di anni 82.<br \/>\nTrento, 8 gennaio 2019.<\/p>\n<p>Originario di Centa, fu ordinato presbitero a Trento nel 1961. Fu poi vicario parrocchiale a Borgo Valsugana (1961-1962), Civezzano (1962-1963), Brentonico (1963-1966), missionario\u00a0 in Germania (1966-2004), collaboratore decanale a Levico (2004-2005), parroco a Ischia e Tenna (2005-2008), rettore della chiesa di S. Chiara a Trento (2008-2010), residente alla Casa del Clero (2010-2019).<\/p>\n<p>&nbsp;<\/p>\n<p><strong>Rossi don Francesco<\/strong>, di anni 93.<br \/>\nTrento, 13 marzo 2019.<\/p>\n<p>Originario di Mezzocorona, fu ordinato presbitero nel 1949. Dopo aver studiato all&#8217;Universit\u00e0 di lettere classiche a Padova (1949 &#8211; 1954), fu professore al Collegio (1954-1968); fu poi insegnante alle scuole statali (1968 -1986), residente dal 1969 a Mezzocorona. Il funerale \u00e8 stato celebrato presso la parrocchia di Mezzocorona venerd\u00ec 15 marzo.<\/p>\n<p>&nbsp;<\/p>\n<p><strong>Bazzetta don Claudio<\/strong>, di anni 89.<br \/>\nTrento, 16 marzo 2019.<\/p>\n<p>Originario di Omegna (NO), fu ordinato presbitero nei Camilliani nel 1954; incardinato nel 1982; parroco di Castagn\u00e8 S. Vito (1976 \u2013 1983), Tezze Valsugana (1983 \u2013 2001); cappellano Casa S.Maria in Vigolo Vattaro (2001 \u2013 2018); casa del clero dal 2018. Il funerale \u00e8 stato celebrato presso la parrocchia di Vigolo Vattaro il giorno luned\u00ec 18 ad ore 14.30.<\/p>\n<p>&nbsp;<\/p>\n<p><strong>Gilli mons. Silvio<\/strong>, di anni 98.<br \/>\nTrento, 26 marzo 2019.<\/p>\n<p>Originario di\u00a0 Gardolo, fu ordinato presbitero nel\u00a0 1945; Vicerettore e prefetto Seminario Minore dal 1945 al 1956; Universit\u00e0 Cattolica, lettere dal 1948 al 1952; professore in seminario al liceo e prefetto dal 1956 al 1965; assistente figlie di S. Angela\u00a0 (Orsoline) dal 1974 al 1992; prefetto Istituto Agrario S. Michele dal 1975 al 1981; assistente Associazione Trentina della Famiglia dal 1966 al 1981; consulente ecclesiastico U.C.A.I. dal 1962 al 1981; segreteria di Stato Vaticano dal 1981 al 2000; rettore chiesa S. Chiara a Trento dal 2000 al 2008; assistente diocesano Apostolato della Preghiera dal 2001 al 2010; residente in Seminario dal 2010 al 2017 e poi alla casa del clero; canonico onorario della Cattedrale. Il funerale \u00e8 stato celebrato presso la parrocchia di Gardolo il giorno venerd\u00ec 29 marzo ad ore 14.30.<\/p>\n<p>&nbsp;<\/p>\n<p><strong>Taufer don Giuseppe<\/strong>, di anni 98.<br \/>\nTrento, 26 marzo 2019.<\/p>\n<p>Originario di\u00a0 Mezzolombardo, fu ordinato presbitero nel 1944; incardinato nel 1987;\u00a0 fu parroco di Piazzola e Pracorno (1985 \u2013 1995); residente a Fiammenga, PG (1995 &#8211; 2005); residente\u00a0 a Zivignago (2005 -2007) e Bocegnago (2007 \u2013 2009); alla casa del clero dal 2009. Il funerale \u00e8 stato celebrato presso la parrocchia di Mezzolombardo il giorno gioved\u00ec 28 marzo ad ore 14.30.<\/p>\n<p>&nbsp;<\/p>\n<p><strong>Rizzi don Walter<\/strong>, di anni 87.<br \/>\nTrento, 30 maggio 2019.<\/p>\n<p>Originario di Cloz, fu ordinato presbitero nel 1957. Fu poi vicario parrocchiale a Borgo Valsugana (1957-1959), Lavis (1959-1961,; parroco a Castel Condino e Cimego (1961-1968), Gardolo (1968-1990), Fai della Paganella (1990-1994), residente a Lover (1994-1999), cappellano Villa Igea (1999- 2014) e casa di riposo via Veneto (2004-2007), assistente spirituale S. Vincenzo (2001-2014). Residente a Trento dal 2014. Il funerale \u00e8 stato celebrato a Cloz luned\u00ec 3 giugno alle 14.00.<\/p>\n<p>&nbsp;<\/p>\n<p><strong>Branz don Cornelio<\/strong>, di anni 85.<br \/>\nSanzeno, 14 giugno 2019.<\/p>\n<p>Ordinato a \u00a0Trento il 22.03.1958, fu vicario parrocchiale a Trento\/Cristo Re (1958-1962),\u00a0 a Trento\/S. Giuseppe (1962-1964), segretario di Curia (1964-1966), parroco a Rallo (1966-1972) e poi a Martignano (1972-1977), quindi parroco e decano a Cles per ben 23 anni (1977-2000) dal 1993 anche a Cis. Infine, parroco a Fondo e Tret dal 2000 al 2010. Negli ultimi anni risiedeva a Sanzeno. Il funerale \u00e8 stato celebrato luned\u00ec 17 giugno a Sanzeno.<\/p>\n<p>&nbsp;<\/p>\n<p><strong>Dorigatti don Remo<\/strong>, di anni 90.<br \/>\nTrento, 8 luglio 2019.<\/p>\n<p>Originario di Miola di Pin\u00e9, fu ordinato presbitero a Trento nel 1955. Fu poi vicario parrocchiale a Taio (1955-1959), Albiano (1959-1962), parroco a Mala (1962-2015) e residente a Mala dal 2015.\u00a0Il funerale \u00e8 stato celebrato presso la chiesa parrocchiale di Miola di Pin\u00e9\u00a0 gioved\u00ec 11 luglio ad ore 16.00.<\/p>\n<p>&nbsp;<\/p>\n<p><strong>Facchini don Giacomo<\/strong>, di anni 88.<br \/>\nTrento, 26 luglio 2019.<\/p>\n<p>Originario di Moena, fu ordinato presbitero a Trento nel 1956. Fu poi vicario parrocchiale a\u00a0 Folgaria (1956-1959), a\u00a0 Trento S. Pietro (1959-1963), catechista a Trento (1963-1979), rettore delal chiesa di S. Marco Trento (1970-2014), residente Casa del Clero dal 2013. Il funerale \u00e8 stato celebrato presso la chiesa parrocchiale di Moena il giorno luned\u00ec 29 luglio ad ore 14.00.<\/p>\n<p>&nbsp;<\/p>\n<p><strong>Garniga don Luigi<\/strong>, di anni 92.<br \/>\nTrento, 9 agosto 2019.<\/p>\n<p>Originario di Lizzana, fu ordinato presbitero nel 1951. Copr\u00ec poi l&#8217;incarico di vicario parrocchiale a S.Croce in Bleggio (1951-1958), parroco a Noarna (1959-1967), catechista e assistente A. C. a Rovereto (1967-1990), residente a Rovereto (1990-2014). Residente alla Casa del Clero dal 2014. Il funerale \u00e8 stato celebrato a Lizzana luned\u00ec 12 agosto alle ore 11.00.<\/p>\n<p>&nbsp;<\/p>\n<p><strong>Tomasi don Celestino<\/strong>, di anni 87.<br \/>\nTrento, 15 agosto 2019<\/p>\n<p>Nato a Torchio , venne ordinato sacerdote a Trento nel 1960. Fu vicario parrocchiale a Gardolo (1960-63), Riva del Garda (1963-64), Villazzano (1964-66) prima di un lungo ministero come catechista nelle scuole cittadine per ventuno anni, animatore di gruppi giovanili, incaricato della giovent\u00f9 aclista e vice assistente dell\u2019Azione Cattolica.\u00a0I funerali sono stati celebrati sabato 17 agosto a Seregnano alle ore 14.30.<\/p>\n<p>&nbsp;<\/p>\n<p><strong>Berti don Giovanni<\/strong>, di anni 95.<br \/>\nTrento, 11 ottobre 2019<\/p>\n<p>Originario di Fondo, fu ordinato presbitero a Trento nel giugno del 1947. Buona parte del suo ministero l\u2019ha vissuta nella Diocesi di Milano, chiamato dal cardinal Montini, arcivescovo della Diocesi ambrosiana, che lo volle incardinare, e vi svolse attivit\u00e0 di insegnante, studioso, educatore e padre spirituale, prima di fare nuovamente ritorno in Trentino. Il funerale \u00e8 stato celebrato presso la chiesa parrocchiale di Fondo luned\u00ec 14 ottobre ad ore 14.30.<\/p>\n<p>&nbsp;<\/p>\n<p><strong>Caresani don Fortunato<\/strong>, di anni 79.<br \/>\nTrento, 5 dicembre 2019<\/p>\n<p>Originario di Cavrasto, fu ordinato presbitero nel 1966. Come incarichi, ricopr\u00ec quello di vicario parrocchiale a Baselga di Pin\u00e8 (1966-1969), Lavis (1969-1972), Levico (1972-1976); dopo aver studiato all&#8217;Universit\u00e0 a Padova nella facolt\u00e0 di Lettere (1976-1980), divenne professore del Collegio Vescovile (1976-1994), Fu quindi parroco a Fiav\u00e8 e Ballino (1994-2017), Campo Lomaso, Godenzo-Poia, Lundo, Vigo Lomaso (2010-2017); da ultimo, collaboratore pastorale dal 2017. Da agosto di quest&#8217;anno era alla Casa del Clero. Il funerale \u00e8 stato celebrato a Fiav\u00e8 luned\u00ec 9 dicembre alle ore 14.30.<\/p>\n<p>&nbsp;<\/p>\n<div><strong>Depretto don Lucio<\/strong>, di anni 93.<br \/>\nTrento, 8 dicembre 2019.<\/div>\n<div><\/div>\n<div>\n<p>Originario di Mori, fu ordinato presbitero nel 1950. Fu professore al Seminario Minore (1950-1952), professore e catechista collegio (1953-1973), addetto di curia alle comunicazioni sociali (1973-1979), assistente ACEC (1976), catechista collegio (1980-1992), collaboratore pastorale a Mori (1992-1993), residente a Mori dal 1992 e sempre disponibile. Il funerale \u00e8 stato celebrato a Mori mercoled\u00ec 11 dicembre alle ore 14.30.<\/p>\n<\/div>\n<p>&nbsp;<\/p>\n<p><strong>Bottura don Valerio<\/strong>, di anni 100.<br \/>\nTrento, 13 dicembre 2019.<\/p>\n<p>Originario di Aldeno, fu ordinato presbitero nel 1943. Divenne poi vicario parrocchiale a Centa (1943-1946), Borgo Sacco (1946-47), parroco a Valmorbia (1947-1960), Pannone (1960-1969), Rover\u00e8 della Luna (1969-1977), Calliano (1977-1998). Dal 1998 al 2018 residente ad Aldeno, mentre dal dicembre 2018 alla Casa del Clero.\u00a0Il funerale \u00e8 stato celebrato ad Aldeno luned\u00ec 16 dicembre alle ore 10.<\/p>\n<p>&nbsp;<\/p>\n<p><strong>Sparapani don<\/strong> Livio, di anni 84.<br \/>\nTrento, 27 dicembre 2019.<\/p>\n<p>Originario di Preghena, fu ordinato presbitero nel 1960. Fu vicario parrocchiale a Pieve di Bono (1960-1961), Villa Lagarina (1961-1963); collegio (1963-1973); catechista a Riva del Garda (1973-1978); frequent\u00f2 la Scuola Vaticana di Paleografia (1978-1980), diventando archivista di curia (1980-1994) e parroco di Valsorda (1980); direttore dell&#8217;Archivio Diocesano Tridentino (1994-2018). Residente alla Casa del Clero dal 2013. Il funerale \u00e8 stato celebrato luned\u00ec 30 dicembre alle 14 a Preghena.<\/p>\n","protected":false},"excerpt":{"rendered":"<p>Ricordiamo nella preghiera, assieme alle loro famiglie e comunit\u00e0, i presbiteri diocesani deceduti nel 2019. &nbsp; Bortolini mons. Marcello, di anni 82. Trento, 8 gennaio 2019. Originario di Centa, fu ordinato presbitero a Trento nel<\/p>\n","protected":false},"author":4,"featured_media":0,"parent":707,"menu_order":0,"comment_status":"closed","ping_status":"closed","template":"","meta":{"footnotes":""},"class_list":["post-1087","page","type-page","status-publish","hentry"],"acf":{"seed-localization-paese-cod":"","seed-localization-address":"","seed-localization-citta":"","seed-localization-regione-cod-istat":"","seed-localization-citta-cod-istat":"","seed-localization-localita":"","seed-localization-cap":"","seed-localization-marker-visibility":false,"seed-localization-children-visibility":false,"seed-localization-kml":"","seed-localization-custom-marker":""},"yoast_head":"<!-- This site is optimized with the Yoast SEO plugin v22.2 - https:\/\/yoast.com\/wordpress\/plugins\/seo\/ -->\n<title>2019 - Clero<\/title>\n<meta name=\"robots\" content=\"index, follow, max-snippet:-1, max-image-preview:large, max-video-preview:-1\" \/>\n<link rel=\"canonical\" href=\"https:\/\/staging.diocesitn.it\/clero\/lutto-nel-clero\/2019-2\/\" \/>\n<meta property=\"og:locale\" content=\"it_IT\" \/>\n<meta property=\"og:type\" content=\"article\" \/>\n<meta property=\"og:title\" content=\"2019 - Clero\" \/>\n<meta property=\"og:description\" content=\"Ricordiamo nella preghiera, assieme alle loro famiglie e comunit\u00e0, i presbiteri diocesani deceduti nel 2019. &nbsp; Bortolini mons. Marcello, di anni 82. Trento, 8 gennaio 2019. Originario di Centa, fu ordinato presbitero a Trento nel\" \/>\n<meta property=\"og:url\" content=\"https:\/\/staging.diocesitn.it\/clero\/lutto-nel-clero\/2019-2\/\" \/>\n<meta property=\"og:site_name\" content=\"Clero\" \/>\n<meta property=\"article:modified_time\" content=\"2019-12-27T18:37:35+00:00\" \/>\n<meta name=\"twitter:card\" content=\"summary_large_image\" \/>\n<meta name=\"twitter:label1\" content=\"Tempo di lettura stimato\" \/>\n\t<meta name=\"twitter:data1\" content=\"5 minuti\" \/>\n<script type=\"application\/ld+json\" class=\"yoast-schema-graph\">{\"@context\":\"https:\/\/schema.org\",\"@graph\":[{\"@type\":\"WebPage\",\"@id\":\"https:\/\/staging.diocesitn.it\/clero\/lutto-nel-clero\/2019-2\/\",\"url\":\"https:\/\/staging.diocesitn.it\/clero\/lutto-nel-clero\/2019-2\/\",\"name\":\"2019 - Clero\",\"isPartOf\":{\"@id\":\"https:\/\/staging.diocesitn.it\/clero\/#website\"},\"datePublished\":\"2019-01-16T10:14:08+00:00\",\"dateModified\":\"2019-12-27T18:37:35+00:00\",\"breadcrumb\":{\"@id\":\"https:\/\/staging.diocesitn.it\/clero\/lutto-nel-clero\/2019-2\/#breadcrumb\"},\"inLanguage\":\"it-IT\",\"potentialAction\":[{\"@type\":\"ReadAction\",\"target\":[\"https:\/\/staging.diocesitn.it\/clero\/lutto-nel-clero\/2019-2\/\"]}]},{\"@type\":\"BreadcrumbList\",\"@id\":\"https:\/\/staging.diocesitn.it\/clero\/lutto-nel-clero\/2019-2\/#breadcrumb\",\"itemListElement\":[{\"@type\":\"ListItem\",\"position\":1,\"name\":\"Home\",\"item\":\"https:\/\/staging.diocesitn.it\/clero\/\"},{\"@type\":\"ListItem\",\"position\":2,\"name\":\"Lutto nel Clero\",\"item\":\"https:\/\/staging.diocesitn.it\/clero\/lutto-nel-clero\/\"},{\"@type\":\"ListItem\",\"position\":3,\"name\":\"2019\"}]},{\"@type\":\"WebSite\",\"@id\":\"https:\/\/staging.diocesitn.it\/clero\/#website\",\"url\":\"https:\/\/staging.diocesitn.it\/clero\/\",\"name\":\"Clero\",\"description\":\"Chiesa di TRENTO\",\"potentialAction\":[{\"@type\":\"SearchAction\",\"target\":{\"@type\":\"EntryPoint\",\"urlTemplate\":\"https:\/\/staging.diocesitn.it\/clero\/?s={search_term_string}\"},\"query-input\":\"required name=search_term_string\"}],\"inLanguage\":\"it-IT\"}]}<\/script>\n<!-- \/ Yoast SEO plugin. -->","yoast_head_json":{"title":"2019 - Clero","robots":{"index":"index","follow":"follow","max-snippet":"max-snippet:-1","max-image-preview":"max-image-preview:large","max-video-preview":"max-video-preview:-1"},"canonical":"https:\/\/staging.diocesitn.it\/clero\/lutto-nel-clero\/2019-2\/","og_locale":"it_IT","og_type":"article","og_title":"2019 - Clero","og_description":"Ricordiamo nella preghiera, assieme alle loro famiglie e comunit\u00e0, i presbiteri diocesani deceduti nel 2019. &nbsp; Bortolini mons. Marcello, di anni 82. Trento, 8 gennaio 2019. Originario di Centa, fu ordinato presbitero a Trento nel","og_url":"https:\/\/staging.diocesitn.it\/clero\/lutto-nel-clero\/2019-2\/","og_site_name":"Clero","article_modified_time":"2019-12-27T18:37:35+00:00","twitter_card":"summary_large_image","twitter_misc":{"Tempo di lettura stimato":"5 minuti"},"schema":{"@context":"https:\/\/schema.org","@graph":[{"@type":"WebPage","@id":"https:\/\/staging.diocesitn.it\/clero\/lutto-nel-clero\/2019-2\/","url":"https:\/\/staging.diocesitn.it\/clero\/lutto-nel-clero\/2019-2\/","name":"2019 - Clero","isPartOf":{"@id":"https:\/\/staging.diocesitn.it\/clero\/#website"},"datePublished":"2019-01-16T10:14:08+00:00","dateModified":"2019-12-27T18:37:35+00:00","breadcrumb":{"@id":"https:\/\/staging.diocesitn.it\/clero\/lutto-nel-clero\/2019-2\/#breadcrumb"},"inLanguage":"it-IT","potentialAction":[{"@type":"ReadAction","target":["https:\/\/staging.diocesitn.it\/clero\/lutto-nel-clero\/2019-2\/"]}]},{"@type":"BreadcrumbList","@id":"https:\/\/staging.diocesitn.it\/clero\/lutto-nel-clero\/2019-2\/#breadcrumb","itemListElement":[{"@type":"ListItem","position":1,"name":"Home","item":"https:\/\/staging.diocesitn.it\/clero\/"},{"@type":"ListItem","position":2,"name":"Lutto nel Clero","item":"https:\/\/staging.diocesitn.it\/clero\/lutto-nel-clero\/"},{"@type":"ListItem","position":3,"name":"2019"}]},{"@type":"WebSite","@id":"https:\/\/staging.diocesitn.it\/clero\/#website","url":"https:\/\/staging.diocesitn.it\/clero\/","name":"Clero","description":"Chiesa di TRENTO","potentialAction":[{"@type":"SearchAction","target":{"@type":"EntryPoint","urlTemplate":"https:\/\/staging.diocesitn.it\/clero\/?s={search_term_string}"},"query-input":"required name=search_term_string"}],"inLanguage":"it-IT"}]}},"_links":{"self":[{"href":"https:\/\/staging.diocesitn.it\/clero\/wp-json\/wp\/v2\/pages\/1087","targetHints":{"allow":["GET"]}}],"collection":[{"href":"https:\/\/staging.diocesitn.it\/clero\/wp-json\/wp\/v2\/pages"}],"about":[{"href":"https:\/\/staging.diocesitn.it\/clero\/wp-json\/wp\/v2\/types\/page"}],"author":[{"embeddable":true,"href":"https:\/\/staging.diocesitn.it\/clero\/wp-json\/wp\/v2\/users\/4"}],"replies":[{"embeddable":true,"href":"https:\/\/staging.diocesitn.it\/clero\/wp-json\/wp\/v2\/comments?post=1087"}],"version-history":[{"count":4,"href":"https:\/\/staging.diocesitn.it\/clero\/wp-json\/wp\/v2\/pages\/1087\/revisions"}],"predecessor-version":[{"id":1310,"href":"https:\/\/staging.diocesitn.it\/clero\/wp-json\/wp\/v2\/pages\/1087\/revisions\/1310"}],"up":[{"embeddable":true,"href":"https:\/\/staging.diocesitn.it\/clero\/wp-json\/wp\/v2\/pages\/707"}],"wp:attachment":[{"href":"https:\/\/staging.diocesitn.it\/clero\/wp-json\/wp\/v2\/media?parent=1087"}],"curies":[{"name":"wp","href":"https:\/\/api.w.org\/{rel}","templated":true}]}}