{"id":1532,"date":"2021-05-18T13:04:08","date_gmt":"2021-05-18T11:04:08","guid":{"rendered":"https:\/\/staging.diocesitn.it\/clero\/?page_id=1532"},"modified":"2021-09-22T09:58:23","modified_gmt":"2021-09-22T07:58:23","slug":"2021-2","status":"publish","type":"page","link":"https:\/\/staging.diocesitn.it\/clero\/lutto-nel-clero\/2021-2\/","title":{"rendered":"2021"},"content":{"rendered":"<p><strong>don Giampaolo Giovanazzi<\/strong>, di anni 86.<br \/>\nAvio, 2 aprile 2021.<\/p>\n<p><span style=\"font-size: inherit;\">Nato ad Arco, v<\/span><span style=\"font-size: inherit; -webkit-text-size-adjust: 100%;\">enne ordinato a Trento nel 1959, fu vicario parrocchiale a Trento in Santa Maria Maggiore (1959-1961), Levico (1961-1963), Trento Sant&#8217;Antonio (1963-1966). <\/span>Studi\u00f2 qundi teologia a Roma, all&#8217;Universit\u00e0 Lateranense (1966-1967) e poi filosofia e pedagogia all&#8217;Universit\u00e0 Salesiana (1967-1970). Fu nominato vicerettore del seminario di Trento (1970-1971) e professore in seminario e catechista (1970-1982). Negli stessi anni fu all&#8217;ufficio catechistico in curia (1975-1982), assistente dell&#8217;Agesci (1980-1985) e assistente regionale MASCI (1993-1994). Delegato della Caritas diocesana (1982-1994), missionario in Brasile (1994-2001), parroco a Chizzola (2001-2003), Serravalle (2002-2003), Ala (2001-2011), Santa Margherita (2003-2011), ed anche decano di Ala (2002-2011). Collaboratore pastorale del decanato di Arco (2011-2012), e di nuovo missionario in Brasile (2012-2013), come ultimo incarico fu assistente spirituale della casa di riposo &#8220;Ubaldo Campagnola&#8221; di Avio, dove risiedeva.<\/p>\n<p>Il funerale \u00e8 stato celebrato mercoled\u00ec 7 aprile alle ore 15 ad Arco nella Collegiata.<\/p>\n<hr \/>\n<p><strong>don Franco Zanon<\/strong>, di anni 89.<br \/>\nMolveno, 17 maggio 2021.<\/p>\n<p>Nato a Cunevo, ordinato sacerdote nel 1958 a Trento; vicario parrocchiale a S.Croce in Bleggio (1958-1963), Mori (1963-1967); parroco a Torbole (1967-1975), Tuenno (1975-2000), Ronzone e Ruffr\u00e8 (2000-2001), a Molveno dal 2001.<\/p>\n<p>Il funerale \u00e8 stato celebrato a Molveno mercoled\u00ec 19 maggio 2021 alle 16.00.<\/p>\n<hr \/>\n<p>&nbsp;<\/p>\n","protected":false},"excerpt":{"rendered":"<p>don Giampaolo Giovanazzi, di anni 86. Avio, 2 aprile 2021. Nato ad Arco, venne ordinato a Trento nel 1959, fu vicario parrocchiale a Trento in Santa Maria Maggiore (1959-1961), Levico (1961-1963), Trento Sant&#8217;Antonio (1963-1966). Studi\u00f2<\/p>\n","protected":false},"author":168,"featured_media":0,"parent":707,"menu_order":0,"comment_status":"closed","ping_status":"closed","template":"","meta":{"footnotes":""},"class_list":["post-1532","page","type-page","status-publish","hentry"],"acf":{"seed-localization-paese-cod":"","seed-localization-address":"","seed-localization-citta":"","seed-localization-regione-cod-istat":"","seed-localization-citta-cod-istat":"","seed-localization-localita":"","seed-localization-cap":"","seed-localization-marker-visibility":false,"seed-localization-children-visibility":false,"seed-localization-kml":"","seed-localization-custom-marker":""},"yoast_head":"<!-- This site is optimized with the Yoast SEO plugin v22.2 - https:\/\/yoast.com\/wordpress\/plugins\/seo\/ -->\n<title>2021 - Clero<\/title>\n<meta name=\"robots\" content=\"index, follow, max-snippet:-1, max-image-preview:large, max-video-preview:-1\" \/>\n<link rel=\"canonical\" href=\"https:\/\/staging.diocesitn.it\/clero\/lutto-nel-clero\/2021-2\/\" \/>\n<meta property=\"og:locale\" content=\"it_IT\" \/>\n<meta property=\"og:type\" content=\"article\" \/>\n<meta property=\"og:title\" content=\"2021 - Clero\" \/>\n<meta property=\"og:description\" content=\"don Giampaolo Giovanazzi, di anni 86. Avio, 2 aprile 2021. Nato ad Arco, venne ordinato a Trento nel 1959, fu vicario parrocchiale a Trento in Santa Maria Maggiore (1959-1961), Levico (1961-1963), Trento Sant&#8217;Antonio (1963-1966). Studi\u00f2\" \/>\n<meta property=\"og:url\" content=\"https:\/\/staging.diocesitn.it\/clero\/lutto-nel-clero\/2021-2\/\" \/>\n<meta property=\"og:site_name\" content=\"Clero\" \/>\n<meta property=\"article:modified_time\" content=\"2021-09-22T07:58:23+00:00\" \/>\n<meta name=\"twitter:card\" content=\"summary_large_image\" \/>\n<meta name=\"twitter:label1\" content=\"Tempo di lettura stimato\" \/>\n\t<meta name=\"twitter:data1\" content=\"1 minuto\" \/>\n<script type=\"application\/ld+json\" class=\"yoast-schema-graph\">{\"@context\":\"https:\/\/schema.org\",\"@graph\":[{\"@type\":\"WebPage\",\"@id\":\"https:\/\/staging.diocesitn.it\/clero\/lutto-nel-clero\/2021-2\/\",\"url\":\"https:\/\/staging.diocesitn.it\/clero\/lutto-nel-clero\/2021-2\/\",\"name\":\"2021 - Clero\",\"isPartOf\":{\"@id\":\"https:\/\/staging.diocesitn.it\/clero\/#website\"},\"datePublished\":\"2021-05-18T11:04:08+00:00\",\"dateModified\":\"2021-09-22T07:58:23+00:00\",\"breadcrumb\":{\"@id\":\"https:\/\/staging.diocesitn.it\/clero\/lutto-nel-clero\/2021-2\/#breadcrumb\"},\"inLanguage\":\"it-IT\",\"potentialAction\":[{\"@type\":\"ReadAction\",\"target\":[\"https:\/\/staging.diocesitn.it\/clero\/lutto-nel-clero\/2021-2\/\"]}]},{\"@type\":\"BreadcrumbList\",\"@id\":\"https:\/\/staging.diocesitn.it\/clero\/lutto-nel-clero\/2021-2\/#breadcrumb\",\"itemListElement\":[{\"@type\":\"ListItem\",\"position\":1,\"name\":\"Home\",\"item\":\"https:\/\/staging.diocesitn.it\/clero\/\"},{\"@type\":\"ListItem\",\"position\":2,\"name\":\"Lutto nel Clero\",\"item\":\"https:\/\/staging.diocesitn.it\/clero\/lutto-nel-clero\/\"},{\"@type\":\"ListItem\",\"position\":3,\"name\":\"2021\"}]},{\"@type\":\"WebSite\",\"@id\":\"https:\/\/staging.diocesitn.it\/clero\/#website\",\"url\":\"https:\/\/staging.diocesitn.it\/clero\/\",\"name\":\"Clero\",\"description\":\"Chiesa di TRENTO\",\"potentialAction\":[{\"@type\":\"SearchAction\",\"target\":{\"@type\":\"EntryPoint\",\"urlTemplate\":\"https:\/\/staging.diocesitn.it\/clero\/?s={search_term_string}\"},\"query-input\":\"required name=search_term_string\"}],\"inLanguage\":\"it-IT\"}]}<\/script>\n<!-- \/ Yoast SEO plugin. -->","yoast_head_json":{"title":"2021 - Clero","robots":{"index":"index","follow":"follow","max-snippet":"max-snippet:-1","max-image-preview":"max-image-preview:large","max-video-preview":"max-video-preview:-1"},"canonical":"https:\/\/staging.diocesitn.it\/clero\/lutto-nel-clero\/2021-2\/","og_locale":"it_IT","og_type":"article","og_title":"2021 - Clero","og_description":"don Giampaolo Giovanazzi, di anni 86. Avio, 2 aprile 2021. Nato ad Arco, venne ordinato a Trento nel 1959, fu vicario parrocchiale a Trento in Santa Maria Maggiore (1959-1961), Levico (1961-1963), Trento Sant&#8217;Antonio (1963-1966). Studi\u00f2","og_url":"https:\/\/staging.diocesitn.it\/clero\/lutto-nel-clero\/2021-2\/","og_site_name":"Clero","article_modified_time":"2021-09-22T07:58:23+00:00","twitter_card":"summary_large_image","twitter_misc":{"Tempo di lettura stimato":"1 minuto"},"schema":{"@context":"https:\/\/schema.org","@graph":[{"@type":"WebPage","@id":"https:\/\/staging.diocesitn.it\/clero\/lutto-nel-clero\/2021-2\/","url":"https:\/\/staging.diocesitn.it\/clero\/lutto-nel-clero\/2021-2\/","name":"2021 - Clero","isPartOf":{"@id":"https:\/\/staging.diocesitn.it\/clero\/#website"},"datePublished":"2021-05-18T11:04:08+00:00","dateModified":"2021-09-22T07:58:23+00:00","breadcrumb":{"@id":"https:\/\/staging.diocesitn.it\/clero\/lutto-nel-clero\/2021-2\/#breadcrumb"},"inLanguage":"it-IT","potentialAction":[{"@type":"ReadAction","target":["https:\/\/staging.diocesitn.it\/clero\/lutto-nel-clero\/2021-2\/"]}]},{"@type":"BreadcrumbList","@id":"https:\/\/staging.diocesitn.it\/clero\/lutto-nel-clero\/2021-2\/#breadcrumb","itemListElement":[{"@type":"ListItem","position":1,"name":"Home","item":"https:\/\/staging.diocesitn.it\/clero\/"},{"@type":"ListItem","position":2,"name":"Lutto nel Clero","item":"https:\/\/staging.diocesitn.it\/clero\/lutto-nel-clero\/"},{"@type":"ListItem","position":3,"name":"2021"}]},{"@type":"WebSite","@id":"https:\/\/staging.diocesitn.it\/clero\/#website","url":"https:\/\/staging.diocesitn.it\/clero\/","name":"Clero","description":"Chiesa di TRENTO","potentialAction":[{"@type":"SearchAction","target":{"@type":"EntryPoint","urlTemplate":"https:\/\/staging.diocesitn.it\/clero\/?s={search_term_string}"},"query-input":"required name=search_term_string"}],"inLanguage":"it-IT"}]}},"_links":{"self":[{"href":"https:\/\/staging.diocesitn.it\/clero\/wp-json\/wp\/v2\/pages\/1532","targetHints":{"allow":["GET"]}}],"collection":[{"href":"https:\/\/staging.diocesitn.it\/clero\/wp-json\/wp\/v2\/pages"}],"about":[{"href":"https:\/\/staging.diocesitn.it\/clero\/wp-json\/wp\/v2\/types\/page"}],"author":[{"embeddable":true,"href":"https:\/\/staging.diocesitn.it\/clero\/wp-json\/wp\/v2\/users\/168"}],"replies":[{"embeddable":true,"href":"https:\/\/staging.diocesitn.it\/clero\/wp-json\/wp\/v2\/comments?post=1532"}],"version-history":[{"count":3,"href":"https:\/\/staging.diocesitn.it\/clero\/wp-json\/wp\/v2\/pages\/1532\/revisions"}],"predecessor-version":[{"id":1641,"href":"https:\/\/staging.diocesitn.it\/clero\/wp-json\/wp\/v2\/pages\/1532\/revisions\/1641"}],"up":[{"embeddable":true,"href":"https:\/\/staging.diocesitn.it\/clero\/wp-json\/wp\/v2\/pages\/707"}],"wp:attachment":[{"href":"https:\/\/staging.diocesitn.it\/clero\/wp-json\/wp\/v2\/media?parent=1532"}],"curies":[{"name":"wp","href":"https:\/\/api.w.org\/{rel}","templated":true}]}}