{"id":22,"date":"2010-02-15T18:42:00","date_gmt":"2010-02-15T17:42:00","guid":{"rendered":"http:\/\/staging.diocesitn.it\/clero\/infermeria-del-clero\/attivita\/"},"modified":"2018-02-20T09:44:21","modified_gmt":"2018-02-20T08:44:21","slug":"attivita","status":"publish","type":"page","link":"https:\/\/staging.diocesitn.it\/clero\/infermeria-del-clero\/attivita\/","title":{"rendered":"Attivit\u00e0"},"content":{"rendered":"<p><strong>L&#8217;attivit\u00e0 attuale<\/strong><\/p>\n<p>L&#8217;attivit\u00e0 principale \u00e8 costituita dalla gestione del Soggiorno sacerdoti anziani che si configura come una piccola residenza sanitaria assistita.<\/p>\n<p>Qui prestano servizio:<\/p>\n<ul style=\"list-style-type: disc;\">\n<li>Un amministratore<\/li>\n<li>Un infermiere che funge anche da direttore e coordinatore<\/li>\n<li>Tre diplomate OSA<\/li>\n<li>Un medico responsabile sanitario che qui ha un ambulatorio per i pazienti sacerdoti<\/li>\n<li>Quattro-cinque volontari<\/li>\n<\/ul>\n<p>Nei riguardi dell\u0092&#8217;RSA presso l\u0092&#8217;Istituto per Sordi, il Soggiorno agisce come responsabile unico, sia per il ricovero, sia come referente per la parte economica. In una parola, si risponde alla Direzione della RSA in qualit\u00e0 di familiari di tutti i sacerdoti l\u00ec ospitati.<\/p>\n<p>&nbsp;<\/p>\n<p><strong>Risorse economiche <\/strong><\/p>\n<p>Le risorse economiche sono costituite essenzialmente:<\/p>\n<ul style=\"list-style-type: disc;\">\n<li>dalle rette corrisposte dai pazienti<\/li>\n<li>dagli eventuali assegni di accompagnamento provinciali<\/li>\n<li>dall\u0092&#8217;eventuale assegno di accompagnamento erogato dalla Cattolica Assicurazioni<\/li>\n<li>dalle offerte e dai lasciti testamentari<\/li>\n<\/ul>\n","protected":false},"excerpt":{"rendered":"<p>L&#8217;attivit\u00e0 attuale L&#8217;attivit\u00e0 principale \u00e8 costituita dalla gestione del Soggiorno sacerdoti anziani che si configura come una piccola residenza sanitaria assistita. Qui prestano servizio: Un amministratore Un infermiere che funge anche da direttore e coordinatore<\/p>\n","protected":false},"author":2,"featured_media":0,"parent":7,"menu_order":1,"comment_status":"closed","ping_status":"closed","template":"","meta":{"footnotes":""},"class_list":["post-22","page","type-page","status-publish","hentry"],"acf":{"seed-localization-paese-cod":"","seed-localization-address":"","seed-localization-citta":"","seed-localization-regione-cod-istat":"","seed-localization-citta-cod-istat":"","seed-localization-localita":"","seed-localization-cap":"","seed-localization-marker-visibility":false,"seed-localization-children-visibility":false,"seed-localization-kml":null,"seed-localization-custom-marker":null},"yoast_head":"<!-- This site is optimized with the Yoast SEO plugin v22.2 - https:\/\/yoast.com\/wordpress\/plugins\/seo\/ -->\n<title>Attivit\u00e0 - Clero<\/title>\n<meta name=\"robots\" content=\"index, follow, max-snippet:-1, max-image-preview:large, max-video-preview:-1\" \/>\n<link rel=\"canonical\" href=\"https:\/\/staging.diocesitn.it\/clero\/infermeria-del-clero\/attivita\/\" \/>\n<meta property=\"og:locale\" content=\"it_IT\" \/>\n<meta property=\"og:type\" content=\"article\" \/>\n<meta property=\"og:title\" content=\"Attivit\u00e0 - Clero\" \/>\n<meta property=\"og:description\" content=\"L&#8217;attivit\u00e0 attuale L&#8217;attivit\u00e0 principale \u00e8 costituita dalla gestione del Soggiorno sacerdoti anziani che si configura come una piccola residenza sanitaria assistita. Qui prestano servizio: Un amministratore Un infermiere che funge anche da direttore e coordinatore\" \/>\n<meta property=\"og:url\" content=\"https:\/\/staging.diocesitn.it\/clero\/infermeria-del-clero\/attivita\/\" \/>\n<meta property=\"og:site_name\" content=\"Clero\" \/>\n<meta property=\"article:modified_time\" content=\"2018-02-20T08:44:21+00:00\" \/>\n<meta name=\"twitter:card\" content=\"summary_large_image\" \/>\n<meta name=\"twitter:label1\" content=\"Tempo di lettura stimato\" \/>\n\t<meta name=\"twitter:data1\" content=\"1 minuto\" \/>\n<script type=\"application\/ld+json\" class=\"yoast-schema-graph\">{\"@context\":\"https:\/\/schema.org\",\"@graph\":[{\"@type\":\"WebPage\",\"@id\":\"https:\/\/staging.diocesitn.it\/clero\/infermeria-del-clero\/attivita\/\",\"url\":\"https:\/\/staging.diocesitn.it\/clero\/infermeria-del-clero\/attivita\/\",\"name\":\"Attivit\u00e0 - Clero\",\"isPartOf\":{\"@id\":\"https:\/\/staging.diocesitn.it\/clero\/#website\"},\"datePublished\":\"2010-02-15T17:42:00+00:00\",\"dateModified\":\"2018-02-20T08:44:21+00:00\",\"breadcrumb\":{\"@id\":\"https:\/\/staging.diocesitn.it\/clero\/infermeria-del-clero\/attivita\/#breadcrumb\"},\"inLanguage\":\"it-IT\",\"potentialAction\":[{\"@type\":\"ReadAction\",\"target\":[\"https:\/\/staging.diocesitn.it\/clero\/infermeria-del-clero\/attivita\/\"]}]},{\"@type\":\"BreadcrumbList\",\"@id\":\"https:\/\/staging.diocesitn.it\/clero\/infermeria-del-clero\/attivita\/#breadcrumb\",\"itemListElement\":[{\"@type\":\"ListItem\",\"position\":1,\"name\":\"Home\",\"item\":\"https:\/\/staging.diocesitn.it\/clero\/\"},{\"@type\":\"ListItem\",\"position\":2,\"name\":\"Casa del Clero\",\"item\":\"https:\/\/staging.diocesitn.it\/clero\/infermeria-del-clero\/\"},{\"@type\":\"ListItem\",\"position\":3,\"name\":\"Attivit\u00e0\"}]},{\"@type\":\"WebSite\",\"@id\":\"https:\/\/staging.diocesitn.it\/clero\/#website\",\"url\":\"https:\/\/staging.diocesitn.it\/clero\/\",\"name\":\"Clero\",\"description\":\"Chiesa di TRENTO\",\"potentialAction\":[{\"@type\":\"SearchAction\",\"target\":{\"@type\":\"EntryPoint\",\"urlTemplate\":\"https:\/\/staging.diocesitn.it\/clero\/?s={search_term_string}\"},\"query-input\":\"required name=search_term_string\"}],\"inLanguage\":\"it-IT\"}]}<\/script>\n<!-- \/ Yoast SEO plugin. -->","yoast_head_json":{"title":"Attivit\u00e0 - Clero","robots":{"index":"index","follow":"follow","max-snippet":"max-snippet:-1","max-image-preview":"max-image-preview:large","max-video-preview":"max-video-preview:-1"},"canonical":"https:\/\/staging.diocesitn.it\/clero\/infermeria-del-clero\/attivita\/","og_locale":"it_IT","og_type":"article","og_title":"Attivit\u00e0 - Clero","og_description":"L&#8217;attivit\u00e0 attuale L&#8217;attivit\u00e0 principale \u00e8 costituita dalla gestione del Soggiorno sacerdoti anziani che si configura come una piccola residenza sanitaria assistita. Qui prestano servizio: Un amministratore Un infermiere che funge anche da direttore e coordinatore","og_url":"https:\/\/staging.diocesitn.it\/clero\/infermeria-del-clero\/attivita\/","og_site_name":"Clero","article_modified_time":"2018-02-20T08:44:21+00:00","twitter_card":"summary_large_image","twitter_misc":{"Tempo di lettura stimato":"1 minuto"},"schema":{"@context":"https:\/\/schema.org","@graph":[{"@type":"WebPage","@id":"https:\/\/staging.diocesitn.it\/clero\/infermeria-del-clero\/attivita\/","url":"https:\/\/staging.diocesitn.it\/clero\/infermeria-del-clero\/attivita\/","name":"Attivit\u00e0 - Clero","isPartOf":{"@id":"https:\/\/staging.diocesitn.it\/clero\/#website"},"datePublished":"2010-02-15T17:42:00+00:00","dateModified":"2018-02-20T08:44:21+00:00","breadcrumb":{"@id":"https:\/\/staging.diocesitn.it\/clero\/infermeria-del-clero\/attivita\/#breadcrumb"},"inLanguage":"it-IT","potentialAction":[{"@type":"ReadAction","target":["https:\/\/staging.diocesitn.it\/clero\/infermeria-del-clero\/attivita\/"]}]},{"@type":"BreadcrumbList","@id":"https:\/\/staging.diocesitn.it\/clero\/infermeria-del-clero\/attivita\/#breadcrumb","itemListElement":[{"@type":"ListItem","position":1,"name":"Home","item":"https:\/\/staging.diocesitn.it\/clero\/"},{"@type":"ListItem","position":2,"name":"Casa del Clero","item":"https:\/\/staging.diocesitn.it\/clero\/infermeria-del-clero\/"},{"@type":"ListItem","position":3,"name":"Attivit\u00e0"}]},{"@type":"WebSite","@id":"https:\/\/staging.diocesitn.it\/clero\/#website","url":"https:\/\/staging.diocesitn.it\/clero\/","name":"Clero","description":"Chiesa di TRENTO","potentialAction":[{"@type":"SearchAction","target":{"@type":"EntryPoint","urlTemplate":"https:\/\/staging.diocesitn.it\/clero\/?s={search_term_string}"},"query-input":"required name=search_term_string"}],"inLanguage":"it-IT"}]}},"_links":{"self":[{"href":"https:\/\/staging.diocesitn.it\/clero\/wp-json\/wp\/v2\/pages\/22","targetHints":{"allow":["GET"]}}],"collection":[{"href":"https:\/\/staging.diocesitn.it\/clero\/wp-json\/wp\/v2\/pages"}],"about":[{"href":"https:\/\/staging.diocesitn.it\/clero\/wp-json\/wp\/v2\/types\/page"}],"author":[{"embeddable":true,"href":"https:\/\/staging.diocesitn.it\/clero\/wp-json\/wp\/v2\/users\/2"}],"replies":[{"embeddable":true,"href":"https:\/\/staging.diocesitn.it\/clero\/wp-json\/wp\/v2\/comments?post=22"}],"version-history":[{"count":4,"href":"https:\/\/staging.diocesitn.it\/clero\/wp-json\/wp\/v2\/pages\/22\/revisions"}],"predecessor-version":[{"id":969,"href":"https:\/\/staging.diocesitn.it\/clero\/wp-json\/wp\/v2\/pages\/22\/revisions\/969"}],"up":[{"embeddable":true,"href":"https:\/\/staging.diocesitn.it\/clero\/wp-json\/wp\/v2\/pages\/7"}],"wp:attachment":[{"href":"https:\/\/staging.diocesitn.it\/clero\/wp-json\/wp\/v2\/media?parent=22"}],"curies":[{"name":"wp","href":"https:\/\/api.w.org\/{rel}","templated":true}]}}