{"id":7,"date":"2010-02-15T18:40:00","date_gmt":"2010-02-15T17:40:00","guid":{"rendered":"http:\/\/staging.diocesitn.it\/clero\/infermeria-del-clero\/"},"modified":"2021-06-24T18:17:14","modified_gmt":"2021-06-24T16:17:14","slug":"infermeria-del-clero","status":"publish","type":"page","link":"https:\/\/staging.diocesitn.it\/clero\/infermeria-del-clero\/","title":{"rendered":"Casa del Clero"},"content":{"rendered":"<div style=\"text-align: center;\"><strong>Casa del Clero<br \/>\nSoggiorno sacerdoti anziani<\/strong><br \/>\nCorso Tre Novembre, 46 &#8211; 38122 Trento<br \/>\nTel. 0461\/238.571<\/div>\n<div style=\"text-align: center;\"><\/div>\n<div style=\"text-align: center;\">clero@diocesitn.it<\/div>\n<div><\/div>\n<div><\/div>\n<div>\n<p><strong>Storia<\/strong><\/p>\n<p>L&#8217;iniziativa diocesana per riservare un luogo dove accudire i sacerdoti anziani e malati che avessero bisogno di ospitalit\u00e0 e cure, risale al 1974. Fu attrezzata un&#8217;infermeria usufruendo di due piani del corpo centrale dell&#8217;edificio dell&#8217;ex seminario minore (Via Madruzzo), che aveva gi\u00e0 chiuso la sua originale attivit\u00e0.<br \/>\nNel 1978 fu approvato un primo Statuto, rinnovato poi nel 1987. Alla denominazione originale Infermeria del clero, fu preferita con l&#8217;andare degli anni quella di Soggiorno per sacerdoti anziani. Quest&#8217;ultimo viene impiegato nei documenti ufficiali, mentre nell&#8217;uso quotidiano corre preferibilmente il primo.<br \/>\nIl numero degli ospiti presenti nella struttura negli anni si aggir\u00f2 tra i venti e i trenta.<\/p>\n<p>Nel 1996, avendo il Consiglio presbiterale deciso di vendere tutto il complesso del seminario minore, si pens\u00f2 in un primo tempo a un edificio nuovo, costruito nel parco della Casa del clero, in Via Cervara. A disegno completato, avendo pure ottenuto dall&#8217;amministrazione provinciale un finanziamento congruo, il progetto fu rimesso in discussione nel Consiglio presbiterale che opt\u00f2 per una collocazione dei sacerdoti infermi presso la RSA dell&#8217;Istituto Sordomuti, il quale, in cambio del sussidio deliberato dalla PAT per il progettato edificio in via Cervara, offriva un numero congruo di camere.<br \/>\nNell&#8217;anno 2000 fu firmata una convenzione tra l&#8217;Arcidiocesi a l&#8217;\u0092Istituto Sordomuti che entr\u00f2 in vigore nel maggio del 2003, quando, nei giorni dal 15 al 17 maggio, avvenne il trasloco dal seminario minore alla RSA di Via Piave 106.<\/p>\n<p>Gi\u00e0 in fase di contrattazione, ci si accorse che le condizioni per il ricovero ponevano dei limiti rispetto alle nostre finalit\u00e0, in quanto l\u00ec potevano essere accolti solo quanti avessero avuto la valutazione non autosufficiente dalla commissione UVM (Unit\u00e0 Valutativa Multidisciplinare) in modo da poter avere il sussidio della PAT. Occorreva trovare un altro ambiente dove accogliere incondizionatamente ogni richiesta: per convalescenza, in attesa di ospedalizzazione, brevi periodi di cura, ecc.. A tale scopo furono riservate e attrezzate 12 camere presso la Casa del clero, pensate come pronta accoglienza per i bisogni sopra descritti. L&#8217;\u0092iniziativa si dimostr\u00f2 ben presto indovinata e provvidenziale.<\/p>\n<p>Le difficolt\u00e0 incontrate fin dall&#8217;\u0092inizio della nuova sistemazione, indussero a pensare a una soluzione definitiva pi\u00f9 consona alle esigenze dei nostri sacerdoti anziani e infermi che permettesse di accogliere in un unico luogo quanti erano ospitati nelle due strutture.<br \/>\nIl Consiglio presbiterale gi\u00e0 nel 2006, visto la disponibilit\u00e0 dell&#8217;edificio del seminario diocesano che in quegli anni veniva ristrutturato, decideva di collocarvi pure la nuova infermeria. Decideva pure di gestirla in proprio, senza dipendere da enti pubblici, per poter organizzare autonomamente la vita interna, e scegliere liberamente il personale.<\/p>\n<\/div>\n<div><\/div>\n<div><strong>Un nuovo unico ente<\/strong>Nella previsione del trasloco degli infermi nell&#8217;\u0092edificio del seminario, si dovette pure constatare che nella Casa del Clero sarebbero rimasti solo tre ospiti, rendendo economicamente ingestibile la struttura.<br \/>\nIl problema fu presentato e discusso in Consiglio presbiterale che decise con voto unanime di unire nello stesso ente Casa del clero, dotato di personalit\u00e0 giuridica, anche l&#8217;\u0092infermeria, che avrebbe costituito d&#8217;ora innanzi l&#8217;\u0092attivit\u00e0 principale.<\/p>\n<\/div>\n<div><\/div>\n<div><\/div>\n<div>\n<p><strong>L&#8217;attivit\u00e0 attuale<\/strong><\/p>\n<p>L&#8217;attivit\u00e0 principale \u00e8 costituita dalla gestione del Soggiorno sacerdoti anziani che si configura come una piccola residenza sanitaria assistita.<\/p>\n<\/div>\n<div><\/div>\n<div>Qui prestano servizio:<\/div>\n<ul type=\"circle\">\n<li>Un infermieri che funge anche da direttore e coordinatore<\/li>\n<li>Tre diplomate OSA<\/li>\n<li>Un amministratore<\/li>\n<li>Un medico responsabile sanitario che qui ha pure l&#8217;ambulatorio per i pazienti sacerdoti<\/li>\n<li>Quattro-cinque volontari<\/li>\n<\/ul>\n<div>Nei riguardi dell&#8217;RSA presso l&#8217;Istituto per Sordi, il Soggiorno agisce come responsabile unico, sia per il ricovero, sia come referente per la parte economica. In una parola, rispondiamo alla Direzione della RSA come fossimo i famigliari di tutti i sacerdoti l\u00ec ospitati.<\/div>\n<div><\/div>\n<div><\/div>\n<div>\n<p><strong>Risorse economiche <\/strong><\/p>\n<p>Le risorse economiche sono costituite essenzialmente:<\/p>\n<\/div>\n<ul type=\"circle\">\n<li>dalle rette corrisposte dai pazienti<\/li>\n<li>dagli eventuali assegni di accompagnamento provinciali<\/li>\n<li>dall&#8217;\u0092eventuale assegno di accompagnamento erogato dalla Cattolica Assicurazioni<\/li>\n<li>dalle offerte e dai lasciti testamentari<\/li>\n<\/ul>\n","protected":false},"excerpt":{"rendered":"<p>Casa del Clero Soggiorno sacerdoti anziani Corso Tre Novembre, 46 &#8211; 38122 Trento Tel. 0461\/238.571 clero@diocesitn.it Storia L&#8217;iniziativa diocesana per riservare un luogo dove accudire i sacerdoti anziani e malati che avessero bisogno di ospitalit\u00e0<\/p>\n","protected":false},"author":2,"featured_media":0,"parent":0,"menu_order":1,"comment_status":"closed","ping_status":"closed","template":"","meta":{"footnotes":""},"class_list":["post-7","page","type-page","status-publish","hentry"],"acf":{"seed-localization-paese-cod":"","seed-localization-address":"","seed-localization-citta":"","seed-localization-regione-cod-istat":"","seed-localization-citta-cod-istat":"","seed-localization-localita":"","seed-localization-cap":"","seed-localization-marker-visibility":false,"seed-localization-children-visibility":false,"seed-localization-kml":"","seed-localization-custom-marker":""},"yoast_head":"<!-- This site is optimized with the Yoast SEO plugin v22.2 - https:\/\/yoast.com\/wordpress\/plugins\/seo\/ -->\n<title>Casa del Clero - Clero<\/title>\n<meta name=\"robots\" content=\"index, follow, max-snippet:-1, max-image-preview:large, max-video-preview:-1\" \/>\n<link rel=\"canonical\" href=\"https:\/\/staging.diocesitn.it\/clero\/infermeria-del-clero\/\" \/>\n<meta property=\"og:locale\" content=\"it_IT\" \/>\n<meta property=\"og:type\" content=\"article\" \/>\n<meta property=\"og:title\" content=\"Casa del Clero - Clero\" \/>\n<meta property=\"og:description\" content=\"Casa del Clero Soggiorno sacerdoti anziani Corso Tre Novembre, 46 &#8211; 38122 Trento Tel. 0461\/238.571 clero@diocesitn.it Storia L&#8217;iniziativa diocesana per riservare un luogo dove accudire i sacerdoti anziani e malati che avessero bisogno di ospitalit\u00e0\" \/>\n<meta property=\"og:url\" content=\"https:\/\/staging.diocesitn.it\/clero\/infermeria-del-clero\/\" \/>\n<meta property=\"og:site_name\" content=\"Clero\" \/>\n<meta property=\"article:modified_time\" content=\"2021-06-24T16:17:14+00:00\" \/>\n<meta name=\"twitter:card\" content=\"summary_large_image\" \/>\n<meta name=\"twitter:label1\" content=\"Tempo di lettura stimato\" \/>\n\t<meta name=\"twitter:data1\" content=\"3 minuti\" \/>\n<script type=\"application\/ld+json\" class=\"yoast-schema-graph\">{\"@context\":\"https:\/\/schema.org\",\"@graph\":[{\"@type\":\"WebPage\",\"@id\":\"https:\/\/staging.diocesitn.it\/clero\/infermeria-del-clero\/\",\"url\":\"https:\/\/staging.diocesitn.it\/clero\/infermeria-del-clero\/\",\"name\":\"Casa del Clero - Clero\",\"isPartOf\":{\"@id\":\"https:\/\/staging.diocesitn.it\/clero\/#website\"},\"datePublished\":\"2010-02-15T17:40:00+00:00\",\"dateModified\":\"2021-06-24T16:17:14+00:00\",\"breadcrumb\":{\"@id\":\"https:\/\/staging.diocesitn.it\/clero\/infermeria-del-clero\/#breadcrumb\"},\"inLanguage\":\"it-IT\",\"potentialAction\":[{\"@type\":\"ReadAction\",\"target\":[\"https:\/\/staging.diocesitn.it\/clero\/infermeria-del-clero\/\"]}]},{\"@type\":\"BreadcrumbList\",\"@id\":\"https:\/\/staging.diocesitn.it\/clero\/infermeria-del-clero\/#breadcrumb\",\"itemListElement\":[{\"@type\":\"ListItem\",\"position\":1,\"name\":\"Home\",\"item\":\"https:\/\/staging.diocesitn.it\/clero\/\"},{\"@type\":\"ListItem\",\"position\":2,\"name\":\"Casa del Clero\"}]},{\"@type\":\"WebSite\",\"@id\":\"https:\/\/staging.diocesitn.it\/clero\/#website\",\"url\":\"https:\/\/staging.diocesitn.it\/clero\/\",\"name\":\"Clero\",\"description\":\"Chiesa di TRENTO\",\"potentialAction\":[{\"@type\":\"SearchAction\",\"target\":{\"@type\":\"EntryPoint\",\"urlTemplate\":\"https:\/\/staging.diocesitn.it\/clero\/?s={search_term_string}\"},\"query-input\":\"required name=search_term_string\"}],\"inLanguage\":\"it-IT\"}]}<\/script>\n<!-- \/ Yoast SEO plugin. -->","yoast_head_json":{"title":"Casa del Clero - Clero","robots":{"index":"index","follow":"follow","max-snippet":"max-snippet:-1","max-image-preview":"max-image-preview:large","max-video-preview":"max-video-preview:-1"},"canonical":"https:\/\/staging.diocesitn.it\/clero\/infermeria-del-clero\/","og_locale":"it_IT","og_type":"article","og_title":"Casa del Clero - Clero","og_description":"Casa del Clero Soggiorno sacerdoti anziani Corso Tre Novembre, 46 &#8211; 38122 Trento Tel. 0461\/238.571 clero@diocesitn.it Storia L&#8217;iniziativa diocesana per riservare un luogo dove accudire i sacerdoti anziani e malati che avessero bisogno di ospitalit\u00e0","og_url":"https:\/\/staging.diocesitn.it\/clero\/infermeria-del-clero\/","og_site_name":"Clero","article_modified_time":"2021-06-24T16:17:14+00:00","twitter_card":"summary_large_image","twitter_misc":{"Tempo di lettura stimato":"3 minuti"},"schema":{"@context":"https:\/\/schema.org","@graph":[{"@type":"WebPage","@id":"https:\/\/staging.diocesitn.it\/clero\/infermeria-del-clero\/","url":"https:\/\/staging.diocesitn.it\/clero\/infermeria-del-clero\/","name":"Casa del Clero - Clero","isPartOf":{"@id":"https:\/\/staging.diocesitn.it\/clero\/#website"},"datePublished":"2010-02-15T17:40:00+00:00","dateModified":"2021-06-24T16:17:14+00:00","breadcrumb":{"@id":"https:\/\/staging.diocesitn.it\/clero\/infermeria-del-clero\/#breadcrumb"},"inLanguage":"it-IT","potentialAction":[{"@type":"ReadAction","target":["https:\/\/staging.diocesitn.it\/clero\/infermeria-del-clero\/"]}]},{"@type":"BreadcrumbList","@id":"https:\/\/staging.diocesitn.it\/clero\/infermeria-del-clero\/#breadcrumb","itemListElement":[{"@type":"ListItem","position":1,"name":"Home","item":"https:\/\/staging.diocesitn.it\/clero\/"},{"@type":"ListItem","position":2,"name":"Casa del Clero"}]},{"@type":"WebSite","@id":"https:\/\/staging.diocesitn.it\/clero\/#website","url":"https:\/\/staging.diocesitn.it\/clero\/","name":"Clero","description":"Chiesa di TRENTO","potentialAction":[{"@type":"SearchAction","target":{"@type":"EntryPoint","urlTemplate":"https:\/\/staging.diocesitn.it\/clero\/?s={search_term_string}"},"query-input":"required name=search_term_string"}],"inLanguage":"it-IT"}]}},"_links":{"self":[{"href":"https:\/\/staging.diocesitn.it\/clero\/wp-json\/wp\/v2\/pages\/7","targetHints":{"allow":["GET"]}}],"collection":[{"href":"https:\/\/staging.diocesitn.it\/clero\/wp-json\/wp\/v2\/pages"}],"about":[{"href":"https:\/\/staging.diocesitn.it\/clero\/wp-json\/wp\/v2\/types\/page"}],"author":[{"embeddable":true,"href":"https:\/\/staging.diocesitn.it\/clero\/wp-json\/wp\/v2\/users\/2"}],"replies":[{"embeddable":true,"href":"https:\/\/staging.diocesitn.it\/clero\/wp-json\/wp\/v2\/comments?post=7"}],"version-history":[{"count":4,"href":"https:\/\/staging.diocesitn.it\/clero\/wp-json\/wp\/v2\/pages\/7\/revisions"}],"predecessor-version":[{"id":1632,"href":"https:\/\/staging.diocesitn.it\/clero\/wp-json\/wp\/v2\/pages\/7\/revisions\/1632"}],"wp:attachment":[{"href":"https:\/\/staging.diocesitn.it\/clero\/wp-json\/wp\/v2\/media?parent=7"}],"curies":[{"name":"wp","href":"https:\/\/api.w.org\/{rel}","templated":true}]}}