{"id":715,"date":"2017-07-28T09:05:17","date_gmt":"2017-07-28T07:05:17","guid":{"rendered":"http:\/\/staging.diocesitn.it\/clero\/?page_id=715"},"modified":"2018-02-02T11:12:07","modified_gmt":"2018-02-02T10:12:07","slug":"2010-2","status":"publish","type":"page","link":"https:\/\/staging.diocesitn.it\/clero\/lutto-nel-clero\/2010-2\/","title":{"rendered":"2010"},"content":{"rendered":"<p><strong>Ricordiamo nella preghiera, assieme alle loro famiglie e comunit\u00e0, i 19 presbiteri diocesani e il diacono permanente, deceduti nel corso dell&#8217;anno 2010.<\/strong><\/p>\n<p>&nbsp;<\/p>\n<p><strong>Franceschetti don Angelo<\/strong>, di anni 80.<br \/>\nTione, 31 dicembre 2010.<\/p>\n<p>Nato a Strada, venne ordinato a Trento nel 1956. Fu prefetto e professore nel Seminario Minore (1956-1961); parroco a Bezzecca (1961-1971), a Tesero (1971-1980), a Pinzolo (1980-1992), Rev\u00f2 (1992-2004), collaboratore pastorale nel decanato di Condino (2004-2009) e residente successivamente a Pieve di Bono.<br \/>\nIl funerale \u00e8 stato celebrato domenica 2 gennaio 2011 alle 14.30, a Pieve di Bono.<\/p>\n<p>&nbsp;<\/p>\n<p><strong>Zanon don Agostino<\/strong>, di anni 84.<br \/>\nTrento, 26 dicembre 2010.<\/p>\n<p>Nato a Cunevo (1926), venne ordinato a Trento nel 1951. Fu vicario parrocchiale a Villalagarina (1952-56), parroco a Pri\u00f2 (1956-2009); Verv\u00f2 (1971-81), Dardine\u00a0(1990-2009). Risiedeva alla Casa del Clero dal 2009.<br \/>\nIl funerale \u00e8 stato celebrato marted\u00ec 28 dicembre alle 14.30, a Cunevo.<\/p>\n<p>&nbsp;<\/p>\n<p><strong>Sottoriva don Luigi<\/strong>, di anni 91.<br \/>\nRovereto, 16 novembre 2010.<\/p>\n<p>Nato a S. Anna di Vallarsa (1919), venne ordinato a Denno nel 1944. Fu vicario parrocchiale a Ronco Cainari (1944-45), Roncegno (1945-47); parroco a Sagron Mis (1947-53), Montagnaga di Pin\u00e9 (1953-65), parroco decano a Fiera di Primiero (1965-79), parroco a Ischia (1979-93). Risiedeva a Rovereto dal 1993.<br \/>\nIl funerale \u00e8 stato celebrato gioved\u00ec 18 novembre alle 14.30, a Borgo Sacco. La salma \u00e8 stata successivamente tumulata a S. Anna di Vallarsa.<\/p>\n<p>&nbsp;<\/p>\n<p><strong>Forrer don Evaristo<\/strong>, di anni 93.<br \/>\nTrento, 6 ottobre 2010.<\/p>\n<p>Nato a Braunau (Austria), ordinato a Trento nel 1942, fu vicario parrocchiale a Villalagarina (1942-43), Montagnaga (1943-45); curato a Serrada (1945-49); parroco a Novaledo (1949-56), Faver (1956-68) e Valda (1967-68), Miola (1968-69), Grumes (1969-83) e Grauno (1972-83), Castagn\u00e9 S. Vito e S. Caterina (1983-84), Vigalzano (1984-2006), residente a Pergine e successivamente alla Casa del Clero.<br \/>\nIl funerale \u00e8 stato celebrato venerd\u00ec 8 ottobre alle 14.00, a Pergine.<\/p>\n<p>&nbsp;<\/p>\n<p><strong>Stolcis don Tullio<\/strong>, di anni 84.<br \/>\nTrento, 24 settembre 2010.<\/p>\n<p>Originario di Malosco, ordinato a Trento nel 1953, fu vicario parrocchiale a Castello Tesino (1953-55) e Tione (1955-56); curato a Mione e Corte (1956-63); parroco a Ziano (1963-86), Castelfondo e Dovena (1986-2006); residente a Castelfondo (2006-2009) e successivamente alla Casa del Clero.<br \/>\nIl funerale \u00e8 stato celebrato luned\u00ec 27 settembre, a Malosco, alle ore 14.30<\/p>\n<p>&nbsp;<\/p>\n<p><strong>Chiocchetti don Paride<\/strong>, di anni 69.<br \/>\nTrento, 19 settembre 2010.<\/p>\n<p>Originario di Moena, venne ordinato presbitero a Trento nel 1966. Fu vicario parrocchiale a Mezzolombardo (1966), Mattarello (1966-68) e Mori (1968-73); parroco a Marco (1974-82), Rovereto S. Famiglia, (1982-84), Spormaggiore e Cavedago (1984-96), Lavis (1996-2008) e Pressano (2007-2008); decano a Rovereto (1978-84) e Lavis (20011-2008); direttore spirituale nel Seminario Diocesano (dal 2007) e referente per la Caritas (dal 2008). Mor\u00ec a Trento il 19 settembre 2010.<br \/>\nE\u2019 stato ricordato luned\u00ec 20 e marted\u00ec 21 con una veglia di preghiera, in Seminario, alle 20.30; il funerale \u00e8 stato celebrato mercoled\u00ec 22 settembre, a Trento in Cattedrale alle 10.30 e a Moena alle 14.30.<\/p>\n<p>&nbsp;<\/p>\n<p><strong>Betta don Giuseppe<\/strong>, di anni 86.<br \/>\nTrento, 18 settembre 2010.<\/p>\n<p>Originario di\u00a0Cavareno venne ordinato presbitero a Trento nel 1948. Fu prefetto e insegnante nel Seminario Minore (1948-51); assistente delle Acli a Bolzano (1951-54); vicario parrocchiale a Salorno (1954-55) e a Telve (1966); cappellano degli operai in Africa (1955-65); parroco a Milano Ss. Martiri (1966-76), Avio e Mama (1976-1993), Sarnonico e Seio (1993-2007); cappellano nella casa di riposo di Mezzocorona (2007-2009); residente a Trento, dove mor\u00ec il 18 settembre 2010.<br \/>\nLuned\u00ec 20 settembre a Cavareno \u00e8 stato recitato in chiesa il Rosario in suffragio ad ore 20.00; il funerale \u00e8 stato celebrato\u00a0marted\u00ec 21 settembre, alle ore 15.00 a Cavareno.<\/p>\n<p>&nbsp;<\/p>\n<p><strong>Osti don Vincenzo<\/strong>, di anni 88.<br \/>\nTrento, 12 settembre 2010.<\/p>\n<p>Originario di Strigno, ordinato a Trento nel 1946, fu vicario parrocchiale a Tezze Valsugana (1946-1948) e a Levico (1948-1951); parroco a Ospedaletto (1951-1962), Cinte Tesino (1962-1974) e Novaledo (1974-1992); residente a Strigno (1992-2009) e successivamentre alla Casa del Clero.<br \/>\nIl funerale \u00e8 stato\u00a0celebrato marted\u00ec 14 settembre, a Strigno, ad ore 14.30.<\/p>\n<p>&nbsp;<\/p>\n<p><strong>Bortoluzzi don Giorgio<\/strong>, di anni 67.<br \/>\nTrento, 7 luglio 2010.<\/p>\n<p>Originario di Brez, ordinato a Trento nel 1969, fu vicario parrocchiale ad Arco (1969-76), vicedirettore del Seminario maggiore (1976-89), delegato vescovile per la pastorale delle vocazioni (1981-95), consigliere spirituale del Seminario (1989-95), parroco a Martignano (1995-2007), amministratore parrocchiale a Montevaccino (2006-2007), parroco a Spormaggiore e Cavedago dal 2007.<br \/>\nIl funerale \u00e8 stato celebrato venerd\u00ec 9 luglio, a Spormaggiore ad ore 14.30, e a Cloz ad ore 17.00.<\/p>\n<p>&nbsp;<\/p>\n<p><strong>Paoli don Isidoro<\/strong>, di anni 90.<br \/>\nTrento, 22 giugno 2010.<\/p>\n<p>Originario di Mezzolombardo, ordinato a Cal\u00ec in Colombia nel 1948 e incardinato in Diocesi di Trento nel 1985, fu vicario parrocchiale a Montagne (1964-72), parroco a Dardine (1972-79) e Dercolo, Quetta \u00a0(1979-2000); collaboratore pastorale a Malgolo (2000-2004). Residente a Malgolo fino al 2006, \u00e8 stato successivamente ospite della Casa del Clero.<br \/>\nIl funerale \u00e8 stato celebrato gioved\u00ec 24 giugno, a Mezzolombardo, alle ore 16.00.<\/p>\n<p>&nbsp;<\/p>\n<p><strong>Ruggera don Livio<\/strong>, di anni 87.<br \/>\nTrento, 18 giugno 2010.<\/p>\n<p>Originario di Sabbion Segonzano, venne ordinato presbitero a Trento nel 1947. Fu vicario parrocchiale a Olle (1947-48), Borgo Valsugana (1948-50), Vigo Meano (1950-52), Lizzana (1952-53), parroco a Vigo Cavedine (1953-72), Vigo Meano (1972-82) e Faver (1982-2005).\u00a0Residente a Faver fino al 2008, \u00e8 stato successivamente ospite della Casa del Clero.<br \/>\nIl funerale \u00e8 stato \u00a0celebrato sabato 19 giugno, a Faver, alle ore 17.30.<\/p>\n<p>&nbsp;<\/p>\n<p><strong>Kanduth don Dieter<\/strong>, di anni 73.<br \/>\nRovereto, 17 maggio 2010.<\/p>\n<p>Originario di Berlino, ordinato a Sion in Svizzera negli Agostiniani (1966), venne incardinato nel presbiterio diocesano nel 2004. Era collaboratore pastorale per il decanato di Riva del Garda.<br \/>\nIl funerale \u00e8 stato\u00a0celebrato gioved\u00ec\u00a019 maggio, presso la chiesa di S. Maria Assunta a Riva del Garda, alle ore 15.00.<\/p>\n<p>&nbsp;<\/p>\n<p><strong>Florian don Giovanni<\/strong>, di anni 91.<br \/>\nVigo di Fassa, 27 aprile 2010.<\/p>\n<p>Originario di Pozza di Fassa, fu vicario parrocchiale a Villazzano (1942-1943), Borgo Sacco (1943-1945), Oltrisarco (1945-1953); parroco a Alba Penia (1953-1962), Campitello (1962-1971), Predazzo (1971-1985), Capriana (1985-2004) e collaboratore pastorale del decanato di Cavalese (2004-2009).<br \/>\nIl funerale \u00e8 stato celebrato gioved\u00ec 29 aprile, ad ore 14.30, a Pozza di Fassa.<\/p>\n<p>&nbsp;<\/p>\n<p><strong>Dossi don Romeo<\/strong>, di anni 87.<br \/>\nRovereto, 23 aprile 2010.<\/p>\n<p>Originario di Brentonico, fu vicario parrocchiale a Noriglio (1947-49); Folgaria (1949-1953); Marco (1953-1954); parroco a Vallarsa (1955-1958); Chizzola (1958-67); Isera (1967-87); Drena (1987-2007). Dal 2007 era residente a Mori.<br \/>\nIl funerale \u00e8 stato celebrato luned\u00ec 26 aprile a Brentonico, alle ore 14.30.<\/p>\n<p>&nbsp;<\/p>\n<p><strong>Casagranda don Elio<\/strong>, di anni 75.<br \/>\nTrento, 3 aprile 2010.<\/p>\n<p>Originario di Brusago, fu vicario parrocchiale ad Ala (1959-66); parroco a Olle (1966-1971); catechista a Levico (1971-1998); parroco a Selva (1976-2002); collaboratore pastorale del decanato di Levico dal 2002.<br \/>\nIl funerale \u00e8 stato celebrato marted\u00ec 6 aprile a Levico, alle ore 15.00.<\/p>\n<p>&nbsp;<\/p>\n<p><strong>Gretter don Renzo<\/strong>, di anni 68.<br \/>\nTrento, 13 marzo 2010.<\/p>\n<p>Originario di Castagn\u00e8, era stato ordinato sacerdote nei Giuseppini del Murialdo a Viterbo nel 1971 e incardinato in diocesi nel 1987. \u00c8 stato parroco di Grumes e Grauno (1986-2006) e Valda (1990-2006), poi \u00a0parroco di Lavarone Chiesa e Cappella, e di Luserna (2006-2009). Negli ultimi tempi era residente alla Casa del Clero.<br \/>\nIl funerale \u00e8 stato celebrato luned\u00ec 15 marzo a San Vito di Pergine, alle ore 14.00.<\/p>\n<p>&nbsp;<\/p>\n<p><strong>Volcan don Giovanni<\/strong>, di anni 80.<br \/>\nPredazzo, 10 febbraio 2010.<\/p>\n<p>Originario di Tesero, fu vicario parrocchiale a Mal\u00e9 (1956-1959) e Villa Lagarina (1959-61); parroco a Pedersano e Noarna (1962-1971), Sestri Levante (1971-1972), Vigo Cavedine (1972-1976); catechista a Predazzo (1976-1986); di nuovo parroco a Canale, Castagn\u00e9 S. Caterina e S. Vito (1986-2000), Carano (2000-2001). Era collaboratore pastorale del decanato di Cavalese dal 2001, con attenzione, in particolare, all\u2019assistenza degli anziani e ammalati.<br \/>\nIl funerale \u00e8 stato celebrato venerd\u00ec 12 febbraio a Predazzo, alle ore 14.00.<\/p>\n<p>&nbsp;<\/p>\n<p><span style=\"color: #008000;\"><strong>Tapparelli Giovanni<\/strong><\/span>, diacono permanente, di anni 70.<br \/>\nTrento, 8 febbraio 2010.<\/p>\n<p>Originario di Trento, era collaboratore pastorale presso la parrocchia del S. Cuore di Ges\u00f9 a Trento, con attenzione alla pastorale della Carit\u00e0, dal 1987; direttore dell\u2019Apostolato della Preghiera dal 1988; consigliere di amministrazione dell\u2019Associazione Diocesana Mutua Diaconi Permanenti dal 2006.<br \/>\nIl funerale \u00e8 stato celebrato mercoled\u00ec 10 febbraio ad ore 15.00 presso la chiesa del S. Cuore a Trento.<\/p>\n<p>&nbsp;<\/p>\n<p><strong>Piechele mons. Piergiorgio<\/strong>, di anni 78.<br \/>\nTrento, 4 febbraio 2010.<\/p>\n<p>Originario di Cles, dopo aver studiato teologia alla Gregoriana di Roma \u00e8 stato catechista a Trento (1963-1965); professore in Seminario (1964-2007); rettore del Seminario (1977-2000); parroco in solido a Sanzeno, Banco e Casez (2000-2004); cappellano della RSA di via Veneto a Trento (2007-2009). Negli ultimi mesi \u00e8 stato ospite alla Casa del Clero.<br \/>\nIl funerale \u00e8 stato celebrato sabato 6 febbraio, alle 9.00, a Trento, in Cattedrale.<\/p>\n<p>&nbsp;<\/p>\n<p><strong>Dalpr\u00e0 don Luigi<\/strong>, di anni 76.<br \/>\nNosellari, 20 gennaio 2010.<\/p>\n<p>Originario di Nosellari, \u00e8 stato vicario parrocchiale a Fondo (1959-1963), Dro (1963-66), Rover\u00e9 della Luna (1966-69); parroco a Prade e Zortea (1969-75), Castelnuovo (1975-88), Vattaro (1988-2007). Trascorsi alcuni mesi alla Casa del Clero, aveva fatto recentemente ritorno nella sua abitazione di Nosellari.<br \/>\nIl funerale \u00e8 stato celebrato gioved\u00ec 21 gennaio, alle 14.30, a Nosellari.<\/p>\n<p>&nbsp;<\/p>\n","protected":false},"excerpt":{"rendered":"<p>Ricordiamo nella preghiera, assieme alle loro famiglie e comunit\u00e0, i 19 presbiteri diocesani e il diacono permanente, deceduti nel corso dell&#8217;anno 2010. &nbsp; Franceschetti don Angelo, di anni 80. Tione, 31 dicembre 2010. Nato a<\/p>\n","protected":false},"author":4,"featured_media":0,"parent":707,"menu_order":8,"comment_status":"closed","ping_status":"closed","template":"","meta":{"footnotes":""},"class_list":["post-715","page","type-page","status-publish","hentry"],"acf":{"seed-localization-paese-cod":"","seed-localization-address":"","seed-localization-citta":"","seed-localization-regione-cod-istat":"","seed-localization-citta-cod-istat":"","seed-localization-localita":"","seed-localization-cap":"","seed-localization-marker-visibility":false,"seed-localization-children-visibility":false,"seed-localization-kml":null,"seed-localization-custom-marker":null},"yoast_head":"<!-- This site is optimized with the Yoast SEO plugin v22.2 - https:\/\/yoast.com\/wordpress\/plugins\/seo\/ -->\n<title>2010 - Clero<\/title>\n<meta name=\"robots\" content=\"index, follow, max-snippet:-1, max-image-preview:large, max-video-preview:-1\" \/>\n<link rel=\"canonical\" href=\"https:\/\/staging.diocesitn.it\/clero\/lutto-nel-clero\/2010-2\/\" \/>\n<meta property=\"og:locale\" content=\"it_IT\" \/>\n<meta property=\"og:type\" content=\"article\" \/>\n<meta property=\"og:title\" content=\"2010 - Clero\" \/>\n<meta property=\"og:description\" content=\"Ricordiamo nella preghiera, assieme alle loro famiglie e comunit\u00e0, i 19 presbiteri diocesani e il diacono permanente, deceduti nel corso dell&#8217;anno 2010. &nbsp; Franceschetti don Angelo, di anni 80. Tione, 31 dicembre 2010. Nato a\" \/>\n<meta property=\"og:url\" content=\"https:\/\/staging.diocesitn.it\/clero\/lutto-nel-clero\/2010-2\/\" \/>\n<meta property=\"og:site_name\" content=\"Clero\" \/>\n<meta property=\"article:modified_time\" content=\"2018-02-02T10:12:07+00:00\" \/>\n<meta name=\"twitter:card\" content=\"summary_large_image\" \/>\n<meta name=\"twitter:label1\" content=\"Tempo di lettura stimato\" \/>\n\t<meta name=\"twitter:data1\" content=\"7 minuti\" \/>\n<script type=\"application\/ld+json\" class=\"yoast-schema-graph\">{\"@context\":\"https:\/\/schema.org\",\"@graph\":[{\"@type\":\"WebPage\",\"@id\":\"https:\/\/staging.diocesitn.it\/clero\/lutto-nel-clero\/2010-2\/\",\"url\":\"https:\/\/staging.diocesitn.it\/clero\/lutto-nel-clero\/2010-2\/\",\"name\":\"2010 - Clero\",\"isPartOf\":{\"@id\":\"https:\/\/staging.diocesitn.it\/clero\/#website\"},\"datePublished\":\"2017-07-28T07:05:17+00:00\",\"dateModified\":\"2018-02-02T10:12:07+00:00\",\"breadcrumb\":{\"@id\":\"https:\/\/staging.diocesitn.it\/clero\/lutto-nel-clero\/2010-2\/#breadcrumb\"},\"inLanguage\":\"it-IT\",\"potentialAction\":[{\"@type\":\"ReadAction\",\"target\":[\"https:\/\/staging.diocesitn.it\/clero\/lutto-nel-clero\/2010-2\/\"]}]},{\"@type\":\"BreadcrumbList\",\"@id\":\"https:\/\/staging.diocesitn.it\/clero\/lutto-nel-clero\/2010-2\/#breadcrumb\",\"itemListElement\":[{\"@type\":\"ListItem\",\"position\":1,\"name\":\"Home\",\"item\":\"https:\/\/staging.diocesitn.it\/clero\/\"},{\"@type\":\"ListItem\",\"position\":2,\"name\":\"Lutto nel Clero\",\"item\":\"https:\/\/staging.diocesitn.it\/clero\/lutto-nel-clero\/\"},{\"@type\":\"ListItem\",\"position\":3,\"name\":\"2010\"}]},{\"@type\":\"WebSite\",\"@id\":\"https:\/\/staging.diocesitn.it\/clero\/#website\",\"url\":\"https:\/\/staging.diocesitn.it\/clero\/\",\"name\":\"Clero\",\"description\":\"Chiesa di TRENTO\",\"potentialAction\":[{\"@type\":\"SearchAction\",\"target\":{\"@type\":\"EntryPoint\",\"urlTemplate\":\"https:\/\/staging.diocesitn.it\/clero\/?s={search_term_string}\"},\"query-input\":\"required name=search_term_string\"}],\"inLanguage\":\"it-IT\"}]}<\/script>\n<!-- \/ Yoast SEO plugin. -->","yoast_head_json":{"title":"2010 - Clero","robots":{"index":"index","follow":"follow","max-snippet":"max-snippet:-1","max-image-preview":"max-image-preview:large","max-video-preview":"max-video-preview:-1"},"canonical":"https:\/\/staging.diocesitn.it\/clero\/lutto-nel-clero\/2010-2\/","og_locale":"it_IT","og_type":"article","og_title":"2010 - Clero","og_description":"Ricordiamo nella preghiera, assieme alle loro famiglie e comunit\u00e0, i 19 presbiteri diocesani e il diacono permanente, deceduti nel corso dell&#8217;anno 2010. &nbsp; Franceschetti don Angelo, di anni 80. Tione, 31 dicembre 2010. Nato a","og_url":"https:\/\/staging.diocesitn.it\/clero\/lutto-nel-clero\/2010-2\/","og_site_name":"Clero","article_modified_time":"2018-02-02T10:12:07+00:00","twitter_card":"summary_large_image","twitter_misc":{"Tempo di lettura stimato":"7 minuti"},"schema":{"@context":"https:\/\/schema.org","@graph":[{"@type":"WebPage","@id":"https:\/\/staging.diocesitn.it\/clero\/lutto-nel-clero\/2010-2\/","url":"https:\/\/staging.diocesitn.it\/clero\/lutto-nel-clero\/2010-2\/","name":"2010 - Clero","isPartOf":{"@id":"https:\/\/staging.diocesitn.it\/clero\/#website"},"datePublished":"2017-07-28T07:05:17+00:00","dateModified":"2018-02-02T10:12:07+00:00","breadcrumb":{"@id":"https:\/\/staging.diocesitn.it\/clero\/lutto-nel-clero\/2010-2\/#breadcrumb"},"inLanguage":"it-IT","potentialAction":[{"@type":"ReadAction","target":["https:\/\/staging.diocesitn.it\/clero\/lutto-nel-clero\/2010-2\/"]}]},{"@type":"BreadcrumbList","@id":"https:\/\/staging.diocesitn.it\/clero\/lutto-nel-clero\/2010-2\/#breadcrumb","itemListElement":[{"@type":"ListItem","position":1,"name":"Home","item":"https:\/\/staging.diocesitn.it\/clero\/"},{"@type":"ListItem","position":2,"name":"Lutto nel Clero","item":"https:\/\/staging.diocesitn.it\/clero\/lutto-nel-clero\/"},{"@type":"ListItem","position":3,"name":"2010"}]},{"@type":"WebSite","@id":"https:\/\/staging.diocesitn.it\/clero\/#website","url":"https:\/\/staging.diocesitn.it\/clero\/","name":"Clero","description":"Chiesa di TRENTO","potentialAction":[{"@type":"SearchAction","target":{"@type":"EntryPoint","urlTemplate":"https:\/\/staging.diocesitn.it\/clero\/?s={search_term_string}"},"query-input":"required name=search_term_string"}],"inLanguage":"it-IT"}]}},"_links":{"self":[{"href":"https:\/\/staging.diocesitn.it\/clero\/wp-json\/wp\/v2\/pages\/715","targetHints":{"allow":["GET"]}}],"collection":[{"href":"https:\/\/staging.diocesitn.it\/clero\/wp-json\/wp\/v2\/pages"}],"about":[{"href":"https:\/\/staging.diocesitn.it\/clero\/wp-json\/wp\/v2\/types\/page"}],"author":[{"embeddable":true,"href":"https:\/\/staging.diocesitn.it\/clero\/wp-json\/wp\/v2\/users\/4"}],"replies":[{"embeddable":true,"href":"https:\/\/staging.diocesitn.it\/clero\/wp-json\/wp\/v2\/comments?post=715"}],"version-history":[{"count":1,"href":"https:\/\/staging.diocesitn.it\/clero\/wp-json\/wp\/v2\/pages\/715\/revisions"}],"predecessor-version":[{"id":716,"href":"https:\/\/staging.diocesitn.it\/clero\/wp-json\/wp\/v2\/pages\/715\/revisions\/716"}],"up":[{"embeddable":true,"href":"https:\/\/staging.diocesitn.it\/clero\/wp-json\/wp\/v2\/pages\/707"}],"wp:attachment":[{"href":"https:\/\/staging.diocesitn.it\/clero\/wp-json\/wp\/v2\/media?parent=715"}],"curies":[{"name":"wp","href":"https:\/\/api.w.org\/{rel}","templated":true}]}}