{"id":761,"date":"2017-07-28T12:15:03","date_gmt":"2017-07-28T10:15:03","guid":{"rendered":"http:\/\/staging.diocesitn.it\/clero\/?page_id=761"},"modified":"2018-02-20T16:31:32","modified_gmt":"2018-02-20T15:31:32","slug":"2017-2","status":"publish","type":"page","link":"https:\/\/staging.diocesitn.it\/clero\/lutto-nel-clero\/2017-2\/","title":{"rendered":"2017"},"content":{"rendered":"<p><strong>Ricordiamo nella preghiera, assieme alle loro famiglie e comunit\u00e0, i 12 presbiteri diocesani e i 4 diaconi permanenti, deceduti nel 2017.<\/strong><\/p>\n<p>&nbsp;<\/p>\n<p><strong>Serafini don Cesare<\/strong>, di anni 79.<br \/>\nTrento, 6 dicembre 2017.<\/p>\n<p>Nato a Madice Bleggio, ordinato presbitero nel 1964, fu vicario parrocchiale a Villa Lagarina (1964-1966); Tione (1966-1969); parroco a Godenzo Poia (1969-1991); Ranzo (1991-2010); collaboratore pastorale decanato di Calavino (2010-2015); residente residente alla Casa del clero (2015-2017).<br \/>\nIl funerale \u00e8 stato celebrato presso la parrocchia di Santa Croce del Bleggio sabato 9 dicembre ad ore 14.00.<\/p>\n<p>&nbsp;<\/p>\n<p><strong>Deflorian don Marco<\/strong>, di anni 84.<br \/>\nTrento, 4 dicembre 2017.<\/p>\n<p>Originario di Tesero, ordinato presbitero nel 1958, fu vicario parrocchiale a Tione (1958-1961); Bolzano S. Giovanni Bosco (1961-1964); Aldeno (1964-1966); Rovereto S. Marco e insegnante religione (1966-2000); collaboratore pastorale parrocchia Rovereto S. Marco (2000-2016); collaboratore pastorale parrocchia Rovereto S. Famiglia (2016-2017).<br \/>\nIl funerale \u00e8 stato celebrato gioved\u00ec 7 dicembre ad ore 10.30 presso la parrocchia di Rovereto S. Marco. A Tesero alle ore 15.00 si \u00e8 celebrata la S. Messa cui \u00e8 seguita l\u2019inumazione.<\/p>\n<p>&nbsp;<\/p>\n<p><strong>Bernab\u00e8 don Luigi<\/strong>, di anni 88.<br \/>\nTrento, 21 settembre 2017.<\/p>\n<p>Originario di Castagn\u00e8 S. Vito, ordinato a Trento nel 1958, fu vicario parrocchiale a Avio (1959-1964); parroco a Faida (1964-1973), Nogar\u00e8 (1973-1994); residente alla Casa del clero (2009-2017).<br \/>\nIl funerale \u00e8 stato celebrato luned\u00ec 25 settembre nella chiesa parrocchiale di Faida.<\/p>\n<p>&nbsp;<\/p>\n<p><span style=\"color: #008000;\"><strong>Scarin Piergiorgio<\/strong><\/span>, diacono permanente di anni 84.<br \/>\nTrento, 13 novembre 2017.<\/p>\n<p>Originario di\u00a0 Albignasego (PD), ordinato diacono a Trento nel 1987. Fu collaboratore pastorale a Prada, Corn\u00e8, Saccone (1992-1993);\u00a0 a Pilcante (1993-1998), a Chizzola e Serravalle (1998-2001), Ala (2001-2003), Avio, Sabbionara, Mama (2003-2005); collaboratore pastorale del decanato di Ala (2003-2017).<br \/>\nIl funerale \u00e8 stato celebrato nella parrocchia di Ala mercoled\u00ec 15 novembre.<\/p>\n<p>&nbsp;<\/p>\n<p><span style=\"color: #008000;\"><strong>Francesconi Eugenio<\/strong>,<\/span> diacono permanente di anni 93.<br \/>\nTrento, 12 novembre 2017.<\/p>\n<p>Nato a Brentonico, venne ordinato diacono tra i primi 4 in Diocesi, nel 1982. Fu collaboratore pastorale nella parrocchia di San Giuseppe di Rovereto (1982-2017).<br \/>\nIl funerale \u00e8 stato celebrato luned\u00ec 13 novembre nella parrocchia di San Giuseppe di Rovereto.<\/p>\n<p>&nbsp;<\/p>\n<p><strong>Soraruf don Fiorenzo<\/strong>, di anni 75.<br \/>\nTrento, 20 settembre 2017.<\/p>\n<p>Originario di Canazei, ordinato a Trento nel 1970, fu vicario parrocchiale a Vigo di Fassa (1970-1972), Moena (1972-1975), Tesero (1975-1977); parroco a Caoria (1977-1985), Dorsino (1985-2010); assistente spirituale all&#8217;ospedale di Tione (2010-2012); residente a Dorsino (2012-2017).<br \/>\nIl funerale \u00e8 stato celebrato venerd\u00ec 22 settembre nella chiesa parrocchiale di Dorsino.<\/p>\n<p>&nbsp;<\/p>\n<p><span style=\"color: #008000;\"><strong>Fontana Mario<\/strong><\/span>, diacono permanente di anni 79.<br \/>\nTrento, 28 agosto 2017.<\/p>\n<p>Nato a Mel (BL) venne ordinato a Trento nel 1992; fu collaboratore pastorale a Tonadico dal 1992 al 1999, presso la Casa Arcivescovile a Trento dal 1999 al 2003, a Tonadico e decanato Primiero dal 2003 al 2006, a Dro, Ceniga e decanato Arco dal 2007 al 2017.<br \/>\nIl funerale \u00e8 stato celebrato a Dro.<\/p>\n<p>&nbsp;<\/p>\n<p><strong>Bertagnolli don Ferruccio<\/strong>, di anni 85.<br \/>\nTrento, 11 luglio 2017.<\/p>\n<p>Originario di Fondo, ordinato a Trento nel 1956, fu vice parroco a Tassullo (1956-1957), Riva S. Alessandro (1957-1958), Rovereto S. Maria (1958-1963); parroco a Viarago (1963-1970); parroco-decano a Cloz (1970-1989); vicario parrocchiale a Fondo (1989-1990); parroco a Malosco (1990-2003); collaboratore pastorale decanato di Fondo (2003-2008); residente a Fondo (2008-2011), alla Casa del clero dal 2011.<br \/>\nIl funerale \u00e8 stato celebrato gioved\u00ec 13 luglio a Fondo.<\/p>\n<p>&nbsp;<\/p>\n<p><strong>Paternoster mons. Emilio<\/strong>, di anni 82.<br \/>\nBrez, 8 luglio 2017.<\/p>\n<p>Originario di Tregiovo, ordinato a Trento nel 1960; fu vice parroco a Vigo di Fassa (1960-1962), Lavis (1962-1965), Montagnaga di Pin\u00e8 (1965-1966), Mezzocorona (1966-1968); missionario in Brasile (1968-2000); parroco a Fornace, Lona e Lases (2000-2004); decano di Cloz (2004-2007); parroco a Brez (2004-2011); Castelfondo e Dovena (2006-2011); collaboratore pastorale decanato di Cles (2011-2017).<br \/>\nIl funerale \u00e8 stato celebrato luned\u00ec 10 luglio a Brez.<\/p>\n<p>&nbsp;<\/p>\n<p><strong>Bolognani don Mansueto<\/strong>, di anni 88.<br \/>\nTrento, 27 giugno 2017.<\/p>\n<p>Originario di Vigo Cavedine, ordinato a Trento nel 1955; fu vicario parrocchiale a Moena 1955-1959); parroco di Bondone (1959-1965), Lizzana (1964-1984), Rovereto S. Famiglia (1984-1996), S. Don\u00e0 di Trento (1996-2004); collaboratore pastorale del decanato di Povo (2004-2005); di Calavino (2005-2010); residente alla Casa del Clero dal 2010.<br \/>\nIl funerale \u00e8 stato celebrato gioved\u00ec 29 giugno ad ore 17.00 a Vigo Cavedine.<\/p>\n<p>&nbsp;<\/p>\n<p><span style=\"color: #008000;\"><strong>Nodari Gianantonio<\/strong><\/span>, diacono permanente di anni 77.<br \/>\nTrento, 24 giugno 2017.<\/p>\n<p>Nato a Riva del Garda venne ordinato a Trento nel 1994; fu collaboratore pastorale a Torbole dal 1994 al 2017, attenzione alla pastorale turistica.<br \/>\nIl funerale \u00e8 stato celebrato a Torbole.<\/p>\n<p>&nbsp;<\/p>\n<p><strong>Cuel don Olindo<\/strong>, di anni 95.<br \/>\nTrento, 17 giugno 2017.<\/p>\n<p>Originario di S. Sebastiano, ordinato a Trento nel 1947, fu vice parroco a Caldonazzo (1947-1949); a Mezzolombardo (1949-1951); missionario in Brasile (1951-1972); parroco a Barco (1972-1974); Carbonare (1980-1983); rettore santuario Le Grazie di Folgaria (1974-2010); residente San Sebastiano dal 2010 e infermeria del clero.<br \/>\nIl funerale \u00e8 stato celebrato luned\u00ec 19 giugno a San Sebastiano.<\/p>\n<p>&nbsp;<\/p>\n<p><strong>Panizza don Bruno<\/strong>, di anni 75.<br \/>\nArco, 29 aprile 2017.<\/p>\n<p>Originario di Vermiglio, ordinato a Trento nel 1970; fu vice parroco a Gardolo (1970-1971), Cles (1971-1975); parroco a Pelugo e Vigo Dar\u00e8 (1975-1984); S. Lorenzo in Banale (1984-1998) e decano di Lomaso (1992-1998); parroco a Riva S. Alessandro (1998-2000); Marco (2000-2012); collaboratore pastorale del decanato di Arco (2012-2017).<br \/>\nIl funerale \u00e8 stato celebrato luned\u00ec 1 maggio ad ore 10.30 a Marco di Rovereto.<\/p>\n<p>&nbsp;<\/p>\n<p><strong>Ghezzer mons. Giuseppe<\/strong>, di anni 95.<br \/>\nTrento, 19 febbraio 2017.<\/p>\n<p>Originario di Mezzocorona, ordinato a Trento nel 1946, fu viceparroco a Fiera di Primiero (1946-1948); Trento \u2013 S. Pietro (1948-1953), padre spirituale in seminario (1953-1966); catechista Istituto Canossa di Trento (1963-1986); curia ufficio matrimoni (1966-2001); vice-cancelliere 1993-2001); canonico onorario della Cattedrale di San Vigilio dal 2001; residente Casa del Clero dal 2001.<br \/>\nIl funerale \u00e8 stato celebrato marted\u00ec 21 febbraio ad ore 14.30 a Mezzocorona.<\/p>\n<p><strong>\u00a0<\/strong><\/p>\n<p><strong>Francesconi don Carmelo<\/strong>, di anni 90.<br \/>\nLizzanella, 19 gennaio 2017.<\/p>\n<p>Originario di Lizzana, ordinato a Trento nel 1951, fu vicario parrocchiale a Lavis (1951-52); Condino (1952-1955); ODA Bolzano (1955-1958); curia ufficio catechistico(1958-1964); parroco a Vallarsa e Camposilvano (1964-1971); Pedersano (1971-1976) Trento segretario Museo diocesano (1976-1981); residente a Lizzanella (1981-2017).<br \/>\nIl funerale \u00e8 stato celebrato sabato 21 gennaio alle ore 11.30 a Lizzanella.<\/p>\n<p>&nbsp;<\/p>\n<p><strong>Betti don Erardo<\/strong>, di anni 93.<br \/>\nTrento, 8 gennaio 2017.<\/p>\n<p>Originario di Levico, ordinato a Trento nel 1947, fu vicario parrocchiale a Terragnolo (1947-50); Oltrisarco (1950-1958); parroco a Riva S. Alessandro (1958-1983); Ville di giovo (1983-2004); collaboratore pastorale a Giovo (2004-2009); residente Casa del Clero (2015-2017).<br \/>\nIl funerale \u00e8 stato celebrato sabato 11 gennaio alle ore 14.30 a Levico.<\/p>\n","protected":false},"excerpt":{"rendered":"<p>Ricordiamo nella preghiera, assieme alle loro famiglie e comunit\u00e0, i 12 presbiteri diocesani e i 4 diaconi permanenti, deceduti nel 2017. &nbsp; Serafini don Cesare, di anni 79. Trento, 6 dicembre 2017. Nato a Madice<\/p>\n","protected":false},"author":4,"featured_media":0,"parent":707,"menu_order":1,"comment_status":"closed","ping_status":"closed","template":"","meta":{"footnotes":""},"class_list":["post-761","page","type-page","status-publish","hentry"],"acf":{"seed-localization-paese-cod":"","seed-localization-address":"","seed-localization-citta":"","seed-localization-regione-cod-istat":"","seed-localization-citta-cod-istat":"","seed-localization-localita":"","seed-localization-cap":"","seed-localization-marker-visibility":false,"seed-localization-children-visibility":false,"seed-localization-kml":null,"seed-localization-custom-marker":null},"yoast_head":"<!-- This site is optimized with the Yoast SEO plugin v22.2 - https:\/\/yoast.com\/wordpress\/plugins\/seo\/ -->\n<title>2017 - Clero<\/title>\n<meta name=\"robots\" content=\"index, follow, max-snippet:-1, max-image-preview:large, max-video-preview:-1\" \/>\n<link rel=\"canonical\" href=\"https:\/\/staging.diocesitn.it\/clero\/lutto-nel-clero\/2017-2\/\" \/>\n<meta property=\"og:locale\" content=\"it_IT\" \/>\n<meta property=\"og:type\" content=\"article\" \/>\n<meta property=\"og:title\" content=\"2017 - Clero\" \/>\n<meta property=\"og:description\" content=\"Ricordiamo nella preghiera, assieme alle loro famiglie e comunit\u00e0, i 12 presbiteri diocesani e i 4 diaconi permanenti, deceduti nel 2017. &nbsp; Serafini don Cesare, di anni 79. Trento, 6 dicembre 2017. Nato a Madice\" \/>\n<meta property=\"og:url\" content=\"https:\/\/staging.diocesitn.it\/clero\/lutto-nel-clero\/2017-2\/\" \/>\n<meta property=\"og:site_name\" content=\"Clero\" \/>\n<meta property=\"article:modified_time\" content=\"2018-02-20T15:31:32+00:00\" \/>\n<meta name=\"twitter:card\" content=\"summary_large_image\" \/>\n<meta name=\"twitter:label1\" content=\"Tempo di lettura stimato\" \/>\n\t<meta name=\"twitter:data1\" content=\"5 minuti\" \/>\n<script type=\"application\/ld+json\" class=\"yoast-schema-graph\">{\"@context\":\"https:\/\/schema.org\",\"@graph\":[{\"@type\":\"WebPage\",\"@id\":\"https:\/\/staging.diocesitn.it\/clero\/lutto-nel-clero\/2017-2\/\",\"url\":\"https:\/\/staging.diocesitn.it\/clero\/lutto-nel-clero\/2017-2\/\",\"name\":\"2017 - Clero\",\"isPartOf\":{\"@id\":\"https:\/\/staging.diocesitn.it\/clero\/#website\"},\"datePublished\":\"2017-07-28T10:15:03+00:00\",\"dateModified\":\"2018-02-20T15:31:32+00:00\",\"breadcrumb\":{\"@id\":\"https:\/\/staging.diocesitn.it\/clero\/lutto-nel-clero\/2017-2\/#breadcrumb\"},\"inLanguage\":\"it-IT\",\"potentialAction\":[{\"@type\":\"ReadAction\",\"target\":[\"https:\/\/staging.diocesitn.it\/clero\/lutto-nel-clero\/2017-2\/\"]}]},{\"@type\":\"BreadcrumbList\",\"@id\":\"https:\/\/staging.diocesitn.it\/clero\/lutto-nel-clero\/2017-2\/#breadcrumb\",\"itemListElement\":[{\"@type\":\"ListItem\",\"position\":1,\"name\":\"Home\",\"item\":\"https:\/\/staging.diocesitn.it\/clero\/\"},{\"@type\":\"ListItem\",\"position\":2,\"name\":\"Lutto nel Clero\",\"item\":\"https:\/\/staging.diocesitn.it\/clero\/lutto-nel-clero\/\"},{\"@type\":\"ListItem\",\"position\":3,\"name\":\"2017\"}]},{\"@type\":\"WebSite\",\"@id\":\"https:\/\/staging.diocesitn.it\/clero\/#website\",\"url\":\"https:\/\/staging.diocesitn.it\/clero\/\",\"name\":\"Clero\",\"description\":\"Chiesa di TRENTO\",\"potentialAction\":[{\"@type\":\"SearchAction\",\"target\":{\"@type\":\"EntryPoint\",\"urlTemplate\":\"https:\/\/staging.diocesitn.it\/clero\/?s={search_term_string}\"},\"query-input\":\"required name=search_term_string\"}],\"inLanguage\":\"it-IT\"}]}<\/script>\n<!-- \/ Yoast SEO plugin. -->","yoast_head_json":{"title":"2017 - Clero","robots":{"index":"index","follow":"follow","max-snippet":"max-snippet:-1","max-image-preview":"max-image-preview:large","max-video-preview":"max-video-preview:-1"},"canonical":"https:\/\/staging.diocesitn.it\/clero\/lutto-nel-clero\/2017-2\/","og_locale":"it_IT","og_type":"article","og_title":"2017 - Clero","og_description":"Ricordiamo nella preghiera, assieme alle loro famiglie e comunit\u00e0, i 12 presbiteri diocesani e i 4 diaconi permanenti, deceduti nel 2017. &nbsp; Serafini don Cesare, di anni 79. Trento, 6 dicembre 2017. Nato a Madice","og_url":"https:\/\/staging.diocesitn.it\/clero\/lutto-nel-clero\/2017-2\/","og_site_name":"Clero","article_modified_time":"2018-02-20T15:31:32+00:00","twitter_card":"summary_large_image","twitter_misc":{"Tempo di lettura stimato":"5 minuti"},"schema":{"@context":"https:\/\/schema.org","@graph":[{"@type":"WebPage","@id":"https:\/\/staging.diocesitn.it\/clero\/lutto-nel-clero\/2017-2\/","url":"https:\/\/staging.diocesitn.it\/clero\/lutto-nel-clero\/2017-2\/","name":"2017 - Clero","isPartOf":{"@id":"https:\/\/staging.diocesitn.it\/clero\/#website"},"datePublished":"2017-07-28T10:15:03+00:00","dateModified":"2018-02-20T15:31:32+00:00","breadcrumb":{"@id":"https:\/\/staging.diocesitn.it\/clero\/lutto-nel-clero\/2017-2\/#breadcrumb"},"inLanguage":"it-IT","potentialAction":[{"@type":"ReadAction","target":["https:\/\/staging.diocesitn.it\/clero\/lutto-nel-clero\/2017-2\/"]}]},{"@type":"BreadcrumbList","@id":"https:\/\/staging.diocesitn.it\/clero\/lutto-nel-clero\/2017-2\/#breadcrumb","itemListElement":[{"@type":"ListItem","position":1,"name":"Home","item":"https:\/\/staging.diocesitn.it\/clero\/"},{"@type":"ListItem","position":2,"name":"Lutto nel Clero","item":"https:\/\/staging.diocesitn.it\/clero\/lutto-nel-clero\/"},{"@type":"ListItem","position":3,"name":"2017"}]},{"@type":"WebSite","@id":"https:\/\/staging.diocesitn.it\/clero\/#website","url":"https:\/\/staging.diocesitn.it\/clero\/","name":"Clero","description":"Chiesa di TRENTO","potentialAction":[{"@type":"SearchAction","target":{"@type":"EntryPoint","urlTemplate":"https:\/\/staging.diocesitn.it\/clero\/?s={search_term_string}"},"query-input":"required name=search_term_string"}],"inLanguage":"it-IT"}]}},"_links":{"self":[{"href":"https:\/\/staging.diocesitn.it\/clero\/wp-json\/wp\/v2\/pages\/761","targetHints":{"allow":["GET"]}}],"collection":[{"href":"https:\/\/staging.diocesitn.it\/clero\/wp-json\/wp\/v2\/pages"}],"about":[{"href":"https:\/\/staging.diocesitn.it\/clero\/wp-json\/wp\/v2\/types\/page"}],"author":[{"embeddable":true,"href":"https:\/\/staging.diocesitn.it\/clero\/wp-json\/wp\/v2\/users\/4"}],"replies":[{"embeddable":true,"href":"https:\/\/staging.diocesitn.it\/clero\/wp-json\/wp\/v2\/comments?post=761"}],"version-history":[{"count":3,"href":"https:\/\/staging.diocesitn.it\/clero\/wp-json\/wp\/v2\/pages\/761\/revisions"}],"predecessor-version":[{"id":988,"href":"https:\/\/staging.diocesitn.it\/clero\/wp-json\/wp\/v2\/pages\/761\/revisions\/988"}],"up":[{"embeddable":true,"href":"https:\/\/staging.diocesitn.it\/clero\/wp-json\/wp\/v2\/pages\/707"}],"wp:attachment":[{"href":"https:\/\/staging.diocesitn.it\/clero\/wp-json\/wp\/v2\/media?parent=761"}],"curies":[{"name":"wp","href":"https:\/\/api.w.org\/{rel}","templated":true}]}}