{"id":929,"date":"2018-10-11T12:00:01","date_gmt":"2018-10-11T10:00:01","guid":{"rendered":"https:\/\/staging.diocesitn.it\/clero\/lutto-nel-clero\/2017-2\/2018-2\/"},"modified":"2019-01-16T11:15:43","modified_gmt":"2019-01-16T10:15:43","slug":"2018-2","status":"publish","type":"page","link":"https:\/\/staging.diocesitn.it\/clero\/lutto-nel-clero\/2018-2\/","title":{"rendered":"2018"},"content":{"rendered":"<p><strong>Ricordiamo nella preghiera, assieme alle loro famiglie e comunit\u00e0, i presbiteri diocesani deceduti nel 2018.<\/strong><\/p>\n<p>&nbsp;<\/p>\n<p><strong>Moser don Francesco<\/strong>, di anni 81.<br \/>\nTrento, 25 dicembre 2018.<\/p>\n<p>Originario di Mezzocorona, fu ordinato presbitero nel 1963. Fu poi vice parroco a S. Croce del Bleggio (1963-1966), Besenello (1966-1967), Quadra (1967-1968), missionario in Brasile (1968-2004, Diocesi di Fortaleza), missionario a Timor Est (2004-2016, diocesi di Dili),\u00a0 collaboratore pastorale decanato di Trento dal 2016.<br \/>\nIl funerale \u00e8 stato celebrato presso la parrocchia di S. Pietro in Trento il giorno 27 dicembre ad ore 10.00.<\/p>\n<p>&nbsp;<\/p>\n<p><strong>Guarnieri don<\/strong> <strong>Tarcisio<\/strong>, di anni 66.<br \/>\nTrento, 11 ottobre 2018<\/p>\n<p>Originario di San Bernardo di Rabbi, fu ordinato a Trento nel 1977.\u00a0Intenso il suo percorso pastorale: fu vicario parrocchiale a Predazzo (1977-1983), parroco a Dimaro (1983-1994), Trento-Ss. Sisinio Martirio e Alessandro (1994-2007),\u00a0 Mori e Besagno e decano di Mori (2007-2015), residente a Rovereto (2015-2016) e a Trento (2016-2018).<br \/>\nIl funerale \u00e8 stato celebrato sabato 13 ottobre presso la chiesa parrocchiale di San Bernardo di Rabbi ad ore 16.00.<\/p>\n<p>&nbsp;<\/p>\n<p><strong>Delladio don Valerio<\/strong>, di anni 90.<br \/>\nTrento, 26 maggio 2018.<\/p>\n<p>Originario di Tesero, ordinato presbitero nel 1954; vicario parrocchiale a Fiera di Primiero (1954-1957); parroco a Malosco (1957-1963); Molveno (1963-1972); Sabbionara (1972-1981); Molina di Fiemme (1981-1993); decano di Cavalese (1990-1993); collaboratore pastorale a Dro (1993-1998); cappellano ospedale civile di Arco (1998-2004); canonico Collegiata (2000-2011); collaboratore pastorale decanato di Arco (2004-2011); residente alla Casa del clero dal 2011.<br \/>\nIl funerale \u00e8 stato celebrato presso la parrocchia di Tesero il giorno luned\u00ec 28 maggio ad ore 14.00.<\/p>\n<p>&nbsp;<\/p>\n<p><strong>Vanzetta don Donato<\/strong>, di anni 89.<br \/>\nPredazzo, 12 maggio 2018.<\/p>\n<p>Originario di Ziano, ordinato presbitero nel 1955; universit\u00e0 Gregoriana Roma teologia (1952-1955); vice rettore in Seminario\u00a0 (1956-1966); vicario parrocchiale a Folgaria\u00a0 (1966-1970); parroco a Canazei (1970-1981); Cogolo, Celentino, Celledizzo\u00a0 (1981-2002); amministratore parrocchiale a Comasine (2000-2002); parroco a Varena (2002-2008); residente a Predazzo (2008-2018).<br \/>\nIl funerale \u00e8 stato celebrato presso la chiesa parrocchiale di Ziano il giorno marted\u00ec 15 maggio ad ore 18.30.<\/p>\n<p>&nbsp;<\/p>\n<p><strong>Svaizer don Antonio<\/strong>, di anni 94.<br \/>\nMal\u00e8, 10 aprile 2018.<\/p>\n<p>Originario di Mal\u00e9, ordinato presbitero nel 1947; universit\u00e0 statale Milano matematica (1947-1953); fu professore in Seminario assistente Auct (1953-1963); rettore seminario minore (1965-1974); parroco a Piazzola (1984-1985); incaricato arte sacra (1962-1998); segretario ufficio diocesano arte sacra (1998-2000); canonico onorario Cattedrale 2007; residente a Mal\u00e9 (2000-2018).<br \/>\nIl funerale \u00e8 stato celebrato presso la parrocchia di Mal\u00e9 il giorno mercoled\u00ec 11 aprile ad ore 15.00.<\/p>\n<p>&nbsp;<\/p>\n<p><strong>Balestra don Michele<\/strong>, di anni 77.<br \/>\nTrento, 14 febbraio 2018.<\/p>\n<p>Originario di Pieve di Bono, ordinato presbitero nel 1967, fu vicario parrocchiale a Besenello (1967.1969); missionario in Brasile (1969-1985); parroco a Storo (1985-2004); parroco in solido UP &#8220;Brentonico&#8221; (2004-2010); residente a Verla di Giovo (2010-2018).<br \/>\nIl funerale \u00e8 stato celebrato presso la parrocchia di Verla di Giovo venerd\u00ec 16 febbraio ad ore 11.00. A Pieve di Bono alle ore 15.00 \u00e8 stata celebrata la S. Messa cui \u00e8 seguita l&#8217;inumazione.<\/p>\n<p>&nbsp;<\/p>\n<p><strong>Franceschini don Marco<\/strong>, di anni 88.<br \/>\nTrento, 1 febbraio 2018.<\/p>\n<p>Originario di Trento, ordinato presbitero nei comboniani nel 1956, fu parroco a Villamontagna (1990-1995); incardinato nel\u00a0 1995; residente a Mazzanigo (1995-2012); residente alla Casa del clero (2012-2018).<br \/>\nIl funerale \u00e8 stato celebrato in Duomo a Trento il giorno luned\u00ec 5 febbraio ad ore 15.00.<\/p>\n<p>&nbsp;<\/p>\n","protected":false},"excerpt":{"rendered":"<p>Ricordiamo nella preghiera, assieme alle loro famiglie e comunit\u00e0, i presbiteri diocesani deceduti nel 2018. &nbsp; Moser don Francesco, di anni 81. Trento, 25 dicembre 2018. Originario di Mezzocorona, fu ordinato presbitero nel 1963. Fu<\/p>\n","protected":false},"author":2,"featured_media":0,"parent":707,"menu_order":0,"comment_status":"closed","ping_status":"closed","template":"","meta":{"footnotes":""},"class_list":["post-929","page","type-page","status-publish","hentry"],"acf":{"seed-localization-paese-cod":"","seed-localization-address":"","seed-localization-citta":"","seed-localization-regione-cod-istat":"","seed-localization-citta-cod-istat":"","seed-localization-localita":"","seed-localization-cap":"","seed-localization-marker-visibility":false,"seed-localization-children-visibility":false,"seed-localization-kml":"","seed-localization-custom-marker":""},"yoast_head":"<!-- This site is optimized with the Yoast SEO plugin v22.2 - https:\/\/yoast.com\/wordpress\/plugins\/seo\/ -->\n<title>2018 - Clero<\/title>\n<meta name=\"robots\" content=\"index, follow, max-snippet:-1, max-image-preview:large, max-video-preview:-1\" \/>\n<link rel=\"canonical\" href=\"https:\/\/staging.diocesitn.it\/clero\/lutto-nel-clero\/2018-2\/\" \/>\n<meta property=\"og:locale\" content=\"it_IT\" \/>\n<meta property=\"og:type\" content=\"article\" \/>\n<meta property=\"og:title\" content=\"2018 - Clero\" \/>\n<meta property=\"og:description\" content=\"Ricordiamo nella preghiera, assieme alle loro famiglie e comunit\u00e0, i presbiteri diocesani deceduti nel 2018. &nbsp; Moser don Francesco, di anni 81. Trento, 25 dicembre 2018. Originario di Mezzocorona, fu ordinato presbitero nel 1963. Fu\" \/>\n<meta property=\"og:url\" content=\"https:\/\/staging.diocesitn.it\/clero\/lutto-nel-clero\/2018-2\/\" \/>\n<meta property=\"og:site_name\" content=\"Clero\" \/>\n<meta property=\"article:modified_time\" content=\"2019-01-16T10:15:43+00:00\" \/>\n<meta name=\"twitter:card\" content=\"summary_large_image\" \/>\n<meta name=\"twitter:label1\" content=\"Tempo di lettura stimato\" \/>\n\t<meta name=\"twitter:data1\" content=\"2 minuti\" \/>\n<script type=\"application\/ld+json\" class=\"yoast-schema-graph\">{\"@context\":\"https:\/\/schema.org\",\"@graph\":[{\"@type\":\"WebPage\",\"@id\":\"https:\/\/staging.diocesitn.it\/clero\/lutto-nel-clero\/2018-2\/\",\"url\":\"https:\/\/staging.diocesitn.it\/clero\/lutto-nel-clero\/2018-2\/\",\"name\":\"2018 - Clero\",\"isPartOf\":{\"@id\":\"https:\/\/staging.diocesitn.it\/clero\/#website\"},\"datePublished\":\"2018-10-11T10:00:01+00:00\",\"dateModified\":\"2019-01-16T10:15:43+00:00\",\"breadcrumb\":{\"@id\":\"https:\/\/staging.diocesitn.it\/clero\/lutto-nel-clero\/2018-2\/#breadcrumb\"},\"inLanguage\":\"it-IT\",\"potentialAction\":[{\"@type\":\"ReadAction\",\"target\":[\"https:\/\/staging.diocesitn.it\/clero\/lutto-nel-clero\/2018-2\/\"]}]},{\"@type\":\"BreadcrumbList\",\"@id\":\"https:\/\/staging.diocesitn.it\/clero\/lutto-nel-clero\/2018-2\/#breadcrumb\",\"itemListElement\":[{\"@type\":\"ListItem\",\"position\":1,\"name\":\"Home\",\"item\":\"https:\/\/staging.diocesitn.it\/clero\/\"},{\"@type\":\"ListItem\",\"position\":2,\"name\":\"Lutto nel Clero\",\"item\":\"https:\/\/staging.diocesitn.it\/clero\/lutto-nel-clero\/\"},{\"@type\":\"ListItem\",\"position\":3,\"name\":\"2018\"}]},{\"@type\":\"WebSite\",\"@id\":\"https:\/\/staging.diocesitn.it\/clero\/#website\",\"url\":\"https:\/\/staging.diocesitn.it\/clero\/\",\"name\":\"Clero\",\"description\":\"Chiesa di TRENTO\",\"potentialAction\":[{\"@type\":\"SearchAction\",\"target\":{\"@type\":\"EntryPoint\",\"urlTemplate\":\"https:\/\/staging.diocesitn.it\/clero\/?s={search_term_string}\"},\"query-input\":\"required name=search_term_string\"}],\"inLanguage\":\"it-IT\"}]}<\/script>\n<!-- \/ Yoast SEO plugin. -->","yoast_head_json":{"title":"2018 - Clero","robots":{"index":"index","follow":"follow","max-snippet":"max-snippet:-1","max-image-preview":"max-image-preview:large","max-video-preview":"max-video-preview:-1"},"canonical":"https:\/\/staging.diocesitn.it\/clero\/lutto-nel-clero\/2018-2\/","og_locale":"it_IT","og_type":"article","og_title":"2018 - Clero","og_description":"Ricordiamo nella preghiera, assieme alle loro famiglie e comunit\u00e0, i presbiteri diocesani deceduti nel 2018. &nbsp; Moser don Francesco, di anni 81. Trento, 25 dicembre 2018. Originario di Mezzocorona, fu ordinato presbitero nel 1963. Fu","og_url":"https:\/\/staging.diocesitn.it\/clero\/lutto-nel-clero\/2018-2\/","og_site_name":"Clero","article_modified_time":"2019-01-16T10:15:43+00:00","twitter_card":"summary_large_image","twitter_misc":{"Tempo di lettura stimato":"2 minuti"},"schema":{"@context":"https:\/\/schema.org","@graph":[{"@type":"WebPage","@id":"https:\/\/staging.diocesitn.it\/clero\/lutto-nel-clero\/2018-2\/","url":"https:\/\/staging.diocesitn.it\/clero\/lutto-nel-clero\/2018-2\/","name":"2018 - Clero","isPartOf":{"@id":"https:\/\/staging.diocesitn.it\/clero\/#website"},"datePublished":"2018-10-11T10:00:01+00:00","dateModified":"2019-01-16T10:15:43+00:00","breadcrumb":{"@id":"https:\/\/staging.diocesitn.it\/clero\/lutto-nel-clero\/2018-2\/#breadcrumb"},"inLanguage":"it-IT","potentialAction":[{"@type":"ReadAction","target":["https:\/\/staging.diocesitn.it\/clero\/lutto-nel-clero\/2018-2\/"]}]},{"@type":"BreadcrumbList","@id":"https:\/\/staging.diocesitn.it\/clero\/lutto-nel-clero\/2018-2\/#breadcrumb","itemListElement":[{"@type":"ListItem","position":1,"name":"Home","item":"https:\/\/staging.diocesitn.it\/clero\/"},{"@type":"ListItem","position":2,"name":"Lutto nel Clero","item":"https:\/\/staging.diocesitn.it\/clero\/lutto-nel-clero\/"},{"@type":"ListItem","position":3,"name":"2018"}]},{"@type":"WebSite","@id":"https:\/\/staging.diocesitn.it\/clero\/#website","url":"https:\/\/staging.diocesitn.it\/clero\/","name":"Clero","description":"Chiesa di TRENTO","potentialAction":[{"@type":"SearchAction","target":{"@type":"EntryPoint","urlTemplate":"https:\/\/staging.diocesitn.it\/clero\/?s={search_term_string}"},"query-input":"required name=search_term_string"}],"inLanguage":"it-IT"}]}},"_links":{"self":[{"href":"https:\/\/staging.diocesitn.it\/clero\/wp-json\/wp\/v2\/pages\/929","targetHints":{"allow":["GET"]}}],"collection":[{"href":"https:\/\/staging.diocesitn.it\/clero\/wp-json\/wp\/v2\/pages"}],"about":[{"href":"https:\/\/staging.diocesitn.it\/clero\/wp-json\/wp\/v2\/types\/page"}],"author":[{"embeddable":true,"href":"https:\/\/staging.diocesitn.it\/clero\/wp-json\/wp\/v2\/users\/2"}],"replies":[{"embeddable":true,"href":"https:\/\/staging.diocesitn.it\/clero\/wp-json\/wp\/v2\/comments?post=929"}],"version-history":[{"count":3,"href":"https:\/\/staging.diocesitn.it\/clero\/wp-json\/wp\/v2\/pages\/929\/revisions"}],"predecessor-version":[{"id":1091,"href":"https:\/\/staging.diocesitn.it\/clero\/wp-json\/wp\/v2\/pages\/929\/revisions\/1091"}],"up":[{"embeddable":true,"href":"https:\/\/staging.diocesitn.it\/clero\/wp-json\/wp\/v2\/pages\/707"}],"wp:attachment":[{"href":"https:\/\/staging.diocesitn.it\/clero\/wp-json\/wp\/v2\/media?parent=929"}],"curies":[{"name":"wp","href":"https:\/\/api.w.org\/{rel}","templated":true}]}}