{"id":266,"date":"2018-12-16T17:17:44","date_gmt":"2018-12-16T16:17:44","guid":{"rendered":"https:\/\/staging.diocesitn.it\/issr\/?page_id=266"},"modified":"2021-05-13T16:24:45","modified_gmt":"2021-05-13T14:24:45","slug":"istituto","status":"publish","type":"page","link":"https:\/\/staging.diocesitn.it\/issr\/istituto\/","title":{"rendered":"Istituto"},"content":{"rendered":"<p><strong>ISTITUTO SUPERIORE DI SCIENZE RELIGIOSE (ISSR) &#8220;ROMANO GUARDINI&#8221; DI TRENTO<br \/>\n<\/strong>L&#8217;Istituto Superiore di Scienze Religiose &#8220;Romano Guardini&#8221; \u00e8 nato a Trento nel 2017 raccogliendo l&#8217;eredit\u00e0 del Corso Superiore di Scienze Religiose della Fondazione Kessler e dello Studio Teologico Accademico, che nello stesso anno hanno visto cessare la propria attivit\u00e0, e ne porta avanti le istanze di scientificit\u00e0, apertura e pastoralit\u00e0 che li caratterizzavano.<\/p>\n<p><span style=\"float: none;background-color: #ffffff;color: #444444;cursor: text;font-family: 'Open Sans',sans-serif;font-size: 16px;font-style: normal;font-variant: normal;font-weight: 400;letter-spacing: normal;text-align: left;text-decoration: none;text-indent: 0px;text-transform: none\">Sono in essere <strong>collaborazioni accademiche e scientifiche<\/strong> con:<\/span><br \/>\n<span style=\"float: none;background-color: #ffffff;color: #444444;cursor: text;font-family: 'Open Sans',sans-serif;font-size: 16px;font-style: normal;font-variant: normal;font-weight: 400;letter-spacing: normal;text-align: left;text-decoration: none;text-indent: 0px;text-transform: none\">&#8211; Facolt\u00e0 Teologica del Triveneto<\/span><br \/>\n<span style=\"float: none;background-color: #ffffff;color: #444444;cursor: text;font-family: 'Open Sans',sans-serif;font-size: 16px;font-style: normal;font-variant: normal;font-weight: 400;letter-spacing: normal;text-align: left;text-decoration: none;text-indent: 0px;text-transform: none\">&#8211; Universit\u00e0 degli Studi di Trento<\/span><br \/>\n<span style=\"float: none;background-color: #ffffff;color: #444444;cursor: text;font-family: 'Open Sans',sans-serif;font-size: 16px;font-style: normal;font-variant: normal;font-weight: 400;letter-spacing: normal;text-align: left;text-decoration: none;text-indent: 0px;text-transform: none\">&#8211; Istituto Universitario Sophia<\/span><br \/>\n<span style=\"float: none;background-color: #ffffff;color: #444444;cursor: text;font-family: 'Open Sans',sans-serif;font-size: 16px;font-style: normal;font-variant: normal;font-weight: 400;letter-spacing: normal;text-align: left;text-decoration: none;text-indent: 0px;text-transform: none\">&#8211; Fondazione Bruno Kessler<\/span><br \/>\n<span style=\"float: none;background-color: #ffffff;color: #444444;cursor: text;font-family: 'Open Sans',sans-serif;font-size: 16px;font-style: normal;font-variant: normal;font-weight: 400;letter-spacing: normal;text-align: left;text-decoration: none;text-indent: 0px;text-transform: none\">&#8211; Studio Teologico Accademico di Bressanone<\/span><\/p>\n<p><strong>Dove siamo?<\/strong><br \/>\nPresso Seminario Maggiore Arcivescovile di Trento<br \/>\nCorso 3 Novembre, 46\u00a0 &#8211; Trento<br \/>\nsegreteria.issr@diocesitn.it<br \/>\nstaging.diocesitn.it\/issr\/<br \/>\n0461.912007<\/p>\n","protected":false},"excerpt":{"rendered":"<p>ISTITUTO SUPERIORE DI SCIENZE RELIGIOSE (ISSR) &#8220;ROMANO GUARDINI&#8221; DI TRENTO L&#8217;Istituto Superiore di Scienze Religiose &#8220;Romano Guardini&#8221; \u00e8 nato a Trento nel 2017 raccogliendo l&#8217;eredit\u00e0 del Corso Superiore di Scienze Religiose della Fondazione Kessler e<\/p>\n","protected":false},"author":108,"featured_media":0,"parent":0,"menu_order":0,"comment_status":"closed","ping_status":"closed","template":"","meta":{"footnotes":""},"class_list":["post-266","page","type-page","status-publish","hentry"],"acf":{"seed-localization-paese-cod":"IT","seed-localization-address":"Seminario Maggiore Corso III Novembre 4638122 Trento Trentino-Alto Adige Italia","seed-localization-citta":"Trento","seed-localization-regione-cod-istat":"04","seed-localization-citta-cod-istat":"022205","seed-localization-localita":"c.so 3 novembre 46, Trento","seed-localization-cap":"38122","seed-localization-marker-visibility":false,"seed-localization-children-visibility":false,"seed-localization-kml":"","seed-localization-custom-marker":""},"yoast_head":"<!-- This site is optimized with the Yoast SEO plugin v22.2 - https:\/\/yoast.com\/wordpress\/plugins\/seo\/ -->\n<title>Istituto - ISSR Romano Guardini<\/title>\n<meta name=\"robots\" content=\"index, follow, max-snippet:-1, max-image-preview:large, max-video-preview:-1\" \/>\n<link rel=\"canonical\" href=\"https:\/\/staging.diocesitn.it\/issr\/istituto\/\" \/>\n<meta property=\"og:locale\" content=\"it_IT\" \/>\n<meta property=\"og:type\" content=\"article\" \/>\n<meta property=\"og:title\" content=\"Istituto - ISSR Romano Guardini\" \/>\n<meta property=\"og:description\" content=\"ISTITUTO SUPERIORE DI SCIENZE RELIGIOSE (ISSR) &#8220;ROMANO GUARDINI&#8221; DI TRENTO L&#8217;Istituto Superiore di Scienze Religiose &#8220;Romano Guardini&#8221; \u00e8 nato a Trento nel 2017 raccogliendo l&#8217;eredit\u00e0 del Corso Superiore di Scienze Religiose della Fondazione Kessler e\" \/>\n<meta property=\"og:url\" content=\"https:\/\/staging.diocesitn.it\/issr\/istituto\/\" \/>\n<meta property=\"og:site_name\" content=\"ISSR Romano Guardini\" \/>\n<meta property=\"article:modified_time\" content=\"2021-05-13T14:24:45+00:00\" \/>\n<meta name=\"twitter:card\" content=\"summary_large_image\" \/>\n<meta name=\"twitter:label1\" content=\"Tempo di lettura stimato\" \/>\n\t<meta name=\"twitter:data1\" content=\"1 minuto\" \/>\n<script type=\"application\/ld+json\" class=\"yoast-schema-graph\">{\"@context\":\"https:\/\/schema.org\",\"@graph\":[{\"@type\":\"WebPage\",\"@id\":\"https:\/\/staging.diocesitn.it\/issr\/istituto\/\",\"url\":\"https:\/\/staging.diocesitn.it\/issr\/istituto\/\",\"name\":\"Istituto - ISSR Romano Guardini\",\"isPartOf\":{\"@id\":\"https:\/\/staging.diocesitn.it\/issr\/#website\"},\"datePublished\":\"2018-12-16T16:17:44+00:00\",\"dateModified\":\"2021-05-13T14:24:45+00:00\",\"breadcrumb\":{\"@id\":\"https:\/\/staging.diocesitn.it\/issr\/istituto\/#breadcrumb\"},\"inLanguage\":\"it-IT\",\"potentialAction\":[{\"@type\":\"ReadAction\",\"target\":[\"https:\/\/staging.diocesitn.it\/issr\/istituto\/\"]}]},{\"@type\":\"BreadcrumbList\",\"@id\":\"https:\/\/staging.diocesitn.it\/issr\/istituto\/#breadcrumb\",\"itemListElement\":[{\"@type\":\"ListItem\",\"position\":1,\"name\":\"Home\",\"item\":\"https:\/\/staging.diocesitn.it\/issr\/\"},{\"@type\":\"ListItem\",\"position\":2,\"name\":\"Istituto\"}]},{\"@type\":\"WebSite\",\"@id\":\"https:\/\/staging.diocesitn.it\/issr\/#website\",\"url\":\"https:\/\/staging.diocesitn.it\/issr\/\",\"name\":\"ISSR Romano Guardini\",\"description\":\"Chiesa di Trento\",\"potentialAction\":[{\"@type\":\"SearchAction\",\"target\":{\"@type\":\"EntryPoint\",\"urlTemplate\":\"https:\/\/staging.diocesitn.it\/issr\/?s={search_term_string}\"},\"query-input\":\"required name=search_term_string\"}],\"inLanguage\":\"it-IT\"}]}<\/script>\n<!-- \/ Yoast SEO plugin. -->","yoast_head_json":{"title":"Istituto - ISSR Romano Guardini","robots":{"index":"index","follow":"follow","max-snippet":"max-snippet:-1","max-image-preview":"max-image-preview:large","max-video-preview":"max-video-preview:-1"},"canonical":"https:\/\/staging.diocesitn.it\/issr\/istituto\/","og_locale":"it_IT","og_type":"article","og_title":"Istituto - ISSR Romano Guardini","og_description":"ISTITUTO SUPERIORE DI SCIENZE RELIGIOSE (ISSR) &#8220;ROMANO GUARDINI&#8221; DI TRENTO L&#8217;Istituto Superiore di Scienze Religiose &#8220;Romano Guardini&#8221; \u00e8 nato a Trento nel 2017 raccogliendo l&#8217;eredit\u00e0 del Corso Superiore di Scienze Religiose della Fondazione Kessler e","og_url":"https:\/\/staging.diocesitn.it\/issr\/istituto\/","og_site_name":"ISSR Romano Guardini","article_modified_time":"2021-05-13T14:24:45+00:00","twitter_card":"summary_large_image","twitter_misc":{"Tempo di lettura stimato":"1 minuto"},"schema":{"@context":"https:\/\/schema.org","@graph":[{"@type":"WebPage","@id":"https:\/\/staging.diocesitn.it\/issr\/istituto\/","url":"https:\/\/staging.diocesitn.it\/issr\/istituto\/","name":"Istituto - ISSR Romano Guardini","isPartOf":{"@id":"https:\/\/staging.diocesitn.it\/issr\/#website"},"datePublished":"2018-12-16T16:17:44+00:00","dateModified":"2021-05-13T14:24:45+00:00","breadcrumb":{"@id":"https:\/\/staging.diocesitn.it\/issr\/istituto\/#breadcrumb"},"inLanguage":"it-IT","potentialAction":[{"@type":"ReadAction","target":["https:\/\/staging.diocesitn.it\/issr\/istituto\/"]}]},{"@type":"BreadcrumbList","@id":"https:\/\/staging.diocesitn.it\/issr\/istituto\/#breadcrumb","itemListElement":[{"@type":"ListItem","position":1,"name":"Home","item":"https:\/\/staging.diocesitn.it\/issr\/"},{"@type":"ListItem","position":2,"name":"Istituto"}]},{"@type":"WebSite","@id":"https:\/\/staging.diocesitn.it\/issr\/#website","url":"https:\/\/staging.diocesitn.it\/issr\/","name":"ISSR Romano Guardini","description":"Chiesa di Trento","potentialAction":[{"@type":"SearchAction","target":{"@type":"EntryPoint","urlTemplate":"https:\/\/staging.diocesitn.it\/issr\/?s={search_term_string}"},"query-input":"required name=search_term_string"}],"inLanguage":"it-IT"}]}},"_links":{"self":[{"href":"https:\/\/staging.diocesitn.it\/issr\/wp-json\/wp\/v2\/pages\/266","targetHints":{"allow":["GET"]}}],"collection":[{"href":"https:\/\/staging.diocesitn.it\/issr\/wp-json\/wp\/v2\/pages"}],"about":[{"href":"https:\/\/staging.diocesitn.it\/issr\/wp-json\/wp\/v2\/types\/page"}],"author":[{"embeddable":true,"href":"https:\/\/staging.diocesitn.it\/issr\/wp-json\/wp\/v2\/users\/108"}],"replies":[{"embeddable":true,"href":"https:\/\/staging.diocesitn.it\/issr\/wp-json\/wp\/v2\/comments?post=266"}],"version-history":[{"count":4,"href":"https:\/\/staging.diocesitn.it\/issr\/wp-json\/wp\/v2\/pages\/266\/revisions"}],"predecessor-version":[{"id":1194,"href":"https:\/\/staging.diocesitn.it\/issr\/wp-json\/wp\/v2\/pages\/266\/revisions\/1194"}],"wp:attachment":[{"href":"https:\/\/staging.diocesitn.it\/issr\/wp-json\/wp\/v2\/media?parent=266"}],"curies":[{"name":"wp","href":"https:\/\/api.w.org\/{rel}","templated":true}]}}