{"id":95,"date":"2020-12-22T10:06:30","date_gmt":"2020-12-22T09:06:30","guid":{"rendered":"https:\/\/staging.diocesitn.it\/seminario\/?page_id=95"},"modified":"2021-09-22T16:03:41","modified_gmt":"2021-09-22T14:03:41","slug":"chi-siamo","status":"publish","type":"page","link":"https:\/\/staging.diocesitn.it\/seminario\/chi-siamo\/","title":{"rendered":"Chi siamo"},"content":{"rendered":"<p><img loading=\"lazy\" decoding=\"async\" class=\"alignleft wp-image-152 size-large\" src=\"https:\/\/staging.diocesitn.it\/seminario\/wp-content\/uploads\/sites\/41\/2021\/06\/foto-comunita-1024x576.jpg\" alt=\"\" width=\"800\" height=\"450\" \/><\/p>\n<p>&nbsp;<\/p>\n<p>&nbsp;<\/p>\n<p>&nbsp;<\/p>\n<p>La vita del seminario si poggia su quattro pilastri:<\/p>\n<ul>\n<li>la vita spirituale, la crescita nella fede, nella preghiera e nella conoscenza di Cristo e della sua Parola<\/li>\n<li>la vita comunitaria, vissuta come occasione per crescere nell&#8217;amicizia e nella stima reciproca<\/li>\n<li>lo studio, l&#8217;approfondimento della teologia e delle Scritture<\/li>\n<li>l&#8217;esperienza pastorale nelle parrocchie, in carcere, con gli anziani, con i malati, con i giovani&#8230;<\/li>\n<\/ul>\n<h2><\/h2>\n<h2><\/h2>\n<h2><\/h2>\n<p>&nbsp;<\/p>\n<p>&nbsp;<\/p>\n<p>&nbsp;<\/p>\n<p>&nbsp;<\/p>\n<p>&nbsp;<\/p>\n<h2>I SEMINARISTI<\/h2>\n<div>\n<p>Le nostre giornate sono scandite dai vari momenti di preghiera, dalla frequenza dello Studio Teologico, da alcuni momenti di formazione e soprattutto dalla vita comunitaria. Dal luned\u00ec al venerd\u00ec siamo in seminario, mentre il fine settimana \u00e8 dedicato all&#8217;esperienza pastorale, in parrocchia o con incontri e ritiri per ragazzi e giovani.<\/p>\n<\/div>\n<p>&nbsp;<\/p>\n<p><img loading=\"lazy\" decoding=\"async\" class=\"aligncenter wp-image-204 size-large\" src=\"https:\/\/staging.diocesitn.it\/seminario\/wp-content\/uploads\/sites\/41\/2021\/06\/23_05_2021-082-1024x683.jpg\" alt=\"\" width=\"800\" height=\"534\" srcset=\"https:\/\/staging.diocesitn.it\/seminario\/wp-content\/uploads\/sites\/41\/2021\/06\/23_05_2021-082-1024x683.jpg 1024w, https:\/\/staging.diocesitn.it\/seminario\/wp-content\/uploads\/sites\/41\/2021\/06\/23_05_2021-082-300x200.jpg 300w, https:\/\/staging.diocesitn.it\/seminario\/wp-content\/uploads\/sites\/41\/2021\/06\/23_05_2021-082-768x512.jpg 768w, https:\/\/staging.diocesitn.it\/seminario\/wp-content\/uploads\/sites\/41\/2021\/06\/23_05_2021-082-360x240.jpg 360w, https:\/\/staging.diocesitn.it\/seminario\/wp-content\/uploads\/sites\/41\/2021\/06\/23_05_2021-082-1536x1024.jpg 1536w, https:\/\/staging.diocesitn.it\/seminario\/wp-content\/uploads\/sites\/41\/2021\/06\/23_05_2021-082-800x533.jpg 800w, https:\/\/staging.diocesitn.it\/seminario\/wp-content\/uploads\/sites\/41\/2021\/06\/23_05_2021-082-1200x800.jpg 1200w, https:\/\/staging.diocesitn.it\/seminario\/wp-content\/uploads\/sites\/41\/2021\/06\/23_05_2021-082-272x182.jpg 272w, https:\/\/staging.diocesitn.it\/seminario\/wp-content\/uploads\/sites\/41\/2021\/06\/23_05_2021-082.jpg 2048w\" sizes=\"auto, (max-width: 800px) 100vw, 800px\" \/><\/p>\n<h2><\/h2>\n<p>&nbsp;<\/p>\n<p>&nbsp;<\/p>\n<p>&nbsp;<\/p>\n<h2>I FORMATORI DEL SEMINARIO<\/h2>\n<div>\n<h3>Rettore<\/h3>\n<p><img loading=\"lazy\" decoding=\"async\" class=\"wp-image-10 size-full alignleft\" src=\"https:\/\/staging.diocesitn.it\/seminario\/wp-content\/uploads\/sites\/41\/2019\/09\/rettore.jpg\" alt=\"\" width=\"163\" height=\"163\" srcset=\"https:\/\/staging.diocesitn.it\/seminario\/wp-content\/uploads\/sites\/41\/2019\/09\/rettore.jpg 163w, https:\/\/staging.diocesitn.it\/seminario\/wp-content\/uploads\/sites\/41\/2019\/09\/rettore-150x150.jpg 150w\" sizes=\"auto, (max-width: 163px) 100vw, 163px\" \/><\/p>\n<p>&nbsp;<\/p>\n<p>Don Tiziano Telch dal settembre 2014 \u00e8 il rettore del seminario diocesano, dopo 5 anni come vice rettore.<\/p>\n<\/div>\n<div style=\"clear: both;\">\n<h3 style=\"text-align: left;\">Padre spirituale<\/h3>\n<p><img loading=\"lazy\" decoding=\"async\" class=\"size-full wp-image-11 alignleft\" src=\"https:\/\/staging.diocesitn.it\/seminario\/wp-content\/uploads\/sites\/41\/2019\/09\/padre_spirituale.jpg\" alt=\"\" width=\"168\" height=\"168\" srcset=\"https:\/\/staging.diocesitn.it\/seminario\/wp-content\/uploads\/sites\/41\/2019\/09\/padre_spirituale.jpg 168w, https:\/\/staging.diocesitn.it\/seminario\/wp-content\/uploads\/sites\/41\/2019\/09\/padre_spirituale-150x150.jpg 150w\" sizes=\"auto, (max-width: 168px) 100vw, 168px\" \/><\/p>\n<p>&nbsp;<\/p>\n<p>Don Ferruccio Furlan \u00e8 dal settembre 2016 il nuovo padre spirituale del seminario. Precedentemente \u00e8 stato parroco dell&#8217;Unit\u00e0 pastorale &#8220;S.Maria del Cammino&#8221;, in val di Fiemme.<\/p>\n<\/div>\n<div style=\"clear: both;\">\n<h3 style=\"text-align: left;\">Educatore<\/h3>\n<p><img loading=\"lazy\" decoding=\"async\" class=\"wp-image-205 alignleft\" src=\"https:\/\/staging.diocesitn.it\/seminario\/wp-content\/uploads\/sites\/41\/2021\/06\/don-Vincenzo-300x300.jpg\" alt=\"\" width=\"167\" height=\"167\" srcset=\"https:\/\/staging.diocesitn.it\/seminario\/wp-content\/uploads\/sites\/41\/2021\/06\/don-Vincenzo-300x300.jpg 300w, https:\/\/staging.diocesitn.it\/seminario\/wp-content\/uploads\/sites\/41\/2021\/06\/don-Vincenzo-150x150.jpg 150w, https:\/\/staging.diocesitn.it\/seminario\/wp-content\/uploads\/sites\/41\/2021\/06\/don-Vincenzo-200x200.jpg 200w, https:\/\/staging.diocesitn.it\/seminario\/wp-content\/uploads\/sites\/41\/2021\/06\/don-Vincenzo-280x280.jpg 280w, https:\/\/staging.diocesitn.it\/seminario\/wp-content\/uploads\/sites\/41\/2021\/06\/don-Vincenzo.jpg 385w\" sizes=\"auto, (max-width: 167px) 100vw, 167px\" \/><\/p>\n<p>Don Vincenzo Lupoli dal settembre 2019 \u00e8 educatore della comunit\u00e0 del seminario. Inoltre, \u00e8 parroco delle Unit\u00e0 pastorali &#8220;Sacra Famiglia&#8221; e &#8220;Madonna delle Grazie&#8221; nella zona pastorale delle Giudicarie.<\/p>\n<\/div>\n<div>\n<p style=\"text-align: center;\">\n<\/div>\n","protected":false},"excerpt":{"rendered":"<p>&nbsp; &nbsp; &nbsp; La vita del seminario si poggia su quattro pilastri: la vita spirituale, la crescita nella fede, nella preghiera e nella conoscenza di Cristo e della sua Parola la vita comunitaria, vissuta come<\/p>\n","protected":false},"author":30,"featured_media":0,"parent":0,"menu_order":0,"comment_status":"closed","ping_status":"closed","template":"","meta":{"footnotes":""},"class_list":["post-95","page","type-page","status-publish","hentry"],"acf":{"seed-localization-paese-cod":"IT","seed-localization-address":"","seed-localization-citta":"Trento","seed-localization-regione-cod-istat":"04","seed-localization-citta-cod-istat":"022205","seed-localization-localita":"","seed-localization-cap":"","seed-localization-marker-visibility":false,"seed-localization-children-visibility":false,"seed-localization-kml":"","seed-localization-custom-marker":""},"yoast_head":"<!-- This site is optimized with the Yoast SEO plugin v22.2 - https:\/\/yoast.com\/wordpress\/plugins\/seo\/ -->\n<title>Chi siamo - Seminario Maggiore Arcivescovile<\/title>\n<meta name=\"robots\" content=\"index, follow, max-snippet:-1, max-image-preview:large, max-video-preview:-1\" \/>\n<link rel=\"canonical\" href=\"https:\/\/staging.diocesitn.it\/seminario\/chi-siamo\/\" \/>\n<meta property=\"og:locale\" content=\"it_IT\" \/>\n<meta property=\"og:type\" content=\"article\" \/>\n<meta property=\"og:title\" content=\"Chi siamo - Seminario Maggiore Arcivescovile\" \/>\n<meta property=\"og:description\" content=\"&nbsp; &nbsp; &nbsp; La vita del seminario si poggia su quattro pilastri: la vita spirituale, la crescita nella fede, nella preghiera e nella conoscenza di Cristo e della sua Parola la vita comunitaria, vissuta come\" \/>\n<meta property=\"og:url\" content=\"https:\/\/staging.diocesitn.it\/seminario\/chi-siamo\/\" \/>\n<meta property=\"og:site_name\" content=\"Seminario Maggiore Arcivescovile\" \/>\n<meta property=\"article:publisher\" content=\"https:\/\/www.facebook.com\/seminariotrento\/\" \/>\n<meta property=\"article:modified_time\" content=\"2021-09-22T14:03:41+00:00\" \/>\n<meta property=\"og:image\" content=\"https:\/\/staging.diocesitn.it\/seminario\/wp-content\/uploads\/sites\/41\/2021\/06\/foto-comunita-1024x576.jpg\" \/>\n<meta name=\"twitter:card\" content=\"summary_large_image\" \/>\n<meta name=\"twitter:label1\" content=\"Tempo di lettura stimato\" \/>\n\t<meta name=\"twitter:data1\" content=\"1 minuto\" \/>\n<script type=\"application\/ld+json\" class=\"yoast-schema-graph\">{\"@context\":\"https:\/\/schema.org\",\"@graph\":[{\"@type\":\"WebPage\",\"@id\":\"https:\/\/staging.diocesitn.it\/seminario\/chi-siamo\/\",\"url\":\"https:\/\/staging.diocesitn.it\/seminario\/chi-siamo\/\",\"name\":\"Chi siamo - Seminario Maggiore Arcivescovile\",\"isPartOf\":{\"@id\":\"https:\/\/staging.diocesitn.it\/seminario\/#website\"},\"primaryImageOfPage\":{\"@id\":\"https:\/\/staging.diocesitn.it\/seminario\/chi-siamo\/#primaryimage\"},\"image\":{\"@id\":\"https:\/\/staging.diocesitn.it\/seminario\/chi-siamo\/#primaryimage\"},\"thumbnailUrl\":\"https:\/\/staging.diocesitn.it\/seminario\/wp-content\/uploads\/sites\/41\/2021\/06\/foto-comunita-1024x576.jpg\",\"datePublished\":\"2020-12-22T09:06:30+00:00\",\"dateModified\":\"2021-09-22T14:03:41+00:00\",\"breadcrumb\":{\"@id\":\"https:\/\/staging.diocesitn.it\/seminario\/chi-siamo\/#breadcrumb\"},\"inLanguage\":\"it-IT\",\"potentialAction\":[{\"@type\":\"ReadAction\",\"target\":[\"https:\/\/staging.diocesitn.it\/seminario\/chi-siamo\/\"]}]},{\"@type\":\"ImageObject\",\"inLanguage\":\"it-IT\",\"@id\":\"https:\/\/staging.diocesitn.it\/seminario\/chi-siamo\/#primaryimage\",\"url\":\"https:\/\/staging.diocesitn.it\/seminario\/wp-content\/uploads\/sites\/41\/2021\/06\/foto-comunita-1024x576.jpg\",\"contentUrl\":\"https:\/\/staging.diocesitn.it\/seminario\/wp-content\/uploads\/sites\/41\/2021\/06\/foto-comunita-1024x576.jpg\"},{\"@type\":\"BreadcrumbList\",\"@id\":\"https:\/\/staging.diocesitn.it\/seminario\/chi-siamo\/#breadcrumb\",\"itemListElement\":[{\"@type\":\"ListItem\",\"position\":1,\"name\":\"Home\",\"item\":\"https:\/\/staging.diocesitn.it\/seminario\/\"},{\"@type\":\"ListItem\",\"position\":2,\"name\":\"Chi siamo\"}]},{\"@type\":\"WebSite\",\"@id\":\"https:\/\/staging.diocesitn.it\/seminario\/#website\",\"url\":\"https:\/\/staging.diocesitn.it\/seminario\/\",\"name\":\"Seminario Maggiore Arcivescovile\",\"description\":\"Chiesa di Trento\",\"potentialAction\":[{\"@type\":\"SearchAction\",\"target\":{\"@type\":\"EntryPoint\",\"urlTemplate\":\"https:\/\/staging.diocesitn.it\/seminario\/?s={search_term_string}\"},\"query-input\":\"required name=search_term_string\"}],\"inLanguage\":\"it-IT\"}]}<\/script>\n<!-- \/ Yoast SEO plugin. -->","yoast_head_json":{"title":"Chi siamo - Seminario Maggiore Arcivescovile","robots":{"index":"index","follow":"follow","max-snippet":"max-snippet:-1","max-image-preview":"max-image-preview:large","max-video-preview":"max-video-preview:-1"},"canonical":"https:\/\/staging.diocesitn.it\/seminario\/chi-siamo\/","og_locale":"it_IT","og_type":"article","og_title":"Chi siamo - Seminario Maggiore Arcivescovile","og_description":"&nbsp; &nbsp; &nbsp; La vita del seminario si poggia su quattro pilastri: la vita spirituale, la crescita nella fede, nella preghiera e nella conoscenza di Cristo e della sua Parola la vita comunitaria, vissuta come","og_url":"https:\/\/staging.diocesitn.it\/seminario\/chi-siamo\/","og_site_name":"Seminario Maggiore Arcivescovile","article_publisher":"https:\/\/www.facebook.com\/seminariotrento\/","article_modified_time":"2021-09-22T14:03:41+00:00","og_image":[{"url":"https:\/\/staging.diocesitn.it\/seminario\/wp-content\/uploads\/sites\/41\/2021\/06\/foto-comunita-1024x576.jpg"}],"twitter_card":"summary_large_image","twitter_misc":{"Tempo di lettura stimato":"1 minuto"},"schema":{"@context":"https:\/\/schema.org","@graph":[{"@type":"WebPage","@id":"https:\/\/staging.diocesitn.it\/seminario\/chi-siamo\/","url":"https:\/\/staging.diocesitn.it\/seminario\/chi-siamo\/","name":"Chi siamo - Seminario Maggiore Arcivescovile","isPartOf":{"@id":"https:\/\/staging.diocesitn.it\/seminario\/#website"},"primaryImageOfPage":{"@id":"https:\/\/staging.diocesitn.it\/seminario\/chi-siamo\/#primaryimage"},"image":{"@id":"https:\/\/staging.diocesitn.it\/seminario\/chi-siamo\/#primaryimage"},"thumbnailUrl":"https:\/\/staging.diocesitn.it\/seminario\/wp-content\/uploads\/sites\/41\/2021\/06\/foto-comunita-1024x576.jpg","datePublished":"2020-12-22T09:06:30+00:00","dateModified":"2021-09-22T14:03:41+00:00","breadcrumb":{"@id":"https:\/\/staging.diocesitn.it\/seminario\/chi-siamo\/#breadcrumb"},"inLanguage":"it-IT","potentialAction":[{"@type":"ReadAction","target":["https:\/\/staging.diocesitn.it\/seminario\/chi-siamo\/"]}]},{"@type":"ImageObject","inLanguage":"it-IT","@id":"https:\/\/staging.diocesitn.it\/seminario\/chi-siamo\/#primaryimage","url":"https:\/\/staging.diocesitn.it\/seminario\/wp-content\/uploads\/sites\/41\/2021\/06\/foto-comunita-1024x576.jpg","contentUrl":"https:\/\/staging.diocesitn.it\/seminario\/wp-content\/uploads\/sites\/41\/2021\/06\/foto-comunita-1024x576.jpg"},{"@type":"BreadcrumbList","@id":"https:\/\/staging.diocesitn.it\/seminario\/chi-siamo\/#breadcrumb","itemListElement":[{"@type":"ListItem","position":1,"name":"Home","item":"https:\/\/staging.diocesitn.it\/seminario\/"},{"@type":"ListItem","position":2,"name":"Chi siamo"}]},{"@type":"WebSite","@id":"https:\/\/staging.diocesitn.it\/seminario\/#website","url":"https:\/\/staging.diocesitn.it\/seminario\/","name":"Seminario Maggiore Arcivescovile","description":"Chiesa di Trento","potentialAction":[{"@type":"SearchAction","target":{"@type":"EntryPoint","urlTemplate":"https:\/\/staging.diocesitn.it\/seminario\/?s={search_term_string}"},"query-input":"required name=search_term_string"}],"inLanguage":"it-IT"}]}},"_links":{"self":[{"href":"https:\/\/staging.diocesitn.it\/seminario\/wp-json\/wp\/v2\/pages\/95","targetHints":{"allow":["GET"]}}],"collection":[{"href":"https:\/\/staging.diocesitn.it\/seminario\/wp-json\/wp\/v2\/pages"}],"about":[{"href":"https:\/\/staging.diocesitn.it\/seminario\/wp-json\/wp\/v2\/types\/page"}],"author":[{"embeddable":true,"href":"https:\/\/staging.diocesitn.it\/seminario\/wp-json\/wp\/v2\/users\/30"}],"replies":[{"embeddable":true,"href":"https:\/\/staging.diocesitn.it\/seminario\/wp-json\/wp\/v2\/comments?post=95"}],"version-history":[{"count":4,"href":"https:\/\/staging.diocesitn.it\/seminario\/wp-json\/wp\/v2\/pages\/95\/revisions"}],"predecessor-version":[{"id":240,"href":"https:\/\/staging.diocesitn.it\/seminario\/wp-json\/wp\/v2\/pages\/95\/revisions\/240"}],"wp:attachment":[{"href":"https:\/\/staging.diocesitn.it\/seminario\/wp-json\/wp\/v2\/media?parent=95"}],"curies":[{"name":"wp","href":"https:\/\/api.w.org\/{rel}","templated":true}]}}